{"id":1973,"date":"2023-04-12T10:34:19","date_gmt":"2023-04-12T08:34:19","guid":{"rendered":"https:\/\/cilipohorc.com\/beispielseite\/"},"modified":"2023-09-12T19:53:51","modified_gmt":"2023-09-12T17:53:51","slug":"beispielseite","status":"publish","type":"page","link":"https:\/\/cilipohorc.com\/de\/beispielseite\/","title":{"rendered":"Beispielseite"},"content":{"rendered":"\n<p>Dies ist eine Beispielseite. Er unterscheidet sich von einem Blogbeitrag, da er an Ort und Stelle bleibt und in den meisten Themen in der Website-Navigation erscheint. Die meisten Menschen beginnen mit einer &#8222;\u00dcber mich&#8220;-Seite, auf der sie sich potenziellen Website-Besuchern vorstellen. Er k\u00f6nnte etwa Folgendes enthalten:<\/p>\n\n<blockquote class=\"wp-block-quote is-layout-flow wp-block-quote-is-layout-flow\"><p>Hallo zusammen! Tags\u00fcber bin ich Fahrradkurier, nachts aufstrebender Schauspieler, und das hier ist meine Website. Ich lebe in Los Angeles, habe einen tollen Hund namens Jack, und ich mag Pi\u00f1a Coladas. (Und vom Regen erwischt zu werden.)<\/p><\/blockquote>\n\n<p>&#8230; oder so \u00e4hnlich:<\/p>\n\n<blockquote class=\"wp-block-quote is-layout-flow wp-block-quote-is-layout-flow\"><p>Die XYZ Doohickey Company wurde 1971 gegr\u00fcndet und bietet seitdem qualitativ hochwertige Doohickeys f\u00fcr die \u00d6ffentlichkeit an. Das in Gotham City ans\u00e4ssige Unternehmen XYZ besch\u00e4ftigt mehr als 2.000 Mitarbeiter und leistet allerlei gro\u00dfartige Arbeit f\u00fcr die Gemeinde Gotham.<\/p><\/blockquote>\n\n<p>Als neuer WordPress-Benutzer sollten Sie Ihr <a href=\"https:\/\/cilipohorc.meld.solutions\/wp-admin\/\">Dashboard<\/a> besuchen, um diese Seite zu l\u00f6schen und neue Seiten f\u00fcr Ihre Inhalte zu erstellen. Viel Spa\u00df!<\/p>\n","protected":false},"excerpt":{"rendered":"<p>Dies ist eine Beispielseite. Er unterscheidet sich von einem Blogbeitrag, da er an Ort und Stelle bleibt und in den meisten Themen in der Website-Navigation erscheint. Die meisten Menschen beginnen mit einer &#8222;\u00dcber mich&#8220;-Seite, auf der sie sich potenziellen Website-Besuchern vorstellen. Er k\u00f6nnte etwa Folgendes enthalten: Hallo zusammen! Tags\u00fcber bin ich Fahrradkurier, nachts aufstrebender Schauspieler, [&hellip;]<\/p>\n","protected":false},"author":1,"featured_media":0,"parent":0,"menu_order":0,"comment_status":"closed","ping_status":"open","template":"","meta":{"site-sidebar-layout":"default","site-content-layout":"","ast-site-content-layout":"default","site-content-style":"default","site-sidebar-style":"default","ast-global-header-display":"","ast-banner-title-visibility":"","ast-main-header-display":"","ast-hfb-above-header-display":"","ast-hfb-below-header-display":"","ast-hfb-mobile-header-display":"","site-post-title":"","ast-breadcrumbs-content":"","ast-featured-img":"","footer-sml-layout":"","theme-transparent-header-meta":"","adv-header-id-meta":"","stick-header-meta":"","header-above-stick-meta":"","header-main-stick-meta":"","header-below-stick-meta":"","astra-migrate-meta-layouts":"default","ast-page-background-enabled":"default","ast-page-background-meta":{"desktop":{"background-color":"","background-image":"","background-repeat":"repeat","background-position":"center center","background-size":"auto","background-attachment":"scroll","background-type":"","background-media":"","overlay-type":"","overlay-color":"","overlay-opacity":"","overlay-gradient":""},"tablet":{"background-color":"","background-image":"","background-repeat":"repeat","background-position":"center center","background-size":"auto","background-attachment":"scroll","background-type":"","background-media":"","overlay-type":"","overlay-color":"","overlay-opacity":"","overlay-gradient":""},"mobile":{"background-color":"","background-image":"","background-repeat":"repeat","background-position":"center center","background-size":"auto","background-attachment":"scroll","background-type":"","background-media":"","overlay-type":"","overlay-color":"","overlay-opacity":"","overlay-gradient":""}},"ast-content-background-meta":{"desktop":{"background-color":"var(--ast-global-color-5)","background-image":"","background-repeat":"repeat","background-position":"center center","background-size":"auto","background-attachment":"scroll","background-type":"","background-media":"","overlay-type":"","overlay-color":"","overlay-opacity":"","overlay-gradient":""},"tablet":{"background-color":"var(--ast-global-color-5)","background-image":"","background-repeat":"repeat","background-position":"center center","background-size":"auto","background-attachment":"scroll","background-type":"","background-media":"","overlay-type":"","overlay-color":"","overlay-opacity":"","overlay-gradient":""},"mobile":{"background-color":"var(--ast-global-color-5)","background-image":"","background-repeat":"repeat","background-position":"center center","background-size":"auto","background-attachment":"scroll","background-type":"","background-media":"","overlay-type":"","overlay-color":"","overlay-opacity":"","overlay-gradient":""}},"footnotes":""},"class_list":["post-1973","page","type-page","status-publish","hentry"],"yoast_head":"<!-- This site is optimized with the Yoast SEO plugin v27.6 - https:\/\/yoast.com\/product\/yoast-seo-wordpress\/ -->\n<title>Beispielseite - CILIPOHORC<\/title>\n<meta name=\"robots\" content=\"index, follow, max-snippet:-1, max-image-preview:large, max-video-preview:-1\" \/>\n<link rel=\"canonical\" href=\"https:\/\/cilipohorc.com\/de\/beispielseite\/\" \/>\n<meta property=\"og:locale\" content=\"de_DE\" \/>\n<meta property=\"og:type\" content=\"article\" \/>\n<meta property=\"og:title\" content=\"Beispielseite - CILIPOHORC\" \/>\n<meta property=\"og:description\" content=\"Dies ist eine Beispielseite. Er unterscheidet sich von einem Blogbeitrag, da er an Ort und Stelle bleibt und in den meisten Themen in der Website-Navigation erscheint. Die meisten Menschen beginnen mit einer &#8222;\u00dcber mich&#8220;-Seite, auf der sie sich potenziellen Website-Besuchern vorstellen. Er k\u00f6nnte etwa Folgendes enthalten: Hallo zusammen! Tags\u00fcber bin ich Fahrradkurier, nachts aufstrebender Schauspieler, [&hellip;]\" \/>\n<meta property=\"og:url\" content=\"https:\/\/cilipohorc.com\/de\/beispielseite\/\" \/>\n<meta property=\"og:site_name\" content=\"CILIPOHORC\" \/>\n<meta property=\"article:publisher\" content=\"https:\/\/www.facebook.com\/PohorcBIOChili\" \/>\n<meta property=\"article:modified_time\" content=\"2023-09-12T17:53:51+00:00\" \/>\n<meta name=\"twitter:card\" content=\"summary_large_image\" \/>\n<meta name=\"twitter:label1\" content=\"Gesch\u00e4tzte Lesezeit\" \/>\n\t<meta name=\"twitter:data1\" content=\"1\u00a0Minute\" \/>\n<script type=\"application\/ld+json\" class=\"yoast-schema-graph\">{\"@context\":\"https:\\\/\\\/schema.org\",\"@graph\":[{\"@type\":\"WebPage\",\"@id\":\"https:\\\/\\\/cilipohorc.com\\\/de\\\/beispielseite\\\/\",\"url\":\"https:\\\/\\\/cilipohorc.com\\\/de\\\/beispielseite\\\/\",\"name\":\"Beispielseite - CILIPOHORC\",\"isPartOf\":{\"@id\":\"https:\\\/\\\/cilipohorc.com\\\/de\\\/#website\"},\"datePublished\":\"2023-04-12T08:34:19+00:00\",\"dateModified\":\"2023-09-12T17:53:51+00:00\",\"breadcrumb\":{\"@id\":\"https:\\\/\\\/cilipohorc.com\\\/de\\\/beispielseite\\\/#breadcrumb\"},\"inLanguage\":\"de\",\"potentialAction\":[{\"@type\":\"ReadAction\",\"target\":[\"https:\\\/\\\/cilipohorc.com\\\/de\\\/beispielseite\\\/\"]}]},{\"@type\":\"BreadcrumbList\",\"@id\":\"https:\\\/\\\/cilipohorc.com\\\/de\\\/beispielseite\\\/#breadcrumb\",\"itemListElement\":[{\"@type\":\"ListItem\",\"position\":1,\"name\":\"Home\",\"item\":\"https:\\\/\\\/cilipohorc.com\\\/de\\\/\"},{\"@type\":\"ListItem\",\"position\":2,\"name\":\"Beispielseite\"}]},{\"@type\":\"WebSite\",\"@id\":\"https:\\\/\\\/cilipohorc.com\\\/de\\\/#website\",\"url\":\"https:\\\/\\\/cilipohorc.com\\\/de\\\/\",\"name\":\"CILIPOHORC\",\"description\":\"Okusno in pikantno\",\"publisher\":{\"@id\":\"https:\\\/\\\/cilipohorc.com\\\/de\\\/#organization\"},\"potentialAction\":[{\"@type\":\"SearchAction\",\"target\":{\"@type\":\"EntryPoint\",\"urlTemplate\":\"https:\\\/\\\/cilipohorc.com\\\/de\\\/?s={search_term_string}\"},\"query-input\":{\"@type\":\"PropertyValueSpecification\",\"valueRequired\":true,\"valueName\":\"search_term_string\"}}],\"inLanguage\":\"de\"},{\"@type\":\"Organization\",\"@id\":\"https:\\\/\\\/cilipohorc.com\\\/de\\\/#organization\",\"name\":\"CILIPOHORC\",\"url\":\"https:\\\/\\\/cilipohorc.com\\\/de\\\/\",\"logo\":{\"@type\":\"ImageObject\",\"inLanguage\":\"de\",\"@id\":\"https:\\\/\\\/cilipohorc.com\\\/de\\\/#\\\/schema\\\/logo\\\/image\\\/\",\"url\":\"https:\\\/\\\/cilipohorc.com\\\/wp-content\\\/uploads\\\/2023\\\/04\\\/pohorc_logo.svg\",\"contentUrl\":\"https:\\\/\\\/cilipohorc.com\\\/wp-content\\\/uploads\\\/2023\\\/04\\\/pohorc_logo.svg\",\"width\":1246,\"height\":436,\"caption\":\"CILIPOHORC\"},\"image\":{\"@id\":\"https:\\\/\\\/cilipohorc.com\\\/de\\\/#\\\/schema\\\/logo\\\/image\\\/\"},\"sameAs\":[\"https:\\\/\\\/www.facebook.com\\\/PohorcBIOChili\"]}]}<\/script>\n<!-- \/ Yoast SEO plugin. -->","yoast_head_json":{"title":"Beispielseite - CILIPOHORC","robots":{"index":"index","follow":"follow","max-snippet":"max-snippet:-1","max-image-preview":"max-image-preview:large","max-video-preview":"max-video-preview:-1"},"canonical":"https:\/\/cilipohorc.com\/de\/beispielseite\/","og_locale":"de_DE","og_type":"article","og_title":"Beispielseite - CILIPOHORC","og_description":"Dies ist eine Beispielseite. Er unterscheidet sich von einem Blogbeitrag, da er an Ort und Stelle bleibt und in den meisten Themen in der Website-Navigation erscheint. Die meisten Menschen beginnen mit einer &#8222;\u00dcber mich&#8220;-Seite, auf der sie sich potenziellen Website-Besuchern vorstellen. Er k\u00f6nnte etwa Folgendes enthalten: Hallo zusammen! Tags\u00fcber bin ich Fahrradkurier, nachts aufstrebender Schauspieler, [&hellip;]","og_url":"https:\/\/cilipohorc.com\/de\/beispielseite\/","og_site_name":"CILIPOHORC","article_publisher":"https:\/\/www.facebook.com\/PohorcBIOChili","article_modified_time":"2023-09-12T17:53:51+00:00","twitter_card":"summary_large_image","twitter_misc":{"Gesch\u00e4tzte Lesezeit":"1\u00a0Minute"},"schema":{"@context":"https:\/\/schema.org","@graph":[{"@type":"WebPage","@id":"https:\/\/cilipohorc.com\/de\/beispielseite\/","url":"https:\/\/cilipohorc.com\/de\/beispielseite\/","name":"Beispielseite - CILIPOHORC","isPartOf":{"@id":"https:\/\/cilipohorc.com\/de\/#website"},"datePublished":"2023-04-12T08:34:19+00:00","dateModified":"2023-09-12T17:53:51+00:00","breadcrumb":{"@id":"https:\/\/cilipohorc.com\/de\/beispielseite\/#breadcrumb"},"inLanguage":"de","potentialAction":[{"@type":"ReadAction","target":["https:\/\/cilipohorc.com\/de\/beispielseite\/"]}]},{"@type":"BreadcrumbList","@id":"https:\/\/cilipohorc.com\/de\/beispielseite\/#breadcrumb","itemListElement":[{"@type":"ListItem","position":1,"name":"Home","item":"https:\/\/cilipohorc.com\/de\/"},{"@type":"ListItem","position":2,"name":"Beispielseite"}]},{"@type":"WebSite","@id":"https:\/\/cilipohorc.com\/de\/#website","url":"https:\/\/cilipohorc.com\/de\/","name":"CILIPOHORC","description":"Okusno in pikantno","publisher":{"@id":"https:\/\/cilipohorc.com\/de\/#organization"},"potentialAction":[{"@type":"SearchAction","target":{"@type":"EntryPoint","urlTemplate":"https:\/\/cilipohorc.com\/de\/?s={search_term_string}"},"query-input":{"@type":"PropertyValueSpecification","valueRequired":true,"valueName":"search_term_string"}}],"inLanguage":"de"},{"@type":"Organization","@id":"https:\/\/cilipohorc.com\/de\/#organization","name":"CILIPOHORC","url":"https:\/\/cilipohorc.com\/de\/","logo":{"@type":"ImageObject","inLanguage":"de","@id":"https:\/\/cilipohorc.com\/de\/#\/schema\/logo\/image\/","url":"https:\/\/cilipohorc.com\/wp-content\/uploads\/2023\/04\/pohorc_logo.svg","contentUrl":"https:\/\/cilipohorc.com\/wp-content\/uploads\/2023\/04\/pohorc_logo.svg","width":1246,"height":436,"caption":"CILIPOHORC"},"image":{"@id":"https:\/\/cilipohorc.com\/de\/#\/schema\/logo\/image\/"},"sameAs":["https:\/\/www.facebook.com\/PohorcBIOChili"]}]}},"jetpack_sharing_enabled":true,"_links":{"self":[{"href":"https:\/\/cilipohorc.com\/de\/wp-json\/wp\/v2\/pages\/1973","targetHints":{"allow":["GET"]}}],"collection":[{"href":"https:\/\/cilipohorc.com\/de\/wp-json\/wp\/v2\/pages"}],"about":[{"href":"https:\/\/cilipohorc.com\/de\/wp-json\/wp\/v2\/types\/page"}],"author":[{"embeddable":true,"href":"https:\/\/cilipohorc.com\/de\/wp-json\/wp\/v2\/users\/1"}],"replies":[{"embeddable":true,"href":"https:\/\/cilipohorc.com\/de\/wp-json\/wp\/v2\/comments?post=1973"}],"version-history":[{"count":2,"href":"https:\/\/cilipohorc.com\/de\/wp-json\/wp\/v2\/pages\/1973\/revisions"}],"predecessor-version":[{"id":1976,"href":"https:\/\/cilipohorc.com\/de\/wp-json\/wp\/v2\/pages\/1973\/revisions\/1976"}],"wp:attachment":[{"href":"https:\/\/cilipohorc.com\/de\/wp-json\/wp\/v2\/media?parent=1973"}],"curies":[{"name":"wp","href":"https:\/\/api.w.org\/{rel}","templated":true}]}}