{"id":2003,"date":"2023-04-12T10:34:19","date_gmt":"2023-04-12T08:34:19","guid":{"rendered":"https:\/\/cilipohorc.com\/?page_id=2003"},"modified":"2023-09-27T11:39:39","modified_gmt":"2023-09-27T09:39:39","slug":"datenschutzbestimmungen","status":"publish","type":"page","link":"https:\/\/cilipohorc.com\/de\/datenschutzbestimmungen\/","title":{"rendered":"Datenschutzbestimmungen"},"content":{"rendered":"\t\t<div data-elementor-type=\"wp-page\" data-elementor-id=\"2003\" class=\"elementor elementor-2003 elementor-3\">\n\t\t\t\t\t\t<section class=\"elementor-section elementor-top-section elementor-element elementor-element-7ed8275a elementor-section-boxed elementor-section-height-default elementor-section-height-default\" data-id=\"7ed8275a\" data-element_type=\"section\" data-e-type=\"section\">\n\t\t\t\t\t\t<div class=\"elementor-container elementor-column-gap-default\">\n\t\t\t\t\t<div class=\"elementor-column elementor-col-100 elementor-top-column elementor-element elementor-element-4821557\" data-id=\"4821557\" data-element_type=\"column\" data-e-type=\"column\">\n\t\t\t<div class=\"elementor-widget-wrap elementor-element-populated\">\n\t\t\t\t\t\t<div class=\"elementor-element elementor-element-45eecc48 elementor-widget elementor-widget-text-editor\" data-id=\"45eecc48\" data-element_type=\"widget\" data-e-type=\"widget\" data-widget_type=\"text-editor.default\">\n\t\t\t\t<div class=\"elementor-widget-container\">\n\t\t\t\t\t\t\t\t\t<p><\/p>\n<h1 _ngcontent-dfu-c80=\"\" style=\"margin-bottom: 5px; font-weight: 500; line-height: 1.2; font-size: 2.5rem; color: rgb(33, 37, 41); font-family: \"Open Sans\", sans-serif; font-style: normal;\">Schutz der Privatsph\u00e4re<\/h1><h2><\/h2><p _ngcontent-dfu-c80=\"\" style=\"margin-bottom: 1rem; color: rgb(33, 37, 41); font-family: \"Open Sans\", sans-serif; font-size: 16px; font-style: normal; font-weight: 300;\">Die \u010cILI Pohorc ist bestrebt, die Informationen, die sie von den Nutzern dieser Website erh\u00e4lt, und die personenbezogenen Daten, die diese ihr zur Verf\u00fcgung stellen, im Einklang mit den geltenden Rechtsvorschriften zum Schutz personenbezogener Daten in der Republik Slowenien und dem GDPR zu sch\u00fctzen. Im Folgenden informieren wir Sie \u00fcber das System der Erhebung, Speicherung, Nutzung und Weitergabe personenbezogener Daten.<\/p><br _ngcontent-dfu-c80=\"\" style=\"color: rgb(33, 37, 41); font-family: \"Open Sans\", sans-serif; font-size: 16px; font-weight: 300;\"><p _ngcontent-dfu-c80=\"\" style=\"margin-bottom: 1rem; color: rgb(33, 37, 41); font-family: \"Open Sans\", sans-serif; font-size: 16px; font-style: normal; font-weight: 300;\">Sie k\u00f6nnen unsere Website besuchen, ohne Ihre pers\u00f6nlichen Daten anzugeben. Pers\u00f6nliche Daten m\u00fcssen Sie nur angeben, wenn Sie eine Dienstleistung bestellen, sich f\u00fcr Veranstaltungen anmelden, eine Anfrage senden oder einen Newsletter abonnieren.<\/p><p _ngcontent-dfu-c80=\"\" style=\"margin-bottom: 1rem; color: rgb(33, 37, 41); font-family: \"Open Sans\", sans-serif; font-size: 16px; font-style: normal; font-weight: 300;\">Personenbezogene Daten werden nur dann erhoben, wenn Sie uns diese im Rahmen einer Registrierung, eines ausgef\u00fcllten Formulars oder per E-Mail als Abonnent eines Newsletters, im Rahmen einer Dienstleistungsbestellung, -anforderung oder -anfrage sowie in \u00e4hnlichen Situationen entsprechend dem Zweck, f\u00fcr den Sie sich entschieden haben, Ihre Daten an uns zu \u00fcbermitteln, mitteilen.<\/p><p _ngcontent-dfu-c80=\"\" style=\"margin-bottom: 1rem; color: rgb(33, 37, 41); font-family: \"Open Sans\", sans-serif; font-size: 16px; font-style: normal; font-weight: 300;\">Ihr Einverst\u00e4ndnis, informiert zu werden, bedeutet, dass wir nur Ihre E-Mail-Adresse speichern und sonst nichts. Wir werden sie niemals an Dritte weitergeben. Wir werden Ihnen in regelm\u00e4\u00dfigen Abst\u00e4nden relevante Nachrichten \u00fcber das aktuelle Angebot zusenden. Sie k\u00f6nnen den Erhalt von Benachrichtigungen jederzeit abbestellen, indem Sie auf &#8222;Abbestellen&#8220; klicken.<\/p><p _ngcontent-dfu-c80=\"\" style=\"margin-bottom: 1rem; color: rgb(33, 37, 41); font-family: \"Open Sans\", sans-serif; font-size: 16px; font-style: normal; font-weight: 300;\">Zus\u00e4tzlich zu den pers\u00f6nlichen Daten, die Sie uns zur Verf\u00fcgung stellen, sammeln wir auch Informationen \u00fcber Cookies; dazu geh\u00f6ren die Website, die mit unserer Website verlinkt war, die Webseiten, die Sie von unserer Website aus besuchen, Ihre IP-Adresse, um das Land zu identifizieren, aus dem Sie kommen, und die Dauer Ihres Besuchs auf unserer Website. Diese Informationen k\u00f6nnten uns helfen, Ihre Identit\u00e4t festzustellen, aber wir tun dies nicht.<\/p><p _ngcontent-dfu-c80=\"\" style=\"margin-bottom: 1rem; color: rgb(33, 37, 41); font-family: \"Open Sans\", sans-serif; font-size: 16px; font-style: normal; font-weight: 300;\">Ihre personenbezogenen Daten verbleiben in der Datenbank der \u010cILI Pohorc. Wir speichern sie auf Servern, die wir verwalten. Wir werden Ihre Daten in keiner Form an Dritte zur Nutzung weitergeben, es sei denn, Sie stimmen dem zu oder werden von den Justizbeh\u00f6rden dazu aufgefordert.<\/p><br _ngcontent-dfu-c80=\"\" style=\"color: rgb(33, 37, 41); font-family: \"Open Sans\", sans-serif; font-size: 16px; font-weight: 300;\"><br _ngcontent-dfu-c80=\"\" style=\"color: rgb(33, 37, 41); font-family: \"Open Sans\", sans-serif; font-size: 16px; font-weight: 300;\"><h1 _ngcontent-dfu-c80=\"\" style=\"margin-bottom: 5px; font-weight: 500; line-height: 1.2; font-size: 2.5rem; color: rgb(33, 37, 41); font-family: \"Open Sans\", sans-serif; font-style: normal;\">Erkl\u00e4rung zum Datenschutz (GDPR)<\/h1><h2><\/h2><p _ngcontent-dfu-c80=\"\" style=\"margin-bottom: 1rem; color: rgb(33, 37, 41); font-family: \"Open Sans\", sans-serif; font-size: 16px; font-style: normal; font-weight: 300;\">Wir verwenden Ihre personenbezogenen Daten nur f\u00fcr den Zweck, f\u00fcr den Sie Ihre ausdr\u00fcckliche Zustimmung erteilt haben.<\/p><p _ngcontent-dfu-c80=\"\" style=\"margin-bottom: 1rem; color: rgb(33, 37, 41); font-family: \"Open Sans\", sans-serif; font-size: 16px; font-style: normal; font-weight: 300;\">In \u00dcbereinstimmung mit dieser Einwilligung speichert \u010cILI Pohorc personenbezogene Daten in \u00dcbereinstimmung mit der europ\u00e4ischen GDPR-Richtlinie und dem geltenden Datenschutzrecht bis zum Widerruf. Sie k\u00f6nnen Ihre Daten jederzeit \u00e4ndern, indem Sie auf den Link Daten aktualisieren klicken, oder Ihre Zustimmung widerrufen, indem Sie auf den Link Abmelden klicken. Beide Links sind in jeder gesendeten Nachricht enthalten.<\/p><p _ngcontent-dfu-c80=\"\" style=\"margin-bottom: 1rem; color: rgb(33, 37, 41); font-family: \"Open Sans\", sans-serif; font-size: 16px; font-style: normal; font-weight: 300;\">\u010cILI Pohorc wird Ihre personenbezogenen Daten nicht zu Marketing- oder anderen Zwecken an andere Unternehmen weitergeben. Nach Ma\u00dfgabe des geltenden Rechtsrahmens haben Sie das Recht, der Verarbeitung Ihrer personenbezogenen Daten zu widersprechen und die \u00dcbertragbarkeit Ihrer personenbezogenen Daten zu verlangen. Sie k\u00f6nnen schriftlich Zugang zu Ihren personenbezogenen Daten, die Berichtigung oder L\u00f6schung Ihrer personenbezogenen Daten oder die Einschr\u00e4nkung der Verarbeitung Ihrer personenbezogenen Daten beantragen.<\/p><p _ngcontent-dfu-c80=\"\" style=\"margin-bottom: 1rem; color: rgb(33, 37, 41); font-family: \"Open Sans\", sans-serif; font-size: 16px; font-style: normal; font-weight: 300;\">Sie k\u00f6nnen Ihre Anfragen bez\u00fcglich der Verarbeitung und des Schutzes personenbezogener Daten auch an \u010cILI Pohorc, Bio kmetija R\u017een, Selovec 42, 2373 \u0160entjan\u017e pri Dravograd oder an cili.pohorc@gmail.com senden. Wenn Sie den Verdacht haben, dass wir Ihre personenbezogenen Daten nicht in \u00dcbereinstimmung mit Ihrer Zustimmung verarbeiten, k\u00f6nnen Sie sich beim Information Commissioner&#8217;s Office beschweren.<\/p>\n<p><\/p>\t\t\t\t\t\t\t\t<\/div>\n\t\t\t\t<\/div>\n\t\t\t\t\t<\/div>\n\t\t<\/div>\n\t\t\t\t\t<\/div>\n\t\t<\/section>\n\t\t\t\t<\/div>\n\t\t","protected":false},"excerpt":{"rendered":"<p>Schutz der Privatsph\u00e4re Die \u010cILI Pohorc ist bestrebt, die Informationen, die sie von den Nutzern dieser Website erh\u00e4lt, und die personenbezogenen Daten, die diese ihr zur Verf\u00fcgung stellen, im Einklang mit den geltenden Rechtsvorschriften zum Schutz personenbezogener Daten in der Republik Slowenien und dem GDPR zu sch\u00fctzen. Im Folgenden informieren wir Sie \u00fcber das System [&hellip;]<\/p>\n","protected":false},"author":1,"featured_media":0,"parent":0,"menu_order":0,"comment_status":"closed","ping_status":"open","template":"","meta":{"site-sidebar-layout":"default","site-content-layout":"","ast-site-content-layout":"default","site-content-style":"default","site-sidebar-style":"default","ast-global-header-display":"","ast-banner-title-visibility":"","ast-main-header-display":"","ast-hfb-above-header-display":"","ast-hfb-below-header-display":"","ast-hfb-mobile-header-display":"","site-post-title":"","ast-breadcrumbs-content":"","ast-featured-img":"","footer-sml-layout":"","theme-transparent-header-meta":"","adv-header-id-meta":"","stick-header-meta":"","header-above-stick-meta":"","header-main-stick-meta":"","header-below-stick-meta":"","astra-migrate-meta-layouts":"default","ast-page-background-enabled":"default","ast-page-background-meta":{"desktop":{"background-color":"","background-image":"","background-repeat":"repeat","background-position":"center center","background-size":"auto","background-attachment":"scroll","background-type":"","background-media":"","overlay-type":"","overlay-color":"","overlay-opacity":"","overlay-gradient":""},"tablet":{"background-color":"","background-image":"","background-repeat":"repeat","background-position":"center center","background-size":"auto","background-attachment":"scroll","background-type":"","background-media":"","overlay-type":"","overlay-color":"","overlay-opacity":"","overlay-gradient":""},"mobile":{"background-color":"","background-image":"","background-repeat":"repeat","background-position":"center center","background-size":"auto","background-attachment":"scroll","background-type":"","background-media":"","overlay-type":"","overlay-color":"","overlay-opacity":"","overlay-gradient":""}},"ast-content-background-meta":{"desktop":{"background-color":"var(--ast-global-color-5)","background-image":"","background-repeat":"repeat","background-position":"center center","background-size":"auto","background-attachment":"scroll","background-type":"","background-media":"","overlay-type":"","overlay-color":"","overlay-opacity":"","overlay-gradient":""},"tablet":{"background-color":"var(--ast-global-color-5)","background-image":"","background-repeat":"repeat","background-position":"center center","background-size":"auto","background-attachment":"scroll","background-type":"","background-media":"","overlay-type":"","overlay-color":"","overlay-opacity":"","overlay-gradient":""},"mobile":{"background-color":"var(--ast-global-color-5)","background-image":"","background-repeat":"repeat","background-position":"center center","background-size":"auto","background-attachment":"scroll","background-type":"","background-media":"","overlay-type":"","overlay-color":"","overlay-opacity":"","overlay-gradient":""}},"footnotes":""},"class_list":["post-2003","page","type-page","status-publish","hentry"],"yoast_head":"<!-- This site is optimized with the Yoast SEO plugin v27.2 - https:\/\/yoast.com\/product\/yoast-seo-wordpress\/ -->\n<title>Datenschutzbestimmungen - CILIPOHORC<\/title>\n<meta name=\"robots\" content=\"index, follow, max-snippet:-1, max-image-preview:large, max-video-preview:-1\" \/>\n<link rel=\"canonical\" href=\"https:\/\/cilipohorc.com\/de\/datenschutzbestimmungen\/\" \/>\n<meta property=\"og:locale\" content=\"de_DE\" \/>\n<meta property=\"og:type\" content=\"article\" \/>\n<meta property=\"og:title\" content=\"Datenschutzbestimmungen - CILIPOHORC\" \/>\n<meta property=\"og:description\" content=\"Schutz der Privatsph\u00e4re Die \u010cILI Pohorc ist bestrebt, die Informationen, die sie von den Nutzern dieser Website erh\u00e4lt, und die personenbezogenen Daten, die diese ihr zur Verf\u00fcgung stellen, im Einklang mit den geltenden Rechtsvorschriften zum Schutz personenbezogener Daten in der Republik Slowenien und dem GDPR zu sch\u00fctzen. Im Folgenden informieren wir Sie \u00fcber das System [&hellip;]\" \/>\n<meta property=\"og:url\" content=\"https:\/\/cilipohorc.com\/de\/datenschutzbestimmungen\/\" \/>\n<meta property=\"og:site_name\" content=\"CILIPOHORC\" \/>\n<meta property=\"article:publisher\" content=\"https:\/\/www.facebook.com\/PohorcBIOChili\" \/>\n<meta property=\"article:modified_time\" content=\"2023-09-27T09:39:39+00:00\" \/>\n<meta name=\"twitter:card\" content=\"summary_large_image\" \/>\n<meta name=\"twitter:label1\" content=\"Gesch\u00e4tzte Lesezeit\" \/>\n\t<meta name=\"twitter:data1\" content=\"3\u00a0Minuten\" \/>\n<script type=\"application\/ld+json\" class=\"yoast-schema-graph\">{\"@context\":\"https:\/\/schema.org\",\"@graph\":[{\"@type\":\"WebPage\",\"@id\":\"https:\/\/cilipohorc.com\/de\/datenschutzbestimmungen\/\",\"url\":\"https:\/\/cilipohorc.com\/de\/datenschutzbestimmungen\/\",\"name\":\"Datenschutzbestimmungen - CILIPOHORC\",\"isPartOf\":{\"@id\":\"https:\/\/cilipohorc.com\/de\/#website\"},\"datePublished\":\"2023-04-12T08:34:19+00:00\",\"dateModified\":\"2023-09-27T09:39:39+00:00\",\"breadcrumb\":{\"@id\":\"https:\/\/cilipohorc.com\/de\/datenschutzbestimmungen\/#breadcrumb\"},\"inLanguage\":\"de\",\"potentialAction\":[{\"@type\":\"ReadAction\",\"target\":[\"https:\/\/cilipohorc.com\/de\/datenschutzbestimmungen\/\"]}]},{\"@type\":\"BreadcrumbList\",\"@id\":\"https:\/\/cilipohorc.com\/de\/datenschutzbestimmungen\/#breadcrumb\",\"itemListElement\":[{\"@type\":\"ListItem\",\"position\":1,\"name\":\"Home\",\"item\":\"https:\/\/cilipohorc.com\/de\/\"},{\"@type\":\"ListItem\",\"position\":2,\"name\":\"Datenschutzbestimmungen\"}]},{\"@type\":\"WebSite\",\"@id\":\"https:\/\/cilipohorc.com\/de\/#website\",\"url\":\"https:\/\/cilipohorc.com\/de\/\",\"name\":\"CILIPOHORC\",\"description\":\"Okusno in pikantno\",\"publisher\":{\"@id\":\"https:\/\/cilipohorc.com\/de\/#organization\"},\"potentialAction\":[{\"@type\":\"SearchAction\",\"target\":{\"@type\":\"EntryPoint\",\"urlTemplate\":\"https:\/\/cilipohorc.com\/de\/?s={search_term_string}\"},\"query-input\":{\"@type\":\"PropertyValueSpecification\",\"valueRequired\":true,\"valueName\":\"search_term_string\"}}],\"inLanguage\":\"de\"},{\"@type\":\"Organization\",\"@id\":\"https:\/\/cilipohorc.com\/de\/#organization\",\"name\":\"CILIPOHORC\",\"url\":\"https:\/\/cilipohorc.com\/de\/\",\"logo\":{\"@type\":\"ImageObject\",\"inLanguage\":\"de\",\"@id\":\"https:\/\/cilipohorc.com\/de\/#\/schema\/logo\/image\/\",\"url\":\"https:\/\/cilipohorc.com\/wp-content\/uploads\/2023\/04\/pohorc_logo.svg\",\"contentUrl\":\"https:\/\/cilipohorc.com\/wp-content\/uploads\/2023\/04\/pohorc_logo.svg\",\"width\":1246,\"height\":436,\"caption\":\"CILIPOHORC\"},\"image\":{\"@id\":\"https:\/\/cilipohorc.com\/de\/#\/schema\/logo\/image\/\"},\"sameAs\":[\"https:\/\/www.facebook.com\/PohorcBIOChili\"]}]}<\/script>\n<!-- \/ Yoast SEO plugin. -->","yoast_head_json":{"title":"Datenschutzbestimmungen - CILIPOHORC","robots":{"index":"index","follow":"follow","max-snippet":"max-snippet:-1","max-image-preview":"max-image-preview:large","max-video-preview":"max-video-preview:-1"},"canonical":"https:\/\/cilipohorc.com\/de\/datenschutzbestimmungen\/","og_locale":"de_DE","og_type":"article","og_title":"Datenschutzbestimmungen - CILIPOHORC","og_description":"Schutz der Privatsph\u00e4re Die \u010cILI Pohorc ist bestrebt, die Informationen, die sie von den Nutzern dieser Website erh\u00e4lt, und die personenbezogenen Daten, die diese ihr zur Verf\u00fcgung stellen, im Einklang mit den geltenden Rechtsvorschriften zum Schutz personenbezogener Daten in der Republik Slowenien und dem GDPR zu sch\u00fctzen. Im Folgenden informieren wir Sie \u00fcber das System [&hellip;]","og_url":"https:\/\/cilipohorc.com\/de\/datenschutzbestimmungen\/","og_site_name":"CILIPOHORC","article_publisher":"https:\/\/www.facebook.com\/PohorcBIOChili","article_modified_time":"2023-09-27T09:39:39+00:00","twitter_card":"summary_large_image","twitter_misc":{"Gesch\u00e4tzte Lesezeit":"3\u00a0Minuten"},"schema":{"@context":"https:\/\/schema.org","@graph":[{"@type":"WebPage","@id":"https:\/\/cilipohorc.com\/de\/datenschutzbestimmungen\/","url":"https:\/\/cilipohorc.com\/de\/datenschutzbestimmungen\/","name":"Datenschutzbestimmungen - CILIPOHORC","isPartOf":{"@id":"https:\/\/cilipohorc.com\/de\/#website"},"datePublished":"2023-04-12T08:34:19+00:00","dateModified":"2023-09-27T09:39:39+00:00","breadcrumb":{"@id":"https:\/\/cilipohorc.com\/de\/datenschutzbestimmungen\/#breadcrumb"},"inLanguage":"de","potentialAction":[{"@type":"ReadAction","target":["https:\/\/cilipohorc.com\/de\/datenschutzbestimmungen\/"]}]},{"@type":"BreadcrumbList","@id":"https:\/\/cilipohorc.com\/de\/datenschutzbestimmungen\/#breadcrumb","itemListElement":[{"@type":"ListItem","position":1,"name":"Home","item":"https:\/\/cilipohorc.com\/de\/"},{"@type":"ListItem","position":2,"name":"Datenschutzbestimmungen"}]},{"@type":"WebSite","@id":"https:\/\/cilipohorc.com\/de\/#website","url":"https:\/\/cilipohorc.com\/de\/","name":"CILIPOHORC","description":"Okusno in pikantno","publisher":{"@id":"https:\/\/cilipohorc.com\/de\/#organization"},"potentialAction":[{"@type":"SearchAction","target":{"@type":"EntryPoint","urlTemplate":"https:\/\/cilipohorc.com\/de\/?s={search_term_string}"},"query-input":{"@type":"PropertyValueSpecification","valueRequired":true,"valueName":"search_term_string"}}],"inLanguage":"de"},{"@type":"Organization","@id":"https:\/\/cilipohorc.com\/de\/#organization","name":"CILIPOHORC","url":"https:\/\/cilipohorc.com\/de\/","logo":{"@type":"ImageObject","inLanguage":"de","@id":"https:\/\/cilipohorc.com\/de\/#\/schema\/logo\/image\/","url":"https:\/\/cilipohorc.com\/wp-content\/uploads\/2023\/04\/pohorc_logo.svg","contentUrl":"https:\/\/cilipohorc.com\/wp-content\/uploads\/2023\/04\/pohorc_logo.svg","width":1246,"height":436,"caption":"CILIPOHORC"},"image":{"@id":"https:\/\/cilipohorc.com\/de\/#\/schema\/logo\/image\/"},"sameAs":["https:\/\/www.facebook.com\/PohorcBIOChili"]}]}},"jetpack_sharing_enabled":true,"_links":{"self":[{"href":"https:\/\/cilipohorc.com\/de\/wp-json\/wp\/v2\/pages\/2003","targetHints":{"allow":["GET"]}}],"collection":[{"href":"https:\/\/cilipohorc.com\/de\/wp-json\/wp\/v2\/pages"}],"about":[{"href":"https:\/\/cilipohorc.com\/de\/wp-json\/wp\/v2\/types\/page"}],"author":[{"embeddable":true,"href":"https:\/\/cilipohorc.com\/de\/wp-json\/wp\/v2\/users\/1"}],"replies":[{"embeddable":true,"href":"https:\/\/cilipohorc.com\/de\/wp-json\/wp\/v2\/comments?post=2003"}],"version-history":[{"count":3,"href":"https:\/\/cilipohorc.com\/de\/wp-json\/wp\/v2\/pages\/2003\/revisions"}],"predecessor-version":[{"id":2197,"href":"https:\/\/cilipohorc.com\/de\/wp-json\/wp\/v2\/pages\/2003\/revisions\/2197"}],"wp:attachment":[{"href":"https:\/\/cilipohorc.com\/de\/wp-json\/wp\/v2\/media?parent=2003"}],"curies":[{"name":"wp","href":"https:\/\/api.w.org\/{rel}","templated":true}]}}