{"id":1716,"date":"2023-09-08T09:59:12","date_gmt":"2023-09-08T07:59:12","guid":{"rendered":"https:\/\/cilipohorc.meld.solutions\/izdelek\/unkategorisiert\/kimchi\/"},"modified":"2026-03-05T22:19:30","modified_gmt":"2026-03-05T21:19:30","slug":"kimchi","status":"publish","type":"product","link":"https:\/\/cilipohorc.com\/de\/izdelek\/ostale-dobrote-de\/kimchi\/","title":{"rendered":"Kimchi BIO"},"content":{"rendered":"<p>Redkev Daikon in Kitajsko zelje na na\u0161i ekolo\u0161ki kmetiji pridelujemo \u017ee vrsto let in tako je tudi padla ideja \ud83d\ude09<\/p>\n<p>&#8220; KIMCHI &#8211; zakaj pa ne, pa \u0161e ekolo\u0161ki, tak\u0161nega pri nas \u0161e ni.. &#8220;<\/p>\n<p>Tako je po parih sodih fermentacije in poku\u0161in nastajal na\u0161 KIMCHI. Ampak vedno mu je nekaj manjkalo!<\/p>\n<p>Poglobimo se v staro tradicionalno korejsko recepturo, kjer opisuje KIMCHI duha.<\/p>\n<p>Poskusimo znova po stari Korejski metodi &#8222;ne\u017eno, ro\u010dno, po\u010dasi, spiritualno&#8220;<\/p>\n<p>KIMCHI duh je bil zadovoljen in podaril nam je okus narave, sve\u017eine, zdravja.<\/p>\n<p>Z na\u0161im KIMCHIJEM vam ne prodajamo izdelek, ampak vam nudimo do\u017eivetje !<\/p>\n<p>Kaj je sploh KIMCHI?<\/p>\n<p>KIMCHI je Korejska narodna jed iz fermentirane zelenjave in z razli\u010dnimi za\u010dimbami, ki jo Korejci jedo \u017ee 3000 let.<\/p>\n<p>Velja za skorajda nepogre\u0161ljivo prilogo, uporablja pa se tudi kot osnova za pripravo \u0161tevilnih jedi.<\/p>\n<p>Menda je prav redno u\u017eivanje kim\u010dija eden od vzrokov za njihovo vitko postavo.<\/p>\n<p>Pa \u0161e nekaj o zdravju<\/p>\n<p>To, kar ga dela zdravilnega, naj bi bila neskon\u010dna zaloga vitamina C, karotena, neznansko majhno \u0161tevilo kalorij in cel kup zdravju prijaznih bakterij, med njimi celo posebna Lactobacillus kimchii, ki ugodno vpliva na prebavo, deluje proti raku&#8230; Uvr\u0161\u010dajo ga med pet najbolj zdravih jedi na svetu.<\/p>\n<p>Sestavine:<\/p>\n<ul>\n<li>Kitajsko zelje*<\/li>\n<li>Daikon*<\/li>\n<li>\u010crna redkev*<\/li>\n<li>Rde\u010da paprika*<\/li>\n<li>Korenje*<\/li>\n<li>\u010cebula*<\/li>\n<li>Mladi ingver*<\/li>\n<li>\u010cesen*<\/li>\n<li>\u010cili*<\/li>\n<li>Piranska groba morska sol<\/li>\n<\/ul>\n<p>*sestavine so ekolo\u0161kega izvora<\/p>\n<p>Vse sestavine so iz na\u0161e kmetije.<\/p>\n<p>Brez glutena in aditivov, veganom prijazno \u017eivilo.<\/p>\n<p>Vsebina: 210 ml<\/p>\n<p><img decoding=\"async\" class=\"alignnone wp-image-2440\" src=\"https:\/\/cilipohorc.com\/wp-content\/uploads\/2023\/11\/Znak-BIO-SI-EKO-001-barvni-SLO-150x150.jpg\" alt=\"\" width=\"100\" height=\"100\" srcset=\"https:\/\/cilipohorc.com\/wp-content\/uploads\/2023\/11\/Znak-BIO-SI-EKO-001-barvni-SLO-150x150.jpg 150w, https:\/\/cilipohorc.com\/wp-content\/uploads\/2023\/11\/Znak-BIO-SI-EKO-001-barvni-SLO-500x500.jpg 500w, https:\/\/cilipohorc.com\/wp-content\/uploads\/2023\/11\/Znak-BIO-SI-EKO-001-barvni-SLO-100x100.jpg 100w\" sizes=\"(max-width: 100px) 100vw, 100px\" \/>\u00a0 <img decoding=\"async\" class=\"alignnone wp-image-2443\" src=\"https:\/\/cilipohorc.com\/wp-content\/uploads\/2023\/11\/eko-logo1-150x150.jpg\" alt=\"\" width=\"100\" height=\"100\" srcset=\"https:\/\/cilipohorc.com\/wp-content\/uploads\/2023\/11\/eko-logo1-150x150.jpg 150w, https:\/\/cilipohorc.com\/wp-content\/uploads\/2023\/11\/eko-logo1-100x100.jpg 100w\" sizes=\"(max-width: 100px) 100vw, 100px\" \/><\/p>\n","protected":false},"excerpt":{"rendered":"<p>Redkev Daikon in Kitajsko zelje na na\u0161i ekolo\u0161ki kmetiji pridelujemo \u017ee vrsto let in tako je tudi padla ideja \ud83d\ude09<\/p>\n<p>&#8220; KIMCHI &#8211; zakaj pa ne, pa \u0161e ekolo\u0161ki, tak\u0161nega pri nas \u0161e ni.. &#8222;<\/p>\n","protected":false},"featured_media":1700,"comment_status":"open","ping_status":"closed","template":"","meta":{"site-sidebar-layout":"default","site-content-layout":"","ast-site-content-layout":"default","site-content-style":"default","site-sidebar-style":"default","ast-global-header-display":"","ast-banner-title-visibility":"","ast-main-header-display":"","ast-hfb-above-header-display":"","ast-hfb-below-header-display":"","ast-hfb-mobile-header-display":"","site-post-title":"","ast-breadcrumbs-content":"","ast-featured-img":"","footer-sml-layout":"","theme-transparent-header-meta":"default","adv-header-id-meta":"","stick-header-meta":"","header-above-stick-meta":"","header-main-stick-meta":"","header-below-stick-meta":"","astra-migrate-meta-layouts":"set","ast-page-background-enabled":"default","ast-page-background-meta":{"desktop":{"background-color":"","background-image":"","background-repeat":"repeat","background-position":"center center","background-size":"auto","background-attachment":"scroll","background-type":"","background-media":"","overlay-type":"","overlay-color":"","overlay-opacity":"","overlay-gradient":""},"tablet":{"background-color":"","background-image":"","background-repeat":"repeat","background-position":"center center","background-size":"auto","background-attachment":"scroll","background-type":"","background-media":"","overlay-type":"","overlay-color":"","overlay-opacity":"","overlay-gradient":""},"mobile":{"background-color":"","background-image":"","background-repeat":"repeat","background-position":"center center","background-size":"auto","background-attachment":"scroll","background-type":"","background-media":"","overlay-type":"","overlay-color":"","overlay-opacity":"","overlay-gradient":""}},"ast-content-background-meta":{"desktop":{"background-color":"var(--ast-global-color-5)","background-image":"","background-repeat":"repeat","background-position":"center center","background-size":"auto","background-attachment":"scroll","background-type":"","background-media":"","overlay-type":"","overlay-color":"","overlay-opacity":"","overlay-gradient":""},"tablet":{"background-color":"var(--ast-global-color-5)","background-image":"","background-repeat":"repeat","background-position":"center center","background-size":"auto","background-attachment":"scroll","background-type":"","background-media":"","overlay-type":"","overlay-color":"","overlay-opacity":"","overlay-gradient":""},"mobile":{"background-color":"var(--ast-global-color-5)","background-image":"","background-repeat":"repeat","background-position":"center center","background-size":"auto","background-attachment":"scroll","background-type":"","background-media":"","overlay-type":"","overlay-color":"","overlay-opacity":"","overlay-gradient":""}}},"product_brand":[],"product_cat":[45],"product_tag":[],"class_list":{"0":"post-1716","1":"product","2":"type-product","3":"status-publish","4":"has-post-thumbnail","6":"product_cat-ostale-dobrote-de","7":"desktop-align-left","8":"tablet-align-left","9":"mobile-align-center","10":"ast-product-gallery-layout-horizontal-slider","11":"ast-product-tabs-layout-vertical","12":"ast-qv-on-image","14":"first","15":"instock","16":"shipping-taxable","17":"purchasable","18":"product-type-simple"},"yoast_head":"<!-- This site is optimized with the Yoast SEO plugin v27.2 - https:\/\/yoast.com\/product\/yoast-seo-wordpress\/ -->\n<title>Kimchi BIO - CILIPOHORC<\/title>\n<meta name=\"robots\" content=\"index, follow, max-snippet:-1, max-image-preview:large, max-video-preview:-1\" \/>\n<link rel=\"canonical\" href=\"https:\/\/cilipohorc.com\/de\/izdelek\/ostale-dobrote-de\/kimchi\/\" \/>\n<meta property=\"og:locale\" content=\"de_DE\" \/>\n<meta property=\"og:type\" content=\"article\" \/>\n<meta property=\"og:title\" content=\"Kimchi BIO - CILIPOHORC\" \/>\n<meta property=\"og:description\" content=\"Redkev Daikon in Kitajsko zelje na na\u0161i ekolo\u0161ki kmetiji pridelujemo \u017ee vrsto let in tako je tudi padla ideja ;)  &quot; KIMCHI - zakaj pa ne, pa \u0161e ekolo\u0161ki, tak\u0161nega pri nas \u0161e ni.. &quot;\" \/>\n<meta property=\"og:url\" content=\"https:\/\/cilipohorc.com\/de\/izdelek\/ostale-dobrote-de\/kimchi\/\" \/>\n<meta property=\"og:site_name\" content=\"CILIPOHORC\" \/>\n<meta property=\"article:publisher\" content=\"https:\/\/www.facebook.com\/PohorcBIOChili\" \/>\n<meta property=\"article:modified_time\" content=\"2026-03-05T21:19:30+00:00\" \/>\n<meta property=\"og:image\" content=\"https:\/\/cilipohorc.com\/wp-content\/uploads\/2023\/09\/kimchi-e1706079926706.jpg\" \/>\n\t<meta property=\"og:image:width\" content=\"1920\" \/>\n\t<meta property=\"og:image:height\" content=\"2401\" \/>\n\t<meta property=\"og:image:type\" content=\"image\/jpeg\" \/>\n<meta name=\"twitter:card\" content=\"summary_large_image\" \/>\n<meta name=\"twitter:label1\" content=\"Gesch\u00e4tzte Lesezeit\" \/>\n\t<meta name=\"twitter:data1\" content=\"1\u00a0Minute\" \/>\n<script type=\"application\/ld+json\" class=\"yoast-schema-graph\">{\"@context\":\"https:\/\/schema.org\",\"@graph\":[{\"@type\":\"WebPage\",\"@id\":\"https:\/\/cilipohorc.com\/de\/izdelek\/ostale-dobrote-de\/kimchi\/\",\"url\":\"https:\/\/cilipohorc.com\/de\/izdelek\/ostale-dobrote-de\/kimchi\/\",\"name\":\"Kimchi BIO - CILIPOHORC\",\"isPartOf\":{\"@id\":\"https:\/\/cilipohorc.com\/de\/#website\"},\"primaryImageOfPage\":{\"@id\":\"https:\/\/cilipohorc.com\/de\/izdelek\/ostale-dobrote-de\/kimchi\/#primaryimage\"},\"image\":{\"@id\":\"https:\/\/cilipohorc.com\/de\/izdelek\/ostale-dobrote-de\/kimchi\/#primaryimage\"},\"thumbnailUrl\":\"https:\/\/cilipohorc.com\/wp-content\/uploads\/2023\/09\/kimchi-e1706079926706.jpg\",\"datePublished\":\"2023-09-08T07:59:12+00:00\",\"dateModified\":\"2026-03-05T21:19:30+00:00\",\"breadcrumb\":{\"@id\":\"https:\/\/cilipohorc.com\/de\/izdelek\/ostale-dobrote-de\/kimchi\/#breadcrumb\"},\"inLanguage\":\"de\",\"potentialAction\":[{\"@type\":\"ReadAction\",\"target\":[\"https:\/\/cilipohorc.com\/de\/izdelek\/ostale-dobrote-de\/kimchi\/\"]}]},{\"@type\":\"ImageObject\",\"inLanguage\":\"de\",\"@id\":\"https:\/\/cilipohorc.com\/de\/izdelek\/ostale-dobrote-de\/kimchi\/#primaryimage\",\"url\":\"https:\/\/cilipohorc.com\/wp-content\/uploads\/2023\/09\/kimchi-e1706079926706.jpg\",\"contentUrl\":\"https:\/\/cilipohorc.com\/wp-content\/uploads\/2023\/09\/kimchi-e1706079926706.jpg\",\"width\":1920,\"height\":2401},{\"@type\":\"BreadcrumbList\",\"@id\":\"https:\/\/cilipohorc.com\/de\/izdelek\/ostale-dobrote-de\/kimchi\/#breadcrumb\",\"itemListElement\":[{\"@type\":\"ListItem\",\"position\":1,\"name\":\"Home\",\"item\":\"https:\/\/cilipohorc.com\/de\/\"},{\"@type\":\"ListItem\",\"position\":2,\"name\":\"Trgovina\",\"item\":\"https:\/\/cilipohorc.com\/shop\/\"},{\"@type\":\"ListItem\",\"position\":3,\"name\":\"Kimchi BIO\"}]},{\"@type\":\"WebSite\",\"@id\":\"https:\/\/cilipohorc.com\/de\/#website\",\"url\":\"https:\/\/cilipohorc.com\/de\/\",\"name\":\"CILIPOHORC\",\"description\":\"Okusno in pikantno\",\"publisher\":{\"@id\":\"https:\/\/cilipohorc.com\/de\/#organization\"},\"potentialAction\":[{\"@type\":\"SearchAction\",\"target\":{\"@type\":\"EntryPoint\",\"urlTemplate\":\"https:\/\/cilipohorc.com\/de\/?s={search_term_string}\"},\"query-input\":{\"@type\":\"PropertyValueSpecification\",\"valueRequired\":true,\"valueName\":\"search_term_string\"}}],\"inLanguage\":\"de\"},{\"@type\":\"Organization\",\"@id\":\"https:\/\/cilipohorc.com\/de\/#organization\",\"name\":\"CILIPOHORC\",\"url\":\"https:\/\/cilipohorc.com\/de\/\",\"logo\":{\"@type\":\"ImageObject\",\"inLanguage\":\"de\",\"@id\":\"https:\/\/cilipohorc.com\/de\/#\/schema\/logo\/image\/\",\"url\":\"https:\/\/cilipohorc.com\/wp-content\/uploads\/2023\/04\/pohorc_logo.svg\",\"contentUrl\":\"https:\/\/cilipohorc.com\/wp-content\/uploads\/2023\/04\/pohorc_logo.svg\",\"width\":1246,\"height\":436,\"caption\":\"CILIPOHORC\"},\"image\":{\"@id\":\"https:\/\/cilipohorc.com\/de\/#\/schema\/logo\/image\/\"},\"sameAs\":[\"https:\/\/www.facebook.com\/PohorcBIOChili\"]}]}<\/script>\n<!-- \/ Yoast SEO plugin. -->","yoast_head_json":{"title":"Kimchi BIO - CILIPOHORC","robots":{"index":"index","follow":"follow","max-snippet":"max-snippet:-1","max-image-preview":"max-image-preview:large","max-video-preview":"max-video-preview:-1"},"canonical":"https:\/\/cilipohorc.com\/de\/izdelek\/ostale-dobrote-de\/kimchi\/","og_locale":"de_DE","og_type":"article","og_title":"Kimchi BIO - CILIPOHORC","og_description":"Redkev Daikon in Kitajsko zelje na na\u0161i ekolo\u0161ki kmetiji pridelujemo \u017ee vrsto let in tako je tudi padla ideja ;)  \" KIMCHI - zakaj pa ne, pa \u0161e ekolo\u0161ki, tak\u0161nega pri nas \u0161e ni.. \"","og_url":"https:\/\/cilipohorc.com\/de\/izdelek\/ostale-dobrote-de\/kimchi\/","og_site_name":"CILIPOHORC","article_publisher":"https:\/\/www.facebook.com\/PohorcBIOChili","article_modified_time":"2026-03-05T21:19:30+00:00","og_image":[{"width":1920,"height":2401,"url":"https:\/\/cilipohorc.com\/wp-content\/uploads\/2023\/09\/kimchi-e1706079926706.jpg","type":"image\/jpeg"}],"twitter_card":"summary_large_image","twitter_misc":{"Gesch\u00e4tzte Lesezeit":"1\u00a0Minute"},"schema":{"@context":"https:\/\/schema.org","@graph":[{"@type":"WebPage","@id":"https:\/\/cilipohorc.com\/de\/izdelek\/ostale-dobrote-de\/kimchi\/","url":"https:\/\/cilipohorc.com\/de\/izdelek\/ostale-dobrote-de\/kimchi\/","name":"Kimchi BIO - CILIPOHORC","isPartOf":{"@id":"https:\/\/cilipohorc.com\/de\/#website"},"primaryImageOfPage":{"@id":"https:\/\/cilipohorc.com\/de\/izdelek\/ostale-dobrote-de\/kimchi\/#primaryimage"},"image":{"@id":"https:\/\/cilipohorc.com\/de\/izdelek\/ostale-dobrote-de\/kimchi\/#primaryimage"},"thumbnailUrl":"https:\/\/cilipohorc.com\/wp-content\/uploads\/2023\/09\/kimchi-e1706079926706.jpg","datePublished":"2023-09-08T07:59:12+00:00","dateModified":"2026-03-05T21:19:30+00:00","breadcrumb":{"@id":"https:\/\/cilipohorc.com\/de\/izdelek\/ostale-dobrote-de\/kimchi\/#breadcrumb"},"inLanguage":"de","potentialAction":[{"@type":"ReadAction","target":["https:\/\/cilipohorc.com\/de\/izdelek\/ostale-dobrote-de\/kimchi\/"]}]},{"@type":"ImageObject","inLanguage":"de","@id":"https:\/\/cilipohorc.com\/de\/izdelek\/ostale-dobrote-de\/kimchi\/#primaryimage","url":"https:\/\/cilipohorc.com\/wp-content\/uploads\/2023\/09\/kimchi-e1706079926706.jpg","contentUrl":"https:\/\/cilipohorc.com\/wp-content\/uploads\/2023\/09\/kimchi-e1706079926706.jpg","width":1920,"height":2401},{"@type":"BreadcrumbList","@id":"https:\/\/cilipohorc.com\/de\/izdelek\/ostale-dobrote-de\/kimchi\/#breadcrumb","itemListElement":[{"@type":"ListItem","position":1,"name":"Home","item":"https:\/\/cilipohorc.com\/de\/"},{"@type":"ListItem","position":2,"name":"Trgovina","item":"https:\/\/cilipohorc.com\/shop\/"},{"@type":"ListItem","position":3,"name":"Kimchi BIO"}]},{"@type":"WebSite","@id":"https:\/\/cilipohorc.com\/de\/#website","url":"https:\/\/cilipohorc.com\/de\/","name":"CILIPOHORC","description":"Okusno in pikantno","publisher":{"@id":"https:\/\/cilipohorc.com\/de\/#organization"},"potentialAction":[{"@type":"SearchAction","target":{"@type":"EntryPoint","urlTemplate":"https:\/\/cilipohorc.com\/de\/?s={search_term_string}"},"query-input":{"@type":"PropertyValueSpecification","valueRequired":true,"valueName":"search_term_string"}}],"inLanguage":"de"},{"@type":"Organization","@id":"https:\/\/cilipohorc.com\/de\/#organization","name":"CILIPOHORC","url":"https:\/\/cilipohorc.com\/de\/","logo":{"@type":"ImageObject","inLanguage":"de","@id":"https:\/\/cilipohorc.com\/de\/#\/schema\/logo\/image\/","url":"https:\/\/cilipohorc.com\/wp-content\/uploads\/2023\/04\/pohorc_logo.svg","contentUrl":"https:\/\/cilipohorc.com\/wp-content\/uploads\/2023\/04\/pohorc_logo.svg","width":1246,"height":436,"caption":"CILIPOHORC"},"image":{"@id":"https:\/\/cilipohorc.com\/de\/#\/schema\/logo\/image\/"},"sameAs":["https:\/\/www.facebook.com\/PohorcBIOChili"]}]}},"jetpack_sharing_enabled":true,"_links":{"self":[{"href":"https:\/\/cilipohorc.com\/de\/wp-json\/wp\/v2\/product\/1716","targetHints":{"allow":["GET"]}}],"collection":[{"href":"https:\/\/cilipohorc.com\/de\/wp-json\/wp\/v2\/product"}],"about":[{"href":"https:\/\/cilipohorc.com\/de\/wp-json\/wp\/v2\/types\/product"}],"replies":[{"embeddable":true,"href":"https:\/\/cilipohorc.com\/de\/wp-json\/wp\/v2\/comments?post=1716"}],"wp:featuredmedia":[{"embeddable":true,"href":"https:\/\/cilipohorc.com\/de\/wp-json\/wp\/v2\/media\/1700"}],"wp:attachment":[{"href":"https:\/\/cilipohorc.com\/de\/wp-json\/wp\/v2\/media?parent=1716"}],"wp:term":[{"taxonomy":"product_brand","embeddable":true,"href":"https:\/\/cilipohorc.com\/de\/wp-json\/wp\/v2\/product_brand?post=1716"},{"taxonomy":"product_cat","embeddable":true,"href":"https:\/\/cilipohorc.com\/de\/wp-json\/wp\/v2\/product_cat?post=1716"},{"taxonomy":"product_tag","embeddable":true,"href":"https:\/\/cilipohorc.com\/de\/wp-json\/wp\/v2\/product_tag?post=1716"}],"curies":[{"name":"wp","href":"https:\/\/api.w.org\/{rel}","templated":true}]}}