{"id":1717,"date":"2023-09-06T09:08:48","date_gmt":"2023-09-06T07:08:48","guid":{"rendered":"https:\/\/cilipohorc.meld.solutions\/izdelek\/unkategorisiert\/darilni-paket-pekoci-maxi\/"},"modified":"2023-11-26T22:38:06","modified_gmt":"2023-11-26T21:38:06","slug":"geschenk-paket-kekse-maxi","status":"publish","type":"product","link":"https:\/\/cilipohorc.com\/de\/izdelek\/darilni-program-de\/geschenk-paket-kekse-maxi\/","title":{"rendered":"BAKING MAXI Geschenkpaket"},"content":{"rendered":"<p>Sie wissen nicht, was Sie der Person schenken sollen, von der Sie wissen, dass sie ein Fan von w\u00fcrzigen Leckereien ist?<\/p>\n<p>PEKO\u010cI MAXI Geschenkpackung: Chili-Pesto, Chili-Trockenmischung, Chili Pohorc CLASSIC und Chili Pohorc SWEET<\/p>\n<p>(oder, wenn Sie es vorziehen, schreiben Sie in das Kommentarfeld)<\/p>\n<p>KOSTENLOSE GESCHENKVERPACKUNG UND DEKORATION!<\/p>\n<p>Geschenkkarton in nat\u00fcrlicher Farbe<\/p>\n<p>Material: gerippter Karton<\/p>\n<p>Enth\u00e4lt: Boden und Deckel, Sichtfenster, mit Schutzfolie<\/p>\n<p>F\u00fcllung: nat\u00fcrliche heimische Holzwolle<\/p>\n<p>Wir arrangieren alles im Boutique-Stil. Ein paar getrocknete Chilist\u00fccke f\u00fcr eine s\u00fc\u00dfe Leckerei hinzuf\u00fcgen<\/p>\n<p>Das beste Geschenk f\u00fcr jemanden, der w\u00fcrzige Speisen liebt, oder es sein wird&#8230; \ud83d\ude09<\/p>\n","protected":false},"excerpt":{"rendered":"<p>Sie wissen nicht, was Sie der Person schenken sollen, von der Sie wissen, dass sie ein Fan von w\u00fcrzigen Leckereien ist?<\/p>\n<p>PEKO\u010cI MAXI Geschenkpackung: Chili-Pesto, Chili-Trockenmischung, Chili Pohorc CLASSIC und Chili Pohorc SWEET<\/p>\n<p>(oder, wenn Sie es vorziehen, schreiben Sie in das Kommentarfeld)<\/p>\n","protected":false},"featured_media":1638,"comment_status":"open","ping_status":"closed","template":"","meta":{"site-sidebar-layout":"default","site-content-layout":"","ast-site-content-layout":"default","site-content-style":"default","site-sidebar-style":"default","ast-global-header-display":"","ast-banner-title-visibility":"","ast-main-header-display":"","ast-hfb-above-header-display":"","ast-hfb-below-header-display":"","ast-hfb-mobile-header-display":"","site-post-title":"","ast-breadcrumbs-content":"","ast-featured-img":"","footer-sml-layout":"","theme-transparent-header-meta":"default","adv-header-id-meta":"","stick-header-meta":"","header-above-stick-meta":"","header-main-stick-meta":"","header-below-stick-meta":"","astra-migrate-meta-layouts":"set","ast-page-background-enabled":"default","ast-page-background-meta":{"desktop":{"background-color":"","background-image":"","background-repeat":"repeat","background-position":"center center","background-size":"auto","background-attachment":"scroll","background-type":"","background-media":"","overlay-type":"","overlay-color":"","overlay-opacity":"","overlay-gradient":""},"tablet":{"background-color":"","background-image":"","background-repeat":"repeat","background-position":"center center","background-size":"auto","background-attachment":"scroll","background-type":"","background-media":"","overlay-type":"","overlay-color":"","overlay-opacity":"","overlay-gradient":""},"mobile":{"background-color":"","background-image":"","background-repeat":"repeat","background-position":"center center","background-size":"auto","background-attachment":"scroll","background-type":"","background-media":"","overlay-type":"","overlay-color":"","overlay-opacity":"","overlay-gradient":""}},"ast-content-background-meta":{"desktop":{"background-color":"var(--ast-global-color-5)","background-image":"","background-repeat":"repeat","background-position":"center center","background-size":"auto","background-attachment":"scroll","background-type":"","background-media":"","overlay-type":"","overlay-color":"","overlay-opacity":"","overlay-gradient":""},"tablet":{"background-color":"var(--ast-global-color-5)","background-image":"","background-repeat":"repeat","background-position":"center center","background-size":"auto","background-attachment":"scroll","background-type":"","background-media":"","overlay-type":"","overlay-color":"","overlay-opacity":"","overlay-gradient":""},"mobile":{"background-color":"var(--ast-global-color-5)","background-image":"","background-repeat":"repeat","background-position":"center center","background-size":"auto","background-attachment":"scroll","background-type":"","background-media":"","overlay-type":"","overlay-color":"","overlay-opacity":"","overlay-gradient":""}}},"product_brand":[],"product_cat":[46],"product_tag":[],"class_list":{"0":"post-1717","1":"product","2":"type-product","3":"status-publish","4":"has-post-thumbnail","6":"product_cat-darilni-program-de","7":"desktop-align-left","8":"tablet-align-left","9":"mobile-align-center","10":"ast-product-gallery-layout-horizontal-slider","11":"ast-product-gallery-with-no-image","12":"ast-product-tabs-layout-vertical","13":"ast-qv-on-image","15":"first","16":"instock","17":"shipping-taxable","18":"purchasable","19":"product-type-simple"},"yoast_head":"<!-- This site is optimized with the Yoast SEO plugin v27.2 - https:\/\/yoast.com\/product\/yoast-seo-wordpress\/ -->\n<title>BAKING MAXI Geschenkpaket - CILIPOHORC<\/title>\n<meta name=\"robots\" content=\"index, follow, max-snippet:-1, max-image-preview:large, max-video-preview:-1\" \/>\n<link rel=\"canonical\" href=\"https:\/\/cilipohorc.com\/de\/izdelek\/darilni-program-de\/geschenk-paket-kekse-maxi\/\" \/>\n<meta property=\"og:locale\" content=\"de_DE\" \/>\n<meta property=\"og:type\" content=\"article\" \/>\n<meta property=\"og:title\" content=\"BAKING MAXI Geschenkpaket - CILIPOHORC\" \/>\n<meta property=\"og:description\" content=\"Sie wissen nicht, was Sie der Person schenken sollen, von der Sie wissen, dass sie ein Fan von w\u00fcrzigen Leckereien ist? PEKO\u010cI MAXI Geschenkpackung: Chili-Pesto, Chili-Trockenmischung, Chili Pohorc CLASSIC und Chili Pohorc SWEET (oder, wenn Sie es vorziehen, schreiben Sie in das Kommentarfeld)\" \/>\n<meta property=\"og:url\" content=\"https:\/\/cilipohorc.com\/de\/izdelek\/darilni-program-de\/geschenk-paket-kekse-maxi\/\" \/>\n<meta property=\"og:site_name\" content=\"CILIPOHORC\" \/>\n<meta property=\"article:publisher\" content=\"https:\/\/www.facebook.com\/PohorcBIOChili\" \/>\n<meta property=\"article:modified_time\" content=\"2023-11-26T21:38:06+00:00\" \/>\n<meta property=\"og:image\" content=\"https:\/\/cilipohorc.com\/wp-content\/uploads\/2023\/09\/pekoci-maxi.jpg\" \/>\n\t<meta property=\"og:image:width\" content=\"1365\" \/>\n\t<meta property=\"og:image:height\" content=\"2048\" \/>\n\t<meta property=\"og:image:type\" content=\"image\/jpeg\" \/>\n<meta name=\"twitter:card\" content=\"summary_large_image\" \/>\n<meta name=\"twitter:label1\" content=\"Gesch\u00e4tzte Lesezeit\" \/>\n\t<meta name=\"twitter:data1\" content=\"1\u00a0Minute\" \/>\n<script type=\"application\/ld+json\" class=\"yoast-schema-graph\">{\"@context\":\"https:\/\/schema.org\",\"@graph\":[{\"@type\":\"WebPage\",\"@id\":\"https:\/\/cilipohorc.com\/de\/izdelek\/darilni-program-de\/geschenk-paket-kekse-maxi\/\",\"url\":\"https:\/\/cilipohorc.com\/de\/izdelek\/darilni-program-de\/geschenk-paket-kekse-maxi\/\",\"name\":\"BAKING MAXI Geschenkpaket - CILIPOHORC\",\"isPartOf\":{\"@id\":\"https:\/\/cilipohorc.com\/de\/#website\"},\"primaryImageOfPage\":{\"@id\":\"https:\/\/cilipohorc.com\/de\/izdelek\/darilni-program-de\/geschenk-paket-kekse-maxi\/#primaryimage\"},\"image\":{\"@id\":\"https:\/\/cilipohorc.com\/de\/izdelek\/darilni-program-de\/geschenk-paket-kekse-maxi\/#primaryimage\"},\"thumbnailUrl\":\"https:\/\/cilipohorc.com\/wp-content\/uploads\/2023\/09\/pekoci-maxi.jpg\",\"datePublished\":\"2023-09-06T07:08:48+00:00\",\"dateModified\":\"2023-11-26T21:38:06+00:00\",\"breadcrumb\":{\"@id\":\"https:\/\/cilipohorc.com\/de\/izdelek\/darilni-program-de\/geschenk-paket-kekse-maxi\/#breadcrumb\"},\"inLanguage\":\"de\",\"potentialAction\":[{\"@type\":\"ReadAction\",\"target\":[\"https:\/\/cilipohorc.com\/de\/izdelek\/darilni-program-de\/geschenk-paket-kekse-maxi\/\"]}]},{\"@type\":\"ImageObject\",\"inLanguage\":\"de\",\"@id\":\"https:\/\/cilipohorc.com\/de\/izdelek\/darilni-program-de\/geschenk-paket-kekse-maxi\/#primaryimage\",\"url\":\"https:\/\/cilipohorc.com\/wp-content\/uploads\/2023\/09\/pekoci-maxi.jpg\",\"contentUrl\":\"https:\/\/cilipohorc.com\/wp-content\/uploads\/2023\/09\/pekoci-maxi.jpg\",\"width\":1365,\"height\":2048},{\"@type\":\"BreadcrumbList\",\"@id\":\"https:\/\/cilipohorc.com\/de\/izdelek\/darilni-program-de\/geschenk-paket-kekse-maxi\/#breadcrumb\",\"itemListElement\":[{\"@type\":\"ListItem\",\"position\":1,\"name\":\"Home\",\"item\":\"https:\/\/cilipohorc.com\/de\/\"},{\"@type\":\"ListItem\",\"position\":2,\"name\":\"Trgovina\",\"item\":\"https:\/\/cilipohorc.com\/shop\/\"},{\"@type\":\"ListItem\",\"position\":3,\"name\":\"BAKING MAXI Geschenkpaket\"}]},{\"@type\":\"WebSite\",\"@id\":\"https:\/\/cilipohorc.com\/de\/#website\",\"url\":\"https:\/\/cilipohorc.com\/de\/\",\"name\":\"CILIPOHORC\",\"description\":\"Okusno in pikantno\",\"publisher\":{\"@id\":\"https:\/\/cilipohorc.com\/de\/#organization\"},\"potentialAction\":[{\"@type\":\"SearchAction\",\"target\":{\"@type\":\"EntryPoint\",\"urlTemplate\":\"https:\/\/cilipohorc.com\/de\/?s={search_term_string}\"},\"query-input\":{\"@type\":\"PropertyValueSpecification\",\"valueRequired\":true,\"valueName\":\"search_term_string\"}}],\"inLanguage\":\"de\"},{\"@type\":\"Organization\",\"@id\":\"https:\/\/cilipohorc.com\/de\/#organization\",\"name\":\"CILIPOHORC\",\"url\":\"https:\/\/cilipohorc.com\/de\/\",\"logo\":{\"@type\":\"ImageObject\",\"inLanguage\":\"de\",\"@id\":\"https:\/\/cilipohorc.com\/de\/#\/schema\/logo\/image\/\",\"url\":\"https:\/\/cilipohorc.com\/wp-content\/uploads\/2023\/04\/pohorc_logo.svg\",\"contentUrl\":\"https:\/\/cilipohorc.com\/wp-content\/uploads\/2023\/04\/pohorc_logo.svg\",\"width\":1246,\"height\":436,\"caption\":\"CILIPOHORC\"},\"image\":{\"@id\":\"https:\/\/cilipohorc.com\/de\/#\/schema\/logo\/image\/\"},\"sameAs\":[\"https:\/\/www.facebook.com\/PohorcBIOChili\"]}]}<\/script>\n<!-- \/ Yoast SEO plugin. -->","yoast_head_json":{"title":"BAKING MAXI Geschenkpaket - CILIPOHORC","robots":{"index":"index","follow":"follow","max-snippet":"max-snippet:-1","max-image-preview":"max-image-preview:large","max-video-preview":"max-video-preview:-1"},"canonical":"https:\/\/cilipohorc.com\/de\/izdelek\/darilni-program-de\/geschenk-paket-kekse-maxi\/","og_locale":"de_DE","og_type":"article","og_title":"BAKING MAXI Geschenkpaket - CILIPOHORC","og_description":"Sie wissen nicht, was Sie der Person schenken sollen, von der Sie wissen, dass sie ein Fan von w\u00fcrzigen Leckereien ist? PEKO\u010cI MAXI Geschenkpackung: Chili-Pesto, Chili-Trockenmischung, Chili Pohorc CLASSIC und Chili Pohorc SWEET (oder, wenn Sie es vorziehen, schreiben Sie in das Kommentarfeld)","og_url":"https:\/\/cilipohorc.com\/de\/izdelek\/darilni-program-de\/geschenk-paket-kekse-maxi\/","og_site_name":"CILIPOHORC","article_publisher":"https:\/\/www.facebook.com\/PohorcBIOChili","article_modified_time":"2023-11-26T21:38:06+00:00","og_image":[{"width":1365,"height":2048,"url":"https:\/\/cilipohorc.com\/wp-content\/uploads\/2023\/09\/pekoci-maxi.jpg","type":"image\/jpeg"}],"twitter_card":"summary_large_image","twitter_misc":{"Gesch\u00e4tzte Lesezeit":"1\u00a0Minute"},"schema":{"@context":"https:\/\/schema.org","@graph":[{"@type":"WebPage","@id":"https:\/\/cilipohorc.com\/de\/izdelek\/darilni-program-de\/geschenk-paket-kekse-maxi\/","url":"https:\/\/cilipohorc.com\/de\/izdelek\/darilni-program-de\/geschenk-paket-kekse-maxi\/","name":"BAKING MAXI Geschenkpaket - CILIPOHORC","isPartOf":{"@id":"https:\/\/cilipohorc.com\/de\/#website"},"primaryImageOfPage":{"@id":"https:\/\/cilipohorc.com\/de\/izdelek\/darilni-program-de\/geschenk-paket-kekse-maxi\/#primaryimage"},"image":{"@id":"https:\/\/cilipohorc.com\/de\/izdelek\/darilni-program-de\/geschenk-paket-kekse-maxi\/#primaryimage"},"thumbnailUrl":"https:\/\/cilipohorc.com\/wp-content\/uploads\/2023\/09\/pekoci-maxi.jpg","datePublished":"2023-09-06T07:08:48+00:00","dateModified":"2023-11-26T21:38:06+00:00","breadcrumb":{"@id":"https:\/\/cilipohorc.com\/de\/izdelek\/darilni-program-de\/geschenk-paket-kekse-maxi\/#breadcrumb"},"inLanguage":"de","potentialAction":[{"@type":"ReadAction","target":["https:\/\/cilipohorc.com\/de\/izdelek\/darilni-program-de\/geschenk-paket-kekse-maxi\/"]}]},{"@type":"ImageObject","inLanguage":"de","@id":"https:\/\/cilipohorc.com\/de\/izdelek\/darilni-program-de\/geschenk-paket-kekse-maxi\/#primaryimage","url":"https:\/\/cilipohorc.com\/wp-content\/uploads\/2023\/09\/pekoci-maxi.jpg","contentUrl":"https:\/\/cilipohorc.com\/wp-content\/uploads\/2023\/09\/pekoci-maxi.jpg","width":1365,"height":2048},{"@type":"BreadcrumbList","@id":"https:\/\/cilipohorc.com\/de\/izdelek\/darilni-program-de\/geschenk-paket-kekse-maxi\/#breadcrumb","itemListElement":[{"@type":"ListItem","position":1,"name":"Home","item":"https:\/\/cilipohorc.com\/de\/"},{"@type":"ListItem","position":2,"name":"Trgovina","item":"https:\/\/cilipohorc.com\/shop\/"},{"@type":"ListItem","position":3,"name":"BAKING MAXI Geschenkpaket"}]},{"@type":"WebSite","@id":"https:\/\/cilipohorc.com\/de\/#website","url":"https:\/\/cilipohorc.com\/de\/","name":"CILIPOHORC","description":"Okusno in pikantno","publisher":{"@id":"https:\/\/cilipohorc.com\/de\/#organization"},"potentialAction":[{"@type":"SearchAction","target":{"@type":"EntryPoint","urlTemplate":"https:\/\/cilipohorc.com\/de\/?s={search_term_string}"},"query-input":{"@type":"PropertyValueSpecification","valueRequired":true,"valueName":"search_term_string"}}],"inLanguage":"de"},{"@type":"Organization","@id":"https:\/\/cilipohorc.com\/de\/#organization","name":"CILIPOHORC","url":"https:\/\/cilipohorc.com\/de\/","logo":{"@type":"ImageObject","inLanguage":"de","@id":"https:\/\/cilipohorc.com\/de\/#\/schema\/logo\/image\/","url":"https:\/\/cilipohorc.com\/wp-content\/uploads\/2023\/04\/pohorc_logo.svg","contentUrl":"https:\/\/cilipohorc.com\/wp-content\/uploads\/2023\/04\/pohorc_logo.svg","width":1246,"height":436,"caption":"CILIPOHORC"},"image":{"@id":"https:\/\/cilipohorc.com\/de\/#\/schema\/logo\/image\/"},"sameAs":["https:\/\/www.facebook.com\/PohorcBIOChili"]}]}},"jetpack_sharing_enabled":true,"_links":{"self":[{"href":"https:\/\/cilipohorc.com\/de\/wp-json\/wp\/v2\/product\/1717","targetHints":{"allow":["GET"]}}],"collection":[{"href":"https:\/\/cilipohorc.com\/de\/wp-json\/wp\/v2\/product"}],"about":[{"href":"https:\/\/cilipohorc.com\/de\/wp-json\/wp\/v2\/types\/product"}],"replies":[{"embeddable":true,"href":"https:\/\/cilipohorc.com\/de\/wp-json\/wp\/v2\/comments?post=1717"}],"wp:featuredmedia":[{"embeddable":true,"href":"https:\/\/cilipohorc.com\/de\/wp-json\/wp\/v2\/media\/1638"}],"wp:attachment":[{"href":"https:\/\/cilipohorc.com\/de\/wp-json\/wp\/v2\/media?parent=1717"}],"wp:term":[{"taxonomy":"product_brand","embeddable":true,"href":"https:\/\/cilipohorc.com\/de\/wp-json\/wp\/v2\/product_brand?post=1717"},{"taxonomy":"product_cat","embeddable":true,"href":"https:\/\/cilipohorc.com\/de\/wp-json\/wp\/v2\/product_cat?post=1717"},{"taxonomy":"product_tag","embeddable":true,"href":"https:\/\/cilipohorc.com\/de\/wp-json\/wp\/v2\/product_tag?post=1717"}],"curies":[{"name":"wp","href":"https:\/\/api.w.org\/{rel}","templated":true}]}}