{"id":1718,"date":"2023-09-06T09:05:26","date_gmt":"2023-09-06T07:05:26","guid":{"rendered":"https:\/\/cilipohorc.meld.solutions\/izdelek\/unkategorisiert\/cili-pohorc-woodpack\/"},"modified":"2023-11-26T22:39:37","modified_gmt":"2023-11-26T21:39:37","slug":"cili-horc-woodpack","status":"publish","type":"product","link":"https:\/\/cilipohorc.com\/de\/izdelek\/darilni-program-de\/cili-horc-woodpack\/","title":{"rendered":"Chili Pohorc WOODPACK"},"content":{"rendered":"<p>Ein wundersch\u00f6ner, einzigartiger, handgefertigter Massivholzst\u00e4nder, der Ihren Essbereich versch\u00f6nert und ein St\u00fcck des Pohorje-M\u00e4rchens in Ihr Zuhause bringt!<\/p>\n<p>Das Set enth\u00e4lt 2 Chilisaucen und einen einzigartigen handgefertigten St\u00e4nder aus Massivholz.<\/p>\n<p>Pohorc CLASSIC chilli<\/p>\n<p>Pohorc CLASSIC Chili ist eine mittelscharfe Chilisauce, die f\u00fcr diejenigen geeignet ist, die ein m\u00e4\u00dfig scharfes Gef\u00fchl im Mund haben m\u00f6chten.<\/p>\n<p>Er enth\u00e4lt Habanero-Orange, junge R\u00f6stzwiebeln und fleischige Tomaten, die den ganzen Tag von der Sonne am Fu\u00dfe des Pohorje-Gebirges gew\u00e4rmt wurden. Andere Zutaten, die auf unserem Biohof erzeugt werden, sorgen f\u00fcr einen noch besseren Geschmack und eine gute Konsistenz.<\/p>\n<p>Und so wird eine unserer besten Chilisaucen hergestellt.<\/p>\n<p>Die Pohorc CLASSIC Chilisauce eignet sich zum Kochen und Braten, kann aber auch zu Fertiggerichten wie Braten, Burgern, Pizza, Pasta, Risotto, Suppen&#8230; hinzugef\u00fcgt werden.<\/p>\n<p>An einem dunklen, trockenen Ort aufbewahren. Vor Gebrauch sch\u00fctteln. Nach dem \u00d6ffnen an einem k\u00fchlen Ort bis zu 3 Monate aufbewahren.<\/p>\n<p>Zutaten:<\/p>\n<ul>\n<li>Chili*<\/li>\n<li>Zwiebeln*<\/li>\n<li>Tomatensorten*<\/li>\n<li>Rohrzucker*<\/li>\n<li>Meersalz<\/li>\n<li>Apfelessig*<\/li>\n<li>Sonnenblumen\u00f6l*<\/li>\n<\/ul>\n<p>*Zutaten sind biologischen Ursprungs<\/p>\n<p>Gluten- und zusatzstofffreie, vegan-freundliche Lebensmittel.<\/p>\n<p>Alle Zutaten, au\u00dfer Salz und Zucker, stammen von unserem Bauernhof.<\/p>\n<p>Beh\u00e4lter: 100 ml<\/p>\n<p>Chili Pohorc SWEET<\/p>\n<p>Es ist eine mittelscharfe Chilisauce mit einer fruchtigen Note, geeignet f\u00fcr alle, die einen m\u00e4\u00dfig scharfen, fruchtigen Geschmack im Mund m\u00f6gen. Er enth\u00e4lt Habanero-Gold und Himbeeren, die wir jeden Morgen pfl\u00fccken, frisch in den Topf geben und zu einer k\u00f6stlichen karamellisierten Sauce verarbeiten. Andere Zutaten, die auf unserem Biohof erzeugt werden, sorgen f\u00fcr einen noch besseren Geschmack und eine gute Konsistenz.<\/p>\n<p>Und so entsteht eine unserer besten Chilisaucen, Chilli Pohorc.<\/p>\n<p>Pohorc SWEET Chilisauce eignet sich als Beilage beim Kochen und Backen oder als Zugabe zu Fertiggerichten wie Braten, Burgern, Pizza, Pasta, Risotto, Suppen, Desserts usw.<\/p>\n<p>An einem dunklen, trockenen Ort aufbewahren. Vor Gebrauch sch\u00fctteln. Nach dem \u00d6ffnen an einem k\u00fchlen Ort bis zu 3 Monate aufbewahren.<\/p>\n<p>Zutaten:<\/p>\n<ul>\n<li>Chili*<\/li>\n<li>Zwiebeln*<\/li>\n<li>Tomatensorten*<\/li>\n<li>Rohrzucker*<\/li>\n<li>Maline*<\/li>\n<li>Meersalz<\/li>\n<li>Apfelessig*<\/li>\n<li>Sonnenblumen\u00f6l*<\/li>\n<\/ul>\n<p>*Zutaten sind biologischen Ursprungs<\/p>\n<p>Gluten- und zusatzstofffreie, vegan-freundliche Lebensmittel.<\/p>\n<p>Alle Zutaten, au\u00dfer Salz und Zucker, stammen von unserem Bauernhof.<\/p>\n<p>Beh\u00e4lter: 100 ml<\/p>\n","protected":false},"excerpt":{"rendered":"<p>Ein wundersch\u00f6ner, einzigartiger, handgefertigter Massivholzst\u00e4nder, der Ihren Essbereich versch\u00f6nert und ein St\u00fcck des Pohorje-M\u00e4rchens in Ihr Zuhause bringt!<\/p>\n<p>Das Set enth\u00e4lt 2 Chilisaucen und einen einzigartigen handgefertigten St\u00e4nder aus Massivholz.<\/p>\n","protected":false},"featured_media":1636,"comment_status":"open","ping_status":"closed","template":"","meta":{"site-sidebar-layout":"default","site-content-layout":"","ast-site-content-layout":"default","site-content-style":"default","site-sidebar-style":"default","ast-global-header-display":"","ast-banner-title-visibility":"","ast-main-header-display":"","ast-hfb-above-header-display":"","ast-hfb-below-header-display":"","ast-hfb-mobile-header-display":"","site-post-title":"","ast-breadcrumbs-content":"","ast-featured-img":"","footer-sml-layout":"","theme-transparent-header-meta":"default","adv-header-id-meta":"","stick-header-meta":"","header-above-stick-meta":"","header-main-stick-meta":"","header-below-stick-meta":"","astra-migrate-meta-layouts":"set","ast-page-background-enabled":"default","ast-page-background-meta":{"desktop":{"background-color":"","background-image":"","background-repeat":"repeat","background-position":"center center","background-size":"auto","background-attachment":"scroll","background-type":"","background-media":"","overlay-type":"","overlay-color":"","overlay-opacity":"","overlay-gradient":""},"tablet":{"background-color":"","background-image":"","background-repeat":"repeat","background-position":"center center","background-size":"auto","background-attachment":"scroll","background-type":"","background-media":"","overlay-type":"","overlay-color":"","overlay-opacity":"","overlay-gradient":""},"mobile":{"background-color":"","background-image":"","background-repeat":"repeat","background-position":"center center","background-size":"auto","background-attachment":"scroll","background-type":"","background-media":"","overlay-type":"","overlay-color":"","overlay-opacity":"","overlay-gradient":""}},"ast-content-background-meta":{"desktop":{"background-color":"var(--ast-global-color-5)","background-image":"","background-repeat":"repeat","background-position":"center center","background-size":"auto","background-attachment":"scroll","background-type":"","background-media":"","overlay-type":"","overlay-color":"","overlay-opacity":"","overlay-gradient":""},"tablet":{"background-color":"var(--ast-global-color-5)","background-image":"","background-repeat":"repeat","background-position":"center center","background-size":"auto","background-attachment":"scroll","background-type":"","background-media":"","overlay-type":"","overlay-color":"","overlay-opacity":"","overlay-gradient":""},"mobile":{"background-color":"var(--ast-global-color-5)","background-image":"","background-repeat":"repeat","background-position":"center center","background-size":"auto","background-attachment":"scroll","background-type":"","background-media":"","overlay-type":"","overlay-color":"","overlay-opacity":"","overlay-gradient":""}}},"product_brand":[],"product_cat":[46],"product_tag":[],"class_list":{"0":"post-1718","1":"product","2":"type-product","3":"status-publish","4":"has-post-thumbnail","6":"product_cat-darilni-program-de","7":"desktop-align-left","8":"tablet-align-left","9":"mobile-align-center","10":"ast-product-gallery-layout-horizontal-slider","11":"ast-product-tabs-layout-vertical","12":"ast-qv-on-image","14":"first","15":"instock","16":"shipping-taxable","17":"purchasable","18":"product-type-simple"},"yoast_head":"<!-- This site is optimized with the Yoast SEO plugin v27.2 - https:\/\/yoast.com\/product\/yoast-seo-wordpress\/ -->\n<title>Chili Pohorc WOODPACK - CILIPOHORC<\/title>\n<meta name=\"robots\" content=\"index, follow, max-snippet:-1, max-image-preview:large, max-video-preview:-1\" \/>\n<link rel=\"canonical\" href=\"https:\/\/cilipohorc.com\/de\/izdelek\/darilni-program-de\/cili-horc-woodpack\/\" \/>\n<meta property=\"og:locale\" content=\"de_DE\" \/>\n<meta property=\"og:type\" content=\"article\" \/>\n<meta property=\"og:title\" content=\"Chili Pohorc WOODPACK - CILIPOHORC\" \/>\n<meta property=\"og:description\" content=\"Ein wundersch\u00f6ner, einzigartiger, handgefertigter Massivholzst\u00e4nder, der Ihren Essbereich versch\u00f6nert und ein St\u00fcck des Pohorje-M\u00e4rchens in Ihr Zuhause bringt! Das Set enth\u00e4lt 2 Chilisaucen und einen einzigartigen handgefertigten St\u00e4nder aus Massivholz.\" \/>\n<meta property=\"og:url\" content=\"https:\/\/cilipohorc.com\/de\/izdelek\/darilni-program-de\/cili-horc-woodpack\/\" \/>\n<meta property=\"og:site_name\" content=\"CILIPOHORC\" \/>\n<meta property=\"article:publisher\" content=\"https:\/\/www.facebook.com\/PohorcBIOChili\" \/>\n<meta property=\"article:modified_time\" content=\"2023-11-26T21:39:37+00:00\" \/>\n<meta property=\"og:image\" content=\"https:\/\/cilipohorc.com\/wp-content\/uploads\/2023\/09\/woodpack-e1694070740198.jpg\" \/>\n\t<meta property=\"og:image:width\" content=\"992\" \/>\n\t<meta property=\"og:image:height\" content=\"860\" \/>\n\t<meta property=\"og:image:type\" content=\"image\/jpeg\" \/>\n<meta name=\"twitter:card\" content=\"summary_large_image\" \/>\n<meta name=\"twitter:label1\" content=\"Gesch\u00e4tzte Lesezeit\" \/>\n\t<meta name=\"twitter:data1\" content=\"2\u00a0Minuten\" \/>\n<script type=\"application\/ld+json\" class=\"yoast-schema-graph\">{\"@context\":\"https:\/\/schema.org\",\"@graph\":[{\"@type\":\"WebPage\",\"@id\":\"https:\/\/cilipohorc.com\/de\/izdelek\/darilni-program-de\/cili-horc-woodpack\/\",\"url\":\"https:\/\/cilipohorc.com\/de\/izdelek\/darilni-program-de\/cili-horc-woodpack\/\",\"name\":\"Chili Pohorc WOODPACK - CILIPOHORC\",\"isPartOf\":{\"@id\":\"https:\/\/cilipohorc.com\/de\/#website\"},\"primaryImageOfPage\":{\"@id\":\"https:\/\/cilipohorc.com\/de\/izdelek\/darilni-program-de\/cili-horc-woodpack\/#primaryimage\"},\"image\":{\"@id\":\"https:\/\/cilipohorc.com\/de\/izdelek\/darilni-program-de\/cili-horc-woodpack\/#primaryimage\"},\"thumbnailUrl\":\"https:\/\/cilipohorc.com\/wp-content\/uploads\/2023\/09\/woodpack-e1694070740198.jpg\",\"datePublished\":\"2023-09-06T07:05:26+00:00\",\"dateModified\":\"2023-11-26T21:39:37+00:00\",\"breadcrumb\":{\"@id\":\"https:\/\/cilipohorc.com\/de\/izdelek\/darilni-program-de\/cili-horc-woodpack\/#breadcrumb\"},\"inLanguage\":\"de\",\"potentialAction\":[{\"@type\":\"ReadAction\",\"target\":[\"https:\/\/cilipohorc.com\/de\/izdelek\/darilni-program-de\/cili-horc-woodpack\/\"]}]},{\"@type\":\"ImageObject\",\"inLanguage\":\"de\",\"@id\":\"https:\/\/cilipohorc.com\/de\/izdelek\/darilni-program-de\/cili-horc-woodpack\/#primaryimage\",\"url\":\"https:\/\/cilipohorc.com\/wp-content\/uploads\/2023\/09\/woodpack-e1694070740198.jpg\",\"contentUrl\":\"https:\/\/cilipohorc.com\/wp-content\/uploads\/2023\/09\/woodpack-e1694070740198.jpg\",\"width\":992,\"height\":860},{\"@type\":\"BreadcrumbList\",\"@id\":\"https:\/\/cilipohorc.com\/de\/izdelek\/darilni-program-de\/cili-horc-woodpack\/#breadcrumb\",\"itemListElement\":[{\"@type\":\"ListItem\",\"position\":1,\"name\":\"Home\",\"item\":\"https:\/\/cilipohorc.com\/de\/\"},{\"@type\":\"ListItem\",\"position\":2,\"name\":\"Trgovina\",\"item\":\"https:\/\/cilipohorc.com\/shop\/\"},{\"@type\":\"ListItem\",\"position\":3,\"name\":\"Chili Pohorc WOODPACK\"}]},{\"@type\":\"WebSite\",\"@id\":\"https:\/\/cilipohorc.com\/de\/#website\",\"url\":\"https:\/\/cilipohorc.com\/de\/\",\"name\":\"CILIPOHORC\",\"description\":\"Okusno in pikantno\",\"publisher\":{\"@id\":\"https:\/\/cilipohorc.com\/de\/#organization\"},\"potentialAction\":[{\"@type\":\"SearchAction\",\"target\":{\"@type\":\"EntryPoint\",\"urlTemplate\":\"https:\/\/cilipohorc.com\/de\/?s={search_term_string}\"},\"query-input\":{\"@type\":\"PropertyValueSpecification\",\"valueRequired\":true,\"valueName\":\"search_term_string\"}}],\"inLanguage\":\"de\"},{\"@type\":\"Organization\",\"@id\":\"https:\/\/cilipohorc.com\/de\/#organization\",\"name\":\"CILIPOHORC\",\"url\":\"https:\/\/cilipohorc.com\/de\/\",\"logo\":{\"@type\":\"ImageObject\",\"inLanguage\":\"de\",\"@id\":\"https:\/\/cilipohorc.com\/de\/#\/schema\/logo\/image\/\",\"url\":\"https:\/\/cilipohorc.com\/wp-content\/uploads\/2023\/04\/pohorc_logo.svg\",\"contentUrl\":\"https:\/\/cilipohorc.com\/wp-content\/uploads\/2023\/04\/pohorc_logo.svg\",\"width\":1246,\"height\":436,\"caption\":\"CILIPOHORC\"},\"image\":{\"@id\":\"https:\/\/cilipohorc.com\/de\/#\/schema\/logo\/image\/\"},\"sameAs\":[\"https:\/\/www.facebook.com\/PohorcBIOChili\"]}]}<\/script>\n<!-- \/ Yoast SEO plugin. -->","yoast_head_json":{"title":"Chili Pohorc WOODPACK - CILIPOHORC","robots":{"index":"index","follow":"follow","max-snippet":"max-snippet:-1","max-image-preview":"max-image-preview:large","max-video-preview":"max-video-preview:-1"},"canonical":"https:\/\/cilipohorc.com\/de\/izdelek\/darilni-program-de\/cili-horc-woodpack\/","og_locale":"de_DE","og_type":"article","og_title":"Chili Pohorc WOODPACK - CILIPOHORC","og_description":"Ein wundersch\u00f6ner, einzigartiger, handgefertigter Massivholzst\u00e4nder, der Ihren Essbereich versch\u00f6nert und ein St\u00fcck des Pohorje-M\u00e4rchens in Ihr Zuhause bringt! Das Set enth\u00e4lt 2 Chilisaucen und einen einzigartigen handgefertigten St\u00e4nder aus Massivholz.","og_url":"https:\/\/cilipohorc.com\/de\/izdelek\/darilni-program-de\/cili-horc-woodpack\/","og_site_name":"CILIPOHORC","article_publisher":"https:\/\/www.facebook.com\/PohorcBIOChili","article_modified_time":"2023-11-26T21:39:37+00:00","og_image":[{"width":992,"height":860,"url":"https:\/\/cilipohorc.com\/wp-content\/uploads\/2023\/09\/woodpack-e1694070740198.jpg","type":"image\/jpeg"}],"twitter_card":"summary_large_image","twitter_misc":{"Gesch\u00e4tzte Lesezeit":"2\u00a0Minuten"},"schema":{"@context":"https:\/\/schema.org","@graph":[{"@type":"WebPage","@id":"https:\/\/cilipohorc.com\/de\/izdelek\/darilni-program-de\/cili-horc-woodpack\/","url":"https:\/\/cilipohorc.com\/de\/izdelek\/darilni-program-de\/cili-horc-woodpack\/","name":"Chili Pohorc WOODPACK - CILIPOHORC","isPartOf":{"@id":"https:\/\/cilipohorc.com\/de\/#website"},"primaryImageOfPage":{"@id":"https:\/\/cilipohorc.com\/de\/izdelek\/darilni-program-de\/cili-horc-woodpack\/#primaryimage"},"image":{"@id":"https:\/\/cilipohorc.com\/de\/izdelek\/darilni-program-de\/cili-horc-woodpack\/#primaryimage"},"thumbnailUrl":"https:\/\/cilipohorc.com\/wp-content\/uploads\/2023\/09\/woodpack-e1694070740198.jpg","datePublished":"2023-09-06T07:05:26+00:00","dateModified":"2023-11-26T21:39:37+00:00","breadcrumb":{"@id":"https:\/\/cilipohorc.com\/de\/izdelek\/darilni-program-de\/cili-horc-woodpack\/#breadcrumb"},"inLanguage":"de","potentialAction":[{"@type":"ReadAction","target":["https:\/\/cilipohorc.com\/de\/izdelek\/darilni-program-de\/cili-horc-woodpack\/"]}]},{"@type":"ImageObject","inLanguage":"de","@id":"https:\/\/cilipohorc.com\/de\/izdelek\/darilni-program-de\/cili-horc-woodpack\/#primaryimage","url":"https:\/\/cilipohorc.com\/wp-content\/uploads\/2023\/09\/woodpack-e1694070740198.jpg","contentUrl":"https:\/\/cilipohorc.com\/wp-content\/uploads\/2023\/09\/woodpack-e1694070740198.jpg","width":992,"height":860},{"@type":"BreadcrumbList","@id":"https:\/\/cilipohorc.com\/de\/izdelek\/darilni-program-de\/cili-horc-woodpack\/#breadcrumb","itemListElement":[{"@type":"ListItem","position":1,"name":"Home","item":"https:\/\/cilipohorc.com\/de\/"},{"@type":"ListItem","position":2,"name":"Trgovina","item":"https:\/\/cilipohorc.com\/shop\/"},{"@type":"ListItem","position":3,"name":"Chili Pohorc WOODPACK"}]},{"@type":"WebSite","@id":"https:\/\/cilipohorc.com\/de\/#website","url":"https:\/\/cilipohorc.com\/de\/","name":"CILIPOHORC","description":"Okusno in pikantno","publisher":{"@id":"https:\/\/cilipohorc.com\/de\/#organization"},"potentialAction":[{"@type":"SearchAction","target":{"@type":"EntryPoint","urlTemplate":"https:\/\/cilipohorc.com\/de\/?s={search_term_string}"},"query-input":{"@type":"PropertyValueSpecification","valueRequired":true,"valueName":"search_term_string"}}],"inLanguage":"de"},{"@type":"Organization","@id":"https:\/\/cilipohorc.com\/de\/#organization","name":"CILIPOHORC","url":"https:\/\/cilipohorc.com\/de\/","logo":{"@type":"ImageObject","inLanguage":"de","@id":"https:\/\/cilipohorc.com\/de\/#\/schema\/logo\/image\/","url":"https:\/\/cilipohorc.com\/wp-content\/uploads\/2023\/04\/pohorc_logo.svg","contentUrl":"https:\/\/cilipohorc.com\/wp-content\/uploads\/2023\/04\/pohorc_logo.svg","width":1246,"height":436,"caption":"CILIPOHORC"},"image":{"@id":"https:\/\/cilipohorc.com\/de\/#\/schema\/logo\/image\/"},"sameAs":["https:\/\/www.facebook.com\/PohorcBIOChili"]}]}},"jetpack_sharing_enabled":true,"_links":{"self":[{"href":"https:\/\/cilipohorc.com\/de\/wp-json\/wp\/v2\/product\/1718","targetHints":{"allow":["GET"]}}],"collection":[{"href":"https:\/\/cilipohorc.com\/de\/wp-json\/wp\/v2\/product"}],"about":[{"href":"https:\/\/cilipohorc.com\/de\/wp-json\/wp\/v2\/types\/product"}],"replies":[{"embeddable":true,"href":"https:\/\/cilipohorc.com\/de\/wp-json\/wp\/v2\/comments?post=1718"}],"wp:featuredmedia":[{"embeddable":true,"href":"https:\/\/cilipohorc.com\/de\/wp-json\/wp\/v2\/media\/1636"}],"wp:attachment":[{"href":"https:\/\/cilipohorc.com\/de\/wp-json\/wp\/v2\/media?parent=1718"}],"wp:term":[{"taxonomy":"product_brand","embeddable":true,"href":"https:\/\/cilipohorc.com\/de\/wp-json\/wp\/v2\/product_brand?post=1718"},{"taxonomy":"product_cat","embeddable":true,"href":"https:\/\/cilipohorc.com\/de\/wp-json\/wp\/v2\/product_cat?post=1718"},{"taxonomy":"product_tag","embeddable":true,"href":"https:\/\/cilipohorc.com\/de\/wp-json\/wp\/v2\/product_tag?post=1718"}],"curies":[{"name":"wp","href":"https:\/\/api.w.org\/{rel}","templated":true}]}}