{"id":1759,"date":"2021-07-29T09:22:34","date_gmt":"2021-07-29T07:22:34","guid":{"rendered":"https:\/\/cilipohorc.meld.solutions\/izdelek\/unkategorisiert\/promotional-contour-standard-ballpen-colours-2\/"},"modified":"2023-09-20T12:10:38","modified_gmt":"2023-09-20T10:10:38","slug":"promotional-contour-standard-ballpen-colours-2","status":"publish","type":"product","link":"https:\/\/cilipohorc.com\/de\/izdelek\/pekoce-omake-de\/promotional-contour-standard-ballpen-colours-2\/","title":{"rendered":"\u010cili Pohorc GOURMET"},"content":{"rendered":"<div class=\"ng-tns-c79-24\">\n<p>Wir sagen, wir arbeiten nicht, wir erschaffen!<\/p>\n<p>Und wenn wir etwas erschaffen, stecken wir all unsere Energie und unsere guten Gedanken<\/p>\n<p>hinein und verbinden die mit der authentischen Natur, die uns umgibt.<\/p>\n<p>Diejenigen, die uns kennen, wissen, wovon wir sprechen.<\/p>\n<p>GOURMET Chilisauce ist auch ein Spiegelbild unserer Lebens- und Denkweise.<\/p>\n<p>Die Arbeit, die wir leisten, ist von unsch\u00e4tzbarem Wert.<\/p>\n<p>Auf dem Foto sehen sie die Tr\u00fcffeln, die unsere Freundin Sara und ihre vierbeinigen Freunde<\/p>\n<p>aus dem slowenischen Istrien f\u00fcr uns suchen und ausgraben. Das ist der schwarze istrische<\/p>\n<p>Tr\u00fcffel, aus dem wir unsere mittelscharfen GOURMET-Saucen herstellen, die bis zu 14 %<\/p>\n<p>dieses schwarzen Goldes pro Flasche enthalten.<\/p>\n<p>Jeder Tr\u00fcffel wird von Hand gereinigt und geschabt und kurz vor der Zugabe in die Sauce fein<\/p>\n<p>gerieben. Sobald die Flaschen mit der Sauce gef\u00fcllt sind, ruhen sie einen guten Monat lang,<\/p>\n<p>um das Aroma zu entwickeln, das den himmlischen Geschmack ausmacht.<\/p>\n<p>Geben sie die GOURMET Sauce zu ihren istrischen Fusi (Pasta) oder schon davor zu Ihrer<\/p>\n<p>Lieblingsso\u00dfe, zur besten Pizza, zum schmackhaftesten Burger, zum leckersten Aufstrich<\/p>\n<p>oder zu einem Omelett hinzu. F\u00fcr ein unvergessliches Geschmackserlebnis. Auch auf Risotto<\/p>\n<p>schmeckt es hervorragend.<\/p>\n<p>Kurz gesagt, es gibt viele Kombinationen, sie m\u00fcssen nur Ihre Lieblingskombination finden.<\/p>\n<p>An einem dunklen, trockenen Ort aufbewahren. Vor Gebrauch sch\u00fctteln. Nach dem \u00d6ffnen<\/p>\n<p>an einem k\u00fchlen Ort bis zu 3 Monate aufbewahren.<\/p>\n<p>Zutaten:<\/p>\n<p>Chili*<\/p>\n<p>Zwiebel*<\/p>\n<p>Tomaten*<\/p>\n<p>Schwarzer Istertr\u00fcffel<\/p>\n<p>Paprika*<\/p>\n<p>Rohrzucker*<\/p>\n<p>Piran Meersalz<\/p>\n<p>Apfelessig*<\/p>\n<p>Sonnenblumen\u00f6l*<\/p>\n<p>Oliven\u00f6l*<\/p>\n<p>Gew\u00fcrze*<\/p>\n<p>*Zutaten sind aus biologischem Anbau<\/p>\n<p>Gluten- und zusatzstofffrei, vegane Lebensmittel.<\/p>\n<p>Alle Zutaten au\u00dfer Salz, Zucker, Oliven\u00f6l und Tr\u00fcffel stammen aus unserem Bauernhof.<\/p>\n<p>Enth\u00e4lt: 100 ml<\/p>\n<\/div>\n","protected":false},"excerpt":{"rendered":"<p>Wir sagen, wir arbeiten nicht, wir erschaffen!<\/p>\n<p>Und wenn wir etwas erschaffen, stecken wir all unsere Energie und unsere guten Gedanken<\/p>\n<p>hinein und verbinden die mit der authentischen Natur, die uns umgibt.<\/p>\n<p>Diejenigen, die uns kennen, wissen, wovon wir sprechen.<\/p>\n","protected":false},"featured_media":1546,"comment_status":"open","ping_status":"closed","template":"","meta":{"site-sidebar-layout":"default","site-content-layout":"default","ast-site-content-layout":"default","site-content-style":"default","site-sidebar-style":"default","ast-global-header-display":"","ast-banner-title-visibility":"","ast-main-header-display":"","ast-hfb-above-header-display":"","ast-hfb-below-header-display":"","ast-hfb-mobile-header-display":"","site-post-title":"","ast-breadcrumbs-content":"","ast-featured-img":"","footer-sml-layout":"","theme-transparent-header-meta":"default","adv-header-id-meta":"","stick-header-meta":"","header-above-stick-meta":"","header-main-stick-meta":"","header-below-stick-meta":"","astra-migrate-meta-layouts":"set","ast-page-background-enabled":"default","ast-page-background-meta":{"desktop":{"background-color":"","background-image":"","background-repeat":"repeat","background-position":"center center","background-size":"auto","background-attachment":"scroll","background-type":"","background-media":"","overlay-type":"","overlay-color":"","overlay-opacity":"","overlay-gradient":""},"tablet":{"background-color":"","background-image":"","background-repeat":"repeat","background-position":"center center","background-size":"auto","background-attachment":"scroll","background-type":"","background-media":"","overlay-type":"","overlay-color":"","overlay-opacity":"","overlay-gradient":""},"mobile":{"background-color":"","background-image":"","background-repeat":"repeat","background-position":"center center","background-size":"auto","background-attachment":"scroll","background-type":"","background-media":"","overlay-type":"","overlay-color":"","overlay-opacity":"","overlay-gradient":""}},"ast-content-background-meta":{"desktop":{"background-color":"var(--ast-global-color-5)","background-image":"","background-repeat":"repeat","background-position":"center center","background-size":"auto","background-attachment":"scroll","background-type":"","background-media":"","overlay-type":"","overlay-color":"","overlay-opacity":"","overlay-gradient":""},"tablet":{"background-color":"var(--ast-global-color-5)","background-image":"","background-repeat":"repeat","background-position":"center center","background-size":"auto","background-attachment":"scroll","background-type":"","background-media":"","overlay-type":"","overlay-color":"","overlay-opacity":"","overlay-gradient":""},"mobile":{"background-color":"var(--ast-global-color-5)","background-image":"","background-repeat":"repeat","background-position":"center center","background-size":"auto","background-attachment":"scroll","background-type":"","background-media":"","overlay-type":"","overlay-color":"","overlay-opacity":"","overlay-gradient":""}}},"product_brand":[],"product_cat":[48],"product_tag":[],"class_list":{"0":"post-1759","1":"product","2":"type-product","3":"status-publish","4":"has-post-thumbnail","6":"product_cat-pekoce-omake-de","7":"desktop-align-left","8":"tablet-align-left","9":"mobile-align-center","10":"ast-product-gallery-layout-horizontal-slider","11":"ast-product-tabs-layout-vertical","12":"ast-qv-on-image","14":"first","15":"instock","16":"shipping-taxable","17":"purchasable","18":"product-type-simple"},"yoast_head":"<!-- This site is optimized with the Yoast SEO plugin v27.6 - https:\/\/yoast.com\/product\/yoast-seo-wordpress\/ -->\n<title>\u010cili Pohorc GOURMET - CILIPOHORC<\/title>\n<meta name=\"robots\" content=\"index, follow, max-snippet:-1, max-image-preview:large, max-video-preview:-1\" \/>\n<link rel=\"canonical\" href=\"https:\/\/cilipohorc.com\/de\/izdelek\/pekoce-omake-de\/promotional-contour-standard-ballpen-colours-2\/\" \/>\n<meta property=\"og:locale\" content=\"de_DE\" \/>\n<meta property=\"og:type\" content=\"article\" \/>\n<meta property=\"og:title\" content=\"\u010cili Pohorc GOURMET - CILIPOHORC\" \/>\n<meta property=\"og:description\" content=\"Wir sagen, wir arbeiten nicht, wir erschaffen!  Und wenn wir etwas erschaffen, stecken wir all unsere Energie und unsere guten Gedanken  hinein und verbinden die mit der authentischen Natur, die uns umgibt.  Diejenigen, die uns kennen, wissen, wovon wir sprechen.\" \/>\n<meta property=\"og:url\" content=\"https:\/\/cilipohorc.com\/de\/izdelek\/pekoce-omake-de\/promotional-contour-standard-ballpen-colours-2\/\" \/>\n<meta property=\"og:site_name\" content=\"CILIPOHORC\" \/>\n<meta property=\"article:publisher\" content=\"https:\/\/www.facebook.com\/PohorcBIOChili\" \/>\n<meta property=\"article:modified_time\" content=\"2023-09-20T10:10:38+00:00\" \/>\n<meta property=\"og:image\" content=\"https:\/\/cilipohorc.com\/wp-content\/uploads\/2021\/07\/gourmet.jpg\" \/>\n\t<meta property=\"og:image:width\" content=\"1638\" \/>\n\t<meta property=\"og:image:height\" content=\"2048\" \/>\n\t<meta property=\"og:image:type\" content=\"image\/jpeg\" \/>\n<meta name=\"twitter:card\" content=\"summary_large_image\" \/>\n<meta name=\"twitter:label1\" content=\"Gesch\u00e4tzte Lesezeit\" \/>\n\t<meta name=\"twitter:data1\" content=\"2\u00a0Minuten\" \/>\n<script type=\"application\/ld+json\" class=\"yoast-schema-graph\">{\"@context\":\"https:\\\/\\\/schema.org\",\"@graph\":[{\"@type\":\"WebPage\",\"@id\":\"https:\\\/\\\/cilipohorc.com\\\/de\\\/izdelek\\\/pekoce-omake-de\\\/promotional-contour-standard-ballpen-colours-2\\\/\",\"url\":\"https:\\\/\\\/cilipohorc.com\\\/de\\\/izdelek\\\/pekoce-omake-de\\\/promotional-contour-standard-ballpen-colours-2\\\/\",\"name\":\"\u010cili Pohorc GOURMET - CILIPOHORC\",\"isPartOf\":{\"@id\":\"https:\\\/\\\/cilipohorc.com\\\/de\\\/#website\"},\"primaryImageOfPage\":{\"@id\":\"https:\\\/\\\/cilipohorc.com\\\/de\\\/izdelek\\\/pekoce-omake-de\\\/promotional-contour-standard-ballpen-colours-2\\\/#primaryimage\"},\"image\":{\"@id\":\"https:\\\/\\\/cilipohorc.com\\\/de\\\/izdelek\\\/pekoce-omake-de\\\/promotional-contour-standard-ballpen-colours-2\\\/#primaryimage\"},\"thumbnailUrl\":\"https:\\\/\\\/cilipohorc.com\\\/wp-content\\\/uploads\\\/2021\\\/07\\\/gourmet.jpg\",\"datePublished\":\"2021-07-29T07:22:34+00:00\",\"dateModified\":\"2023-09-20T10:10:38+00:00\",\"breadcrumb\":{\"@id\":\"https:\\\/\\\/cilipohorc.com\\\/de\\\/izdelek\\\/pekoce-omake-de\\\/promotional-contour-standard-ballpen-colours-2\\\/#breadcrumb\"},\"inLanguage\":\"de\",\"potentialAction\":[{\"@type\":\"ReadAction\",\"target\":[\"https:\\\/\\\/cilipohorc.com\\\/de\\\/izdelek\\\/pekoce-omake-de\\\/promotional-contour-standard-ballpen-colours-2\\\/\"]}]},{\"@type\":\"ImageObject\",\"inLanguage\":\"de\",\"@id\":\"https:\\\/\\\/cilipohorc.com\\\/de\\\/izdelek\\\/pekoce-omake-de\\\/promotional-contour-standard-ballpen-colours-2\\\/#primaryimage\",\"url\":\"https:\\\/\\\/cilipohorc.com\\\/wp-content\\\/uploads\\\/2021\\\/07\\\/gourmet.jpg\",\"contentUrl\":\"https:\\\/\\\/cilipohorc.com\\\/wp-content\\\/uploads\\\/2021\\\/07\\\/gourmet.jpg\",\"width\":1638,\"height\":2048},{\"@type\":\"BreadcrumbList\",\"@id\":\"https:\\\/\\\/cilipohorc.com\\\/de\\\/izdelek\\\/pekoce-omake-de\\\/promotional-contour-standard-ballpen-colours-2\\\/#breadcrumb\",\"itemListElement\":[{\"@type\":\"ListItem\",\"position\":1,\"name\":\"Home\",\"item\":\"https:\\\/\\\/cilipohorc.com\\\/de\\\/\"},{\"@type\":\"ListItem\",\"position\":2,\"name\":\"Trgovina\",\"item\":\"https:\\\/\\\/cilipohorc.com\\\/shop\\\/\"},{\"@type\":\"ListItem\",\"position\":3,\"name\":\"\u010cili Pohorc GOURMET\"}]},{\"@type\":\"WebSite\",\"@id\":\"https:\\\/\\\/cilipohorc.com\\\/de\\\/#website\",\"url\":\"https:\\\/\\\/cilipohorc.com\\\/de\\\/\",\"name\":\"CILIPOHORC\",\"description\":\"Okusno in pikantno\",\"publisher\":{\"@id\":\"https:\\\/\\\/cilipohorc.com\\\/de\\\/#organization\"},\"potentialAction\":[{\"@type\":\"SearchAction\",\"target\":{\"@type\":\"EntryPoint\",\"urlTemplate\":\"https:\\\/\\\/cilipohorc.com\\\/de\\\/?s={search_term_string}\"},\"query-input\":{\"@type\":\"PropertyValueSpecification\",\"valueRequired\":true,\"valueName\":\"search_term_string\"}}],\"inLanguage\":\"de\"},{\"@type\":\"Organization\",\"@id\":\"https:\\\/\\\/cilipohorc.com\\\/de\\\/#organization\",\"name\":\"CILIPOHORC\",\"url\":\"https:\\\/\\\/cilipohorc.com\\\/de\\\/\",\"logo\":{\"@type\":\"ImageObject\",\"inLanguage\":\"de\",\"@id\":\"https:\\\/\\\/cilipohorc.com\\\/de\\\/#\\\/schema\\\/logo\\\/image\\\/\",\"url\":\"https:\\\/\\\/cilipohorc.com\\\/wp-content\\\/uploads\\\/2023\\\/04\\\/pohorc_logo.svg\",\"contentUrl\":\"https:\\\/\\\/cilipohorc.com\\\/wp-content\\\/uploads\\\/2023\\\/04\\\/pohorc_logo.svg\",\"width\":1246,\"height\":436,\"caption\":\"CILIPOHORC\"},\"image\":{\"@id\":\"https:\\\/\\\/cilipohorc.com\\\/de\\\/#\\\/schema\\\/logo\\\/image\\\/\"},\"sameAs\":[\"https:\\\/\\\/www.facebook.com\\\/PohorcBIOChili\"]}]}<\/script>\n<!-- \/ Yoast SEO plugin. -->","yoast_head_json":{"title":"\u010cili Pohorc GOURMET - CILIPOHORC","robots":{"index":"index","follow":"follow","max-snippet":"max-snippet:-1","max-image-preview":"max-image-preview:large","max-video-preview":"max-video-preview:-1"},"canonical":"https:\/\/cilipohorc.com\/de\/izdelek\/pekoce-omake-de\/promotional-contour-standard-ballpen-colours-2\/","og_locale":"de_DE","og_type":"article","og_title":"\u010cili Pohorc GOURMET - CILIPOHORC","og_description":"Wir sagen, wir arbeiten nicht, wir erschaffen!  Und wenn wir etwas erschaffen, stecken wir all unsere Energie und unsere guten Gedanken  hinein und verbinden die mit der authentischen Natur, die uns umgibt.  Diejenigen, die uns kennen, wissen, wovon wir sprechen.","og_url":"https:\/\/cilipohorc.com\/de\/izdelek\/pekoce-omake-de\/promotional-contour-standard-ballpen-colours-2\/","og_site_name":"CILIPOHORC","article_publisher":"https:\/\/www.facebook.com\/PohorcBIOChili","article_modified_time":"2023-09-20T10:10:38+00:00","og_image":[{"width":1638,"height":2048,"url":"https:\/\/cilipohorc.com\/wp-content\/uploads\/2021\/07\/gourmet.jpg","type":"image\/jpeg"}],"twitter_card":"summary_large_image","twitter_misc":{"Gesch\u00e4tzte Lesezeit":"2\u00a0Minuten"},"schema":{"@context":"https:\/\/schema.org","@graph":[{"@type":"WebPage","@id":"https:\/\/cilipohorc.com\/de\/izdelek\/pekoce-omake-de\/promotional-contour-standard-ballpen-colours-2\/","url":"https:\/\/cilipohorc.com\/de\/izdelek\/pekoce-omake-de\/promotional-contour-standard-ballpen-colours-2\/","name":"\u010cili Pohorc GOURMET - CILIPOHORC","isPartOf":{"@id":"https:\/\/cilipohorc.com\/de\/#website"},"primaryImageOfPage":{"@id":"https:\/\/cilipohorc.com\/de\/izdelek\/pekoce-omake-de\/promotional-contour-standard-ballpen-colours-2\/#primaryimage"},"image":{"@id":"https:\/\/cilipohorc.com\/de\/izdelek\/pekoce-omake-de\/promotional-contour-standard-ballpen-colours-2\/#primaryimage"},"thumbnailUrl":"https:\/\/cilipohorc.com\/wp-content\/uploads\/2021\/07\/gourmet.jpg","datePublished":"2021-07-29T07:22:34+00:00","dateModified":"2023-09-20T10:10:38+00:00","breadcrumb":{"@id":"https:\/\/cilipohorc.com\/de\/izdelek\/pekoce-omake-de\/promotional-contour-standard-ballpen-colours-2\/#breadcrumb"},"inLanguage":"de","potentialAction":[{"@type":"ReadAction","target":["https:\/\/cilipohorc.com\/de\/izdelek\/pekoce-omake-de\/promotional-contour-standard-ballpen-colours-2\/"]}]},{"@type":"ImageObject","inLanguage":"de","@id":"https:\/\/cilipohorc.com\/de\/izdelek\/pekoce-omake-de\/promotional-contour-standard-ballpen-colours-2\/#primaryimage","url":"https:\/\/cilipohorc.com\/wp-content\/uploads\/2021\/07\/gourmet.jpg","contentUrl":"https:\/\/cilipohorc.com\/wp-content\/uploads\/2021\/07\/gourmet.jpg","width":1638,"height":2048},{"@type":"BreadcrumbList","@id":"https:\/\/cilipohorc.com\/de\/izdelek\/pekoce-omake-de\/promotional-contour-standard-ballpen-colours-2\/#breadcrumb","itemListElement":[{"@type":"ListItem","position":1,"name":"Home","item":"https:\/\/cilipohorc.com\/de\/"},{"@type":"ListItem","position":2,"name":"Trgovina","item":"https:\/\/cilipohorc.com\/shop\/"},{"@type":"ListItem","position":3,"name":"\u010cili Pohorc GOURMET"}]},{"@type":"WebSite","@id":"https:\/\/cilipohorc.com\/de\/#website","url":"https:\/\/cilipohorc.com\/de\/","name":"CILIPOHORC","description":"Okusno in pikantno","publisher":{"@id":"https:\/\/cilipohorc.com\/de\/#organization"},"potentialAction":[{"@type":"SearchAction","target":{"@type":"EntryPoint","urlTemplate":"https:\/\/cilipohorc.com\/de\/?s={search_term_string}"},"query-input":{"@type":"PropertyValueSpecification","valueRequired":true,"valueName":"search_term_string"}}],"inLanguage":"de"},{"@type":"Organization","@id":"https:\/\/cilipohorc.com\/de\/#organization","name":"CILIPOHORC","url":"https:\/\/cilipohorc.com\/de\/","logo":{"@type":"ImageObject","inLanguage":"de","@id":"https:\/\/cilipohorc.com\/de\/#\/schema\/logo\/image\/","url":"https:\/\/cilipohorc.com\/wp-content\/uploads\/2023\/04\/pohorc_logo.svg","contentUrl":"https:\/\/cilipohorc.com\/wp-content\/uploads\/2023\/04\/pohorc_logo.svg","width":1246,"height":436,"caption":"CILIPOHORC"},"image":{"@id":"https:\/\/cilipohorc.com\/de\/#\/schema\/logo\/image\/"},"sameAs":["https:\/\/www.facebook.com\/PohorcBIOChili"]}]}},"jetpack_sharing_enabled":true,"_links":{"self":[{"href":"https:\/\/cilipohorc.com\/de\/wp-json\/wp\/v2\/product\/1759","targetHints":{"allow":["GET"]}}],"collection":[{"href":"https:\/\/cilipohorc.com\/de\/wp-json\/wp\/v2\/product"}],"about":[{"href":"https:\/\/cilipohorc.com\/de\/wp-json\/wp\/v2\/types\/product"}],"replies":[{"embeddable":true,"href":"https:\/\/cilipohorc.com\/de\/wp-json\/wp\/v2\/comments?post=1759"}],"wp:featuredmedia":[{"embeddable":true,"href":"https:\/\/cilipohorc.com\/de\/wp-json\/wp\/v2\/media\/1546"}],"wp:attachment":[{"href":"https:\/\/cilipohorc.com\/de\/wp-json\/wp\/v2\/media?parent=1759"}],"wp:term":[{"taxonomy":"product_brand","embeddable":true,"href":"https:\/\/cilipohorc.com\/de\/wp-json\/wp\/v2\/product_brand?post=1759"},{"taxonomy":"product_cat","embeddable":true,"href":"https:\/\/cilipohorc.com\/de\/wp-json\/wp\/v2\/product_cat?post=1759"},{"taxonomy":"product_tag","embeddable":true,"href":"https:\/\/cilipohorc.com\/de\/wp-json\/wp\/v2\/product_tag?post=1759"}],"curies":[{"name":"wp","href":"https:\/\/api.w.org\/{rel}","templated":true}]}}