{"id":1761,"date":"2021-08-03T12:49:57","date_gmt":"2021-08-03T10:49:57","guid":{"rendered":"https:\/\/cilipohorc.meld.solutions\/izdelek\/unkategorisiert\/darilni-paket-gourmet-4\/"},"modified":"2024-09-28T22:48:49","modified_gmt":"2024-09-28T20:48:49","slug":"darilni-paket-gourmet-4","status":"publish","type":"product","link":"https:\/\/cilipohorc.com\/de\/izdelek\/darilni-program-de\/darilni-paket-gourmet-4\/","title":{"rendered":"Darilni paket GOURMET 4"},"content":{"rendered":"<p class=\"ng-tns-c79-15\"><span style=\"font-size: 16px;\">Ne veste, s \u010dim obdariti osebo, za katero veste, da je ljubiteljica peko\u010dih dobrot?<\/span><\/p>\n<div class=\"ng-tns-c79-15\">\n<p>Darilni paket GURMET 4: \u010cili Pohorc omaka SWEET, \u010cili Pohorc omaka CLASSIC, \u010cili Pohorc omaka GOURMET, \u010cebulni nJAM<\/p>\n<p>(ali po va\u0161i \u017eelji, napi\u0161ite v prostor za opombe)<\/p>\n<p>Darilna kartonasta embala\u017ea v naravni barvi<\/p>\n<p>Material: rebrast karton<\/p>\n<p>Vsebuje: dno in pokrov, okence skozi katero je razvidna vsebina, ima za\u0161\u010ditno folijo<\/p>\n<p>Polnilo:\u00a0naravna doma\u010da lesna volna<\/p>\n<p>Vse skupaj buti\u010dno aran\u017eiramo. Za posladek dodamo \u0161e nekaj kosov posu\u0161enega \u010dilija<\/p>\n<p>Najbolj\u0161e darilo za nekoga, ki ljubi peko\u010de ali to \u0161e bo\u2026 \ud83d\ude09<\/p>\n<\/div>\n<div class=\"mb-5 flex-row d-flex align-items-center justify-content-start ng-tns-c79-15 ng-star-inserted\">\n<div class=\"pr-5 font-weight-bold product__price ng-tns-c79-15\"><\/div>\n<\/div>\n","protected":false},"excerpt":{"rendered":"<p class=\"ng-tns-c79-15\"><span style=\"font-size: 16px;\">Ne veste, s \u010dim obdariti osebo, za katero veste, da je ljubiteljica peko\u010dih dobrot?<\/span><\/p>\n<div class=\"ng-tns-c79-15\">\n<p>Darilni paket GURMET 4: \u010cili Pohorc omaka SWEET, \u010cili Pohorc omaka CLASSIC, \u010cili Pohorc omaka GOURMET, \u010cebulni nJAM<\/p>\n<\/div>\n","protected":false},"featured_media":1552,"comment_status":"open","ping_status":"closed","template":"","meta":{"site-sidebar-layout":"default","site-content-layout":"default","ast-site-content-layout":"default","site-content-style":"default","site-sidebar-style":"default","ast-global-header-display":"","ast-banner-title-visibility":"","ast-main-header-display":"","ast-hfb-above-header-display":"","ast-hfb-below-header-display":"","ast-hfb-mobile-header-display":"","site-post-title":"","ast-breadcrumbs-content":"","ast-featured-img":"","footer-sml-layout":"","theme-transparent-header-meta":"default","adv-header-id-meta":"","stick-header-meta":"","header-above-stick-meta":"","header-main-stick-meta":"","header-below-stick-meta":"","astra-migrate-meta-layouts":"set","ast-page-background-enabled":"default","ast-page-background-meta":{"desktop":{"background-color":"","background-image":"","background-repeat":"repeat","background-position":"center center","background-size":"auto","background-attachment":"scroll","background-type":"","background-media":"","overlay-type":"","overlay-color":"","overlay-opacity":"","overlay-gradient":""},"tablet":{"background-color":"","background-image":"","background-repeat":"repeat","background-position":"center center","background-size":"auto","background-attachment":"scroll","background-type":"","background-media":"","overlay-type":"","overlay-color":"","overlay-opacity":"","overlay-gradient":""},"mobile":{"background-color":"","background-image":"","background-repeat":"repeat","background-position":"center center","background-size":"auto","background-attachment":"scroll","background-type":"","background-media":"","overlay-type":"","overlay-color":"","overlay-opacity":"","overlay-gradient":""}},"ast-content-background-meta":{"desktop":{"background-color":"var(--ast-global-color-5)","background-image":"","background-repeat":"repeat","background-position":"center center","background-size":"auto","background-attachment":"scroll","background-type":"","background-media":"","overlay-type":"","overlay-color":"","overlay-opacity":"","overlay-gradient":""},"tablet":{"background-color":"var(--ast-global-color-5)","background-image":"","background-repeat":"repeat","background-position":"center center","background-size":"auto","background-attachment":"scroll","background-type":"","background-media":"","overlay-type":"","overlay-color":"","overlay-opacity":"","overlay-gradient":""},"mobile":{"background-color":"var(--ast-global-color-5)","background-image":"","background-repeat":"repeat","background-position":"center center","background-size":"auto","background-attachment":"scroll","background-type":"","background-media":"","overlay-type":"","overlay-color":"","overlay-opacity":"","overlay-gradient":""}}},"product_brand":[],"product_cat":[46],"product_tag":[],"class_list":{"0":"post-1761","1":"product","2":"type-product","3":"status-publish","4":"has-post-thumbnail","6":"product_cat-darilni-program-de","7":"desktop-align-left","8":"tablet-align-left","9":"mobile-align-center","10":"ast-product-gallery-layout-horizontal-slider","11":"ast-product-gallery-with-no-image","12":"ast-product-tabs-layout-vertical","13":"ast-qv-on-image","15":"first","16":"instock","17":"shipping-taxable","18":"purchasable","19":"product-type-simple"},"yoast_head":"<!-- This site is optimized with the Yoast SEO plugin v27.2 - https:\/\/yoast.com\/product\/yoast-seo-wordpress\/ -->\n<title>Darilni paket GOURMET 4 - CILIPOHORC<\/title>\n<meta name=\"robots\" content=\"index, follow, max-snippet:-1, max-image-preview:large, max-video-preview:-1\" \/>\n<link rel=\"canonical\" href=\"https:\/\/cilipohorc.com\/de\/izdelek\/darilni-program-de\/darilni-paket-gourmet-4\/\" \/>\n<meta property=\"og:locale\" content=\"de_DE\" \/>\n<meta property=\"og:type\" content=\"article\" \/>\n<meta property=\"og:title\" content=\"Darilni paket GOURMET 4 - CILIPOHORC\" \/>\n<meta property=\"og:description\" content=\"Ne veste, s \u010dim obdariti osebo, za katero veste, da je ljubiteljica peko\u010dih dobrot?    Darilni paket GURMET 4: \u010cili Pohorc omaka SWEET, \u010cili Pohorc omaka CLASSIC, \u010cili Pohorc omaka GOURMET, \u010cebulni nJAM\" \/>\n<meta property=\"og:url\" content=\"https:\/\/cilipohorc.com\/de\/izdelek\/darilni-program-de\/darilni-paket-gourmet-4\/\" \/>\n<meta property=\"og:site_name\" content=\"CILIPOHORC\" \/>\n<meta property=\"article:publisher\" content=\"https:\/\/www.facebook.com\/PohorcBIOChili\" \/>\n<meta property=\"article:modified_time\" content=\"2024-09-28T20:48:49+00:00\" \/>\n<meta property=\"og:image\" content=\"https:\/\/cilipohorc.com\/wp-content\/uploads\/2021\/08\/darilni.jpeg\" \/>\n\t<meta property=\"og:image:width\" content=\"1920\" \/>\n\t<meta property=\"og:image:height\" content=\"2401\" \/>\n\t<meta property=\"og:image:type\" content=\"image\/jpeg\" \/>\n<meta name=\"twitter:card\" content=\"summary_large_image\" \/>\n<meta name=\"twitter:label1\" content=\"Gesch\u00e4tzte Lesezeit\" \/>\n\t<meta name=\"twitter:data1\" content=\"1\u00a0Minute\" \/>\n<script type=\"application\/ld+json\" class=\"yoast-schema-graph\">{\"@context\":\"https:\/\/schema.org\",\"@graph\":[{\"@type\":\"WebPage\",\"@id\":\"https:\/\/cilipohorc.com\/de\/izdelek\/darilni-program-de\/darilni-paket-gourmet-4\/\",\"url\":\"https:\/\/cilipohorc.com\/de\/izdelek\/darilni-program-de\/darilni-paket-gourmet-4\/\",\"name\":\"Darilni paket GOURMET 4 - CILIPOHORC\",\"isPartOf\":{\"@id\":\"https:\/\/cilipohorc.com\/de\/#website\"},\"primaryImageOfPage\":{\"@id\":\"https:\/\/cilipohorc.com\/de\/izdelek\/darilni-program-de\/darilni-paket-gourmet-4\/#primaryimage\"},\"image\":{\"@id\":\"https:\/\/cilipohorc.com\/de\/izdelek\/darilni-program-de\/darilni-paket-gourmet-4\/#primaryimage\"},\"thumbnailUrl\":\"https:\/\/cilipohorc.com\/wp-content\/uploads\/2021\/08\/darilni.jpeg\",\"datePublished\":\"2021-08-03T10:49:57+00:00\",\"dateModified\":\"2024-09-28T20:48:49+00:00\",\"breadcrumb\":{\"@id\":\"https:\/\/cilipohorc.com\/de\/izdelek\/darilni-program-de\/darilni-paket-gourmet-4\/#breadcrumb\"},\"inLanguage\":\"de\",\"potentialAction\":[{\"@type\":\"ReadAction\",\"target\":[\"https:\/\/cilipohorc.com\/de\/izdelek\/darilni-program-de\/darilni-paket-gourmet-4\/\"]}]},{\"@type\":\"ImageObject\",\"inLanguage\":\"de\",\"@id\":\"https:\/\/cilipohorc.com\/de\/izdelek\/darilni-program-de\/darilni-paket-gourmet-4\/#primaryimage\",\"url\":\"https:\/\/cilipohorc.com\/wp-content\/uploads\/2021\/08\/darilni.jpeg\",\"contentUrl\":\"https:\/\/cilipohorc.com\/wp-content\/uploads\/2021\/08\/darilni.jpeg\",\"width\":1920,\"height\":2401},{\"@type\":\"BreadcrumbList\",\"@id\":\"https:\/\/cilipohorc.com\/de\/izdelek\/darilni-program-de\/darilni-paket-gourmet-4\/#breadcrumb\",\"itemListElement\":[{\"@type\":\"ListItem\",\"position\":1,\"name\":\"Home\",\"item\":\"https:\/\/cilipohorc.com\/de\/\"},{\"@type\":\"ListItem\",\"position\":2,\"name\":\"Trgovina\",\"item\":\"https:\/\/cilipohorc.com\/shop\/\"},{\"@type\":\"ListItem\",\"position\":3,\"name\":\"Darilni paket GOURMET 4\"}]},{\"@type\":\"WebSite\",\"@id\":\"https:\/\/cilipohorc.com\/de\/#website\",\"url\":\"https:\/\/cilipohorc.com\/de\/\",\"name\":\"CILIPOHORC\",\"description\":\"Okusno in pikantno\",\"publisher\":{\"@id\":\"https:\/\/cilipohorc.com\/de\/#organization\"},\"potentialAction\":[{\"@type\":\"SearchAction\",\"target\":{\"@type\":\"EntryPoint\",\"urlTemplate\":\"https:\/\/cilipohorc.com\/de\/?s={search_term_string}\"},\"query-input\":{\"@type\":\"PropertyValueSpecification\",\"valueRequired\":true,\"valueName\":\"search_term_string\"}}],\"inLanguage\":\"de\"},{\"@type\":\"Organization\",\"@id\":\"https:\/\/cilipohorc.com\/de\/#organization\",\"name\":\"CILIPOHORC\",\"url\":\"https:\/\/cilipohorc.com\/de\/\",\"logo\":{\"@type\":\"ImageObject\",\"inLanguage\":\"de\",\"@id\":\"https:\/\/cilipohorc.com\/de\/#\/schema\/logo\/image\/\",\"url\":\"https:\/\/cilipohorc.com\/wp-content\/uploads\/2023\/04\/pohorc_logo.svg\",\"contentUrl\":\"https:\/\/cilipohorc.com\/wp-content\/uploads\/2023\/04\/pohorc_logo.svg\",\"width\":1246,\"height\":436,\"caption\":\"CILIPOHORC\"},\"image\":{\"@id\":\"https:\/\/cilipohorc.com\/de\/#\/schema\/logo\/image\/\"},\"sameAs\":[\"https:\/\/www.facebook.com\/PohorcBIOChili\"]}]}<\/script>\n<!-- \/ Yoast SEO plugin. -->","yoast_head_json":{"title":"Darilni paket GOURMET 4 - CILIPOHORC","robots":{"index":"index","follow":"follow","max-snippet":"max-snippet:-1","max-image-preview":"max-image-preview:large","max-video-preview":"max-video-preview:-1"},"canonical":"https:\/\/cilipohorc.com\/de\/izdelek\/darilni-program-de\/darilni-paket-gourmet-4\/","og_locale":"de_DE","og_type":"article","og_title":"Darilni paket GOURMET 4 - CILIPOHORC","og_description":"Ne veste, s \u010dim obdariti osebo, za katero veste, da je ljubiteljica peko\u010dih dobrot?    Darilni paket GURMET 4: \u010cili Pohorc omaka SWEET, \u010cili Pohorc omaka CLASSIC, \u010cili Pohorc omaka GOURMET, \u010cebulni nJAM","og_url":"https:\/\/cilipohorc.com\/de\/izdelek\/darilni-program-de\/darilni-paket-gourmet-4\/","og_site_name":"CILIPOHORC","article_publisher":"https:\/\/www.facebook.com\/PohorcBIOChili","article_modified_time":"2024-09-28T20:48:49+00:00","og_image":[{"width":1920,"height":2401,"url":"https:\/\/cilipohorc.com\/wp-content\/uploads\/2021\/08\/darilni.jpeg","type":"image\/jpeg"}],"twitter_card":"summary_large_image","twitter_misc":{"Gesch\u00e4tzte Lesezeit":"1\u00a0Minute"},"schema":{"@context":"https:\/\/schema.org","@graph":[{"@type":"WebPage","@id":"https:\/\/cilipohorc.com\/de\/izdelek\/darilni-program-de\/darilni-paket-gourmet-4\/","url":"https:\/\/cilipohorc.com\/de\/izdelek\/darilni-program-de\/darilni-paket-gourmet-4\/","name":"Darilni paket GOURMET 4 - CILIPOHORC","isPartOf":{"@id":"https:\/\/cilipohorc.com\/de\/#website"},"primaryImageOfPage":{"@id":"https:\/\/cilipohorc.com\/de\/izdelek\/darilni-program-de\/darilni-paket-gourmet-4\/#primaryimage"},"image":{"@id":"https:\/\/cilipohorc.com\/de\/izdelek\/darilni-program-de\/darilni-paket-gourmet-4\/#primaryimage"},"thumbnailUrl":"https:\/\/cilipohorc.com\/wp-content\/uploads\/2021\/08\/darilni.jpeg","datePublished":"2021-08-03T10:49:57+00:00","dateModified":"2024-09-28T20:48:49+00:00","breadcrumb":{"@id":"https:\/\/cilipohorc.com\/de\/izdelek\/darilni-program-de\/darilni-paket-gourmet-4\/#breadcrumb"},"inLanguage":"de","potentialAction":[{"@type":"ReadAction","target":["https:\/\/cilipohorc.com\/de\/izdelek\/darilni-program-de\/darilni-paket-gourmet-4\/"]}]},{"@type":"ImageObject","inLanguage":"de","@id":"https:\/\/cilipohorc.com\/de\/izdelek\/darilni-program-de\/darilni-paket-gourmet-4\/#primaryimage","url":"https:\/\/cilipohorc.com\/wp-content\/uploads\/2021\/08\/darilni.jpeg","contentUrl":"https:\/\/cilipohorc.com\/wp-content\/uploads\/2021\/08\/darilni.jpeg","width":1920,"height":2401},{"@type":"BreadcrumbList","@id":"https:\/\/cilipohorc.com\/de\/izdelek\/darilni-program-de\/darilni-paket-gourmet-4\/#breadcrumb","itemListElement":[{"@type":"ListItem","position":1,"name":"Home","item":"https:\/\/cilipohorc.com\/de\/"},{"@type":"ListItem","position":2,"name":"Trgovina","item":"https:\/\/cilipohorc.com\/shop\/"},{"@type":"ListItem","position":3,"name":"Darilni paket GOURMET 4"}]},{"@type":"WebSite","@id":"https:\/\/cilipohorc.com\/de\/#website","url":"https:\/\/cilipohorc.com\/de\/","name":"CILIPOHORC","description":"Okusno in pikantno","publisher":{"@id":"https:\/\/cilipohorc.com\/de\/#organization"},"potentialAction":[{"@type":"SearchAction","target":{"@type":"EntryPoint","urlTemplate":"https:\/\/cilipohorc.com\/de\/?s={search_term_string}"},"query-input":{"@type":"PropertyValueSpecification","valueRequired":true,"valueName":"search_term_string"}}],"inLanguage":"de"},{"@type":"Organization","@id":"https:\/\/cilipohorc.com\/de\/#organization","name":"CILIPOHORC","url":"https:\/\/cilipohorc.com\/de\/","logo":{"@type":"ImageObject","inLanguage":"de","@id":"https:\/\/cilipohorc.com\/de\/#\/schema\/logo\/image\/","url":"https:\/\/cilipohorc.com\/wp-content\/uploads\/2023\/04\/pohorc_logo.svg","contentUrl":"https:\/\/cilipohorc.com\/wp-content\/uploads\/2023\/04\/pohorc_logo.svg","width":1246,"height":436,"caption":"CILIPOHORC"},"image":{"@id":"https:\/\/cilipohorc.com\/de\/#\/schema\/logo\/image\/"},"sameAs":["https:\/\/www.facebook.com\/PohorcBIOChili"]}]}},"jetpack_sharing_enabled":true,"_links":{"self":[{"href":"https:\/\/cilipohorc.com\/de\/wp-json\/wp\/v2\/product\/1761","targetHints":{"allow":["GET"]}}],"collection":[{"href":"https:\/\/cilipohorc.com\/de\/wp-json\/wp\/v2\/product"}],"about":[{"href":"https:\/\/cilipohorc.com\/de\/wp-json\/wp\/v2\/types\/product"}],"replies":[{"embeddable":true,"href":"https:\/\/cilipohorc.com\/de\/wp-json\/wp\/v2\/comments?post=1761"}],"wp:featuredmedia":[{"embeddable":true,"href":"https:\/\/cilipohorc.com\/de\/wp-json\/wp\/v2\/media\/1552"}],"wp:attachment":[{"href":"https:\/\/cilipohorc.com\/de\/wp-json\/wp\/v2\/media?parent=1761"}],"wp:term":[{"taxonomy":"product_brand","embeddable":true,"href":"https:\/\/cilipohorc.com\/de\/wp-json\/wp\/v2\/product_brand?post=1761"},{"taxonomy":"product_cat","embeddable":true,"href":"https:\/\/cilipohorc.com\/de\/wp-json\/wp\/v2\/product_cat?post=1761"},{"taxonomy":"product_tag","embeddable":true,"href":"https:\/\/cilipohorc.com\/de\/wp-json\/wp\/v2\/product_tag?post=1761"}],"curies":[{"name":"wp","href":"https:\/\/api.w.org\/{rel}","templated":true}]}}