{"id":1772,"date":"2023-09-05T11:05:03","date_gmt":"2023-09-05T09:05:03","guid":{"rendered":"https:\/\/cilipohorc.meld.solutions\/izdelek\/unkategorisiert\/next-cili-omaka-pohorc-sweet\/"},"modified":"2023-09-08T13:16:02","modified_gmt":"2023-09-08T12:16:02","slug":"next-cili-omaka-pohorc-sweet","status":"publish","type":"product","link":"https:\/\/cilipohorc.com\/de\/izdelek\/pekoce-omake-de\/next-cili-omaka-pohorc-sweet\/","title":{"rendered":"\u010cili Pohorc SWEET"},"content":{"rendered":"<p>Das ist eine mittelscharfe Chiliso\u00dfe mit fruchtigen Noten und ist geeignet f\u00fcr alle, die m\u00e4\u00dfige und fruchtige Sch\u00e4rfe gerne haben. Die Zutaten in dieser So\u00dfe sind Habanero Gold und Himbeeren, die jeden Morgen gepfl\u00fcckt werden. Aus den frisch gepfl\u00fcckten Himbeeren machen wir dann eine leckere Karamellso\u00dfe. F\u00fcr mehr Geschmack und die ideale Konsistenz sorgen noch andere Zutaten, die auf unserem Bio-Bauernhof angebaut werden.<\/p>\n<p>Und so entsteht eine unserer besten Chili Pohorc So\u00dfen.<\/p>\n<p>Chili Pohorc SWEET kann als eine Zutat beim Kochen oder Backen verwendet werden. Die So\u00dfe ist auch ideal f\u00fcr fertige Gerichte, wie z.B. f\u00fcr Braten, Burger, Pizzas, Pasta, Risotto, Suppen und S\u00fc\u00dfspeisen.<\/p>\n<p>Dunkel und trocken lagern. Vor Gebrauch kr\u00e4ftig sch\u00fctteln. Nach dem \u00d6ffnen gek\u00fchlt lagern bis 3 Monate.<\/p>\n<p>Zutaten:<\/p>\n<ul>\n<li>Chilis*<\/li>\n<li>Zwiebeln*<\/li>\n<li>Tomaten*<\/li>\n<li>Rohrzucker*<\/li>\n<li>Himbeeren*<\/li>\n<li>Meersalz<\/li>\n<li>Apfelessig*<\/li>\n<li>Sonnenblumen\u00f6l*<\/li>\n<\/ul>\n<p>*Zutaten sind aus kontrolliert biologischem Anbau.<\/p>\n<p>Frei von Gluten und Additiven. Vegan.<\/p>\n<p>Alle Zutaten, au\u00dfer Salz und Zucker, werden auf unserem Bauernhof angebaut.<\/p>\n<p>Inhalt: 100 ml<\/p>\n","protected":false},"excerpt":{"rendered":"<p>Das ist eine mittelscharfe Chiliso\u00dfe mit fruchtigen Noten und ist geeignet f\u00fcr alle, die m\u00e4\u00dfige und fruchtige Sch\u00e4rfe gerne haben. Die Zutaten in dieser So\u00dfe sind Habanero Gold und Himbeeren, die jeden Morgen gepfl\u00fcckt werden. Aus den frisch gepfl\u00fcckten Himbeeren machen wir dann eine leckere Karamellso\u00dfe. F\u00fcr mehr Geschmack und die ideale Konsistenz sorgen noch andere Zutaten, die auf unserem Bio-Bauernhof angebaut werden.<\/p>\n","protected":false},"featured_media":2375,"comment_status":"open","ping_status":"closed","template":"","meta":{"site-sidebar-layout":"default","site-content-layout":"default","ast-site-content-layout":"default","site-content-style":"default","site-sidebar-style":"default","ast-global-header-display":"","ast-banner-title-visibility":"","ast-main-header-display":"","ast-hfb-above-header-display":"","ast-hfb-below-header-display":"","ast-hfb-mobile-header-display":"","site-post-title":"","ast-breadcrumbs-content":"","ast-featured-img":"","footer-sml-layout":"","theme-transparent-header-meta":"default","adv-header-id-meta":"","stick-header-meta":"","header-above-stick-meta":"","header-main-stick-meta":"","header-below-stick-meta":"","astra-migrate-meta-layouts":"set","ast-page-background-enabled":"default","ast-page-background-meta":{"desktop":{"background-color":"","background-image":"","background-repeat":"repeat","background-position":"center center","background-size":"auto","background-attachment":"scroll","background-type":"","background-media":"","overlay-type":"","overlay-color":"","overlay-opacity":"","overlay-gradient":""},"tablet":{"background-color":"","background-image":"","background-repeat":"repeat","background-position":"center center","background-size":"auto","background-attachment":"scroll","background-type":"","background-media":"","overlay-type":"","overlay-color":"","overlay-opacity":"","overlay-gradient":""},"mobile":{"background-color":"","background-image":"","background-repeat":"repeat","background-position":"center center","background-size":"auto","background-attachment":"scroll","background-type":"","background-media":"","overlay-type":"","overlay-color":"","overlay-opacity":"","overlay-gradient":""}},"ast-content-background-meta":{"desktop":{"background-color":"var(--ast-global-color-5)","background-image":"","background-repeat":"repeat","background-position":"center center","background-size":"auto","background-attachment":"scroll","background-type":"","background-media":"","overlay-type":"","overlay-color":"","overlay-opacity":"","overlay-gradient":""},"tablet":{"background-color":"var(--ast-global-color-5)","background-image":"","background-repeat":"repeat","background-position":"center center","background-size":"auto","background-attachment":"scroll","background-type":"","background-media":"","overlay-type":"","overlay-color":"","overlay-opacity":"","overlay-gradient":""},"mobile":{"background-color":"var(--ast-global-color-5)","background-image":"","background-repeat":"repeat","background-position":"center center","background-size":"auto","background-attachment":"scroll","background-type":"","background-media":"","overlay-type":"","overlay-color":"","overlay-opacity":"","overlay-gradient":""}}},"product_brand":[],"product_cat":[48],"product_tag":[],"class_list":{"0":"post-1772","1":"product","2":"type-product","3":"status-publish","4":"has-post-thumbnail","6":"product_cat-pekoce-omake-de","7":"desktop-align-left","8":"tablet-align-left","9":"mobile-align-center","10":"ast-product-gallery-layout-horizontal-slider","11":"ast-product-gallery-with-no-image","12":"ast-product-tabs-layout-vertical","13":"ast-qv-on-image","15":"first","16":"instock","17":"shipping-taxable","18":"purchasable","19":"product-type-simple"},"yoast_head":"<!-- This site is optimized with the Yoast SEO plugin v27.6 - https:\/\/yoast.com\/product\/yoast-seo-wordpress\/ -->\n<title>\u010cili Pohorc SWEET - CILIPOHORC<\/title>\n<meta name=\"robots\" content=\"index, follow, max-snippet:-1, max-image-preview:large, max-video-preview:-1\" \/>\n<link rel=\"canonical\" href=\"https:\/\/cilipohorc.com\/de\/izdelek\/pekoce-omake-de\/next-cili-omaka-pohorc-sweet\/\" \/>\n<meta property=\"og:locale\" content=\"de_DE\" \/>\n<meta property=\"og:type\" content=\"article\" \/>\n<meta property=\"og:title\" content=\"\u010cili Pohorc SWEET - CILIPOHORC\" \/>\n<meta property=\"og:description\" content=\"Das ist eine mittelscharfe Chiliso\u00dfe mit fruchtigen Noten und ist geeignet f\u00fcr alle, die m\u00e4\u00dfige und fruchtige Sch\u00e4rfe gerne haben. Die Zutaten in dieser So\u00dfe sind Habanero Gold und Himbeeren, die jeden Morgen gepfl\u00fcckt werden. Aus den frisch gepfl\u00fcckten Himbeeren machen wir dann eine leckere Karamellso\u00dfe. F\u00fcr mehr Geschmack und die ideale Konsistenz sorgen noch andere Zutaten, die auf unserem Bio-Bauernhof angebaut werden.\" \/>\n<meta property=\"og:url\" content=\"https:\/\/cilipohorc.com\/de\/izdelek\/pekoce-omake-de\/next-cili-omaka-pohorc-sweet\/\" \/>\n<meta property=\"og:site_name\" content=\"CILIPOHORC\" \/>\n<meta property=\"article:publisher\" content=\"https:\/\/www.facebook.com\/PohorcBIOChili\" \/>\n<meta property=\"article:modified_time\" content=\"2023-09-08T12:16:02+00:00\" \/>\n<meta name=\"twitter:card\" content=\"summary_large_image\" \/>\n<meta name=\"twitter:label1\" content=\"Gesch\u00e4tzte Lesezeit\" \/>\n\t<meta name=\"twitter:data1\" content=\"1\u00a0Minute\" \/>\n<script type=\"application\/ld+json\" class=\"yoast-schema-graph\">{\"@context\":\"https:\\\/\\\/schema.org\",\"@graph\":[{\"@type\":\"WebPage\",\"@id\":\"https:\\\/\\\/cilipohorc.com\\\/de\\\/izdelek\\\/pekoce-omake-de\\\/next-cili-omaka-pohorc-sweet\\\/\",\"url\":\"https:\\\/\\\/cilipohorc.com\\\/de\\\/izdelek\\\/pekoce-omake-de\\\/next-cili-omaka-pohorc-sweet\\\/\",\"name\":\"\u010cili Pohorc SWEET - CILIPOHORC\",\"isPartOf\":{\"@id\":\"https:\\\/\\\/cilipohorc.com\\\/de\\\/#website\"},\"primaryImageOfPage\":{\"@id\":\"https:\\\/\\\/cilipohorc.com\\\/de\\\/izdelek\\\/pekoce-omake-de\\\/next-cili-omaka-pohorc-sweet\\\/#primaryimage\"},\"image\":{\"@id\":\"https:\\\/\\\/cilipohorc.com\\\/de\\\/izdelek\\\/pekoce-omake-de\\\/next-cili-omaka-pohorc-sweet\\\/#primaryimage\"},\"thumbnailUrl\":\"https:\\\/\\\/cilipohorc.com\\\/wp-content\\\/uploads\\\/2023\\\/09\\\/DSC01080.jpg\",\"datePublished\":\"2023-09-05T09:05:03+00:00\",\"dateModified\":\"2023-09-08T12:16:02+00:00\",\"breadcrumb\":{\"@id\":\"https:\\\/\\\/cilipohorc.com\\\/de\\\/izdelek\\\/pekoce-omake-de\\\/next-cili-omaka-pohorc-sweet\\\/#breadcrumb\"},\"inLanguage\":\"de\",\"potentialAction\":[{\"@type\":\"ReadAction\",\"target\":[\"https:\\\/\\\/cilipohorc.com\\\/de\\\/izdelek\\\/pekoce-omake-de\\\/next-cili-omaka-pohorc-sweet\\\/\"]}]},{\"@type\":\"ImageObject\",\"inLanguage\":\"de\",\"@id\":\"https:\\\/\\\/cilipohorc.com\\\/de\\\/izdelek\\\/pekoce-omake-de\\\/next-cili-omaka-pohorc-sweet\\\/#primaryimage\",\"url\":\"https:\\\/\\\/cilipohorc.com\\\/wp-content\\\/uploads\\\/2023\\\/09\\\/DSC01080.jpg\",\"contentUrl\":\"https:\\\/\\\/cilipohorc.com\\\/wp-content\\\/uploads\\\/2023\\\/09\\\/DSC01080.jpg\",\"width\":1638,\"height\":2048},{\"@type\":\"BreadcrumbList\",\"@id\":\"https:\\\/\\\/cilipohorc.com\\\/de\\\/izdelek\\\/pekoce-omake-de\\\/next-cili-omaka-pohorc-sweet\\\/#breadcrumb\",\"itemListElement\":[{\"@type\":\"ListItem\",\"position\":1,\"name\":\"Home\",\"item\":\"https:\\\/\\\/cilipohorc.com\\\/de\\\/\"},{\"@type\":\"ListItem\",\"position\":2,\"name\":\"Trgovina\",\"item\":\"https:\\\/\\\/cilipohorc.com\\\/shop\\\/\"},{\"@type\":\"ListItem\",\"position\":3,\"name\":\"\u010cili Pohorc SWEET\"}]},{\"@type\":\"WebSite\",\"@id\":\"https:\\\/\\\/cilipohorc.com\\\/de\\\/#website\",\"url\":\"https:\\\/\\\/cilipohorc.com\\\/de\\\/\",\"name\":\"CILIPOHORC\",\"description\":\"Okusno in pikantno\",\"publisher\":{\"@id\":\"https:\\\/\\\/cilipohorc.com\\\/de\\\/#organization\"},\"potentialAction\":[{\"@type\":\"SearchAction\",\"target\":{\"@type\":\"EntryPoint\",\"urlTemplate\":\"https:\\\/\\\/cilipohorc.com\\\/de\\\/?s={search_term_string}\"},\"query-input\":{\"@type\":\"PropertyValueSpecification\",\"valueRequired\":true,\"valueName\":\"search_term_string\"}}],\"inLanguage\":\"de\"},{\"@type\":\"Organization\",\"@id\":\"https:\\\/\\\/cilipohorc.com\\\/de\\\/#organization\",\"name\":\"CILIPOHORC\",\"url\":\"https:\\\/\\\/cilipohorc.com\\\/de\\\/\",\"logo\":{\"@type\":\"ImageObject\",\"inLanguage\":\"de\",\"@id\":\"https:\\\/\\\/cilipohorc.com\\\/de\\\/#\\\/schema\\\/logo\\\/image\\\/\",\"url\":\"https:\\\/\\\/cilipohorc.com\\\/wp-content\\\/uploads\\\/2023\\\/04\\\/pohorc_logo.svg\",\"contentUrl\":\"https:\\\/\\\/cilipohorc.com\\\/wp-content\\\/uploads\\\/2023\\\/04\\\/pohorc_logo.svg\",\"width\":1246,\"height\":436,\"caption\":\"CILIPOHORC\"},\"image\":{\"@id\":\"https:\\\/\\\/cilipohorc.com\\\/de\\\/#\\\/schema\\\/logo\\\/image\\\/\"},\"sameAs\":[\"https:\\\/\\\/www.facebook.com\\\/PohorcBIOChili\"]}]}<\/script>\n<!-- \/ Yoast SEO plugin. -->","yoast_head_json":{"title":"\u010cili Pohorc SWEET - CILIPOHORC","robots":{"index":"index","follow":"follow","max-snippet":"max-snippet:-1","max-image-preview":"max-image-preview:large","max-video-preview":"max-video-preview:-1"},"canonical":"https:\/\/cilipohorc.com\/de\/izdelek\/pekoce-omake-de\/next-cili-omaka-pohorc-sweet\/","og_locale":"de_DE","og_type":"article","og_title":"\u010cili Pohorc SWEET - CILIPOHORC","og_description":"Das ist eine mittelscharfe Chiliso\u00dfe mit fruchtigen Noten und ist geeignet f\u00fcr alle, die m\u00e4\u00dfige und fruchtige Sch\u00e4rfe gerne haben. Die Zutaten in dieser So\u00dfe sind Habanero Gold und Himbeeren, die jeden Morgen gepfl\u00fcckt werden. Aus den frisch gepfl\u00fcckten Himbeeren machen wir dann eine leckere Karamellso\u00dfe. F\u00fcr mehr Geschmack und die ideale Konsistenz sorgen noch andere Zutaten, die auf unserem Bio-Bauernhof angebaut werden.","og_url":"https:\/\/cilipohorc.com\/de\/izdelek\/pekoce-omake-de\/next-cili-omaka-pohorc-sweet\/","og_site_name":"CILIPOHORC","article_publisher":"https:\/\/www.facebook.com\/PohorcBIOChili","article_modified_time":"2023-09-08T12:16:02+00:00","twitter_card":"summary_large_image","twitter_misc":{"Gesch\u00e4tzte Lesezeit":"1\u00a0Minute"},"schema":{"@context":"https:\/\/schema.org","@graph":[{"@type":"WebPage","@id":"https:\/\/cilipohorc.com\/de\/izdelek\/pekoce-omake-de\/next-cili-omaka-pohorc-sweet\/","url":"https:\/\/cilipohorc.com\/de\/izdelek\/pekoce-omake-de\/next-cili-omaka-pohorc-sweet\/","name":"\u010cili Pohorc SWEET - CILIPOHORC","isPartOf":{"@id":"https:\/\/cilipohorc.com\/de\/#website"},"primaryImageOfPage":{"@id":"https:\/\/cilipohorc.com\/de\/izdelek\/pekoce-omake-de\/next-cili-omaka-pohorc-sweet\/#primaryimage"},"image":{"@id":"https:\/\/cilipohorc.com\/de\/izdelek\/pekoce-omake-de\/next-cili-omaka-pohorc-sweet\/#primaryimage"},"thumbnailUrl":"https:\/\/cilipohorc.com\/wp-content\/uploads\/2023\/09\/DSC01080.jpg","datePublished":"2023-09-05T09:05:03+00:00","dateModified":"2023-09-08T12:16:02+00:00","breadcrumb":{"@id":"https:\/\/cilipohorc.com\/de\/izdelek\/pekoce-omake-de\/next-cili-omaka-pohorc-sweet\/#breadcrumb"},"inLanguage":"de","potentialAction":[{"@type":"ReadAction","target":["https:\/\/cilipohorc.com\/de\/izdelek\/pekoce-omake-de\/next-cili-omaka-pohorc-sweet\/"]}]},{"@type":"ImageObject","inLanguage":"de","@id":"https:\/\/cilipohorc.com\/de\/izdelek\/pekoce-omake-de\/next-cili-omaka-pohorc-sweet\/#primaryimage","url":"https:\/\/cilipohorc.com\/wp-content\/uploads\/2023\/09\/DSC01080.jpg","contentUrl":"https:\/\/cilipohorc.com\/wp-content\/uploads\/2023\/09\/DSC01080.jpg","width":1638,"height":2048},{"@type":"BreadcrumbList","@id":"https:\/\/cilipohorc.com\/de\/izdelek\/pekoce-omake-de\/next-cili-omaka-pohorc-sweet\/#breadcrumb","itemListElement":[{"@type":"ListItem","position":1,"name":"Home","item":"https:\/\/cilipohorc.com\/de\/"},{"@type":"ListItem","position":2,"name":"Trgovina","item":"https:\/\/cilipohorc.com\/shop\/"},{"@type":"ListItem","position":3,"name":"\u010cili Pohorc SWEET"}]},{"@type":"WebSite","@id":"https:\/\/cilipohorc.com\/de\/#website","url":"https:\/\/cilipohorc.com\/de\/","name":"CILIPOHORC","description":"Okusno in pikantno","publisher":{"@id":"https:\/\/cilipohorc.com\/de\/#organization"},"potentialAction":[{"@type":"SearchAction","target":{"@type":"EntryPoint","urlTemplate":"https:\/\/cilipohorc.com\/de\/?s={search_term_string}"},"query-input":{"@type":"PropertyValueSpecification","valueRequired":true,"valueName":"search_term_string"}}],"inLanguage":"de"},{"@type":"Organization","@id":"https:\/\/cilipohorc.com\/de\/#organization","name":"CILIPOHORC","url":"https:\/\/cilipohorc.com\/de\/","logo":{"@type":"ImageObject","inLanguage":"de","@id":"https:\/\/cilipohorc.com\/de\/#\/schema\/logo\/image\/","url":"https:\/\/cilipohorc.com\/wp-content\/uploads\/2023\/04\/pohorc_logo.svg","contentUrl":"https:\/\/cilipohorc.com\/wp-content\/uploads\/2023\/04\/pohorc_logo.svg","width":1246,"height":436,"caption":"CILIPOHORC"},"image":{"@id":"https:\/\/cilipohorc.com\/de\/#\/schema\/logo\/image\/"},"sameAs":["https:\/\/www.facebook.com\/PohorcBIOChili"]}]}},"jetpack_sharing_enabled":true,"_links":{"self":[{"href":"https:\/\/cilipohorc.com\/de\/wp-json\/wp\/v2\/product\/1772","targetHints":{"allow":["GET"]}}],"collection":[{"href":"https:\/\/cilipohorc.com\/de\/wp-json\/wp\/v2\/product"}],"about":[{"href":"https:\/\/cilipohorc.com\/de\/wp-json\/wp\/v2\/types\/product"}],"replies":[{"embeddable":true,"href":"https:\/\/cilipohorc.com\/de\/wp-json\/wp\/v2\/comments?post=1772"}],"wp:featuredmedia":[{"embeddable":true,"href":"https:\/\/cilipohorc.com\/de\/wp-json\/wp\/v2\/media\/2375"}],"wp:attachment":[{"href":"https:\/\/cilipohorc.com\/de\/wp-json\/wp\/v2\/media?parent=1772"}],"wp:term":[{"taxonomy":"product_brand","embeddable":true,"href":"https:\/\/cilipohorc.com\/de\/wp-json\/wp\/v2\/product_brand?post=1772"},{"taxonomy":"product_cat","embeddable":true,"href":"https:\/\/cilipohorc.com\/de\/wp-json\/wp\/v2\/product_cat?post=1772"},{"taxonomy":"product_tag","embeddable":true,"href":"https:\/\/cilipohorc.com\/de\/wp-json\/wp\/v2\/product_tag?post=1772"}],"curies":[{"name":"wp","href":"https:\/\/api.w.org\/{rel}","templated":true}]}}