{"id":1775,"date":"2023-09-05T11:08:41","date_gmt":"2023-09-05T09:08:41","guid":{"rendered":"https:\/\/cilipohorc.meld.solutions\/izdelek\/unkategorisiert\/cili-omaka-pohorc-classic\/"},"modified":"2023-09-08T13:21:15","modified_gmt":"2023-09-08T12:21:15","slug":"cili-omaka-pohorc-classic","status":"publish","type":"product","link":"https:\/\/cilipohorc.com\/de\/izdelek\/pekoce-omake-de\/cili-omaka-pohorc-classic\/","title":{"rendered":"Chilli Pohorc CLASSIC"},"content":{"rendered":"<p>Chili Pohorc CLASSIC ist eine mittelscharfe Chiliso\u00dfe. Die So\u00dfe ist geeignet f\u00fcr alle, die m\u00e4\u00dfige Sch\u00e4rfe gerne haben. Die Zutaten in dieser So\u00dfe sind Habanero Orange, ger\u00f6stete Fr\u00fchlingszwiebeln und Fleischtomaten, die tagelang in der Sonne am Fu\u00dfe des Bachergebirges (Pohorje) reifen. F\u00fcr mehr Geschmack und ideale Konsistenz sorgen noch andere Zutaten, die auf unserem Bio-Bauernhof angebaut werden.<\/p>\n<p>Und so entsteht eine unserer besten Chiliso\u00dfen.<\/p>\n<p>Chili Pohorc CLASSIC kann als eine Zutat beim Kochen oder Backen verwendet werden. Die So\u00dfe ist auch ideal f\u00fcr fertige Gerichte, wie z.B. f\u00fcr Braten, Burger, Pizza, Pasta, Risotto und Suppen.<\/p>\n<p>Dunkel und trocken lagern. Vor Gebrauch kr\u00e4ftig sch\u00fctteln. Nach dem \u00d6ffnen gek\u00fchlt lagern bis 3 Monate.<\/p>\n<p>Zutaten:<\/p>\n<ul>\n<li>Chilis*<\/li>\n<li>Zwiebeln*<\/li>\n<li>Tomaten*<\/li>\n<li>Rohrzucker*<\/li>\n<li>Meersalz<\/li>\n<li>Apfelessig*<\/li>\n<li>Sonnenblumen\u00f6l*<\/li>\n<\/ul>\n<p>*Zutaten sind aus kontrolliert biologischem Anbau.<\/p>\n<p>Frei von Gluten und Additiven. Vegan.<\/p>\n<p>Alle Zutaten, au\u00dfer Salz und Zucker, werden auf unserem Bauernhof angebaut.<\/p>\n<p>Inhalt: 100 ml<\/p>\n","protected":false},"excerpt":{"rendered":"<p>Chili Pohorc CLASSIC ist eine mittelscharfe Chiliso\u00dfe. Die So\u00dfe ist geeignet f\u00fcr alle, die m\u00e4\u00dfige Sch\u00e4rfe gerne haben. Die Zutaten in dieser So\u00dfe sind Habanero Orange, ger\u00f6stete Fr\u00fchlingszwiebeln und Fleischtomaten, die tagelang in der Sonne am Fu\u00dfe des Bachergebirges (Pohorje) reifen. F\u00fcr mehr Geschmack und ideale Konsistenz sorgen noch andere Zutaten, die auf unserem Bio-Bauernhof angebaut werden.<\/p>\n","protected":false},"featured_media":2372,"comment_status":"open","ping_status":"closed","template":"","meta":{"site-sidebar-layout":"default","site-content-layout":"default","ast-site-content-layout":"default","site-content-style":"default","site-sidebar-style":"default","ast-global-header-display":"","ast-banner-title-visibility":"","ast-main-header-display":"","ast-hfb-above-header-display":"","ast-hfb-below-header-display":"","ast-hfb-mobile-header-display":"","site-post-title":"","ast-breadcrumbs-content":"","ast-featured-img":"","footer-sml-layout":"","theme-transparent-header-meta":"default","adv-header-id-meta":"","stick-header-meta":"","header-above-stick-meta":"","header-main-stick-meta":"","header-below-stick-meta":"","astra-migrate-meta-layouts":"set","ast-page-background-enabled":"default","ast-page-background-meta":{"desktop":{"background-color":"","background-image":"","background-repeat":"repeat","background-position":"center center","background-size":"auto","background-attachment":"scroll","background-type":"","background-media":"","overlay-type":"","overlay-color":"","overlay-opacity":"","overlay-gradient":""},"tablet":{"background-color":"","background-image":"","background-repeat":"repeat","background-position":"center center","background-size":"auto","background-attachment":"scroll","background-type":"","background-media":"","overlay-type":"","overlay-color":"","overlay-opacity":"","overlay-gradient":""},"mobile":{"background-color":"","background-image":"","background-repeat":"repeat","background-position":"center center","background-size":"auto","background-attachment":"scroll","background-type":"","background-media":"","overlay-type":"","overlay-color":"","overlay-opacity":"","overlay-gradient":""}},"ast-content-background-meta":{"desktop":{"background-color":"var(--ast-global-color-5)","background-image":"","background-repeat":"repeat","background-position":"center center","background-size":"auto","background-attachment":"scroll","background-type":"","background-media":"","overlay-type":"","overlay-color":"","overlay-opacity":"","overlay-gradient":""},"tablet":{"background-color":"var(--ast-global-color-5)","background-image":"","background-repeat":"repeat","background-position":"center center","background-size":"auto","background-attachment":"scroll","background-type":"","background-media":"","overlay-type":"","overlay-color":"","overlay-opacity":"","overlay-gradient":""},"mobile":{"background-color":"var(--ast-global-color-5)","background-image":"","background-repeat":"repeat","background-position":"center center","background-size":"auto","background-attachment":"scroll","background-type":"","background-media":"","overlay-type":"","overlay-color":"","overlay-opacity":"","overlay-gradient":""}}},"product_brand":[],"product_cat":[48],"product_tag":[],"class_list":{"0":"post-1775","1":"product","2":"type-product","3":"status-publish","4":"has-post-thumbnail","6":"product_cat-pekoce-omake-de","7":"desktop-align-left","8":"tablet-align-left","9":"mobile-align-center","10":"ast-product-gallery-layout-horizontal-slider","11":"ast-product-gallery-with-no-image","12":"ast-product-tabs-layout-vertical","13":"ast-qv-on-image","15":"first","16":"instock","17":"shipping-taxable","18":"purchasable","19":"product-type-simple"},"yoast_head":"<!-- This site is optimized with the Yoast SEO plugin v27.2 - https:\/\/yoast.com\/product\/yoast-seo-wordpress\/ -->\n<title>Chilli Pohorc CLASSIC - CILIPOHORC<\/title>\n<meta name=\"robots\" content=\"index, follow, max-snippet:-1, max-image-preview:large, max-video-preview:-1\" \/>\n<link rel=\"canonical\" href=\"https:\/\/cilipohorc.com\/de\/izdelek\/pekoce-omake-de\/cili-omaka-pohorc-classic\/\" \/>\n<meta property=\"og:locale\" content=\"de_DE\" \/>\n<meta property=\"og:type\" content=\"article\" \/>\n<meta property=\"og:title\" content=\"Chilli Pohorc CLASSIC - CILIPOHORC\" \/>\n<meta property=\"og:description\" content=\"Chili Pohorc CLASSIC ist eine mittelscharfe Chiliso\u00dfe. Die So\u00dfe ist geeignet f\u00fcr alle, die m\u00e4\u00dfige Sch\u00e4rfe gerne haben. Die Zutaten in dieser So\u00dfe sind Habanero Orange, ger\u00f6stete Fr\u00fchlingszwiebeln und Fleischtomaten, die tagelang in der Sonne am Fu\u00dfe des Bachergebirges (Pohorje) reifen. F\u00fcr mehr Geschmack und ideale Konsistenz sorgen noch andere Zutaten, die auf unserem Bio-Bauernhof angebaut werden.\" \/>\n<meta property=\"og:url\" content=\"https:\/\/cilipohorc.com\/de\/izdelek\/pekoce-omake-de\/cili-omaka-pohorc-classic\/\" \/>\n<meta property=\"og:site_name\" content=\"CILIPOHORC\" \/>\n<meta property=\"article:publisher\" content=\"https:\/\/www.facebook.com\/PohorcBIOChili\" \/>\n<meta property=\"article:modified_time\" content=\"2023-09-08T12:21:15+00:00\" \/>\n<meta property=\"og:image\" content=\"https:\/\/cilipohorc.com\/wp-content\/uploads\/2023\/09\/DSC01075.jpg\" \/>\n\t<meta property=\"og:image:width\" content=\"1638\" \/>\n\t<meta property=\"og:image:height\" content=\"2048\" \/>\n\t<meta property=\"og:image:type\" content=\"image\/jpeg\" \/>\n<meta name=\"twitter:card\" content=\"summary_large_image\" \/>\n<meta name=\"twitter:label1\" content=\"Gesch\u00e4tzte Lesezeit\" \/>\n\t<meta name=\"twitter:data1\" content=\"1\u00a0Minute\" \/>\n<script type=\"application\/ld+json\" class=\"yoast-schema-graph\">{\"@context\":\"https:\/\/schema.org\",\"@graph\":[{\"@type\":\"WebPage\",\"@id\":\"https:\/\/cilipohorc.com\/de\/izdelek\/pekoce-omake-de\/cili-omaka-pohorc-classic\/\",\"url\":\"https:\/\/cilipohorc.com\/de\/izdelek\/pekoce-omake-de\/cili-omaka-pohorc-classic\/\",\"name\":\"Chilli Pohorc CLASSIC - CILIPOHORC\",\"isPartOf\":{\"@id\":\"https:\/\/cilipohorc.com\/de\/#website\"},\"primaryImageOfPage\":{\"@id\":\"https:\/\/cilipohorc.com\/de\/izdelek\/pekoce-omake-de\/cili-omaka-pohorc-classic\/#primaryimage\"},\"image\":{\"@id\":\"https:\/\/cilipohorc.com\/de\/izdelek\/pekoce-omake-de\/cili-omaka-pohorc-classic\/#primaryimage\"},\"thumbnailUrl\":\"https:\/\/cilipohorc.com\/wp-content\/uploads\/2023\/09\/DSC01075.jpg\",\"datePublished\":\"2023-09-05T09:08:41+00:00\",\"dateModified\":\"2023-09-08T12:21:15+00:00\",\"breadcrumb\":{\"@id\":\"https:\/\/cilipohorc.com\/de\/izdelek\/pekoce-omake-de\/cili-omaka-pohorc-classic\/#breadcrumb\"},\"inLanguage\":\"de\",\"potentialAction\":[{\"@type\":\"ReadAction\",\"target\":[\"https:\/\/cilipohorc.com\/de\/izdelek\/pekoce-omake-de\/cili-omaka-pohorc-classic\/\"]}]},{\"@type\":\"ImageObject\",\"inLanguage\":\"de\",\"@id\":\"https:\/\/cilipohorc.com\/de\/izdelek\/pekoce-omake-de\/cili-omaka-pohorc-classic\/#primaryimage\",\"url\":\"https:\/\/cilipohorc.com\/wp-content\/uploads\/2023\/09\/DSC01075.jpg\",\"contentUrl\":\"https:\/\/cilipohorc.com\/wp-content\/uploads\/2023\/09\/DSC01075.jpg\",\"width\":1638,\"height\":2048},{\"@type\":\"BreadcrumbList\",\"@id\":\"https:\/\/cilipohorc.com\/de\/izdelek\/pekoce-omake-de\/cili-omaka-pohorc-classic\/#breadcrumb\",\"itemListElement\":[{\"@type\":\"ListItem\",\"position\":1,\"name\":\"Home\",\"item\":\"https:\/\/cilipohorc.com\/de\/\"},{\"@type\":\"ListItem\",\"position\":2,\"name\":\"Trgovina\",\"item\":\"https:\/\/cilipohorc.com\/shop\/\"},{\"@type\":\"ListItem\",\"position\":3,\"name\":\"Chilli Pohorc CLASSIC\"}]},{\"@type\":\"WebSite\",\"@id\":\"https:\/\/cilipohorc.com\/de\/#website\",\"url\":\"https:\/\/cilipohorc.com\/de\/\",\"name\":\"CILIPOHORC\",\"description\":\"Okusno in pikantno\",\"publisher\":{\"@id\":\"https:\/\/cilipohorc.com\/de\/#organization\"},\"potentialAction\":[{\"@type\":\"SearchAction\",\"target\":{\"@type\":\"EntryPoint\",\"urlTemplate\":\"https:\/\/cilipohorc.com\/de\/?s={search_term_string}\"},\"query-input\":{\"@type\":\"PropertyValueSpecification\",\"valueRequired\":true,\"valueName\":\"search_term_string\"}}],\"inLanguage\":\"de\"},{\"@type\":\"Organization\",\"@id\":\"https:\/\/cilipohorc.com\/de\/#organization\",\"name\":\"CILIPOHORC\",\"url\":\"https:\/\/cilipohorc.com\/de\/\",\"logo\":{\"@type\":\"ImageObject\",\"inLanguage\":\"de\",\"@id\":\"https:\/\/cilipohorc.com\/de\/#\/schema\/logo\/image\/\",\"url\":\"https:\/\/cilipohorc.com\/wp-content\/uploads\/2023\/04\/pohorc_logo.svg\",\"contentUrl\":\"https:\/\/cilipohorc.com\/wp-content\/uploads\/2023\/04\/pohorc_logo.svg\",\"width\":1246,\"height\":436,\"caption\":\"CILIPOHORC\"},\"image\":{\"@id\":\"https:\/\/cilipohorc.com\/de\/#\/schema\/logo\/image\/\"},\"sameAs\":[\"https:\/\/www.facebook.com\/PohorcBIOChili\"]}]}<\/script>\n<!-- \/ Yoast SEO plugin. -->","yoast_head_json":{"title":"Chilli Pohorc CLASSIC - CILIPOHORC","robots":{"index":"index","follow":"follow","max-snippet":"max-snippet:-1","max-image-preview":"max-image-preview:large","max-video-preview":"max-video-preview:-1"},"canonical":"https:\/\/cilipohorc.com\/de\/izdelek\/pekoce-omake-de\/cili-omaka-pohorc-classic\/","og_locale":"de_DE","og_type":"article","og_title":"Chilli Pohorc CLASSIC - CILIPOHORC","og_description":"Chili Pohorc CLASSIC ist eine mittelscharfe Chiliso\u00dfe. Die So\u00dfe ist geeignet f\u00fcr alle, die m\u00e4\u00dfige Sch\u00e4rfe gerne haben. Die Zutaten in dieser So\u00dfe sind Habanero Orange, ger\u00f6stete Fr\u00fchlingszwiebeln und Fleischtomaten, die tagelang in der Sonne am Fu\u00dfe des Bachergebirges (Pohorje) reifen. F\u00fcr mehr Geschmack und ideale Konsistenz sorgen noch andere Zutaten, die auf unserem Bio-Bauernhof angebaut werden.","og_url":"https:\/\/cilipohorc.com\/de\/izdelek\/pekoce-omake-de\/cili-omaka-pohorc-classic\/","og_site_name":"CILIPOHORC","article_publisher":"https:\/\/www.facebook.com\/PohorcBIOChili","article_modified_time":"2023-09-08T12:21:15+00:00","og_image":[{"width":1638,"height":2048,"url":"https:\/\/cilipohorc.com\/wp-content\/uploads\/2023\/09\/DSC01075.jpg","type":"image\/jpeg"}],"twitter_card":"summary_large_image","twitter_misc":{"Gesch\u00e4tzte Lesezeit":"1\u00a0Minute"},"schema":{"@context":"https:\/\/schema.org","@graph":[{"@type":"WebPage","@id":"https:\/\/cilipohorc.com\/de\/izdelek\/pekoce-omake-de\/cili-omaka-pohorc-classic\/","url":"https:\/\/cilipohorc.com\/de\/izdelek\/pekoce-omake-de\/cili-omaka-pohorc-classic\/","name":"Chilli Pohorc CLASSIC - CILIPOHORC","isPartOf":{"@id":"https:\/\/cilipohorc.com\/de\/#website"},"primaryImageOfPage":{"@id":"https:\/\/cilipohorc.com\/de\/izdelek\/pekoce-omake-de\/cili-omaka-pohorc-classic\/#primaryimage"},"image":{"@id":"https:\/\/cilipohorc.com\/de\/izdelek\/pekoce-omake-de\/cili-omaka-pohorc-classic\/#primaryimage"},"thumbnailUrl":"https:\/\/cilipohorc.com\/wp-content\/uploads\/2023\/09\/DSC01075.jpg","datePublished":"2023-09-05T09:08:41+00:00","dateModified":"2023-09-08T12:21:15+00:00","breadcrumb":{"@id":"https:\/\/cilipohorc.com\/de\/izdelek\/pekoce-omake-de\/cili-omaka-pohorc-classic\/#breadcrumb"},"inLanguage":"de","potentialAction":[{"@type":"ReadAction","target":["https:\/\/cilipohorc.com\/de\/izdelek\/pekoce-omake-de\/cili-omaka-pohorc-classic\/"]}]},{"@type":"ImageObject","inLanguage":"de","@id":"https:\/\/cilipohorc.com\/de\/izdelek\/pekoce-omake-de\/cili-omaka-pohorc-classic\/#primaryimage","url":"https:\/\/cilipohorc.com\/wp-content\/uploads\/2023\/09\/DSC01075.jpg","contentUrl":"https:\/\/cilipohorc.com\/wp-content\/uploads\/2023\/09\/DSC01075.jpg","width":1638,"height":2048},{"@type":"BreadcrumbList","@id":"https:\/\/cilipohorc.com\/de\/izdelek\/pekoce-omake-de\/cili-omaka-pohorc-classic\/#breadcrumb","itemListElement":[{"@type":"ListItem","position":1,"name":"Home","item":"https:\/\/cilipohorc.com\/de\/"},{"@type":"ListItem","position":2,"name":"Trgovina","item":"https:\/\/cilipohorc.com\/shop\/"},{"@type":"ListItem","position":3,"name":"Chilli Pohorc CLASSIC"}]},{"@type":"WebSite","@id":"https:\/\/cilipohorc.com\/de\/#website","url":"https:\/\/cilipohorc.com\/de\/","name":"CILIPOHORC","description":"Okusno in pikantno","publisher":{"@id":"https:\/\/cilipohorc.com\/de\/#organization"},"potentialAction":[{"@type":"SearchAction","target":{"@type":"EntryPoint","urlTemplate":"https:\/\/cilipohorc.com\/de\/?s={search_term_string}"},"query-input":{"@type":"PropertyValueSpecification","valueRequired":true,"valueName":"search_term_string"}}],"inLanguage":"de"},{"@type":"Organization","@id":"https:\/\/cilipohorc.com\/de\/#organization","name":"CILIPOHORC","url":"https:\/\/cilipohorc.com\/de\/","logo":{"@type":"ImageObject","inLanguage":"de","@id":"https:\/\/cilipohorc.com\/de\/#\/schema\/logo\/image\/","url":"https:\/\/cilipohorc.com\/wp-content\/uploads\/2023\/04\/pohorc_logo.svg","contentUrl":"https:\/\/cilipohorc.com\/wp-content\/uploads\/2023\/04\/pohorc_logo.svg","width":1246,"height":436,"caption":"CILIPOHORC"},"image":{"@id":"https:\/\/cilipohorc.com\/de\/#\/schema\/logo\/image\/"},"sameAs":["https:\/\/www.facebook.com\/PohorcBIOChili"]}]}},"jetpack_sharing_enabled":true,"_links":{"self":[{"href":"https:\/\/cilipohorc.com\/de\/wp-json\/wp\/v2\/product\/1775","targetHints":{"allow":["GET"]}}],"collection":[{"href":"https:\/\/cilipohorc.com\/de\/wp-json\/wp\/v2\/product"}],"about":[{"href":"https:\/\/cilipohorc.com\/de\/wp-json\/wp\/v2\/types\/product"}],"replies":[{"embeddable":true,"href":"https:\/\/cilipohorc.com\/de\/wp-json\/wp\/v2\/comments?post=1775"}],"wp:featuredmedia":[{"embeddable":true,"href":"https:\/\/cilipohorc.com\/de\/wp-json\/wp\/v2\/media\/2372"}],"wp:attachment":[{"href":"https:\/\/cilipohorc.com\/de\/wp-json\/wp\/v2\/media?parent=1775"}],"wp:term":[{"taxonomy":"product_brand","embeddable":true,"href":"https:\/\/cilipohorc.com\/de\/wp-json\/wp\/v2\/product_brand?post=1775"},{"taxonomy":"product_cat","embeddable":true,"href":"https:\/\/cilipohorc.com\/de\/wp-json\/wp\/v2\/product_cat?post=1775"},{"taxonomy":"product_tag","embeddable":true,"href":"https:\/\/cilipohorc.com\/de\/wp-json\/wp\/v2\/product_tag?post=1775"}],"curies":[{"name":"wp","href":"https:\/\/api.w.org\/{rel}","templated":true}]}}