{"id":1777,"date":"2021-08-03T12:05:22","date_gmt":"2021-08-03T10:05:22","guid":{"rendered":"https:\/\/cilipohorc.meld.solutions\/izdelek\/unkategorisiert\/promotional-contour-standard-ballpen-colours-18\/"},"modified":"2023-09-12T21:49:34","modified_gmt":"2023-09-12T19:49:34","slug":"promotional-contour-standard-ballpen-colours-18","status":"publish","type":"product","link":"https:\/\/cilipohorc.com\/de\/izdelek\/cili-namazi-de\/promotional-contour-standard-ballpen-colours-18\/","title":{"rendered":"BBQ n&#8217;JAM"},"content":{"rendered":"<p>Egal, ob sie Fleisch oder Gem\u00fcse grillen, mit unserer leckeren BBQ nJAM Barbecue-Sauce<\/p>\n<p>zum Dippen f\u00fcr verschiedene K\u00f6stlichkeiten wird Ihr Meisterwerk garantiert noch besser.<\/p>\n<p>F\u00fcr unsere BBQ nJAM haben wir nur die besten Zutaten verwendet. Wir haben auch<\/p>\n<p>ger\u00e4ucherte rote Paprika hinzugef\u00fcgt, die wir langsam ger\u00e4uchert haben, um unserem BBQ<\/p>\n<p>nJAM einen wilden, nat\u00fcrlichen Geschmack zu verleihen.<\/p>\n<p>BBQ nJAM wird von weniger scharfen, aber sorgf\u00e4ltig ausgew\u00e4hlten Chilis begleitet, die die<\/p>\n<p>Aromen verbinden. So k\u00f6nnen auch diejenigen, die Chilis nicht so gerne m\u00f6gen, sie<\/p>\n<p>genie\u00dfen.<\/p>\n<p>BBQ nJAM Barbecue-Sauce kann als Beilage zu gegrillten Gerichten serviert werden. Sie<\/p>\n<p>eignet sich auch hervorragend als Marinade, mit der man Fleisch vor dem Grillen schmiert.<\/p>\n<p>Sie eignet sich auch gut als Dip f\u00fcr Mais- oder Kartoffelchips und verschiedene Snacks.<\/p>\n<p>Kurz gesagt, es ist eine Sauce, die viele Gerichte bereichert.<\/p>\n<p>Guten Appetit.<\/p>\n<p>Zutaten:<\/p>\n<ul>\n<li>Zwiebeln*<\/li>\n<li>Chili*<\/li>\n<li>Ger\u00e4ucherter Paprika*<\/li>\n<li>Tomaten*<\/li>\n<li>Knoblauch*<\/li>\n<li>Ahornsirup*<\/li>\n<li>Piran Meersalz<\/li>\n<li>Rohrzucker*<\/li>\n<li>Essig*<\/li>\n<li>Kaltgepresstes Sonnenblumen\u00f6l*<\/li>\n<\/ul>\n<p>*Zutaten aus biologischem Anbau<\/p>\n<p>Gluten- und zusatzstofffreies, vegane Lebensmittel.<\/p>\n<p>Alle Zutaten, au\u00dfer Salz, Ahornsirup und Zucker, stammen von unserem Bauernhof.<\/p>\n<p>Enth\u00e4lt: 210 ml<\/p>\n","protected":false},"excerpt":{"rendered":"<p>Egal, ob sie Fleisch oder Gem\u00fcse grillen, mit unserer leckeren BBQ nJAM Barbecue-Sauce zum Dippen f\u00fcr verschiedene K\u00f6stlichkeiten wird Ihr Meisterwerk garantiert noch besser.<\/p>\n","protected":false},"featured_media":1550,"comment_status":"closed","ping_status":"closed","template":"","meta":{"site-sidebar-layout":"default","site-content-layout":"default","ast-site-content-layout":"default","site-content-style":"default","site-sidebar-style":"default","ast-global-header-display":"","ast-banner-title-visibility":"","ast-main-header-display":"","ast-hfb-above-header-display":"","ast-hfb-below-header-display":"","ast-hfb-mobile-header-display":"","site-post-title":"","ast-breadcrumbs-content":"","ast-featured-img":"","footer-sml-layout":"","theme-transparent-header-meta":"default","adv-header-id-meta":"","stick-header-meta":"","header-above-stick-meta":"","header-main-stick-meta":"","header-below-stick-meta":"","astra-migrate-meta-layouts":"set","ast-page-background-enabled":"default","ast-page-background-meta":{"desktop":{"background-color":"","background-image":"","background-repeat":"repeat","background-position":"center center","background-size":"auto","background-attachment":"scroll","background-type":"","background-media":"","overlay-type":"","overlay-color":"","overlay-opacity":"","overlay-gradient":""},"tablet":{"background-color":"","background-image":"","background-repeat":"repeat","background-position":"center center","background-size":"auto","background-attachment":"scroll","background-type":"","background-media":"","overlay-type":"","overlay-color":"","overlay-opacity":"","overlay-gradient":""},"mobile":{"background-color":"","background-image":"","background-repeat":"repeat","background-position":"center center","background-size":"auto","background-attachment":"scroll","background-type":"","background-media":"","overlay-type":"","overlay-color":"","overlay-opacity":"","overlay-gradient":""}},"ast-content-background-meta":{"desktop":{"background-color":"var(--ast-global-color-5)","background-image":"","background-repeat":"repeat","background-position":"center center","background-size":"auto","background-attachment":"scroll","background-type":"","background-media":"","overlay-type":"","overlay-color":"","overlay-opacity":"","overlay-gradient":""},"tablet":{"background-color":"var(--ast-global-color-5)","background-image":"","background-repeat":"repeat","background-position":"center center","background-size":"auto","background-attachment":"scroll","background-type":"","background-media":"","overlay-type":"","overlay-color":"","overlay-opacity":"","overlay-gradient":""},"mobile":{"background-color":"var(--ast-global-color-5)","background-image":"","background-repeat":"repeat","background-position":"center center","background-size":"auto","background-attachment":"scroll","background-type":"","background-media":"","overlay-type":"","overlay-color":"","overlay-opacity":"","overlay-gradient":""}}},"product_brand":[],"product_cat":[44],"product_tag":[],"class_list":{"0":"post-1777","1":"product","2":"type-product","3":"status-publish","4":"has-post-thumbnail","6":"product_cat-cili-namazi-de","7":"desktop-align-left","8":"tablet-align-left","9":"mobile-align-center","10":"ast-product-gallery-layout-horizontal-slider","11":"ast-product-gallery-with-no-image","12":"ast-product-tabs-layout-vertical","13":"ast-qv-on-image","15":"first","16":"instock","17":"featured","18":"shipping-taxable","19":"purchasable","20":"product-type-simple"},"yoast_head":"<!-- This site is optimized with the Yoast SEO plugin v27.2 - https:\/\/yoast.com\/product\/yoast-seo-wordpress\/ -->\n<title>BBQ n&#039;JAM - CILIPOHORC<\/title>\n<meta name=\"robots\" content=\"index, follow, max-snippet:-1, max-image-preview:large, max-video-preview:-1\" \/>\n<link rel=\"canonical\" href=\"https:\/\/cilipohorc.com\/de\/izdelek\/cili-namazi-de\/promotional-contour-standard-ballpen-colours-18\/\" \/>\n<meta property=\"og:locale\" content=\"de_DE\" \/>\n<meta property=\"og:type\" content=\"article\" \/>\n<meta property=\"og:title\" content=\"BBQ n&#039;JAM - CILIPOHORC\" \/>\n<meta property=\"og:description\" content=\"Egal, ob sie Fleisch oder Gem\u00fcse grillen, mit unserer leckeren BBQ nJAM Barbecue-Sauce zum Dippen f\u00fcr verschiedene K\u00f6stlichkeiten wird Ihr Meisterwerk garantiert noch besser.\" \/>\n<meta property=\"og:url\" content=\"https:\/\/cilipohorc.com\/de\/izdelek\/cili-namazi-de\/promotional-contour-standard-ballpen-colours-18\/\" \/>\n<meta property=\"og:site_name\" content=\"CILIPOHORC\" \/>\n<meta property=\"article:publisher\" content=\"https:\/\/www.facebook.com\/PohorcBIOChili\" \/>\n<meta property=\"article:modified_time\" content=\"2023-09-12T19:49:34+00:00\" \/>\n<meta property=\"og:image\" content=\"https:\/\/cilipohorc.com\/wp-content\/uploads\/2021\/08\/bbqnjam.jpeg\" \/>\n\t<meta property=\"og:image:width\" content=\"1920\" \/>\n\t<meta property=\"og:image:height\" content=\"1920\" \/>\n\t<meta property=\"og:image:type\" content=\"image\/jpeg\" \/>\n<meta name=\"twitter:card\" content=\"summary_large_image\" \/>\n<meta name=\"twitter:label1\" content=\"Gesch\u00e4tzte Lesezeit\" \/>\n\t<meta name=\"twitter:data1\" content=\"1\u00a0Minute\" \/>\n<script type=\"application\/ld+json\" class=\"yoast-schema-graph\">{\"@context\":\"https:\/\/schema.org\",\"@graph\":[{\"@type\":\"WebPage\",\"@id\":\"https:\/\/cilipohorc.com\/de\/izdelek\/cili-namazi-de\/promotional-contour-standard-ballpen-colours-18\/\",\"url\":\"https:\/\/cilipohorc.com\/de\/izdelek\/cili-namazi-de\/promotional-contour-standard-ballpen-colours-18\/\",\"name\":\"BBQ n'JAM - CILIPOHORC\",\"isPartOf\":{\"@id\":\"https:\/\/cilipohorc.com\/de\/#website\"},\"primaryImageOfPage\":{\"@id\":\"https:\/\/cilipohorc.com\/de\/izdelek\/cili-namazi-de\/promotional-contour-standard-ballpen-colours-18\/#primaryimage\"},\"image\":{\"@id\":\"https:\/\/cilipohorc.com\/de\/izdelek\/cili-namazi-de\/promotional-contour-standard-ballpen-colours-18\/#primaryimage\"},\"thumbnailUrl\":\"https:\/\/cilipohorc.com\/wp-content\/uploads\/2021\/08\/bbqnjam.jpeg\",\"datePublished\":\"2021-08-03T10:05:22+00:00\",\"dateModified\":\"2023-09-12T19:49:34+00:00\",\"breadcrumb\":{\"@id\":\"https:\/\/cilipohorc.com\/de\/izdelek\/cili-namazi-de\/promotional-contour-standard-ballpen-colours-18\/#breadcrumb\"},\"inLanguage\":\"de\",\"potentialAction\":[{\"@type\":\"ReadAction\",\"target\":[\"https:\/\/cilipohorc.com\/de\/izdelek\/cili-namazi-de\/promotional-contour-standard-ballpen-colours-18\/\"]}]},{\"@type\":\"ImageObject\",\"inLanguage\":\"de\",\"@id\":\"https:\/\/cilipohorc.com\/de\/izdelek\/cili-namazi-de\/promotional-contour-standard-ballpen-colours-18\/#primaryimage\",\"url\":\"https:\/\/cilipohorc.com\/wp-content\/uploads\/2021\/08\/bbqnjam.jpeg\",\"contentUrl\":\"https:\/\/cilipohorc.com\/wp-content\/uploads\/2021\/08\/bbqnjam.jpeg\",\"width\":1920,\"height\":1920},{\"@type\":\"BreadcrumbList\",\"@id\":\"https:\/\/cilipohorc.com\/de\/izdelek\/cili-namazi-de\/promotional-contour-standard-ballpen-colours-18\/#breadcrumb\",\"itemListElement\":[{\"@type\":\"ListItem\",\"position\":1,\"name\":\"Home\",\"item\":\"https:\/\/cilipohorc.com\/de\/\"},{\"@type\":\"ListItem\",\"position\":2,\"name\":\"Trgovina\",\"item\":\"https:\/\/cilipohorc.com\/shop\/\"},{\"@type\":\"ListItem\",\"position\":3,\"name\":\"BBQ n&#8217;JAM\"}]},{\"@type\":\"WebSite\",\"@id\":\"https:\/\/cilipohorc.com\/de\/#website\",\"url\":\"https:\/\/cilipohorc.com\/de\/\",\"name\":\"CILIPOHORC\",\"description\":\"Okusno in pikantno\",\"publisher\":{\"@id\":\"https:\/\/cilipohorc.com\/de\/#organization\"},\"potentialAction\":[{\"@type\":\"SearchAction\",\"target\":{\"@type\":\"EntryPoint\",\"urlTemplate\":\"https:\/\/cilipohorc.com\/de\/?s={search_term_string}\"},\"query-input\":{\"@type\":\"PropertyValueSpecification\",\"valueRequired\":true,\"valueName\":\"search_term_string\"}}],\"inLanguage\":\"de\"},{\"@type\":\"Organization\",\"@id\":\"https:\/\/cilipohorc.com\/de\/#organization\",\"name\":\"CILIPOHORC\",\"url\":\"https:\/\/cilipohorc.com\/de\/\",\"logo\":{\"@type\":\"ImageObject\",\"inLanguage\":\"de\",\"@id\":\"https:\/\/cilipohorc.com\/de\/#\/schema\/logo\/image\/\",\"url\":\"https:\/\/cilipohorc.com\/wp-content\/uploads\/2023\/04\/pohorc_logo.svg\",\"contentUrl\":\"https:\/\/cilipohorc.com\/wp-content\/uploads\/2023\/04\/pohorc_logo.svg\",\"width\":1246,\"height\":436,\"caption\":\"CILIPOHORC\"},\"image\":{\"@id\":\"https:\/\/cilipohorc.com\/de\/#\/schema\/logo\/image\/\"},\"sameAs\":[\"https:\/\/www.facebook.com\/PohorcBIOChili\"]}]}<\/script>\n<!-- \/ Yoast SEO plugin. -->","yoast_head_json":{"title":"BBQ n'JAM - CILIPOHORC","robots":{"index":"index","follow":"follow","max-snippet":"max-snippet:-1","max-image-preview":"max-image-preview:large","max-video-preview":"max-video-preview:-1"},"canonical":"https:\/\/cilipohorc.com\/de\/izdelek\/cili-namazi-de\/promotional-contour-standard-ballpen-colours-18\/","og_locale":"de_DE","og_type":"article","og_title":"BBQ n'JAM - CILIPOHORC","og_description":"Egal, ob sie Fleisch oder Gem\u00fcse grillen, mit unserer leckeren BBQ nJAM Barbecue-Sauce zum Dippen f\u00fcr verschiedene K\u00f6stlichkeiten wird Ihr Meisterwerk garantiert noch besser.","og_url":"https:\/\/cilipohorc.com\/de\/izdelek\/cili-namazi-de\/promotional-contour-standard-ballpen-colours-18\/","og_site_name":"CILIPOHORC","article_publisher":"https:\/\/www.facebook.com\/PohorcBIOChili","article_modified_time":"2023-09-12T19:49:34+00:00","og_image":[{"width":1920,"height":1920,"url":"https:\/\/cilipohorc.com\/wp-content\/uploads\/2021\/08\/bbqnjam.jpeg","type":"image\/jpeg"}],"twitter_card":"summary_large_image","twitter_misc":{"Gesch\u00e4tzte Lesezeit":"1\u00a0Minute"},"schema":{"@context":"https:\/\/schema.org","@graph":[{"@type":"WebPage","@id":"https:\/\/cilipohorc.com\/de\/izdelek\/cili-namazi-de\/promotional-contour-standard-ballpen-colours-18\/","url":"https:\/\/cilipohorc.com\/de\/izdelek\/cili-namazi-de\/promotional-contour-standard-ballpen-colours-18\/","name":"BBQ n'JAM - CILIPOHORC","isPartOf":{"@id":"https:\/\/cilipohorc.com\/de\/#website"},"primaryImageOfPage":{"@id":"https:\/\/cilipohorc.com\/de\/izdelek\/cili-namazi-de\/promotional-contour-standard-ballpen-colours-18\/#primaryimage"},"image":{"@id":"https:\/\/cilipohorc.com\/de\/izdelek\/cili-namazi-de\/promotional-contour-standard-ballpen-colours-18\/#primaryimage"},"thumbnailUrl":"https:\/\/cilipohorc.com\/wp-content\/uploads\/2021\/08\/bbqnjam.jpeg","datePublished":"2021-08-03T10:05:22+00:00","dateModified":"2023-09-12T19:49:34+00:00","breadcrumb":{"@id":"https:\/\/cilipohorc.com\/de\/izdelek\/cili-namazi-de\/promotional-contour-standard-ballpen-colours-18\/#breadcrumb"},"inLanguage":"de","potentialAction":[{"@type":"ReadAction","target":["https:\/\/cilipohorc.com\/de\/izdelek\/cili-namazi-de\/promotional-contour-standard-ballpen-colours-18\/"]}]},{"@type":"ImageObject","inLanguage":"de","@id":"https:\/\/cilipohorc.com\/de\/izdelek\/cili-namazi-de\/promotional-contour-standard-ballpen-colours-18\/#primaryimage","url":"https:\/\/cilipohorc.com\/wp-content\/uploads\/2021\/08\/bbqnjam.jpeg","contentUrl":"https:\/\/cilipohorc.com\/wp-content\/uploads\/2021\/08\/bbqnjam.jpeg","width":1920,"height":1920},{"@type":"BreadcrumbList","@id":"https:\/\/cilipohorc.com\/de\/izdelek\/cili-namazi-de\/promotional-contour-standard-ballpen-colours-18\/#breadcrumb","itemListElement":[{"@type":"ListItem","position":1,"name":"Home","item":"https:\/\/cilipohorc.com\/de\/"},{"@type":"ListItem","position":2,"name":"Trgovina","item":"https:\/\/cilipohorc.com\/shop\/"},{"@type":"ListItem","position":3,"name":"BBQ n&#8217;JAM"}]},{"@type":"WebSite","@id":"https:\/\/cilipohorc.com\/de\/#website","url":"https:\/\/cilipohorc.com\/de\/","name":"CILIPOHORC","description":"Okusno in pikantno","publisher":{"@id":"https:\/\/cilipohorc.com\/de\/#organization"},"potentialAction":[{"@type":"SearchAction","target":{"@type":"EntryPoint","urlTemplate":"https:\/\/cilipohorc.com\/de\/?s={search_term_string}"},"query-input":{"@type":"PropertyValueSpecification","valueRequired":true,"valueName":"search_term_string"}}],"inLanguage":"de"},{"@type":"Organization","@id":"https:\/\/cilipohorc.com\/de\/#organization","name":"CILIPOHORC","url":"https:\/\/cilipohorc.com\/de\/","logo":{"@type":"ImageObject","inLanguage":"de","@id":"https:\/\/cilipohorc.com\/de\/#\/schema\/logo\/image\/","url":"https:\/\/cilipohorc.com\/wp-content\/uploads\/2023\/04\/pohorc_logo.svg","contentUrl":"https:\/\/cilipohorc.com\/wp-content\/uploads\/2023\/04\/pohorc_logo.svg","width":1246,"height":436,"caption":"CILIPOHORC"},"image":{"@id":"https:\/\/cilipohorc.com\/de\/#\/schema\/logo\/image\/"},"sameAs":["https:\/\/www.facebook.com\/PohorcBIOChili"]}]}},"jetpack_sharing_enabled":true,"_links":{"self":[{"href":"https:\/\/cilipohorc.com\/de\/wp-json\/wp\/v2\/product\/1777","targetHints":{"allow":["GET"]}}],"collection":[{"href":"https:\/\/cilipohorc.com\/de\/wp-json\/wp\/v2\/product"}],"about":[{"href":"https:\/\/cilipohorc.com\/de\/wp-json\/wp\/v2\/types\/product"}],"replies":[{"embeddable":true,"href":"https:\/\/cilipohorc.com\/de\/wp-json\/wp\/v2\/comments?post=1777"}],"wp:featuredmedia":[{"embeddable":true,"href":"https:\/\/cilipohorc.com\/de\/wp-json\/wp\/v2\/media\/1550"}],"wp:attachment":[{"href":"https:\/\/cilipohorc.com\/de\/wp-json\/wp\/v2\/media?parent=1777"}],"wp:term":[{"taxonomy":"product_brand","embeddable":true,"href":"https:\/\/cilipohorc.com\/de\/wp-json\/wp\/v2\/product_brand?post=1777"},{"taxonomy":"product_cat","embeddable":true,"href":"https:\/\/cilipohorc.com\/de\/wp-json\/wp\/v2\/product_cat?post=1777"},{"taxonomy":"product_tag","embeddable":true,"href":"https:\/\/cilipohorc.com\/de\/wp-json\/wp\/v2\/product_tag?post=1777"}],"curies":[{"name":"wp","href":"https:\/\/api.w.org\/{rel}","templated":true}]}}