{"id":1783,"date":"2023-09-05T12:34:18","date_gmt":"2023-09-05T10:34:18","guid":{"rendered":"https:\/\/cilipohorc.meld.solutions\/izdelek\/unkategorisiert\/cebulni-njam\/"},"modified":"2023-09-11T09:00:06","modified_gmt":"2023-09-11T08:00:06","slug":"cebulni-njam","status":"publish","type":"product","link":"https:\/\/cilipohorc.com\/de\/izdelek\/cili-namazi-de\/cebulni-njam\/","title":{"rendered":"Zwiebel nJAM"},"content":{"rendered":"<p>Njamm njammm njammmm njammmm<\/p>\n<p>Ein neues Mitglied hat sich dem \u010cili Pohorc Team angeschlossen. Und das ist Herr nJAM \/<\/p>\n<p>Zwiebel nJAM<\/p>\n<p>nJAM haben wir getestet, probiert, entwickelt und noch vieles, vieles mehr.<\/p>\n<p>Am Ende haben wir ein Produkt, vor dem sich selbst die anspruchsvollsten Feinschmecker<\/p>\n<p>verneigen.<\/p>\n<p>Es handelt sich um einen Brotaufstrich aus karamellisierten Zwiebeln mit sorgf\u00e4ltig<\/p>\n<p>ausgew\u00e4hltem Chili. nJAM passt zu allen Fleischsorten, ist unverzichtbar auf Burgern, Pasta<\/p>\n<p>und Risotto.<\/p>\n<p>Er ist eine willkommene Erg\u00e4nzung zu K\u00e4seplatten und Canap\u00e9s und eignet sich auch<\/p>\n<p>hervorragend f\u00fcr Salate&#8230;<\/p>\n<p>Kurz gesagt, es ist ein Brotaufstrich, der viele Gerichte bereichert.<\/p>\n<p>Wenn sie also etwas Neues ausprobieren m\u00f6chten, ist n\u2018JAM die richtige Wahl f\u00fcr sie.<\/p>\n<p>Probieren sie ihn und garantiert haben sie ein einzigartiges Geschmackserlebnis!<\/p>\n<p>Guten Appetit!<\/p>\n<p>Zutaten:<\/p>\n<p>Zwiebeln*<\/p>\n<p>Chili*<\/p>\n<p>Piran Meersalz<\/p>\n<p>Rohrzucker*<\/p>\n<p>Apfelessig*<\/p>\n<p>Kaltgepresstes Sonnenblumen-\/Raps\u00f6l*<\/p>\n<p>*Zutaten sind aus biologischem Anbau<\/p>\n<p>Gluten- und zusatzstofffreies, vegane Lebensmittel.<\/p>\n<p>Alle Zutaten, au\u00dfer Salz und Zucker, stammen von unserem Bauernhof.<\/p>\n<p>Enth\u00e4lt: 210 ml<\/p>\n","protected":false},"excerpt":{"rendered":"<p>Njamm njammm njammmm njammmm<\/p>\n<p>Ein neues Mitglied hat sich dem \u010cili Pohorc Team angeschlossen. Und das ist Herr nJAM \/<\/p>\n<p>Zwiebel nJAM<\/p>\n","protected":false},"featured_media":1578,"comment_status":"open","ping_status":"closed","template":"","meta":{"site-sidebar-layout":"default","site-content-layout":"default","ast-site-content-layout":"default","site-content-style":"default","site-sidebar-style":"default","ast-global-header-display":"","ast-banner-title-visibility":"","ast-main-header-display":"","ast-hfb-above-header-display":"","ast-hfb-below-header-display":"","ast-hfb-mobile-header-display":"","site-post-title":"","ast-breadcrumbs-content":"","ast-featured-img":"","footer-sml-layout":"","theme-transparent-header-meta":"default","adv-header-id-meta":"","stick-header-meta":"","header-above-stick-meta":"","header-main-stick-meta":"","header-below-stick-meta":"","astra-migrate-meta-layouts":"set","ast-page-background-enabled":"default","ast-page-background-meta":{"desktop":{"background-color":"","background-image":"","background-repeat":"repeat","background-position":"center center","background-size":"auto","background-attachment":"scroll","background-type":"","background-media":"","overlay-type":"","overlay-color":"","overlay-opacity":"","overlay-gradient":""},"tablet":{"background-color":"","background-image":"","background-repeat":"repeat","background-position":"center center","background-size":"auto","background-attachment":"scroll","background-type":"","background-media":"","overlay-type":"","overlay-color":"","overlay-opacity":"","overlay-gradient":""},"mobile":{"background-color":"","background-image":"","background-repeat":"repeat","background-position":"center center","background-size":"auto","background-attachment":"scroll","background-type":"","background-media":"","overlay-type":"","overlay-color":"","overlay-opacity":"","overlay-gradient":""}},"ast-content-background-meta":{"desktop":{"background-color":"var(--ast-global-color-5)","background-image":"","background-repeat":"repeat","background-position":"center center","background-size":"auto","background-attachment":"scroll","background-type":"","background-media":"","overlay-type":"","overlay-color":"","overlay-opacity":"","overlay-gradient":""},"tablet":{"background-color":"var(--ast-global-color-5)","background-image":"","background-repeat":"repeat","background-position":"center center","background-size":"auto","background-attachment":"scroll","background-type":"","background-media":"","overlay-type":"","overlay-color":"","overlay-opacity":"","overlay-gradient":""},"mobile":{"background-color":"var(--ast-global-color-5)","background-image":"","background-repeat":"repeat","background-position":"center center","background-size":"auto","background-attachment":"scroll","background-type":"","background-media":"","overlay-type":"","overlay-color":"","overlay-opacity":"","overlay-gradient":""}}},"product_brand":[],"product_cat":[44],"product_tag":[],"class_list":{"0":"post-1783","1":"product","2":"type-product","3":"status-publish","4":"has-post-thumbnail","6":"product_cat-cili-namazi-de","7":"desktop-align-left","8":"tablet-align-left","9":"mobile-align-center","10":"ast-product-gallery-layout-horizontal-slider","11":"ast-product-gallery-with-no-image","12":"ast-product-tabs-layout-vertical","13":"ast-qv-on-image","15":"first","16":"instock","17":"featured","18":"shipping-taxable","19":"purchasable","20":"product-type-simple"},"yoast_head":"<!-- This site is optimized with the Yoast SEO plugin v27.2 - https:\/\/yoast.com\/product\/yoast-seo-wordpress\/ -->\n<title>Zwiebel nJAM - CILIPOHORC<\/title>\n<meta name=\"robots\" content=\"index, follow, max-snippet:-1, max-image-preview:large, max-video-preview:-1\" \/>\n<link rel=\"canonical\" href=\"https:\/\/cilipohorc.com\/de\/izdelek\/cili-namazi-de\/cebulni-njam\/\" \/>\n<meta property=\"og:locale\" content=\"de_DE\" \/>\n<meta property=\"og:type\" content=\"article\" \/>\n<meta property=\"og:title\" content=\"Zwiebel nJAM - CILIPOHORC\" \/>\n<meta property=\"og:description\" content=\"Njamm njammm njammmm njammmm  Ein neues Mitglied hat sich dem \u010cili Pohorc Team angeschlossen. Und das ist Herr nJAM \/  Zwiebel nJAM\" \/>\n<meta property=\"og:url\" content=\"https:\/\/cilipohorc.com\/de\/izdelek\/cili-namazi-de\/cebulni-njam\/\" \/>\n<meta property=\"og:site_name\" content=\"CILIPOHORC\" \/>\n<meta property=\"article:publisher\" content=\"https:\/\/www.facebook.com\/PohorcBIOChili\" \/>\n<meta property=\"article:modified_time\" content=\"2023-09-11T08:00:06+00:00\" \/>\n<meta property=\"og:image\" content=\"https:\/\/cilipohorc.com\/wp-content\/uploads\/2023\/09\/cebulni-njam.jpg\" \/>\n\t<meta property=\"og:image:width\" content=\"1920\" \/>\n\t<meta property=\"og:image:height\" content=\"2401\" \/>\n\t<meta property=\"og:image:type\" content=\"image\/jpeg\" \/>\n<meta name=\"twitter:card\" content=\"summary_large_image\" \/>\n<meta name=\"twitter:label1\" content=\"Gesch\u00e4tzte Lesezeit\" \/>\n\t<meta name=\"twitter:data1\" content=\"1\u00a0Minute\" \/>\n<script type=\"application\/ld+json\" class=\"yoast-schema-graph\">{\"@context\":\"https:\/\/schema.org\",\"@graph\":[{\"@type\":\"WebPage\",\"@id\":\"https:\/\/cilipohorc.com\/de\/izdelek\/cili-namazi-de\/cebulni-njam\/\",\"url\":\"https:\/\/cilipohorc.com\/de\/izdelek\/cili-namazi-de\/cebulni-njam\/\",\"name\":\"Zwiebel nJAM - CILIPOHORC\",\"isPartOf\":{\"@id\":\"https:\/\/cilipohorc.com\/de\/#website\"},\"primaryImageOfPage\":{\"@id\":\"https:\/\/cilipohorc.com\/de\/izdelek\/cili-namazi-de\/cebulni-njam\/#primaryimage\"},\"image\":{\"@id\":\"https:\/\/cilipohorc.com\/de\/izdelek\/cili-namazi-de\/cebulni-njam\/#primaryimage\"},\"thumbnailUrl\":\"https:\/\/cilipohorc.com\/wp-content\/uploads\/2023\/09\/cebulni-njam.jpg\",\"datePublished\":\"2023-09-05T10:34:18+00:00\",\"dateModified\":\"2023-09-11T08:00:06+00:00\",\"breadcrumb\":{\"@id\":\"https:\/\/cilipohorc.com\/de\/izdelek\/cili-namazi-de\/cebulni-njam\/#breadcrumb\"},\"inLanguage\":\"de\",\"potentialAction\":[{\"@type\":\"ReadAction\",\"target\":[\"https:\/\/cilipohorc.com\/de\/izdelek\/cili-namazi-de\/cebulni-njam\/\"]}]},{\"@type\":\"ImageObject\",\"inLanguage\":\"de\",\"@id\":\"https:\/\/cilipohorc.com\/de\/izdelek\/cili-namazi-de\/cebulni-njam\/#primaryimage\",\"url\":\"https:\/\/cilipohorc.com\/wp-content\/uploads\/2023\/09\/cebulni-njam.jpg\",\"contentUrl\":\"https:\/\/cilipohorc.com\/wp-content\/uploads\/2023\/09\/cebulni-njam.jpg\",\"width\":1920,\"height\":2401},{\"@type\":\"BreadcrumbList\",\"@id\":\"https:\/\/cilipohorc.com\/de\/izdelek\/cili-namazi-de\/cebulni-njam\/#breadcrumb\",\"itemListElement\":[{\"@type\":\"ListItem\",\"position\":1,\"name\":\"Home\",\"item\":\"https:\/\/cilipohorc.com\/de\/\"},{\"@type\":\"ListItem\",\"position\":2,\"name\":\"Trgovina\",\"item\":\"https:\/\/cilipohorc.com\/shop\/\"},{\"@type\":\"ListItem\",\"position\":3,\"name\":\"Zwiebel nJAM\"}]},{\"@type\":\"WebSite\",\"@id\":\"https:\/\/cilipohorc.com\/de\/#website\",\"url\":\"https:\/\/cilipohorc.com\/de\/\",\"name\":\"CILIPOHORC\",\"description\":\"Okusno in pikantno\",\"publisher\":{\"@id\":\"https:\/\/cilipohorc.com\/de\/#organization\"},\"potentialAction\":[{\"@type\":\"SearchAction\",\"target\":{\"@type\":\"EntryPoint\",\"urlTemplate\":\"https:\/\/cilipohorc.com\/de\/?s={search_term_string}\"},\"query-input\":{\"@type\":\"PropertyValueSpecification\",\"valueRequired\":true,\"valueName\":\"search_term_string\"}}],\"inLanguage\":\"de\"},{\"@type\":\"Organization\",\"@id\":\"https:\/\/cilipohorc.com\/de\/#organization\",\"name\":\"CILIPOHORC\",\"url\":\"https:\/\/cilipohorc.com\/de\/\",\"logo\":{\"@type\":\"ImageObject\",\"inLanguage\":\"de\",\"@id\":\"https:\/\/cilipohorc.com\/de\/#\/schema\/logo\/image\/\",\"url\":\"https:\/\/cilipohorc.com\/wp-content\/uploads\/2023\/04\/pohorc_logo.svg\",\"contentUrl\":\"https:\/\/cilipohorc.com\/wp-content\/uploads\/2023\/04\/pohorc_logo.svg\",\"width\":1246,\"height\":436,\"caption\":\"CILIPOHORC\"},\"image\":{\"@id\":\"https:\/\/cilipohorc.com\/de\/#\/schema\/logo\/image\/\"},\"sameAs\":[\"https:\/\/www.facebook.com\/PohorcBIOChili\"]}]}<\/script>\n<!-- \/ Yoast SEO plugin. -->","yoast_head_json":{"title":"Zwiebel nJAM - CILIPOHORC","robots":{"index":"index","follow":"follow","max-snippet":"max-snippet:-1","max-image-preview":"max-image-preview:large","max-video-preview":"max-video-preview:-1"},"canonical":"https:\/\/cilipohorc.com\/de\/izdelek\/cili-namazi-de\/cebulni-njam\/","og_locale":"de_DE","og_type":"article","og_title":"Zwiebel nJAM - CILIPOHORC","og_description":"Njamm njammm njammmm njammmm  Ein neues Mitglied hat sich dem \u010cili Pohorc Team angeschlossen. Und das ist Herr nJAM \/  Zwiebel nJAM","og_url":"https:\/\/cilipohorc.com\/de\/izdelek\/cili-namazi-de\/cebulni-njam\/","og_site_name":"CILIPOHORC","article_publisher":"https:\/\/www.facebook.com\/PohorcBIOChili","article_modified_time":"2023-09-11T08:00:06+00:00","og_image":[{"width":1920,"height":2401,"url":"https:\/\/cilipohorc.com\/wp-content\/uploads\/2023\/09\/cebulni-njam.jpg","type":"image\/jpeg"}],"twitter_card":"summary_large_image","twitter_misc":{"Gesch\u00e4tzte Lesezeit":"1\u00a0Minute"},"schema":{"@context":"https:\/\/schema.org","@graph":[{"@type":"WebPage","@id":"https:\/\/cilipohorc.com\/de\/izdelek\/cili-namazi-de\/cebulni-njam\/","url":"https:\/\/cilipohorc.com\/de\/izdelek\/cili-namazi-de\/cebulni-njam\/","name":"Zwiebel nJAM - CILIPOHORC","isPartOf":{"@id":"https:\/\/cilipohorc.com\/de\/#website"},"primaryImageOfPage":{"@id":"https:\/\/cilipohorc.com\/de\/izdelek\/cili-namazi-de\/cebulni-njam\/#primaryimage"},"image":{"@id":"https:\/\/cilipohorc.com\/de\/izdelek\/cili-namazi-de\/cebulni-njam\/#primaryimage"},"thumbnailUrl":"https:\/\/cilipohorc.com\/wp-content\/uploads\/2023\/09\/cebulni-njam.jpg","datePublished":"2023-09-05T10:34:18+00:00","dateModified":"2023-09-11T08:00:06+00:00","breadcrumb":{"@id":"https:\/\/cilipohorc.com\/de\/izdelek\/cili-namazi-de\/cebulni-njam\/#breadcrumb"},"inLanguage":"de","potentialAction":[{"@type":"ReadAction","target":["https:\/\/cilipohorc.com\/de\/izdelek\/cili-namazi-de\/cebulni-njam\/"]}]},{"@type":"ImageObject","inLanguage":"de","@id":"https:\/\/cilipohorc.com\/de\/izdelek\/cili-namazi-de\/cebulni-njam\/#primaryimage","url":"https:\/\/cilipohorc.com\/wp-content\/uploads\/2023\/09\/cebulni-njam.jpg","contentUrl":"https:\/\/cilipohorc.com\/wp-content\/uploads\/2023\/09\/cebulni-njam.jpg","width":1920,"height":2401},{"@type":"BreadcrumbList","@id":"https:\/\/cilipohorc.com\/de\/izdelek\/cili-namazi-de\/cebulni-njam\/#breadcrumb","itemListElement":[{"@type":"ListItem","position":1,"name":"Home","item":"https:\/\/cilipohorc.com\/de\/"},{"@type":"ListItem","position":2,"name":"Trgovina","item":"https:\/\/cilipohorc.com\/shop\/"},{"@type":"ListItem","position":3,"name":"Zwiebel nJAM"}]},{"@type":"WebSite","@id":"https:\/\/cilipohorc.com\/de\/#website","url":"https:\/\/cilipohorc.com\/de\/","name":"CILIPOHORC","description":"Okusno in pikantno","publisher":{"@id":"https:\/\/cilipohorc.com\/de\/#organization"},"potentialAction":[{"@type":"SearchAction","target":{"@type":"EntryPoint","urlTemplate":"https:\/\/cilipohorc.com\/de\/?s={search_term_string}"},"query-input":{"@type":"PropertyValueSpecification","valueRequired":true,"valueName":"search_term_string"}}],"inLanguage":"de"},{"@type":"Organization","@id":"https:\/\/cilipohorc.com\/de\/#organization","name":"CILIPOHORC","url":"https:\/\/cilipohorc.com\/de\/","logo":{"@type":"ImageObject","inLanguage":"de","@id":"https:\/\/cilipohorc.com\/de\/#\/schema\/logo\/image\/","url":"https:\/\/cilipohorc.com\/wp-content\/uploads\/2023\/04\/pohorc_logo.svg","contentUrl":"https:\/\/cilipohorc.com\/wp-content\/uploads\/2023\/04\/pohorc_logo.svg","width":1246,"height":436,"caption":"CILIPOHORC"},"image":{"@id":"https:\/\/cilipohorc.com\/de\/#\/schema\/logo\/image\/"},"sameAs":["https:\/\/www.facebook.com\/PohorcBIOChili"]}]}},"jetpack_sharing_enabled":true,"_links":{"self":[{"href":"https:\/\/cilipohorc.com\/de\/wp-json\/wp\/v2\/product\/1783","targetHints":{"allow":["GET"]}}],"collection":[{"href":"https:\/\/cilipohorc.com\/de\/wp-json\/wp\/v2\/product"}],"about":[{"href":"https:\/\/cilipohorc.com\/de\/wp-json\/wp\/v2\/types\/product"}],"replies":[{"embeddable":true,"href":"https:\/\/cilipohorc.com\/de\/wp-json\/wp\/v2\/comments?post=1783"}],"wp:featuredmedia":[{"embeddable":true,"href":"https:\/\/cilipohorc.com\/de\/wp-json\/wp\/v2\/media\/1578"}],"wp:attachment":[{"href":"https:\/\/cilipohorc.com\/de\/wp-json\/wp\/v2\/media?parent=1783"}],"wp:term":[{"taxonomy":"product_brand","embeddable":true,"href":"https:\/\/cilipohorc.com\/de\/wp-json\/wp\/v2\/product_brand?post=1783"},{"taxonomy":"product_cat","embeddable":true,"href":"https:\/\/cilipohorc.com\/de\/wp-json\/wp\/v2\/product_cat?post=1783"},{"taxonomy":"product_tag","embeddable":true,"href":"https:\/\/cilipohorc.com\/de\/wp-json\/wp\/v2\/product_tag?post=1783"}],"curies":[{"name":"wp","href":"https:\/\/api.w.org\/{rel}","templated":true}]}}