{"id":1796,"date":"2021-08-03T14:52:00","date_gmt":"2021-08-03T12:52:00","guid":{"rendered":"https:\/\/cilipohorc.meld.solutions\/izdelek\/unkategorisiert\/promotional-contour-standard-ballpen-colours-34\/"},"modified":"2023-09-11T09:22:49","modified_gmt":"2023-09-11T08:22:49","slug":"promotional-contour-standard-ballpen-colours-34","status":"publish","type":"product","link":"https:\/\/cilipohorc.com\/de\/izdelek\/ostale-dobrote-de\/promotional-contour-standard-ballpen-colours-34\/","title":{"rendered":"Kaltgepresstes frisches Bio-\u00d6l mit Chili"},"content":{"rendered":"<p>Da wir nur das Beste anbieten, haben wir uns entschlossen, die richtige Harmonie f\u00fcr Ihre<\/p>\n<p>kulinarischen Meisterwerke herzustellen.<\/p>\n<p>Wir haben viel Zeit damit verbracht, dar\u00fcber nachzudenken, welches \u00d6l wir w\u00e4hlen sollten.<\/p>\n<p>Wir wollten etwas Neutrales, etwas Frisches, etwas, bei dem der Geschmack des Chilis im<\/p>\n<p>Vordergrund steht, und nat\u00fcrlich, was am wichtigsten ist, etwas, das auf unserem Hof<\/p>\n<p>angebaut wird.<\/p>\n<p>Wir entschieden uns f\u00fcr kaltgepresstes Sonnenblumen\u00f6l. F\u00fcr die Herstellung dieses \u00d6ls<\/p>\n<p>verwenden wir unsere Bio-Sonnenblumenkerne, die auf unseren Feldern angebaut werden.<\/p>\n<p>Die Kerne werden vor dem Pressen von Hand sortiert. Das \u00d6l wird ein bis zwei Tage lang<\/p>\n<p>stehen gelassen, bevor es ungefiltert in Flaschen eingef\u00fcllt wird, die bereits mit nat\u00fcrlich<\/p>\n<p>getrockneten und speziell ausgew\u00e4hlten Chilischoten gef\u00fcllt sind. Um eine himmlische<\/p>\n<p>Harmonie zu entwickeln, wird der Inhalt versiegelt und 14 Tage lang ruhen gelassen. Alle<\/p>\n<p>zwei Tage wird die Flasche leicht umger\u00fchrt. Wenn sich das \u00d6l leicht rot f\u00e4rbt, ist es bereit<\/p>\n<p>f\u00fcr den Gebrauch.<\/p>\n<p>Es eignet sich hervorragend als Topping f\u00fcr Pizzen, Pasta und Risotto. Man kann auch einfach<\/p>\n<p>Eier darin braten oder eine Vielzahl von Gerichten damit kochen. Auch als W\u00fcrzmittel f\u00fcr<\/p>\n<p>Saucen und Marinaden oder als Salatdressing ist es zu empfehlen. Interessant ist, dass es<\/p>\n<p>einfach unges\u00e4ttigte Fetts\u00e4uren enth\u00e4lt, von denen 90 % OMEGA 9 sind.<\/p>\n<p>GUTEN APPETIT!<\/p>\n<p>An einem k\u00fchlen, dunklen Ort aufbewahren. Vor Gebrauch sch\u00fctteln. Nach dem \u00d6ffnen k\u00fchl<\/p>\n<p>lagern und bis zu 6 Monate aufbewahren.<\/p>\n<p>Zutaten:<\/p>\n<p>Chili*<\/p>\n<p>Sonnenblumen\u00f6l*<\/p>\n<p>Sonnenblumen\u00f6l *Zutaten sind aus biologischem Anbau<\/p>\n<p>Gluten- und zusatzstofffrei, vegane Lebensmittel. Das \u00d6l ist immer frisch.<\/p>\n<p>Alle Zutaten stammen von unserem Bauernhof.<\/p>\n<p>Enth\u00e4lt: 250 ml<\/p>\n","protected":false},"excerpt":{"rendered":"<p>Da wir nur das Beste anbieten, haben wir uns entschlossen, die richtige Harmonie f\u00fcr Ihre kulinarischen Meisterwerke herzustellen.<\/p>\n","protected":false},"featured_media":1542,"comment_status":"open","ping_status":"closed","template":"","meta":{"site-sidebar-layout":"default","site-content-layout":"default","ast-site-content-layout":"default","site-content-style":"default","site-sidebar-style":"default","ast-global-header-display":"","ast-banner-title-visibility":"","ast-main-header-display":"","ast-hfb-above-header-display":"","ast-hfb-below-header-display":"","ast-hfb-mobile-header-display":"","site-post-title":"","ast-breadcrumbs-content":"","ast-featured-img":"","footer-sml-layout":"","theme-transparent-header-meta":"default","adv-header-id-meta":"","stick-header-meta":"","header-above-stick-meta":"","header-main-stick-meta":"","header-below-stick-meta":"","astra-migrate-meta-layouts":"set","ast-page-background-enabled":"default","ast-page-background-meta":{"desktop":{"background-color":"","background-image":"","background-repeat":"repeat","background-position":"center center","background-size":"auto","background-attachment":"scroll","background-type":"","background-media":"","overlay-type":"","overlay-color":"","overlay-opacity":"","overlay-gradient":""},"tablet":{"background-color":"","background-image":"","background-repeat":"repeat","background-position":"center center","background-size":"auto","background-attachment":"scroll","background-type":"","background-media":"","overlay-type":"","overlay-color":"","overlay-opacity":"","overlay-gradient":""},"mobile":{"background-color":"","background-image":"","background-repeat":"repeat","background-position":"center center","background-size":"auto","background-attachment":"scroll","background-type":"","background-media":"","overlay-type":"","overlay-color":"","overlay-opacity":"","overlay-gradient":""}},"ast-content-background-meta":{"desktop":{"background-color":"var(--ast-global-color-5)","background-image":"","background-repeat":"repeat","background-position":"center center","background-size":"auto","background-attachment":"scroll","background-type":"","background-media":"","overlay-type":"","overlay-color":"","overlay-opacity":"","overlay-gradient":""},"tablet":{"background-color":"var(--ast-global-color-5)","background-image":"","background-repeat":"repeat","background-position":"center center","background-size":"auto","background-attachment":"scroll","background-type":"","background-media":"","overlay-type":"","overlay-color":"","overlay-opacity":"","overlay-gradient":""},"mobile":{"background-color":"var(--ast-global-color-5)","background-image":"","background-repeat":"repeat","background-position":"center center","background-size":"auto","background-attachment":"scroll","background-type":"","background-media":"","overlay-type":"","overlay-color":"","overlay-opacity":"","overlay-gradient":""}}},"product_brand":[],"product_cat":[45],"product_tag":[],"class_list":{"0":"post-1796","1":"product","2":"type-product","3":"status-publish","4":"has-post-thumbnail","6":"product_cat-ostale-dobrote-de","7":"desktop-align-left","8":"tablet-align-left","9":"mobile-align-center","10":"ast-product-gallery-layout-horizontal-slider","11":"ast-product-gallery-with-no-image","12":"ast-product-tabs-layout-vertical","13":"ast-qv-on-image","15":"first","16":"instock","17":"shipping-taxable","18":"purchasable","19":"product-type-simple"},"yoast_head":"<!-- This site is optimized with the Yoast SEO plugin v27.2 - https:\/\/yoast.com\/product\/yoast-seo-wordpress\/ -->\n<title>Kaltgepresstes frisches Bio-\u00d6l mit Chili - CILIPOHORC<\/title>\n<meta name=\"robots\" content=\"index, follow, max-snippet:-1, max-image-preview:large, max-video-preview:-1\" \/>\n<link rel=\"canonical\" href=\"https:\/\/cilipohorc.com\/de\/izdelek\/ostale-dobrote-de\/promotional-contour-standard-ballpen-colours-34\/\" \/>\n<meta property=\"og:locale\" content=\"de_DE\" \/>\n<meta property=\"og:type\" content=\"article\" \/>\n<meta property=\"og:title\" content=\"Kaltgepresstes frisches Bio-\u00d6l mit Chili - CILIPOHORC\" \/>\n<meta property=\"og:description\" content=\"Da wir nur das Beste anbieten, haben wir uns entschlossen, die richtige Harmonie f\u00fcr Ihre kulinarischen Meisterwerke herzustellen.\" \/>\n<meta property=\"og:url\" content=\"https:\/\/cilipohorc.com\/de\/izdelek\/ostale-dobrote-de\/promotional-contour-standard-ballpen-colours-34\/\" \/>\n<meta property=\"og:site_name\" content=\"CILIPOHORC\" \/>\n<meta property=\"article:publisher\" content=\"https:\/\/www.facebook.com\/PohorcBIOChili\" \/>\n<meta property=\"article:modified_time\" content=\"2023-09-11T08:22:49+00:00\" \/>\n<meta property=\"og:image\" content=\"https:\/\/cilipohorc.com\/wp-content\/uploads\/2021\/08\/hladnostiskano-scaled.jpeg\" \/>\n\t<meta property=\"og:image:width\" content=\"1706\" \/>\n\t<meta property=\"og:image:height\" content=\"2560\" \/>\n\t<meta property=\"og:image:type\" content=\"image\/jpeg\" \/>\n<meta name=\"twitter:card\" content=\"summary_large_image\" \/>\n<meta name=\"twitter:label1\" content=\"Gesch\u00e4tzte Lesezeit\" \/>\n\t<meta name=\"twitter:data1\" content=\"2\u00a0Minuten\" \/>\n<script type=\"application\/ld+json\" class=\"yoast-schema-graph\">{\"@context\":\"https:\/\/schema.org\",\"@graph\":[{\"@type\":\"WebPage\",\"@id\":\"https:\/\/cilipohorc.com\/de\/izdelek\/ostale-dobrote-de\/promotional-contour-standard-ballpen-colours-34\/\",\"url\":\"https:\/\/cilipohorc.com\/de\/izdelek\/ostale-dobrote-de\/promotional-contour-standard-ballpen-colours-34\/\",\"name\":\"Kaltgepresstes frisches Bio-\u00d6l mit Chili - CILIPOHORC\",\"isPartOf\":{\"@id\":\"https:\/\/cilipohorc.com\/de\/#website\"},\"primaryImageOfPage\":{\"@id\":\"https:\/\/cilipohorc.com\/de\/izdelek\/ostale-dobrote-de\/promotional-contour-standard-ballpen-colours-34\/#primaryimage\"},\"image\":{\"@id\":\"https:\/\/cilipohorc.com\/de\/izdelek\/ostale-dobrote-de\/promotional-contour-standard-ballpen-colours-34\/#primaryimage\"},\"thumbnailUrl\":\"https:\/\/cilipohorc.com\/wp-content\/uploads\/2021\/08\/hladnostiskano-scaled.jpeg\",\"datePublished\":\"2021-08-03T12:52:00+00:00\",\"dateModified\":\"2023-09-11T08:22:49+00:00\",\"breadcrumb\":{\"@id\":\"https:\/\/cilipohorc.com\/de\/izdelek\/ostale-dobrote-de\/promotional-contour-standard-ballpen-colours-34\/#breadcrumb\"},\"inLanguage\":\"de\",\"potentialAction\":[{\"@type\":\"ReadAction\",\"target\":[\"https:\/\/cilipohorc.com\/de\/izdelek\/ostale-dobrote-de\/promotional-contour-standard-ballpen-colours-34\/\"]}]},{\"@type\":\"ImageObject\",\"inLanguage\":\"de\",\"@id\":\"https:\/\/cilipohorc.com\/de\/izdelek\/ostale-dobrote-de\/promotional-contour-standard-ballpen-colours-34\/#primaryimage\",\"url\":\"https:\/\/cilipohorc.com\/wp-content\/uploads\/2021\/08\/hladnostiskano-scaled.jpeg\",\"contentUrl\":\"https:\/\/cilipohorc.com\/wp-content\/uploads\/2021\/08\/hladnostiskano-scaled.jpeg\",\"width\":1706,\"height\":2560},{\"@type\":\"BreadcrumbList\",\"@id\":\"https:\/\/cilipohorc.com\/de\/izdelek\/ostale-dobrote-de\/promotional-contour-standard-ballpen-colours-34\/#breadcrumb\",\"itemListElement\":[{\"@type\":\"ListItem\",\"position\":1,\"name\":\"Home\",\"item\":\"https:\/\/cilipohorc.com\/de\/\"},{\"@type\":\"ListItem\",\"position\":2,\"name\":\"Trgovina\",\"item\":\"https:\/\/cilipohorc.com\/shop\/\"},{\"@type\":\"ListItem\",\"position\":3,\"name\":\"Kaltgepresstes frisches Bio-\u00d6l mit Chili\"}]},{\"@type\":\"WebSite\",\"@id\":\"https:\/\/cilipohorc.com\/de\/#website\",\"url\":\"https:\/\/cilipohorc.com\/de\/\",\"name\":\"CILIPOHORC\",\"description\":\"Okusno in pikantno\",\"publisher\":{\"@id\":\"https:\/\/cilipohorc.com\/de\/#organization\"},\"potentialAction\":[{\"@type\":\"SearchAction\",\"target\":{\"@type\":\"EntryPoint\",\"urlTemplate\":\"https:\/\/cilipohorc.com\/de\/?s={search_term_string}\"},\"query-input\":{\"@type\":\"PropertyValueSpecification\",\"valueRequired\":true,\"valueName\":\"search_term_string\"}}],\"inLanguage\":\"de\"},{\"@type\":\"Organization\",\"@id\":\"https:\/\/cilipohorc.com\/de\/#organization\",\"name\":\"CILIPOHORC\",\"url\":\"https:\/\/cilipohorc.com\/de\/\",\"logo\":{\"@type\":\"ImageObject\",\"inLanguage\":\"de\",\"@id\":\"https:\/\/cilipohorc.com\/de\/#\/schema\/logo\/image\/\",\"url\":\"https:\/\/cilipohorc.com\/wp-content\/uploads\/2023\/04\/pohorc_logo.svg\",\"contentUrl\":\"https:\/\/cilipohorc.com\/wp-content\/uploads\/2023\/04\/pohorc_logo.svg\",\"width\":1246,\"height\":436,\"caption\":\"CILIPOHORC\"},\"image\":{\"@id\":\"https:\/\/cilipohorc.com\/de\/#\/schema\/logo\/image\/\"},\"sameAs\":[\"https:\/\/www.facebook.com\/PohorcBIOChili\"]}]}<\/script>\n<!-- \/ Yoast SEO plugin. -->","yoast_head_json":{"title":"Kaltgepresstes frisches Bio-\u00d6l mit Chili - CILIPOHORC","robots":{"index":"index","follow":"follow","max-snippet":"max-snippet:-1","max-image-preview":"max-image-preview:large","max-video-preview":"max-video-preview:-1"},"canonical":"https:\/\/cilipohorc.com\/de\/izdelek\/ostale-dobrote-de\/promotional-contour-standard-ballpen-colours-34\/","og_locale":"de_DE","og_type":"article","og_title":"Kaltgepresstes frisches Bio-\u00d6l mit Chili - CILIPOHORC","og_description":"Da wir nur das Beste anbieten, haben wir uns entschlossen, die richtige Harmonie f\u00fcr Ihre kulinarischen Meisterwerke herzustellen.","og_url":"https:\/\/cilipohorc.com\/de\/izdelek\/ostale-dobrote-de\/promotional-contour-standard-ballpen-colours-34\/","og_site_name":"CILIPOHORC","article_publisher":"https:\/\/www.facebook.com\/PohorcBIOChili","article_modified_time":"2023-09-11T08:22:49+00:00","og_image":[{"width":1706,"height":2560,"url":"https:\/\/cilipohorc.com\/wp-content\/uploads\/2021\/08\/hladnostiskano-scaled.jpeg","type":"image\/jpeg"}],"twitter_card":"summary_large_image","twitter_misc":{"Gesch\u00e4tzte Lesezeit":"2\u00a0Minuten"},"schema":{"@context":"https:\/\/schema.org","@graph":[{"@type":"WebPage","@id":"https:\/\/cilipohorc.com\/de\/izdelek\/ostale-dobrote-de\/promotional-contour-standard-ballpen-colours-34\/","url":"https:\/\/cilipohorc.com\/de\/izdelek\/ostale-dobrote-de\/promotional-contour-standard-ballpen-colours-34\/","name":"Kaltgepresstes frisches Bio-\u00d6l mit Chili - CILIPOHORC","isPartOf":{"@id":"https:\/\/cilipohorc.com\/de\/#website"},"primaryImageOfPage":{"@id":"https:\/\/cilipohorc.com\/de\/izdelek\/ostale-dobrote-de\/promotional-contour-standard-ballpen-colours-34\/#primaryimage"},"image":{"@id":"https:\/\/cilipohorc.com\/de\/izdelek\/ostale-dobrote-de\/promotional-contour-standard-ballpen-colours-34\/#primaryimage"},"thumbnailUrl":"https:\/\/cilipohorc.com\/wp-content\/uploads\/2021\/08\/hladnostiskano-scaled.jpeg","datePublished":"2021-08-03T12:52:00+00:00","dateModified":"2023-09-11T08:22:49+00:00","breadcrumb":{"@id":"https:\/\/cilipohorc.com\/de\/izdelek\/ostale-dobrote-de\/promotional-contour-standard-ballpen-colours-34\/#breadcrumb"},"inLanguage":"de","potentialAction":[{"@type":"ReadAction","target":["https:\/\/cilipohorc.com\/de\/izdelek\/ostale-dobrote-de\/promotional-contour-standard-ballpen-colours-34\/"]}]},{"@type":"ImageObject","inLanguage":"de","@id":"https:\/\/cilipohorc.com\/de\/izdelek\/ostale-dobrote-de\/promotional-contour-standard-ballpen-colours-34\/#primaryimage","url":"https:\/\/cilipohorc.com\/wp-content\/uploads\/2021\/08\/hladnostiskano-scaled.jpeg","contentUrl":"https:\/\/cilipohorc.com\/wp-content\/uploads\/2021\/08\/hladnostiskano-scaled.jpeg","width":1706,"height":2560},{"@type":"BreadcrumbList","@id":"https:\/\/cilipohorc.com\/de\/izdelek\/ostale-dobrote-de\/promotional-contour-standard-ballpen-colours-34\/#breadcrumb","itemListElement":[{"@type":"ListItem","position":1,"name":"Home","item":"https:\/\/cilipohorc.com\/de\/"},{"@type":"ListItem","position":2,"name":"Trgovina","item":"https:\/\/cilipohorc.com\/shop\/"},{"@type":"ListItem","position":3,"name":"Kaltgepresstes frisches Bio-\u00d6l mit Chili"}]},{"@type":"WebSite","@id":"https:\/\/cilipohorc.com\/de\/#website","url":"https:\/\/cilipohorc.com\/de\/","name":"CILIPOHORC","description":"Okusno in pikantno","publisher":{"@id":"https:\/\/cilipohorc.com\/de\/#organization"},"potentialAction":[{"@type":"SearchAction","target":{"@type":"EntryPoint","urlTemplate":"https:\/\/cilipohorc.com\/de\/?s={search_term_string}"},"query-input":{"@type":"PropertyValueSpecification","valueRequired":true,"valueName":"search_term_string"}}],"inLanguage":"de"},{"@type":"Organization","@id":"https:\/\/cilipohorc.com\/de\/#organization","name":"CILIPOHORC","url":"https:\/\/cilipohorc.com\/de\/","logo":{"@type":"ImageObject","inLanguage":"de","@id":"https:\/\/cilipohorc.com\/de\/#\/schema\/logo\/image\/","url":"https:\/\/cilipohorc.com\/wp-content\/uploads\/2023\/04\/pohorc_logo.svg","contentUrl":"https:\/\/cilipohorc.com\/wp-content\/uploads\/2023\/04\/pohorc_logo.svg","width":1246,"height":436,"caption":"CILIPOHORC"},"image":{"@id":"https:\/\/cilipohorc.com\/de\/#\/schema\/logo\/image\/"},"sameAs":["https:\/\/www.facebook.com\/PohorcBIOChili"]}]}},"jetpack_sharing_enabled":true,"_links":{"self":[{"href":"https:\/\/cilipohorc.com\/de\/wp-json\/wp\/v2\/product\/1796","targetHints":{"allow":["GET"]}}],"collection":[{"href":"https:\/\/cilipohorc.com\/de\/wp-json\/wp\/v2\/product"}],"about":[{"href":"https:\/\/cilipohorc.com\/de\/wp-json\/wp\/v2\/types\/product"}],"replies":[{"embeddable":true,"href":"https:\/\/cilipohorc.com\/de\/wp-json\/wp\/v2\/comments?post=1796"}],"wp:featuredmedia":[{"embeddable":true,"href":"https:\/\/cilipohorc.com\/de\/wp-json\/wp\/v2\/media\/1542"}],"wp:attachment":[{"href":"https:\/\/cilipohorc.com\/de\/wp-json\/wp\/v2\/media?parent=1796"}],"wp:term":[{"taxonomy":"product_brand","embeddable":true,"href":"https:\/\/cilipohorc.com\/de\/wp-json\/wp\/v2\/product_brand?post=1796"},{"taxonomy":"product_cat","embeddable":true,"href":"https:\/\/cilipohorc.com\/de\/wp-json\/wp\/v2\/product_cat?post=1796"},{"taxonomy":"product_tag","embeddable":true,"href":"https:\/\/cilipohorc.com\/de\/wp-json\/wp\/v2\/product_tag?post=1796"}],"curies":[{"name":"wp","href":"https:\/\/api.w.org\/{rel}","templated":true}]}}