{"id":1799,"date":"2021-08-03T14:48:52","date_gmt":"2021-08-03T12:48:52","guid":{"rendered":"https:\/\/cilipohorc.meld.solutions\/izdelek\/unkategorisiert\/promotional-contour-standard-ballpen-colours-32\/"},"modified":"2023-09-11T09:32:54","modified_gmt":"2023-09-11T08:32:54","slug":"promotional-contour-standard-ballpen-colours-32","status":"publish","type":"product","link":"https:\/\/cilipohorc.com\/de\/izdelek\/ostale-dobrote-de\/promotional-contour-standard-ballpen-colours-32\/","title":{"rendered":"Chili in Essig"},"content":{"rendered":"<p>Die Saison, wenn es keine frischen Chilis gibt, ist sehr lang. Und eine Mahlzeit ohne Chilis ist keine richtige Mahlzeit. Wir haben die L\u00f6sung gefunden. Chilis wurden in herrliche teuflische Gl\u00e4ser eingelegt und mit hei\u00dfer Mischung aus Essig, Zucker und Meersalz gef\u00fcllt, so dass sie immer noch ein leichtes \u00bbKnack\u00ab haben. Im Glas finden sie folgende Chilisorten: Jalapeno, Lemon Drop, Habanero und Cherry Bombs&#8230;<\/p>\n<p>Zutaten:<\/p>\n<ul>\n<li>Chilis*<\/li>\n<li>Rohrzucker*<\/li>\n<li>Meersalz<\/li>\n<li>Sonnenblumen\u00f6l*<\/li>\n<\/ul>\n<p>*Zutaten sind aus kontrolliert biologischem Anbau.<\/p>\n<p>Frei von Gluten und Additiven. Vegan.<\/p>\n<p>Inhalt: 210 ml<\/p>\n","protected":false},"excerpt":{"rendered":"<p class=\"ng-tns-c79-7\">Die Saison, wenn es keine frischen Chilis gibt, ist sehr lang.<\/p>\n","protected":false},"featured_media":1498,"comment_status":"open","ping_status":"closed","template":"","meta":{"site-sidebar-layout":"default","site-content-layout":"default","ast-site-content-layout":"default","site-content-style":"default","site-sidebar-style":"default","ast-global-header-display":"","ast-banner-title-visibility":"","ast-main-header-display":"","ast-hfb-above-header-display":"","ast-hfb-below-header-display":"","ast-hfb-mobile-header-display":"","site-post-title":"","ast-breadcrumbs-content":"","ast-featured-img":"","footer-sml-layout":"","theme-transparent-header-meta":"default","adv-header-id-meta":"","stick-header-meta":"","header-above-stick-meta":"","header-main-stick-meta":"","header-below-stick-meta":"","astra-migrate-meta-layouts":"set","ast-page-background-enabled":"default","ast-page-background-meta":{"desktop":{"background-color":"","background-image":"","background-repeat":"repeat","background-position":"center center","background-size":"auto","background-attachment":"scroll","background-type":"","background-media":"","overlay-type":"","overlay-color":"","overlay-opacity":"","overlay-gradient":""},"tablet":{"background-color":"","background-image":"","background-repeat":"repeat","background-position":"center center","background-size":"auto","background-attachment":"scroll","background-type":"","background-media":"","overlay-type":"","overlay-color":"","overlay-opacity":"","overlay-gradient":""},"mobile":{"background-color":"","background-image":"","background-repeat":"repeat","background-position":"center center","background-size":"auto","background-attachment":"scroll","background-type":"","background-media":"","overlay-type":"","overlay-color":"","overlay-opacity":"","overlay-gradient":""}},"ast-content-background-meta":{"desktop":{"background-color":"var(--ast-global-color-5)","background-image":"","background-repeat":"repeat","background-position":"center center","background-size":"auto","background-attachment":"scroll","background-type":"","background-media":"","overlay-type":"","overlay-color":"","overlay-opacity":"","overlay-gradient":""},"tablet":{"background-color":"var(--ast-global-color-5)","background-image":"","background-repeat":"repeat","background-position":"center center","background-size":"auto","background-attachment":"scroll","background-type":"","background-media":"","overlay-type":"","overlay-color":"","overlay-opacity":"","overlay-gradient":""},"mobile":{"background-color":"var(--ast-global-color-5)","background-image":"","background-repeat":"repeat","background-position":"center center","background-size":"auto","background-attachment":"scroll","background-type":"","background-media":"","overlay-type":"","overlay-color":"","overlay-opacity":"","overlay-gradient":""}}},"product_brand":[],"product_cat":[45],"product_tag":[],"class_list":{"0":"post-1799","1":"product","2":"type-product","3":"status-publish","4":"has-post-thumbnail","6":"product_cat-ostale-dobrote-de","7":"desktop-align-left","8":"tablet-align-left","9":"mobile-align-center","10":"ast-product-gallery-layout-horizontal-slider","11":"ast-product-tabs-layout-vertical","12":"ast-qv-on-image","14":"first","15":"outofstock","16":"shipping-taxable","17":"purchasable","18":"product-type-simple"},"yoast_head":"<!-- This site is optimized with the Yoast SEO plugin v27.2 - https:\/\/yoast.com\/product\/yoast-seo-wordpress\/ -->\n<title>Chili in Essig - CILIPOHORC<\/title>\n<meta name=\"robots\" content=\"index, follow, max-snippet:-1, max-image-preview:large, max-video-preview:-1\" \/>\n<link rel=\"canonical\" href=\"https:\/\/cilipohorc.com\/de\/izdelek\/ostale-dobrote-de\/promotional-contour-standard-ballpen-colours-32\/\" \/>\n<meta property=\"og:locale\" content=\"de_DE\" \/>\n<meta property=\"og:type\" content=\"article\" \/>\n<meta property=\"og:title\" content=\"Chili in Essig - CILIPOHORC\" \/>\n<meta property=\"og:description\" content=\"Die Saison, wenn es keine frischen Chilis gibt, ist sehr lang.\" \/>\n<meta property=\"og:url\" content=\"https:\/\/cilipohorc.com\/de\/izdelek\/ostale-dobrote-de\/promotional-contour-standard-ballpen-colours-32\/\" \/>\n<meta property=\"og:site_name\" content=\"CILIPOHORC\" \/>\n<meta property=\"article:publisher\" content=\"https:\/\/www.facebook.com\/PohorcBIOChili\" \/>\n<meta property=\"article:modified_time\" content=\"2023-09-11T08:32:54+00:00\" \/>\n<meta property=\"og:image\" content=\"https:\/\/cilipohorc.com\/wp-content\/uploads\/2023\/04\/DSC04668.jpg\" \/>\n\t<meta property=\"og:image:width\" content=\"1365\" \/>\n\t<meta property=\"og:image:height\" content=\"2048\" \/>\n\t<meta property=\"og:image:type\" content=\"image\/jpeg\" \/>\n<meta name=\"twitter:card\" content=\"summary_large_image\" \/>\n<meta name=\"twitter:label1\" content=\"Gesch\u00e4tzte Lesezeit\" \/>\n\t<meta name=\"twitter:data1\" content=\"1\u00a0Minute\" \/>\n<script type=\"application\/ld+json\" class=\"yoast-schema-graph\">{\"@context\":\"https:\/\/schema.org\",\"@graph\":[{\"@type\":\"WebPage\",\"@id\":\"https:\/\/cilipohorc.com\/de\/izdelek\/ostale-dobrote-de\/promotional-contour-standard-ballpen-colours-32\/\",\"url\":\"https:\/\/cilipohorc.com\/de\/izdelek\/ostale-dobrote-de\/promotional-contour-standard-ballpen-colours-32\/\",\"name\":\"Chili in Essig - CILIPOHORC\",\"isPartOf\":{\"@id\":\"https:\/\/cilipohorc.com\/de\/#website\"},\"primaryImageOfPage\":{\"@id\":\"https:\/\/cilipohorc.com\/de\/izdelek\/ostale-dobrote-de\/promotional-contour-standard-ballpen-colours-32\/#primaryimage\"},\"image\":{\"@id\":\"https:\/\/cilipohorc.com\/de\/izdelek\/ostale-dobrote-de\/promotional-contour-standard-ballpen-colours-32\/#primaryimage\"},\"thumbnailUrl\":\"https:\/\/cilipohorc.com\/wp-content\/uploads\/2023\/04\/DSC04668.jpg\",\"datePublished\":\"2021-08-03T12:48:52+00:00\",\"dateModified\":\"2023-09-11T08:32:54+00:00\",\"breadcrumb\":{\"@id\":\"https:\/\/cilipohorc.com\/de\/izdelek\/ostale-dobrote-de\/promotional-contour-standard-ballpen-colours-32\/#breadcrumb\"},\"inLanguage\":\"de\",\"potentialAction\":[{\"@type\":\"ReadAction\",\"target\":[\"https:\/\/cilipohorc.com\/de\/izdelek\/ostale-dobrote-de\/promotional-contour-standard-ballpen-colours-32\/\"]}]},{\"@type\":\"ImageObject\",\"inLanguage\":\"de\",\"@id\":\"https:\/\/cilipohorc.com\/de\/izdelek\/ostale-dobrote-de\/promotional-contour-standard-ballpen-colours-32\/#primaryimage\",\"url\":\"https:\/\/cilipohorc.com\/wp-content\/uploads\/2023\/04\/DSC04668.jpg\",\"contentUrl\":\"https:\/\/cilipohorc.com\/wp-content\/uploads\/2023\/04\/DSC04668.jpg\",\"width\":1365,\"height\":2048},{\"@type\":\"BreadcrumbList\",\"@id\":\"https:\/\/cilipohorc.com\/de\/izdelek\/ostale-dobrote-de\/promotional-contour-standard-ballpen-colours-32\/#breadcrumb\",\"itemListElement\":[{\"@type\":\"ListItem\",\"position\":1,\"name\":\"Home\",\"item\":\"https:\/\/cilipohorc.com\/de\/\"},{\"@type\":\"ListItem\",\"position\":2,\"name\":\"Trgovina\",\"item\":\"https:\/\/cilipohorc.com\/shop\/\"},{\"@type\":\"ListItem\",\"position\":3,\"name\":\"Chili in Essig\"}]},{\"@type\":\"WebSite\",\"@id\":\"https:\/\/cilipohorc.com\/de\/#website\",\"url\":\"https:\/\/cilipohorc.com\/de\/\",\"name\":\"CILIPOHORC\",\"description\":\"Okusno in pikantno\",\"publisher\":{\"@id\":\"https:\/\/cilipohorc.com\/de\/#organization\"},\"potentialAction\":[{\"@type\":\"SearchAction\",\"target\":{\"@type\":\"EntryPoint\",\"urlTemplate\":\"https:\/\/cilipohorc.com\/de\/?s={search_term_string}\"},\"query-input\":{\"@type\":\"PropertyValueSpecification\",\"valueRequired\":true,\"valueName\":\"search_term_string\"}}],\"inLanguage\":\"de\"},{\"@type\":\"Organization\",\"@id\":\"https:\/\/cilipohorc.com\/de\/#organization\",\"name\":\"CILIPOHORC\",\"url\":\"https:\/\/cilipohorc.com\/de\/\",\"logo\":{\"@type\":\"ImageObject\",\"inLanguage\":\"de\",\"@id\":\"https:\/\/cilipohorc.com\/de\/#\/schema\/logo\/image\/\",\"url\":\"https:\/\/cilipohorc.com\/wp-content\/uploads\/2023\/04\/pohorc_logo.svg\",\"contentUrl\":\"https:\/\/cilipohorc.com\/wp-content\/uploads\/2023\/04\/pohorc_logo.svg\",\"width\":1246,\"height\":436,\"caption\":\"CILIPOHORC\"},\"image\":{\"@id\":\"https:\/\/cilipohorc.com\/de\/#\/schema\/logo\/image\/\"},\"sameAs\":[\"https:\/\/www.facebook.com\/PohorcBIOChili\"]}]}<\/script>\n<!-- \/ Yoast SEO plugin. -->","yoast_head_json":{"title":"Chili in Essig - CILIPOHORC","robots":{"index":"index","follow":"follow","max-snippet":"max-snippet:-1","max-image-preview":"max-image-preview:large","max-video-preview":"max-video-preview:-1"},"canonical":"https:\/\/cilipohorc.com\/de\/izdelek\/ostale-dobrote-de\/promotional-contour-standard-ballpen-colours-32\/","og_locale":"de_DE","og_type":"article","og_title":"Chili in Essig - CILIPOHORC","og_description":"Die Saison, wenn es keine frischen Chilis gibt, ist sehr lang.","og_url":"https:\/\/cilipohorc.com\/de\/izdelek\/ostale-dobrote-de\/promotional-contour-standard-ballpen-colours-32\/","og_site_name":"CILIPOHORC","article_publisher":"https:\/\/www.facebook.com\/PohorcBIOChili","article_modified_time":"2023-09-11T08:32:54+00:00","og_image":[{"width":1365,"height":2048,"url":"https:\/\/cilipohorc.com\/wp-content\/uploads\/2023\/04\/DSC04668.jpg","type":"image\/jpeg"}],"twitter_card":"summary_large_image","twitter_misc":{"Gesch\u00e4tzte Lesezeit":"1\u00a0Minute"},"schema":{"@context":"https:\/\/schema.org","@graph":[{"@type":"WebPage","@id":"https:\/\/cilipohorc.com\/de\/izdelek\/ostale-dobrote-de\/promotional-contour-standard-ballpen-colours-32\/","url":"https:\/\/cilipohorc.com\/de\/izdelek\/ostale-dobrote-de\/promotional-contour-standard-ballpen-colours-32\/","name":"Chili in Essig - CILIPOHORC","isPartOf":{"@id":"https:\/\/cilipohorc.com\/de\/#website"},"primaryImageOfPage":{"@id":"https:\/\/cilipohorc.com\/de\/izdelek\/ostale-dobrote-de\/promotional-contour-standard-ballpen-colours-32\/#primaryimage"},"image":{"@id":"https:\/\/cilipohorc.com\/de\/izdelek\/ostale-dobrote-de\/promotional-contour-standard-ballpen-colours-32\/#primaryimage"},"thumbnailUrl":"https:\/\/cilipohorc.com\/wp-content\/uploads\/2023\/04\/DSC04668.jpg","datePublished":"2021-08-03T12:48:52+00:00","dateModified":"2023-09-11T08:32:54+00:00","breadcrumb":{"@id":"https:\/\/cilipohorc.com\/de\/izdelek\/ostale-dobrote-de\/promotional-contour-standard-ballpen-colours-32\/#breadcrumb"},"inLanguage":"de","potentialAction":[{"@type":"ReadAction","target":["https:\/\/cilipohorc.com\/de\/izdelek\/ostale-dobrote-de\/promotional-contour-standard-ballpen-colours-32\/"]}]},{"@type":"ImageObject","inLanguage":"de","@id":"https:\/\/cilipohorc.com\/de\/izdelek\/ostale-dobrote-de\/promotional-contour-standard-ballpen-colours-32\/#primaryimage","url":"https:\/\/cilipohorc.com\/wp-content\/uploads\/2023\/04\/DSC04668.jpg","contentUrl":"https:\/\/cilipohorc.com\/wp-content\/uploads\/2023\/04\/DSC04668.jpg","width":1365,"height":2048},{"@type":"BreadcrumbList","@id":"https:\/\/cilipohorc.com\/de\/izdelek\/ostale-dobrote-de\/promotional-contour-standard-ballpen-colours-32\/#breadcrumb","itemListElement":[{"@type":"ListItem","position":1,"name":"Home","item":"https:\/\/cilipohorc.com\/de\/"},{"@type":"ListItem","position":2,"name":"Trgovina","item":"https:\/\/cilipohorc.com\/shop\/"},{"@type":"ListItem","position":3,"name":"Chili in Essig"}]},{"@type":"WebSite","@id":"https:\/\/cilipohorc.com\/de\/#website","url":"https:\/\/cilipohorc.com\/de\/","name":"CILIPOHORC","description":"Okusno in pikantno","publisher":{"@id":"https:\/\/cilipohorc.com\/de\/#organization"},"potentialAction":[{"@type":"SearchAction","target":{"@type":"EntryPoint","urlTemplate":"https:\/\/cilipohorc.com\/de\/?s={search_term_string}"},"query-input":{"@type":"PropertyValueSpecification","valueRequired":true,"valueName":"search_term_string"}}],"inLanguage":"de"},{"@type":"Organization","@id":"https:\/\/cilipohorc.com\/de\/#organization","name":"CILIPOHORC","url":"https:\/\/cilipohorc.com\/de\/","logo":{"@type":"ImageObject","inLanguage":"de","@id":"https:\/\/cilipohorc.com\/de\/#\/schema\/logo\/image\/","url":"https:\/\/cilipohorc.com\/wp-content\/uploads\/2023\/04\/pohorc_logo.svg","contentUrl":"https:\/\/cilipohorc.com\/wp-content\/uploads\/2023\/04\/pohorc_logo.svg","width":1246,"height":436,"caption":"CILIPOHORC"},"image":{"@id":"https:\/\/cilipohorc.com\/de\/#\/schema\/logo\/image\/"},"sameAs":["https:\/\/www.facebook.com\/PohorcBIOChili"]}]}},"jetpack_sharing_enabled":true,"_links":{"self":[{"href":"https:\/\/cilipohorc.com\/de\/wp-json\/wp\/v2\/product\/1799","targetHints":{"allow":["GET"]}}],"collection":[{"href":"https:\/\/cilipohorc.com\/de\/wp-json\/wp\/v2\/product"}],"about":[{"href":"https:\/\/cilipohorc.com\/de\/wp-json\/wp\/v2\/types\/product"}],"replies":[{"embeddable":true,"href":"https:\/\/cilipohorc.com\/de\/wp-json\/wp\/v2\/comments?post=1799"}],"wp:featuredmedia":[{"embeddable":true,"href":"https:\/\/cilipohorc.com\/de\/wp-json\/wp\/v2\/media\/1498"}],"wp:attachment":[{"href":"https:\/\/cilipohorc.com\/de\/wp-json\/wp\/v2\/media?parent=1799"}],"wp:term":[{"taxonomy":"product_brand","embeddable":true,"href":"https:\/\/cilipohorc.com\/de\/wp-json\/wp\/v2\/product_brand?post=1799"},{"taxonomy":"product_cat","embeddable":true,"href":"https:\/\/cilipohorc.com\/de\/wp-json\/wp\/v2\/product_cat?post=1799"},{"taxonomy":"product_tag","embeddable":true,"href":"https:\/\/cilipohorc.com\/de\/wp-json\/wp\/v2\/product_tag?post=1799"}],"curies":[{"name":"wp","href":"https:\/\/api.w.org\/{rel}","templated":true}]}}