{"id":2368,"date":"2023-11-19T18:38:08","date_gmt":"2023-11-19T17:38:08","guid":{"rendered":"https:\/\/cilipohorc.com\/izdelek\/unkategorisiert\/cili-omaka-pohorc-wild\/"},"modified":"2023-11-19T20:08:50","modified_gmt":"2023-11-19T19:08:50","slug":"cili-omaka-pohorc-wild","status":"publish","type":"product","link":"https:\/\/cilipohorc.com\/de\/izdelek\/pekoce-omake-de\/cili-omaka-pohorc-wild\/","title":{"rendered":"Pohorc WILD Chilisauce"},"content":{"rendered":"<p>Eine Zeit lang haben wir gez\u00f6gert, auf die W\u00fcnsche unserer Kunden einzugehen, &#8222;eine verr\u00fcckte scharfe Sauce&#8220; herzustellen. Wir wissen, dass wir mit Lebensmitteln arbeiten und dass wir, wenn wir etwas tun, es mehr als perfekt tun. In dieser Saison haben die verruchten und scharfen Chilis gut funktioniert. Nach reiflicher \u00dcberlegung entschied man sich, die sch\u00e4rfste Sauce zu kochen, die nat\u00fcrlich m\u00f6glich ist. Aus dem Gew\u00e4chshaus haben wir ein paar T\u00f6pfe der wahnsinnig scharfen Carolina Reaper Chili mitgebracht, die bis 2023 die sch\u00e4rfste Chili der Welt war. Wir machten ein Feuer im Freien und holten einen Topf. Alle Chilischoten und noch ein wenig mehr hineinkratzen, die anderen Zutaten und die Wildgew\u00fcrze hinzuf\u00fcgen. Anstelle eines R\u00fchrers nahmen wir einen brennenden Stock und r\u00fchrten ihn mehrmals um. Mein Kollege murmelte heidnische Phrasen&#8230; Wir haben Pohorc losgeschickt, um die Hauptzutat zu holen, die bis heute nicht zur\u00fcckgekommen ist&#8230; Es war wild.<\/p>\n<p>Wild ist das POHORC, wild ist das Chili, wild ist die Art der Zubereitung und wild wird es in Ihrem Mund sein!<\/p>\n<p>Zutaten:<\/p>\n<ul>\n<li>Chili (Carolina Reaper)*<\/li>\n<li>Zwiebeln*<\/li>\n<li>Tomatensorten*<\/li>\n<li>Rohrzucker*<\/li>\n<li>Meersalz<\/li>\n<li>Apfelessig*<\/li>\n<li>Sonnenblumen\u00f6l*<\/li>\n<\/ul>\n<p>*Zutaten sind biologischen Ursprungs<\/p>\n<p>Gluten- und zusatzstofffreie, vegan-freundliche Lebensmittel.<\/p>\n<p>Alle Zutaten, au\u00dfer Salz und Zucker, stammen von unserem Bauernhof.<\/p>\n<p>Beh\u00e4lter: 100 ml<\/p>\n","protected":false},"excerpt":{"rendered":"<p>Wild ist das NAHRUNGSMITTEL, wild ist das Chili, wild ist die Art der Zubereitung und wild wird es in Ihrem Mund sein!<\/p>\n","protected":false},"featured_media":2362,"comment_status":"open","ping_status":"closed","template":"","meta":{"site-sidebar-layout":"default","site-content-layout":"","ast-site-content-layout":"default","site-content-style":"default","site-sidebar-style":"default","ast-global-header-display":"","ast-banner-title-visibility":"","ast-main-header-display":"","ast-hfb-above-header-display":"","ast-hfb-below-header-display":"","ast-hfb-mobile-header-display":"","site-post-title":"","ast-breadcrumbs-content":"","ast-featured-img":"","footer-sml-layout":"","theme-transparent-header-meta":"default","adv-header-id-meta":"","stick-header-meta":"","header-above-stick-meta":"","header-main-stick-meta":"","header-below-stick-meta":"","astra-migrate-meta-layouts":"set","ast-page-background-enabled":"default","ast-page-background-meta":{"desktop":{"background-color":"","background-image":"","background-repeat":"repeat","background-position":"center center","background-size":"auto","background-attachment":"scroll","background-type":"","background-media":"","overlay-type":"","overlay-color":"","overlay-opacity":"","overlay-gradient":""},"tablet":{"background-color":"","background-image":"","background-repeat":"repeat","background-position":"center center","background-size":"auto","background-attachment":"scroll","background-type":"","background-media":"","overlay-type":"","overlay-color":"","overlay-opacity":"","overlay-gradient":""},"mobile":{"background-color":"","background-image":"","background-repeat":"repeat","background-position":"center center","background-size":"auto","background-attachment":"scroll","background-type":"","background-media":"","overlay-type":"","overlay-color":"","overlay-opacity":"","overlay-gradient":""}},"ast-content-background-meta":{"desktop":{"background-color":"var(--ast-global-color-5)","background-image":"","background-repeat":"repeat","background-position":"center center","background-size":"auto","background-attachment":"scroll","background-type":"","background-media":"","overlay-type":"","overlay-color":"","overlay-opacity":"","overlay-gradient":""},"tablet":{"background-color":"var(--ast-global-color-5)","background-image":"","background-repeat":"repeat","background-position":"center center","background-size":"auto","background-attachment":"scroll","background-type":"","background-media":"","overlay-type":"","overlay-color":"","overlay-opacity":"","overlay-gradient":""},"mobile":{"background-color":"var(--ast-global-color-5)","background-image":"","background-repeat":"repeat","background-position":"center center","background-size":"auto","background-attachment":"scroll","background-type":"","background-media":"","overlay-type":"","overlay-color":"","overlay-opacity":"","overlay-gradient":""}}},"product_brand":[],"product_cat":[48],"product_tag":[],"class_list":{"0":"post-2368","1":"product","2":"type-product","3":"status-publish","4":"has-post-thumbnail","6":"product_cat-pekoce-omake-de","7":"desktop-align-left","8":"tablet-align-left","9":"mobile-align-center","10":"ast-product-gallery-layout-horizontal-slider","11":"ast-product-tabs-layout-vertical","12":"ast-qv-on-image","14":"first","15":"instock","16":"shipping-taxable","17":"purchasable","18":"product-type-simple"},"yoast_head":"<!-- This site is optimized with the Yoast SEO plugin v27.2 - https:\/\/yoast.com\/product\/yoast-seo-wordpress\/ -->\n<title>Pohorc WILD Chilisauce - CILIPOHORC<\/title>\n<meta name=\"robots\" content=\"index, follow, max-snippet:-1, max-image-preview:large, max-video-preview:-1\" \/>\n<link rel=\"canonical\" href=\"https:\/\/cilipohorc.com\/de\/izdelek\/pekoce-omake-de\/cili-omaka-pohorc-wild\/\" \/>\n<meta property=\"og:locale\" content=\"de_DE\" \/>\n<meta property=\"og:type\" content=\"article\" \/>\n<meta property=\"og:title\" content=\"Pohorc WILD Chilisauce - CILIPOHORC\" \/>\n<meta property=\"og:description\" content=\"Wild ist das NAHRUNGSMITTEL, wild ist das Chili, wild ist die Art der Zubereitung und wild wird es in Ihrem Mund sein!\" \/>\n<meta property=\"og:url\" content=\"https:\/\/cilipohorc.com\/de\/izdelek\/pekoce-omake-de\/cili-omaka-pohorc-wild\/\" \/>\n<meta property=\"og:site_name\" content=\"CILIPOHORC\" \/>\n<meta property=\"article:publisher\" content=\"https:\/\/www.facebook.com\/PohorcBIOChili\" \/>\n<meta property=\"article:modified_time\" content=\"2023-11-19T19:08:50+00:00\" \/>\n<meta property=\"og:image\" content=\"https:\/\/cilipohorc.com\/wp-content\/uploads\/2023\/11\/DSC00814.jpg\" \/>\n\t<meta property=\"og:image:width\" content=\"1638\" \/>\n\t<meta property=\"og:image:height\" content=\"2048\" \/>\n\t<meta property=\"og:image:type\" content=\"image\/jpeg\" \/>\n<meta name=\"twitter:card\" content=\"summary_large_image\" \/>\n<meta name=\"twitter:label1\" content=\"Gesch\u00e4tzte Lesezeit\" \/>\n\t<meta name=\"twitter:data1\" content=\"1\u00a0Minute\" \/>\n<script type=\"application\/ld+json\" class=\"yoast-schema-graph\">{\"@context\":\"https:\/\/schema.org\",\"@graph\":[{\"@type\":\"WebPage\",\"@id\":\"https:\/\/cilipohorc.com\/de\/izdelek\/pekoce-omake-de\/cili-omaka-pohorc-wild\/\",\"url\":\"https:\/\/cilipohorc.com\/de\/izdelek\/pekoce-omake-de\/cili-omaka-pohorc-wild\/\",\"name\":\"Pohorc WILD Chilisauce - CILIPOHORC\",\"isPartOf\":{\"@id\":\"https:\/\/cilipohorc.com\/de\/#website\"},\"primaryImageOfPage\":{\"@id\":\"https:\/\/cilipohorc.com\/de\/izdelek\/pekoce-omake-de\/cili-omaka-pohorc-wild\/#primaryimage\"},\"image\":{\"@id\":\"https:\/\/cilipohorc.com\/de\/izdelek\/pekoce-omake-de\/cili-omaka-pohorc-wild\/#primaryimage\"},\"thumbnailUrl\":\"https:\/\/cilipohorc.com\/wp-content\/uploads\/2023\/11\/DSC00814.jpg\",\"datePublished\":\"2023-11-19T17:38:08+00:00\",\"dateModified\":\"2023-11-19T19:08:50+00:00\",\"breadcrumb\":{\"@id\":\"https:\/\/cilipohorc.com\/de\/izdelek\/pekoce-omake-de\/cili-omaka-pohorc-wild\/#breadcrumb\"},\"inLanguage\":\"de\",\"potentialAction\":[{\"@type\":\"ReadAction\",\"target\":[\"https:\/\/cilipohorc.com\/de\/izdelek\/pekoce-omake-de\/cili-omaka-pohorc-wild\/\"]}]},{\"@type\":\"ImageObject\",\"inLanguage\":\"de\",\"@id\":\"https:\/\/cilipohorc.com\/de\/izdelek\/pekoce-omake-de\/cili-omaka-pohorc-wild\/#primaryimage\",\"url\":\"https:\/\/cilipohorc.com\/wp-content\/uploads\/2023\/11\/DSC00814.jpg\",\"contentUrl\":\"https:\/\/cilipohorc.com\/wp-content\/uploads\/2023\/11\/DSC00814.jpg\",\"width\":1638,\"height\":2048},{\"@type\":\"BreadcrumbList\",\"@id\":\"https:\/\/cilipohorc.com\/de\/izdelek\/pekoce-omake-de\/cili-omaka-pohorc-wild\/#breadcrumb\",\"itemListElement\":[{\"@type\":\"ListItem\",\"position\":1,\"name\":\"Home\",\"item\":\"https:\/\/cilipohorc.com\/de\/\"},{\"@type\":\"ListItem\",\"position\":2,\"name\":\"Trgovina\",\"item\":\"https:\/\/cilipohorc.com\/shop\/\"},{\"@type\":\"ListItem\",\"position\":3,\"name\":\"Pohorc WILD Chilisauce\"}]},{\"@type\":\"WebSite\",\"@id\":\"https:\/\/cilipohorc.com\/de\/#website\",\"url\":\"https:\/\/cilipohorc.com\/de\/\",\"name\":\"CILIPOHORC\",\"description\":\"Okusno in pikantno\",\"publisher\":{\"@id\":\"https:\/\/cilipohorc.com\/de\/#organization\"},\"potentialAction\":[{\"@type\":\"SearchAction\",\"target\":{\"@type\":\"EntryPoint\",\"urlTemplate\":\"https:\/\/cilipohorc.com\/de\/?s={search_term_string}\"},\"query-input\":{\"@type\":\"PropertyValueSpecification\",\"valueRequired\":true,\"valueName\":\"search_term_string\"}}],\"inLanguage\":\"de\"},{\"@type\":\"Organization\",\"@id\":\"https:\/\/cilipohorc.com\/de\/#organization\",\"name\":\"CILIPOHORC\",\"url\":\"https:\/\/cilipohorc.com\/de\/\",\"logo\":{\"@type\":\"ImageObject\",\"inLanguage\":\"de\",\"@id\":\"https:\/\/cilipohorc.com\/de\/#\/schema\/logo\/image\/\",\"url\":\"https:\/\/cilipohorc.com\/wp-content\/uploads\/2023\/04\/pohorc_logo.svg\",\"contentUrl\":\"https:\/\/cilipohorc.com\/wp-content\/uploads\/2023\/04\/pohorc_logo.svg\",\"width\":1246,\"height\":436,\"caption\":\"CILIPOHORC\"},\"image\":{\"@id\":\"https:\/\/cilipohorc.com\/de\/#\/schema\/logo\/image\/\"},\"sameAs\":[\"https:\/\/www.facebook.com\/PohorcBIOChili\"]}]}<\/script>\n<!-- \/ Yoast SEO plugin. -->","yoast_head_json":{"title":"Pohorc WILD Chilisauce - CILIPOHORC","robots":{"index":"index","follow":"follow","max-snippet":"max-snippet:-1","max-image-preview":"max-image-preview:large","max-video-preview":"max-video-preview:-1"},"canonical":"https:\/\/cilipohorc.com\/de\/izdelek\/pekoce-omake-de\/cili-omaka-pohorc-wild\/","og_locale":"de_DE","og_type":"article","og_title":"Pohorc WILD Chilisauce - CILIPOHORC","og_description":"Wild ist das NAHRUNGSMITTEL, wild ist das Chili, wild ist die Art der Zubereitung und wild wird es in Ihrem Mund sein!","og_url":"https:\/\/cilipohorc.com\/de\/izdelek\/pekoce-omake-de\/cili-omaka-pohorc-wild\/","og_site_name":"CILIPOHORC","article_publisher":"https:\/\/www.facebook.com\/PohorcBIOChili","article_modified_time":"2023-11-19T19:08:50+00:00","og_image":[{"width":1638,"height":2048,"url":"https:\/\/cilipohorc.com\/wp-content\/uploads\/2023\/11\/DSC00814.jpg","type":"image\/jpeg"}],"twitter_card":"summary_large_image","twitter_misc":{"Gesch\u00e4tzte Lesezeit":"1\u00a0Minute"},"schema":{"@context":"https:\/\/schema.org","@graph":[{"@type":"WebPage","@id":"https:\/\/cilipohorc.com\/de\/izdelek\/pekoce-omake-de\/cili-omaka-pohorc-wild\/","url":"https:\/\/cilipohorc.com\/de\/izdelek\/pekoce-omake-de\/cili-omaka-pohorc-wild\/","name":"Pohorc WILD Chilisauce - CILIPOHORC","isPartOf":{"@id":"https:\/\/cilipohorc.com\/de\/#website"},"primaryImageOfPage":{"@id":"https:\/\/cilipohorc.com\/de\/izdelek\/pekoce-omake-de\/cili-omaka-pohorc-wild\/#primaryimage"},"image":{"@id":"https:\/\/cilipohorc.com\/de\/izdelek\/pekoce-omake-de\/cili-omaka-pohorc-wild\/#primaryimage"},"thumbnailUrl":"https:\/\/cilipohorc.com\/wp-content\/uploads\/2023\/11\/DSC00814.jpg","datePublished":"2023-11-19T17:38:08+00:00","dateModified":"2023-11-19T19:08:50+00:00","breadcrumb":{"@id":"https:\/\/cilipohorc.com\/de\/izdelek\/pekoce-omake-de\/cili-omaka-pohorc-wild\/#breadcrumb"},"inLanguage":"de","potentialAction":[{"@type":"ReadAction","target":["https:\/\/cilipohorc.com\/de\/izdelek\/pekoce-omake-de\/cili-omaka-pohorc-wild\/"]}]},{"@type":"ImageObject","inLanguage":"de","@id":"https:\/\/cilipohorc.com\/de\/izdelek\/pekoce-omake-de\/cili-omaka-pohorc-wild\/#primaryimage","url":"https:\/\/cilipohorc.com\/wp-content\/uploads\/2023\/11\/DSC00814.jpg","contentUrl":"https:\/\/cilipohorc.com\/wp-content\/uploads\/2023\/11\/DSC00814.jpg","width":1638,"height":2048},{"@type":"BreadcrumbList","@id":"https:\/\/cilipohorc.com\/de\/izdelek\/pekoce-omake-de\/cili-omaka-pohorc-wild\/#breadcrumb","itemListElement":[{"@type":"ListItem","position":1,"name":"Home","item":"https:\/\/cilipohorc.com\/de\/"},{"@type":"ListItem","position":2,"name":"Trgovina","item":"https:\/\/cilipohorc.com\/shop\/"},{"@type":"ListItem","position":3,"name":"Pohorc WILD Chilisauce"}]},{"@type":"WebSite","@id":"https:\/\/cilipohorc.com\/de\/#website","url":"https:\/\/cilipohorc.com\/de\/","name":"CILIPOHORC","description":"Okusno in pikantno","publisher":{"@id":"https:\/\/cilipohorc.com\/de\/#organization"},"potentialAction":[{"@type":"SearchAction","target":{"@type":"EntryPoint","urlTemplate":"https:\/\/cilipohorc.com\/de\/?s={search_term_string}"},"query-input":{"@type":"PropertyValueSpecification","valueRequired":true,"valueName":"search_term_string"}}],"inLanguage":"de"},{"@type":"Organization","@id":"https:\/\/cilipohorc.com\/de\/#organization","name":"CILIPOHORC","url":"https:\/\/cilipohorc.com\/de\/","logo":{"@type":"ImageObject","inLanguage":"de","@id":"https:\/\/cilipohorc.com\/de\/#\/schema\/logo\/image\/","url":"https:\/\/cilipohorc.com\/wp-content\/uploads\/2023\/04\/pohorc_logo.svg","contentUrl":"https:\/\/cilipohorc.com\/wp-content\/uploads\/2023\/04\/pohorc_logo.svg","width":1246,"height":436,"caption":"CILIPOHORC"},"image":{"@id":"https:\/\/cilipohorc.com\/de\/#\/schema\/logo\/image\/"},"sameAs":["https:\/\/www.facebook.com\/PohorcBIOChili"]}]}},"jetpack_sharing_enabled":true,"_links":{"self":[{"href":"https:\/\/cilipohorc.com\/de\/wp-json\/wp\/v2\/product\/2368","targetHints":{"allow":["GET"]}}],"collection":[{"href":"https:\/\/cilipohorc.com\/de\/wp-json\/wp\/v2\/product"}],"about":[{"href":"https:\/\/cilipohorc.com\/de\/wp-json\/wp\/v2\/types\/product"}],"replies":[{"embeddable":true,"href":"https:\/\/cilipohorc.com\/de\/wp-json\/wp\/v2\/comments?post=2368"}],"wp:featuredmedia":[{"embeddable":true,"href":"https:\/\/cilipohorc.com\/de\/wp-json\/wp\/v2\/media\/2362"}],"wp:attachment":[{"href":"https:\/\/cilipohorc.com\/de\/wp-json\/wp\/v2\/media?parent=2368"}],"wp:term":[{"taxonomy":"product_brand","embeddable":true,"href":"https:\/\/cilipohorc.com\/de\/wp-json\/wp\/v2\/product_brand?post=2368"},{"taxonomy":"product_cat","embeddable":true,"href":"https:\/\/cilipohorc.com\/de\/wp-json\/wp\/v2\/product_cat?post=2368"},{"taxonomy":"product_tag","embeddable":true,"href":"https:\/\/cilipohorc.com\/de\/wp-json\/wp\/v2\/product_tag?post=2368"}],"curies":[{"name":"wp","href":"https:\/\/api.w.org\/{rel}","templated":true}]}}