{"id":2773,"date":"2024-04-23T22:10:04","date_gmt":"2024-04-23T20:10:04","guid":{"rendered":"https:\/\/cilipohorc.com\/izdelek\/unkategorisiert\/jabolcni-kis-s-cilijem\/"},"modified":"2026-03-05T22:19:24","modified_gmt":"2026-03-05T21:19:24","slug":"jabolcni-kis-s-cilijem","status":"publish","type":"product","link":"https:\/\/cilipohorc.com\/de\/izdelek\/ostale-dobrote-de\/jabolcni-kis-s-cilijem\/","title":{"rendered":"Jabol\u010dni kis S \u010cILIJEM BIO"},"content":{"rendered":"<p><span class=\"x4k7w5x x1h91t0o x1h9r5lt x1jfb8zj xv2umb2 x1beo9mf xaigb6o x12ejxvf x3igimt xarpa2k xedcshv x1lytzrv x1t2pt76 x7ja8zs x1qrby5j\"><span class=\"x193iq5w xeuugli x13faqbe x1vvkbs x1xmvt09 x1lliihq x1s928wv xhkezso x1gmr53x x1cpjm7i x1fgarty x1943h6x xudqn12 x3x7a5m x6prxxf xvq8zen xo1l8bm x14ctfv\" dir=\"auto\">Jabol\u010dni kis s \u010cILIJEM je pridelan po klasi\u010dnem naravnem postopku kisanja iz starih, \u017ee skoraj pozabljenih viskodebelnih sort jabolk iz na\u0161e kmetije. Uporabimo ga za okisanje vseh vrst solat in druge zelenjave, dodatek pri kuhanju juh, za izdelavo dressingov ali v zdravilne namene. <\/span><\/span><br \/>\n<span class=\"x4k7w5x x1h91t0o x1h9r5lt x1jfb8zj xv2umb2 x1beo9mf xaigb6o x12ejxvf x3igimt xarpa2k xedcshv x1lytzrv x1t2pt76 x7ja8zs x1qrby5j\"><span class=\"x193iq5w xeuugli x13faqbe x1vvkbs x1xmvt09 x1lliihq x1s928wv xhkezso x1gmr53x x1cpjm7i x1fgarty x1943h6x xudqn12 x3x7a5m x6prxxf xvq8zen xo1l8bm x14ctfv\" dir=\"auto\">V kozarec vode zme\u0161ajte 3 velike \u017elice kisa in pijte vsak dan. Po \u017eelji lahko dodate \u0161e med.<\/span><\/span><br \/>\n<span class=\"x4k7w5x x1h91t0o x1h9r5lt x1jfb8zj xv2umb2 x1beo9mf xaigb6o x12ejxvf x3igimt xarpa2k xedcshv x1lytzrv x1t2pt76 x7ja8zs x1qrby5j\"><span class=\"x193iq5w xeuugli x13faqbe x1vvkbs x1xmvt09 x1lliihq x1s928wv xhkezso x1gmr53x x1cpjm7i x1fgarty x1943h6x xudqn12 x3x7a5m x6prxxf xvq8zen xo1l8bm x14ctfv\" dir=\"auto\">Telo vam bo hvale\u017eno.<\/span><\/span><\/p>\n<p>Sestavine:<\/p>\n<ul>\n<li>Jabol\u010dni kis*<\/li>\n<li>\u010cili*<\/li>\n<\/ul>\n<p>*sestavine so ekolo\u0161kega izvora<\/p>\n<p>Vse sestavine so iz na\u0161e kmetije.<\/p>\n<p>Brez glutena in aditivov, veganom prijazno \u017eivilo.<\/p>\n<p>Vsebina: 250 ml<\/p>\n<p><span class=\"x4k7w5x x1h91t0o x1h9r5lt x1jfb8zj xv2umb2 x1beo9mf xaigb6o x12ejxvf x3igimt xarpa2k xedcshv x1lytzrv x1t2pt76 x7ja8zs x1qrby5j\"><span class=\"x193iq5w xeuugli x13faqbe x1vvkbs x1xmvt09 x1lliihq x1s928wv xhkezso x1gmr53x x1cpjm7i x1fgarty x1943h6x xudqn12 x3x7a5m x6prxxf xvq8zen xo1l8bm x14ctfv\" dir=\"auto\"><img decoding=\"async\" class=\"alignnone wp-image-2440\" src=\"https:\/\/cilipohorc.com\/wp-content\/uploads\/2023\/11\/Znak-BIO-SI-EKO-001-barvni-SLO-150x150.jpg\" alt=\"\" width=\"100\" height=\"100\" srcset=\"https:\/\/cilipohorc.com\/wp-content\/uploads\/2023\/11\/Znak-BIO-SI-EKO-001-barvni-SLO-150x150.jpg 150w, https:\/\/cilipohorc.com\/wp-content\/uploads\/2023\/11\/Znak-BIO-SI-EKO-001-barvni-SLO-500x500.jpg 500w, https:\/\/cilipohorc.com\/wp-content\/uploads\/2023\/11\/Znak-BIO-SI-EKO-001-barvni-SLO-100x100.jpg 100w\" sizes=\"(max-width: 100px) 100vw, 100px\" \/><\/span><\/span><\/p>\n<p><img decoding=\"async\" class=\"alignnone wp-image-2443\" src=\"https:\/\/cilipohorc.com\/wp-content\/uploads\/2023\/11\/eko-logo1-150x150.jpg\" alt=\"\" width=\"100\" height=\"100\" srcset=\"https:\/\/cilipohorc.com\/wp-content\/uploads\/2023\/11\/eko-logo1-150x150.jpg 150w, https:\/\/cilipohorc.com\/wp-content\/uploads\/2023\/11\/eko-logo1-100x100.jpg 100w\" sizes=\"(max-width: 100px) 100vw, 100px\" \/><\/p>\n","protected":false},"excerpt":{"rendered":"<p><span class=\"x4k7w5x x1h91t0o x1h9r5lt x1jfb8zj xv2umb2 x1beo9mf xaigb6o x12ejxvf x3igimt xarpa2k xedcshv x1lytzrv x1t2pt76 x7ja8zs x1qrby5j\"><span class=\"x193iq5w xeuugli x13faqbe x1vvkbs x1xmvt09 x1lliihq x1s928wv xhkezso x1gmr53x x1cpjm7i x1fgarty x1943h6x xudqn12 x3x7a5m x6prxxf xvq8zen xo1l8bm x14ctfv\" dir=\"auto\">Jabol\u010dni kis s \u010cILIJEM, pridelan po klasi\u010dnem, naravnem, postopku kisanja iz starih, \u017ee skoraj pozabljenih viskodebelnih sort jabolk.<\/span><\/span><\/p>\n","protected":false},"featured_media":2771,"comment_status":"open","ping_status":"closed","template":"","meta":{"site-sidebar-layout":"default","site-content-layout":"","ast-site-content-layout":"default","site-content-style":"default","site-sidebar-style":"default","ast-global-header-display":"","ast-banner-title-visibility":"","ast-main-header-display":"","ast-hfb-above-header-display":"","ast-hfb-below-header-display":"","ast-hfb-mobile-header-display":"","site-post-title":"","ast-breadcrumbs-content":"","ast-featured-img":"","footer-sml-layout":"","theme-transparent-header-meta":"default","adv-header-id-meta":"","stick-header-meta":"","header-above-stick-meta":"","header-main-stick-meta":"","header-below-stick-meta":"","astra-migrate-meta-layouts":"set","ast-page-background-enabled":"default","ast-page-background-meta":{"desktop":{"background-color":"","background-image":"","background-repeat":"repeat","background-position":"center center","background-size":"auto","background-attachment":"scroll","background-type":"","background-media":"","overlay-type":"","overlay-color":"","overlay-opacity":"","overlay-gradient":""},"tablet":{"background-color":"","background-image":"","background-repeat":"repeat","background-position":"center center","background-size":"auto","background-attachment":"scroll","background-type":"","background-media":"","overlay-type":"","overlay-color":"","overlay-opacity":"","overlay-gradient":""},"mobile":{"background-color":"","background-image":"","background-repeat":"repeat","background-position":"center center","background-size":"auto","background-attachment":"scroll","background-type":"","background-media":"","overlay-type":"","overlay-color":"","overlay-opacity":"","overlay-gradient":""}},"ast-content-background-meta":{"desktop":{"background-color":"var(--ast-global-color-5)","background-image":"","background-repeat":"repeat","background-position":"center center","background-size":"auto","background-attachment":"scroll","background-type":"","background-media":"","overlay-type":"","overlay-color":"","overlay-opacity":"","overlay-gradient":""},"tablet":{"background-color":"var(--ast-global-color-5)","background-image":"","background-repeat":"repeat","background-position":"center center","background-size":"auto","background-attachment":"scroll","background-type":"","background-media":"","overlay-type":"","overlay-color":"","overlay-opacity":"","overlay-gradient":""},"mobile":{"background-color":"var(--ast-global-color-5)","background-image":"","background-repeat":"repeat","background-position":"center center","background-size":"auto","background-attachment":"scroll","background-type":"","background-media":"","overlay-type":"","overlay-color":"","overlay-opacity":"","overlay-gradient":""}}},"product_brand":[],"product_cat":[45],"product_tag":[],"class_list":{"0":"post-2773","1":"product","2":"type-product","3":"status-publish","4":"has-post-thumbnail","6":"product_cat-ostale-dobrote-de","7":"desktop-align-left","8":"tablet-align-left","9":"mobile-align-center","10":"ast-product-gallery-layout-horizontal-slider","11":"ast-product-tabs-layout-vertical","12":"ast-qv-on-image","14":"first","15":"instock","16":"shipping-taxable","17":"purchasable","18":"product-type-simple"},"yoast_head":"<!-- This site is optimized with the Yoast SEO plugin v27.2 - https:\/\/yoast.com\/product\/yoast-seo-wordpress\/ -->\n<title>Jabol\u010dni kis S \u010cILIJEM BIO - CILIPOHORC<\/title>\n<meta name=\"robots\" content=\"index, follow, max-snippet:-1, max-image-preview:large, max-video-preview:-1\" \/>\n<link rel=\"canonical\" href=\"https:\/\/cilipohorc.com\/de\/izdelek\/ostale-dobrote-de\/jabolcni-kis-s-cilijem\/\" \/>\n<meta property=\"og:locale\" content=\"de_DE\" \/>\n<meta property=\"og:type\" content=\"article\" \/>\n<meta property=\"og:title\" content=\"Jabol\u010dni kis S \u010cILIJEM BIO - CILIPOHORC\" \/>\n<meta property=\"og:description\" content=\"Jabol\u010dni kis s \u010cILIJEM, pridelan po klasi\u010dnem, naravnem, postopku kisanja iz starih, \u017ee skoraj pozabljenih viskodebelnih sort jabolk.\" \/>\n<meta property=\"og:url\" content=\"https:\/\/cilipohorc.com\/de\/izdelek\/ostale-dobrote-de\/jabolcni-kis-s-cilijem\/\" \/>\n<meta property=\"og:site_name\" content=\"CILIPOHORC\" \/>\n<meta property=\"article:publisher\" content=\"https:\/\/www.facebook.com\/PohorcBIOChili\" \/>\n<meta property=\"article:modified_time\" content=\"2026-03-05T21:19:24+00:00\" \/>\n<meta property=\"og:image\" content=\"https:\/\/cilipohorc.com\/wp-content\/uploads\/2024\/04\/DSC01421-819x1024.jpg\" \/>\n\t<meta property=\"og:image:width\" content=\"819\" \/>\n\t<meta property=\"og:image:height\" content=\"1024\" \/>\n\t<meta property=\"og:image:type\" content=\"image\/jpeg\" \/>\n<meta name=\"twitter:card\" content=\"summary_large_image\" \/>\n<meta name=\"twitter:label1\" content=\"Gesch\u00e4tzte Lesezeit\" \/>\n\t<meta name=\"twitter:data1\" content=\"1\u00a0Minute\" \/>\n<script type=\"application\/ld+json\" class=\"yoast-schema-graph\">{\"@context\":\"https:\/\/schema.org\",\"@graph\":[{\"@type\":\"WebPage\",\"@id\":\"https:\/\/cilipohorc.com\/de\/izdelek\/ostale-dobrote-de\/jabolcni-kis-s-cilijem\/\",\"url\":\"https:\/\/cilipohorc.com\/de\/izdelek\/ostale-dobrote-de\/jabolcni-kis-s-cilijem\/\",\"name\":\"Jabol\u010dni kis S \u010cILIJEM BIO - CILIPOHORC\",\"isPartOf\":{\"@id\":\"https:\/\/cilipohorc.com\/de\/#website\"},\"primaryImageOfPage\":{\"@id\":\"https:\/\/cilipohorc.com\/de\/izdelek\/ostale-dobrote-de\/jabolcni-kis-s-cilijem\/#primaryimage\"},\"image\":{\"@id\":\"https:\/\/cilipohorc.com\/de\/izdelek\/ostale-dobrote-de\/jabolcni-kis-s-cilijem\/#primaryimage\"},\"thumbnailUrl\":\"https:\/\/cilipohorc.com\/wp-content\/uploads\/2024\/04\/DSC01421.jpg\",\"datePublished\":\"2024-04-23T20:10:04+00:00\",\"dateModified\":\"2026-03-05T21:19:24+00:00\",\"breadcrumb\":{\"@id\":\"https:\/\/cilipohorc.com\/de\/izdelek\/ostale-dobrote-de\/jabolcni-kis-s-cilijem\/#breadcrumb\"},\"inLanguage\":\"de\",\"potentialAction\":[{\"@type\":\"ReadAction\",\"target\":[\"https:\/\/cilipohorc.com\/de\/izdelek\/ostale-dobrote-de\/jabolcni-kis-s-cilijem\/\"]}]},{\"@type\":\"ImageObject\",\"inLanguage\":\"de\",\"@id\":\"https:\/\/cilipohorc.com\/de\/izdelek\/ostale-dobrote-de\/jabolcni-kis-s-cilijem\/#primaryimage\",\"url\":\"https:\/\/cilipohorc.com\/wp-content\/uploads\/2024\/04\/DSC01421.jpg\",\"contentUrl\":\"https:\/\/cilipohorc.com\/wp-content\/uploads\/2024\/04\/DSC01421.jpg\",\"width\":2048,\"height\":2560},{\"@type\":\"BreadcrumbList\",\"@id\":\"https:\/\/cilipohorc.com\/de\/izdelek\/ostale-dobrote-de\/jabolcni-kis-s-cilijem\/#breadcrumb\",\"itemListElement\":[{\"@type\":\"ListItem\",\"position\":1,\"name\":\"Home\",\"item\":\"https:\/\/cilipohorc.com\/de\/\"},{\"@type\":\"ListItem\",\"position\":2,\"name\":\"Trgovina\",\"item\":\"https:\/\/cilipohorc.com\/shop\/\"},{\"@type\":\"ListItem\",\"position\":3,\"name\":\"Jabol\u010dni kis S \u010cILIJEM BIO\"}]},{\"@type\":\"WebSite\",\"@id\":\"https:\/\/cilipohorc.com\/de\/#website\",\"url\":\"https:\/\/cilipohorc.com\/de\/\",\"name\":\"CILIPOHORC\",\"description\":\"Okusno in pikantno\",\"publisher\":{\"@id\":\"https:\/\/cilipohorc.com\/de\/#organization\"},\"potentialAction\":[{\"@type\":\"SearchAction\",\"target\":{\"@type\":\"EntryPoint\",\"urlTemplate\":\"https:\/\/cilipohorc.com\/de\/?s={search_term_string}\"},\"query-input\":{\"@type\":\"PropertyValueSpecification\",\"valueRequired\":true,\"valueName\":\"search_term_string\"}}],\"inLanguage\":\"de\"},{\"@type\":\"Organization\",\"@id\":\"https:\/\/cilipohorc.com\/de\/#organization\",\"name\":\"CILIPOHORC\",\"url\":\"https:\/\/cilipohorc.com\/de\/\",\"logo\":{\"@type\":\"ImageObject\",\"inLanguage\":\"de\",\"@id\":\"https:\/\/cilipohorc.com\/de\/#\/schema\/logo\/image\/\",\"url\":\"https:\/\/cilipohorc.com\/wp-content\/uploads\/2023\/04\/pohorc_logo.svg\",\"contentUrl\":\"https:\/\/cilipohorc.com\/wp-content\/uploads\/2023\/04\/pohorc_logo.svg\",\"width\":1246,\"height\":436,\"caption\":\"CILIPOHORC\"},\"image\":{\"@id\":\"https:\/\/cilipohorc.com\/de\/#\/schema\/logo\/image\/\"},\"sameAs\":[\"https:\/\/www.facebook.com\/PohorcBIOChili\"]}]}<\/script>\n<!-- \/ Yoast SEO plugin. -->","yoast_head_json":{"title":"Jabol\u010dni kis S \u010cILIJEM BIO - CILIPOHORC","robots":{"index":"index","follow":"follow","max-snippet":"max-snippet:-1","max-image-preview":"max-image-preview:large","max-video-preview":"max-video-preview:-1"},"canonical":"https:\/\/cilipohorc.com\/de\/izdelek\/ostale-dobrote-de\/jabolcni-kis-s-cilijem\/","og_locale":"de_DE","og_type":"article","og_title":"Jabol\u010dni kis S \u010cILIJEM BIO - CILIPOHORC","og_description":"Jabol\u010dni kis s \u010cILIJEM, pridelan po klasi\u010dnem, naravnem, postopku kisanja iz starih, \u017ee skoraj pozabljenih viskodebelnih sort jabolk.","og_url":"https:\/\/cilipohorc.com\/de\/izdelek\/ostale-dobrote-de\/jabolcni-kis-s-cilijem\/","og_site_name":"CILIPOHORC","article_publisher":"https:\/\/www.facebook.com\/PohorcBIOChili","article_modified_time":"2026-03-05T21:19:24+00:00","og_image":[{"width":819,"height":1024,"url":"https:\/\/cilipohorc.com\/wp-content\/uploads\/2024\/04\/DSC01421-819x1024.jpg","type":"image\/jpeg"}],"twitter_card":"summary_large_image","twitter_misc":{"Gesch\u00e4tzte Lesezeit":"1\u00a0Minute"},"schema":{"@context":"https:\/\/schema.org","@graph":[{"@type":"WebPage","@id":"https:\/\/cilipohorc.com\/de\/izdelek\/ostale-dobrote-de\/jabolcni-kis-s-cilijem\/","url":"https:\/\/cilipohorc.com\/de\/izdelek\/ostale-dobrote-de\/jabolcni-kis-s-cilijem\/","name":"Jabol\u010dni kis S \u010cILIJEM BIO - CILIPOHORC","isPartOf":{"@id":"https:\/\/cilipohorc.com\/de\/#website"},"primaryImageOfPage":{"@id":"https:\/\/cilipohorc.com\/de\/izdelek\/ostale-dobrote-de\/jabolcni-kis-s-cilijem\/#primaryimage"},"image":{"@id":"https:\/\/cilipohorc.com\/de\/izdelek\/ostale-dobrote-de\/jabolcni-kis-s-cilijem\/#primaryimage"},"thumbnailUrl":"https:\/\/cilipohorc.com\/wp-content\/uploads\/2024\/04\/DSC01421.jpg","datePublished":"2024-04-23T20:10:04+00:00","dateModified":"2026-03-05T21:19:24+00:00","breadcrumb":{"@id":"https:\/\/cilipohorc.com\/de\/izdelek\/ostale-dobrote-de\/jabolcni-kis-s-cilijem\/#breadcrumb"},"inLanguage":"de","potentialAction":[{"@type":"ReadAction","target":["https:\/\/cilipohorc.com\/de\/izdelek\/ostale-dobrote-de\/jabolcni-kis-s-cilijem\/"]}]},{"@type":"ImageObject","inLanguage":"de","@id":"https:\/\/cilipohorc.com\/de\/izdelek\/ostale-dobrote-de\/jabolcni-kis-s-cilijem\/#primaryimage","url":"https:\/\/cilipohorc.com\/wp-content\/uploads\/2024\/04\/DSC01421.jpg","contentUrl":"https:\/\/cilipohorc.com\/wp-content\/uploads\/2024\/04\/DSC01421.jpg","width":2048,"height":2560},{"@type":"BreadcrumbList","@id":"https:\/\/cilipohorc.com\/de\/izdelek\/ostale-dobrote-de\/jabolcni-kis-s-cilijem\/#breadcrumb","itemListElement":[{"@type":"ListItem","position":1,"name":"Home","item":"https:\/\/cilipohorc.com\/de\/"},{"@type":"ListItem","position":2,"name":"Trgovina","item":"https:\/\/cilipohorc.com\/shop\/"},{"@type":"ListItem","position":3,"name":"Jabol\u010dni kis S \u010cILIJEM BIO"}]},{"@type":"WebSite","@id":"https:\/\/cilipohorc.com\/de\/#website","url":"https:\/\/cilipohorc.com\/de\/","name":"CILIPOHORC","description":"Okusno in pikantno","publisher":{"@id":"https:\/\/cilipohorc.com\/de\/#organization"},"potentialAction":[{"@type":"SearchAction","target":{"@type":"EntryPoint","urlTemplate":"https:\/\/cilipohorc.com\/de\/?s={search_term_string}"},"query-input":{"@type":"PropertyValueSpecification","valueRequired":true,"valueName":"search_term_string"}}],"inLanguage":"de"},{"@type":"Organization","@id":"https:\/\/cilipohorc.com\/de\/#organization","name":"CILIPOHORC","url":"https:\/\/cilipohorc.com\/de\/","logo":{"@type":"ImageObject","inLanguage":"de","@id":"https:\/\/cilipohorc.com\/de\/#\/schema\/logo\/image\/","url":"https:\/\/cilipohorc.com\/wp-content\/uploads\/2023\/04\/pohorc_logo.svg","contentUrl":"https:\/\/cilipohorc.com\/wp-content\/uploads\/2023\/04\/pohorc_logo.svg","width":1246,"height":436,"caption":"CILIPOHORC"},"image":{"@id":"https:\/\/cilipohorc.com\/de\/#\/schema\/logo\/image\/"},"sameAs":["https:\/\/www.facebook.com\/PohorcBIOChili"]}]}},"jetpack_sharing_enabled":true,"_links":{"self":[{"href":"https:\/\/cilipohorc.com\/de\/wp-json\/wp\/v2\/product\/2773","targetHints":{"allow":["GET"]}}],"collection":[{"href":"https:\/\/cilipohorc.com\/de\/wp-json\/wp\/v2\/product"}],"about":[{"href":"https:\/\/cilipohorc.com\/de\/wp-json\/wp\/v2\/types\/product"}],"replies":[{"embeddable":true,"href":"https:\/\/cilipohorc.com\/de\/wp-json\/wp\/v2\/comments?post=2773"}],"wp:featuredmedia":[{"embeddable":true,"href":"https:\/\/cilipohorc.com\/de\/wp-json\/wp\/v2\/media\/2771"}],"wp:attachment":[{"href":"https:\/\/cilipohorc.com\/de\/wp-json\/wp\/v2\/media?parent=2773"}],"wp:term":[{"taxonomy":"product_brand","embeddable":true,"href":"https:\/\/cilipohorc.com\/de\/wp-json\/wp\/v2\/product_brand?post=2773"},{"taxonomy":"product_cat","embeddable":true,"href":"https:\/\/cilipohorc.com\/de\/wp-json\/wp\/v2\/product_cat?post=2773"},{"taxonomy":"product_tag","embeddable":true,"href":"https:\/\/cilipohorc.com\/de\/wp-json\/wp\/v2\/product_tag?post=2773"}],"curies":[{"name":"wp","href":"https:\/\/api.w.org\/{rel}","templated":true}]}}