{"id":3465,"date":"2024-11-22T00:16:52","date_gmt":"2024-11-21T23:16:52","guid":{"rendered":"https:\/\/cilipohorc.com\/izdelek\/unkategorisiert\/3017\/"},"modified":"2026-03-06T15:32:43","modified_gmt":"2026-03-06T14:32:43","slug":"3017","status":"publish","type":"product","link":"https:\/\/cilipohorc.com\/de\/izdelek\/pekoce-omake-de\/3017\/","title":{"rendered":"Hot Honey BIO"},"content":{"rendered":"<p data-start=\"103\" data-end=\"415\">Von den wilden alten Holz\u00e4pfeln meines Gro\u00dfvaters, aus denen ein hervorragender Apfelessig entsteht, bis zu Metelkos Bienenst\u00f6cken mit seinen flei\u00dfigen Bienen. Wenn wir noch etwas Chili und Gew\u00fcrze hinzuf\u00fcgen und alles einige Tage lang ziehen lassen, entsteht ein wunderbares Produkt, das zu jedem Gericht passt.<\/p>\n<p data-start=\"417\" data-end=\"684\"><strong data-start=\"417\" data-end=\"442\">\u010cili Pohorc Hot Honey<\/strong> ist die beste und einzige <strong data-start=\"469\" data-end=\"527\">BIO-zertifizierte slowenische scharfe Honigspezialit\u00e4t<\/strong>. Es ist eine s\u00fc\u00df\u2013mild scharfe Kombination aus Honig, durchzogen mit Chili und Gew\u00fcrzen, die all Ihren Lieblingsgerichten einen perfekten Geschmack verleiht.<\/p>\n<p data-start=\"686\" data-end=\"982\">Gie\u00dfen Sie ihn \u00fcber <strong data-start=\"706\" data-end=\"715\">Pizza<\/strong>, <strong data-start=\"717\" data-end=\"740\">gebratenes H\u00e4hnchen<\/strong> oder <strong data-start=\"746\" data-end=\"756\">Burger<\/strong> \u2013 auch beim <strong data-start=\"769\" data-end=\"780\">Grillen<\/strong> darf er nicht fehlen. Kombinieren Sie ihn auf einer <strong data-start=\"833\" data-end=\"847\">K\u00e4seplatte<\/strong>, geben Sie ihn in <strong data-start=\"866\" data-end=\"888\">Cocktails oder Tee<\/strong>, mischen Sie ihn in <strong data-start=\"909\" data-end=\"937\">Dressings oder Marinaden<\/strong>. Auch zu <strong data-start=\"947\" data-end=\"959\">Desserts<\/strong> passt er hervorragend!<\/p>\n<p data-start=\"984\" data-end=\"1050\"><strong data-start=\"984\" data-end=\"1050\">P.S. Meiner Meinung nach passt er am besten zu Schweinenacken.<\/strong><\/p>\n<p data-start=\"1052\" data-end=\"1165\">Hergestellt aus <strong data-start=\"1068\" data-end=\"1109\">100 % biologischem slowenischem Honig<\/strong>, Holzapfel-Essig (wilde Wald\u00e4pfel), Chili und Gew\u00fcrzen.<\/p>\n<p data-start=\"1167\" data-end=\"1231\">Kurz gesagt: ein Produkt, das auf Ihrem Tisch nicht fehlen darf.<\/p>\n<hr data-start=\"1233\" data-end=\"1236\" \/>\n<p data-start=\"1238\" data-end=\"1250\"><strong data-start=\"1238\" data-end=\"1250\">Zutaten:<\/strong><\/p>\n<ul data-start=\"1252\" data-end=\"1306\">\n<li data-section-id=\"9yl66g\" data-start=\"1252\" data-end=\"1268\">\n<p data-start=\"1254\" data-end=\"1268\">Bl\u00fctenhonig*<\/p>\n<\/li>\n<li data-section-id=\"hz4sc7\" data-start=\"1269\" data-end=\"1284\">\n<p data-start=\"1271\" data-end=\"1284\">Apfelessig*<\/p>\n<\/li>\n<li data-section-id=\"4m64th\" data-start=\"1285\" data-end=\"1295\">\n<p data-start=\"1287\" data-end=\"1295\">Chili*<\/p>\n<\/li>\n<li data-section-id=\"38kqjq\" data-start=\"1296\" data-end=\"1306\">\n<p data-start=\"1298\" data-end=\"1306\">Gew\u00fcrze*<\/p>\n<\/li>\n<\/ul>\n<p data-start=\"1308\" data-end=\"1340\">*Zutaten aus biologischem Anbau<\/p>\n<p data-start=\"1342\" data-end=\"1411\">Glutenfrei und ohne Zusatzstoffe, <strong data-start=\"1376\" data-end=\"1410\">veganfreundliches Lebensmittel<\/strong>.<\/p>\n<p data-start=\"1413\" data-end=\"1431\"><strong data-start=\"1413\" data-end=\"1424\">Inhalt:<\/strong> 100 ml<\/p>\n<p><img decoding=\"async\" class=\"alignnone size-full wp-image-2958\" src=\"https:\/\/cilipohorc.com\/wp-content\/uploads\/2024\/10\/eko-logo1-1-150x150-1.jpg\" alt=\"\" width=\"150\" height=\"150\" srcset=\"https:\/\/cilipohorc.com\/wp-content\/uploads\/2024\/10\/eko-logo1-1-150x150-1.jpg 150w, https:\/\/cilipohorc.com\/wp-content\/uploads\/2024\/10\/eko-logo1-1-150x150-1-100x100.jpg 100w\" sizes=\"(max-width: 150px) 100vw, 150px\" \/><img decoding=\"async\" class=\"alignnone size-full wp-image-2955\" src=\"https:\/\/cilipohorc.com\/wp-content\/uploads\/2024\/10\/Znak-BIO-SI-EKO-001-barvni-SLO-150x150-1.jpg\" alt=\"\" width=\"150\" height=\"150\" srcset=\"https:\/\/cilipohorc.com\/wp-content\/uploads\/2024\/10\/Znak-BIO-SI-EKO-001-barvni-SLO-150x150-1.jpg 150w, https:\/\/cilipohorc.com\/wp-content\/uploads\/2024\/10\/Znak-BIO-SI-EKO-001-barvni-SLO-150x150-1-100x100.jpg 100w\" sizes=\"(max-width: 150px) 100vw, 150px\" \/><\/p>\n","protected":false},"excerpt":{"rendered":"<p>Ein Honig, der jedes Gericht veredelt!<\/p>\n","protected":false},"featured_media":3031,"comment_status":"open","ping_status":"closed","template":"","meta":{"site-sidebar-layout":"default","site-content-layout":"","ast-site-content-layout":"default","site-content-style":"default","site-sidebar-style":"default","ast-global-header-display":"","ast-banner-title-visibility":"","ast-main-header-display":"","ast-hfb-above-header-display":"","ast-hfb-below-header-display":"","ast-hfb-mobile-header-display":"","site-post-title":"","ast-breadcrumbs-content":"","ast-featured-img":"","footer-sml-layout":"","theme-transparent-header-meta":"default","adv-header-id-meta":"","stick-header-meta":"","header-above-stick-meta":"","header-main-stick-meta":"","header-below-stick-meta":"","astra-migrate-meta-layouts":"set","ast-page-background-enabled":"default","ast-page-background-meta":{"desktop":{"background-color":"","background-image":"","background-repeat":"repeat","background-position":"center center","background-size":"auto","background-attachment":"scroll","background-type":"","background-media":"","overlay-type":"","overlay-color":"","overlay-opacity":"","overlay-gradient":""},"tablet":{"background-color":"","background-image":"","background-repeat":"repeat","background-position":"center center","background-size":"auto","background-attachment":"scroll","background-type":"","background-media":"","overlay-type":"","overlay-color":"","overlay-opacity":"","overlay-gradient":""},"mobile":{"background-color":"","background-image":"","background-repeat":"repeat","background-position":"center center","background-size":"auto","background-attachment":"scroll","background-type":"","background-media":"","overlay-type":"","overlay-color":"","overlay-opacity":"","overlay-gradient":""}},"ast-content-background-meta":{"desktop":{"background-color":"var(--ast-global-color-5)","background-image":"","background-repeat":"repeat","background-position":"center center","background-size":"auto","background-attachment":"scroll","background-type":"","background-media":"","overlay-type":"","overlay-color":"","overlay-opacity":"","overlay-gradient":""},"tablet":{"background-color":"var(--ast-global-color-5)","background-image":"","background-repeat":"repeat","background-position":"center center","background-size":"auto","background-attachment":"scroll","background-type":"","background-media":"","overlay-type":"","overlay-color":"","overlay-opacity":"","overlay-gradient":""},"mobile":{"background-color":"var(--ast-global-color-5)","background-image":"","background-repeat":"repeat","background-position":"center center","background-size":"auto","background-attachment":"scroll","background-type":"","background-media":"","overlay-type":"","overlay-color":"","overlay-opacity":"","overlay-gradient":""}}},"product_brand":[],"product_cat":[48],"product_tag":[],"class_list":{"0":"post-3465","1":"product","2":"type-product","3":"status-publish","4":"has-post-thumbnail","6":"product_cat-pekoce-omake-de","7":"desktop-align-left","8":"tablet-align-left","9":"mobile-align-center","10":"ast-product-gallery-layout-horizontal-slider","11":"ast-product-tabs-layout-vertical","12":"ast-qv-on-image","14":"first","15":"instock","16":"shipping-taxable","17":"purchasable","18":"product-type-simple"},"yoast_head":"<!-- This site is optimized with the Yoast SEO plugin v27.2 - https:\/\/yoast.com\/product\/yoast-seo-wordpress\/ -->\n<title>Hot Honey BIO - CILIPOHORC<\/title>\n<meta name=\"robots\" content=\"index, follow, max-snippet:-1, max-image-preview:large, max-video-preview:-1\" \/>\n<link rel=\"canonical\" href=\"https:\/\/cilipohorc.com\/de\/izdelek\/pekoce-omake-de\/3017\/\" \/>\n<meta property=\"og:locale\" content=\"de_DE\" \/>\n<meta property=\"og:type\" content=\"article\" \/>\n<meta property=\"og:title\" content=\"Hot Honey BIO - CILIPOHORC\" \/>\n<meta property=\"og:description\" content=\"Ein Honig, der jedes Gericht veredelt!\" \/>\n<meta property=\"og:url\" content=\"https:\/\/cilipohorc.com\/de\/izdelek\/pekoce-omake-de\/3017\/\" \/>\n<meta property=\"og:site_name\" content=\"CILIPOHORC\" \/>\n<meta property=\"article:publisher\" content=\"https:\/\/www.facebook.com\/PohorcBIOChili\" \/>\n<meta property=\"article:modified_time\" content=\"2026-03-06T14:32:43+00:00\" \/>\n<meta property=\"og:image\" content=\"https:\/\/cilipohorc.com\/wp-content\/uploads\/2024\/11\/wMHKrzv5.jpeg\" \/>\n\t<meta property=\"og:image:width\" content=\"2048\" \/>\n\t<meta property=\"og:image:height\" content=\"2048\" \/>\n\t<meta property=\"og:image:type\" content=\"image\/jpeg\" \/>\n<meta name=\"twitter:card\" content=\"summary_large_image\" \/>\n<meta name=\"twitter:label1\" content=\"Gesch\u00e4tzte Lesezeit\" \/>\n\t<meta name=\"twitter:data1\" content=\"2\u00a0Minuten\" \/>\n<script type=\"application\/ld+json\" class=\"yoast-schema-graph\">{\"@context\":\"https:\/\/schema.org\",\"@graph\":[{\"@type\":\"WebPage\",\"@id\":\"https:\/\/cilipohorc.com\/de\/izdelek\/pekoce-omake-de\/3017\/\",\"url\":\"https:\/\/cilipohorc.com\/de\/izdelek\/pekoce-omake-de\/3017\/\",\"name\":\"Hot Honey BIO - CILIPOHORC\",\"isPartOf\":{\"@id\":\"https:\/\/cilipohorc.com\/de\/#website\"},\"primaryImageOfPage\":{\"@id\":\"https:\/\/cilipohorc.com\/de\/izdelek\/pekoce-omake-de\/3017\/#primaryimage\"},\"image\":{\"@id\":\"https:\/\/cilipohorc.com\/de\/izdelek\/pekoce-omake-de\/3017\/#primaryimage\"},\"thumbnailUrl\":\"https:\/\/cilipohorc.com\/wp-content\/uploads\/2024\/11\/wMHKrzv5.jpeg\",\"datePublished\":\"2024-11-21T23:16:52+00:00\",\"dateModified\":\"2026-03-06T14:32:43+00:00\",\"breadcrumb\":{\"@id\":\"https:\/\/cilipohorc.com\/de\/izdelek\/pekoce-omake-de\/3017\/#breadcrumb\"},\"inLanguage\":\"de\",\"potentialAction\":[{\"@type\":\"ReadAction\",\"target\":[\"https:\/\/cilipohorc.com\/de\/izdelek\/pekoce-omake-de\/3017\/\"]}]},{\"@type\":\"ImageObject\",\"inLanguage\":\"de\",\"@id\":\"https:\/\/cilipohorc.com\/de\/izdelek\/pekoce-omake-de\/3017\/#primaryimage\",\"url\":\"https:\/\/cilipohorc.com\/wp-content\/uploads\/2024\/11\/wMHKrzv5.jpeg\",\"contentUrl\":\"https:\/\/cilipohorc.com\/wp-content\/uploads\/2024\/11\/wMHKrzv5.jpeg\",\"width\":2048,\"height\":2048},{\"@type\":\"BreadcrumbList\",\"@id\":\"https:\/\/cilipohorc.com\/de\/izdelek\/pekoce-omake-de\/3017\/#breadcrumb\",\"itemListElement\":[{\"@type\":\"ListItem\",\"position\":1,\"name\":\"Home\",\"item\":\"https:\/\/cilipohorc.com\/de\/\"},{\"@type\":\"ListItem\",\"position\":2,\"name\":\"Trgovina\",\"item\":\"https:\/\/cilipohorc.com\/shop\/\"},{\"@type\":\"ListItem\",\"position\":3,\"name\":\"Hot Honey BIO\"}]},{\"@type\":\"WebSite\",\"@id\":\"https:\/\/cilipohorc.com\/de\/#website\",\"url\":\"https:\/\/cilipohorc.com\/de\/\",\"name\":\"CILIPOHORC\",\"description\":\"Okusno in pikantno\",\"publisher\":{\"@id\":\"https:\/\/cilipohorc.com\/de\/#organization\"},\"potentialAction\":[{\"@type\":\"SearchAction\",\"target\":{\"@type\":\"EntryPoint\",\"urlTemplate\":\"https:\/\/cilipohorc.com\/de\/?s={search_term_string}\"},\"query-input\":{\"@type\":\"PropertyValueSpecification\",\"valueRequired\":true,\"valueName\":\"search_term_string\"}}],\"inLanguage\":\"de\"},{\"@type\":\"Organization\",\"@id\":\"https:\/\/cilipohorc.com\/de\/#organization\",\"name\":\"CILIPOHORC\",\"url\":\"https:\/\/cilipohorc.com\/de\/\",\"logo\":{\"@type\":\"ImageObject\",\"inLanguage\":\"de\",\"@id\":\"https:\/\/cilipohorc.com\/de\/#\/schema\/logo\/image\/\",\"url\":\"https:\/\/cilipohorc.com\/wp-content\/uploads\/2023\/04\/pohorc_logo.svg\",\"contentUrl\":\"https:\/\/cilipohorc.com\/wp-content\/uploads\/2023\/04\/pohorc_logo.svg\",\"width\":1246,\"height\":436,\"caption\":\"CILIPOHORC\"},\"image\":{\"@id\":\"https:\/\/cilipohorc.com\/de\/#\/schema\/logo\/image\/\"},\"sameAs\":[\"https:\/\/www.facebook.com\/PohorcBIOChili\"]}]}<\/script>\n<!-- \/ Yoast SEO plugin. -->","yoast_head_json":{"title":"Hot Honey BIO - CILIPOHORC","robots":{"index":"index","follow":"follow","max-snippet":"max-snippet:-1","max-image-preview":"max-image-preview:large","max-video-preview":"max-video-preview:-1"},"canonical":"https:\/\/cilipohorc.com\/de\/izdelek\/pekoce-omake-de\/3017\/","og_locale":"de_DE","og_type":"article","og_title":"Hot Honey BIO - CILIPOHORC","og_description":"Ein Honig, der jedes Gericht veredelt!","og_url":"https:\/\/cilipohorc.com\/de\/izdelek\/pekoce-omake-de\/3017\/","og_site_name":"CILIPOHORC","article_publisher":"https:\/\/www.facebook.com\/PohorcBIOChili","article_modified_time":"2026-03-06T14:32:43+00:00","og_image":[{"width":2048,"height":2048,"url":"https:\/\/cilipohorc.com\/wp-content\/uploads\/2024\/11\/wMHKrzv5.jpeg","type":"image\/jpeg"}],"twitter_card":"summary_large_image","twitter_misc":{"Gesch\u00e4tzte Lesezeit":"2\u00a0Minuten"},"schema":{"@context":"https:\/\/schema.org","@graph":[{"@type":"WebPage","@id":"https:\/\/cilipohorc.com\/de\/izdelek\/pekoce-omake-de\/3017\/","url":"https:\/\/cilipohorc.com\/de\/izdelek\/pekoce-omake-de\/3017\/","name":"Hot Honey BIO - CILIPOHORC","isPartOf":{"@id":"https:\/\/cilipohorc.com\/de\/#website"},"primaryImageOfPage":{"@id":"https:\/\/cilipohorc.com\/de\/izdelek\/pekoce-omake-de\/3017\/#primaryimage"},"image":{"@id":"https:\/\/cilipohorc.com\/de\/izdelek\/pekoce-omake-de\/3017\/#primaryimage"},"thumbnailUrl":"https:\/\/cilipohorc.com\/wp-content\/uploads\/2024\/11\/wMHKrzv5.jpeg","datePublished":"2024-11-21T23:16:52+00:00","dateModified":"2026-03-06T14:32:43+00:00","breadcrumb":{"@id":"https:\/\/cilipohorc.com\/de\/izdelek\/pekoce-omake-de\/3017\/#breadcrumb"},"inLanguage":"de","potentialAction":[{"@type":"ReadAction","target":["https:\/\/cilipohorc.com\/de\/izdelek\/pekoce-omake-de\/3017\/"]}]},{"@type":"ImageObject","inLanguage":"de","@id":"https:\/\/cilipohorc.com\/de\/izdelek\/pekoce-omake-de\/3017\/#primaryimage","url":"https:\/\/cilipohorc.com\/wp-content\/uploads\/2024\/11\/wMHKrzv5.jpeg","contentUrl":"https:\/\/cilipohorc.com\/wp-content\/uploads\/2024\/11\/wMHKrzv5.jpeg","width":2048,"height":2048},{"@type":"BreadcrumbList","@id":"https:\/\/cilipohorc.com\/de\/izdelek\/pekoce-omake-de\/3017\/#breadcrumb","itemListElement":[{"@type":"ListItem","position":1,"name":"Home","item":"https:\/\/cilipohorc.com\/de\/"},{"@type":"ListItem","position":2,"name":"Trgovina","item":"https:\/\/cilipohorc.com\/shop\/"},{"@type":"ListItem","position":3,"name":"Hot Honey BIO"}]},{"@type":"WebSite","@id":"https:\/\/cilipohorc.com\/de\/#website","url":"https:\/\/cilipohorc.com\/de\/","name":"CILIPOHORC","description":"Okusno in pikantno","publisher":{"@id":"https:\/\/cilipohorc.com\/de\/#organization"},"potentialAction":[{"@type":"SearchAction","target":{"@type":"EntryPoint","urlTemplate":"https:\/\/cilipohorc.com\/de\/?s={search_term_string}"},"query-input":{"@type":"PropertyValueSpecification","valueRequired":true,"valueName":"search_term_string"}}],"inLanguage":"de"},{"@type":"Organization","@id":"https:\/\/cilipohorc.com\/de\/#organization","name":"CILIPOHORC","url":"https:\/\/cilipohorc.com\/de\/","logo":{"@type":"ImageObject","inLanguage":"de","@id":"https:\/\/cilipohorc.com\/de\/#\/schema\/logo\/image\/","url":"https:\/\/cilipohorc.com\/wp-content\/uploads\/2023\/04\/pohorc_logo.svg","contentUrl":"https:\/\/cilipohorc.com\/wp-content\/uploads\/2023\/04\/pohorc_logo.svg","width":1246,"height":436,"caption":"CILIPOHORC"},"image":{"@id":"https:\/\/cilipohorc.com\/de\/#\/schema\/logo\/image\/"},"sameAs":["https:\/\/www.facebook.com\/PohorcBIOChili"]}]}},"jetpack_sharing_enabled":true,"_links":{"self":[{"href":"https:\/\/cilipohorc.com\/de\/wp-json\/wp\/v2\/product\/3465","targetHints":{"allow":["GET"]}}],"collection":[{"href":"https:\/\/cilipohorc.com\/de\/wp-json\/wp\/v2\/product"}],"about":[{"href":"https:\/\/cilipohorc.com\/de\/wp-json\/wp\/v2\/types\/product"}],"replies":[{"embeddable":true,"href":"https:\/\/cilipohorc.com\/de\/wp-json\/wp\/v2\/comments?post=3465"}],"wp:featuredmedia":[{"embeddable":true,"href":"https:\/\/cilipohorc.com\/de\/wp-json\/wp\/v2\/media\/3031"}],"wp:attachment":[{"href":"https:\/\/cilipohorc.com\/de\/wp-json\/wp\/v2\/media?parent=3465"}],"wp:term":[{"taxonomy":"product_brand","embeddable":true,"href":"https:\/\/cilipohorc.com\/de\/wp-json\/wp\/v2\/product_brand?post=3465"},{"taxonomy":"product_cat","embeddable":true,"href":"https:\/\/cilipohorc.com\/de\/wp-json\/wp\/v2\/product_cat?post=3465"},{"taxonomy":"product_tag","embeddable":true,"href":"https:\/\/cilipohorc.com\/de\/wp-json\/wp\/v2\/product_tag?post=3465"}],"curies":[{"name":"wp","href":"https:\/\/api.w.org\/{rel}","templated":true}]}}