{"id":3467,"date":"2025-10-01T22:46:35","date_gmt":"2025-10-01T20:46:35","guid":{"rendered":"https:\/\/cilipohorc.com\/izdelek\/unkategorisiert\/crni-cesen-v-temni-cokoladi\/"},"modified":"2025-10-13T09:16:15","modified_gmt":"2025-10-13T07:16:15","slug":"crni-cesen-v-temni-cokoladi","status":"publish","type":"product","link":"https:\/\/cilipohorc.com\/de\/izdelek\/ostale-dobrote-de\/crni-cesen-v-temni-cokoladi\/","title":{"rendered":"Schwarzer Knoblauch in Zartbitterschokolade"},"content":{"rendered":"<div dir=\"auto\">\n<p><strong>Die Verbindung von Feuer, Erde und Meer<\/strong><\/p>\n<p>In diesem kostbaren Bissen vereinen sich drei Kr\u00e4fte der Natur: die W\u00e4rme des Chilis, die Tiefe des schwarzen Knoblauchs und die Frische des Piransalzes. Eine handgefertigte K\u00f6stlichkeit, in der sich die reichhaltige Karamells\u00fc\u00dfe des fermentierten schwarzen Knoblauchs mit samtiger Zartbitterschokolade und einer feinen Chili-Note verbindet. Abgerundet wird sie durch die Knusprigkeit der groben Kristalle des Piransalzes, die jeden Bissen zu einem wahren Geschmackserlebnis machen.  <\/p>\n<p>Alle Zutaten stammen aus biologischem Anbau, sorgf\u00e4ltig ausgew\u00e4hlt mit Respekt vor der reinen Natur und dem echten Genuss. Jedes St\u00fcck wird in Handarbeit auf unserem Bauernhof hergestellt, wo sich Tradition, Geduld und Liebe zur heimischen Produktion vereinen. <\/p>\n<p><em>Uporaba<\/em><\/p>\n<p>Diese Gourmet-Spezialit\u00e4t ist mehr als nur eine S\u00fc\u00dfigkeit. Sie passt hervorragend: <\/p>\n<p>\u2013 zu einem Glas Rotwein, Craft-Bier oder Cognac,<\/p>\n<p>\u2013 auf K\u00e4seplatten mit N\u00fcssen und Trockenfr\u00fcchten,<\/p>\n<p>\u2013 als \u00fcberraschende Erg\u00e4nzung zu Fleischgerichten,<\/p>\n<p>\u2013 oder einfach pur \u2013 als Moment der Verw\u00f6hnung nur f\u00fcr Sie.<\/p>\n<p><em> Empfehlung<\/em><\/p>\n<p>Genie\u00dfen Sie sie langsam. Lassen Sie die Schokolade schmelzen, den Knoblauch seine zarte S\u00fc\u00dfe entfalten, den Chili w\u00e4rmen und das Salz alles harmonisch abrunden \u2013 das ist mehr als Geschmack, das ist ein Erlebnis. <\/p>\n<p><em>Handarbeit, die man schmeckt<\/em><\/p>\n<p>Jedes St\u00fcck wird von Hand aus biologischen Zutaten und in begrenzten Mengen hergestellt. Der schwarze Knoblauch reift mehrere Wochen, bevor er von Hand mit Schokolade, Chili und Piransalz \u00fcberzogen wird. <\/p>\n<p>Der Wert dieses Produkts liegt nicht nur in den Rohstoffen, sondern auch in der M\u00fche, der Zeit und der Geschichte, die es tr\u00e4gt.<\/p>\n<p>Der Preis spiegelt die Seltenheit, Qualit\u00e4t und Einzigartigkeit wider \u2013 den Wert der Natur, eingefangen in einem Bissen.<\/p>\n<\/div>\n<div dir=\"auto\"><\/div>\n<p>&nbsp;<\/p>\n<p>Zutaten:<\/p>\n<ul>\n<li>Knoblauch* (95 %)<\/li>\n<li>Rohrzucker*<\/li>\n<li>Kakaomasse*<\/li>\n<li>Kakaobutter*<\/li>\n<li>Grobe Meersalz aus Piran*<\/li>\n<li>Chili*<\/li>\n<\/ul>\n<p>*Zutaten sind biologischen Ursprungs<\/p>\n<p>Gluten- und zusatzstofffreie, vegan-freundliche Lebensmittel.<\/p>\n<p>Inhalt: 100 g<\/p>\n<p><img decoding=\"async\" class=\"alignnone size-full wp-image-2958\" src=\"https:\/\/cilipohorc.com\/wp-content\/uploads\/2024\/10\/eko-logo1-1-150x150-1.jpg\" alt=\"\" width=\"150\" height=\"150\" srcset=\"https:\/\/cilipohorc.com\/wp-content\/uploads\/2024\/10\/eko-logo1-1-150x150-1.jpg 150w, https:\/\/cilipohorc.com\/wp-content\/uploads\/2024\/10\/eko-logo1-1-150x150-1-100x100.jpg 100w\" sizes=\"(max-width: 150px) 100vw, 150px\" \/> <img decoding=\"async\" class=\"alignnone size-full wp-image-2955\" src=\"https:\/\/cilipohorc.com\/wp-content\/uploads\/2024\/10\/Znak-BIO-SI-EKO-001-barvni-SLO-150x150-1.jpg\" alt=\"\" width=\"150\" height=\"150\" srcset=\"https:\/\/cilipohorc.com\/wp-content\/uploads\/2024\/10\/Znak-BIO-SI-EKO-001-barvni-SLO-150x150-1.jpg 150w, https:\/\/cilipohorc.com\/wp-content\/uploads\/2024\/10\/Znak-BIO-SI-EKO-001-barvni-SLO-150x150-1-100x100.jpg 100w\" sizes=\"(max-width: 150px) 100vw, 150px\" \/><\/p>\n","protected":false},"excerpt":{"rendered":"<p>Er ist der K\u00f6nig unter den handgefertigten Pralinen.<br \/>Schwarzer Knoblauch verleiht ihm k\u00f6nigliche Gr\u00f6\u00dfe, w\u00e4hrend die Schokolade alles in ein samtiges, k\u00f6stliches und knuspriges Gewand h\u00fcllt.<br \/>Die Kombination aus schwarzem Knoblauch und Zartbitterschokolade ist einfach so gut, dass man sie unbedingt probieren muss!  <\/p>\n","protected":false},"featured_media":3493,"comment_status":"open","ping_status":"closed","template":"","meta":{"site-sidebar-layout":"default","site-content-layout":"","ast-site-content-layout":"default","site-content-style":"default","site-sidebar-style":"default","ast-global-header-display":"","ast-banner-title-visibility":"","ast-main-header-display":"","ast-hfb-above-header-display":"","ast-hfb-below-header-display":"","ast-hfb-mobile-header-display":"","site-post-title":"","ast-breadcrumbs-content":"","ast-featured-img":"","footer-sml-layout":"","theme-transparent-header-meta":"default","adv-header-id-meta":"","stick-header-meta":"","header-above-stick-meta":"","header-main-stick-meta":"","header-below-stick-meta":"","astra-migrate-meta-layouts":"set","ast-page-background-enabled":"default","ast-page-background-meta":{"desktop":{"background-color":"","background-image":"","background-repeat":"repeat","background-position":"center center","background-size":"auto","background-attachment":"scroll","background-type":"","background-media":"","overlay-type":"","overlay-color":"","overlay-opacity":"","overlay-gradient":""},"tablet":{"background-color":"","background-image":"","background-repeat":"repeat","background-position":"center center","background-size":"auto","background-attachment":"scroll","background-type":"","background-media":"","overlay-type":"","overlay-color":"","overlay-opacity":"","overlay-gradient":""},"mobile":{"background-color":"","background-image":"","background-repeat":"repeat","background-position":"center center","background-size":"auto","background-attachment":"scroll","background-type":"","background-media":"","overlay-type":"","overlay-color":"","overlay-opacity":"","overlay-gradient":""}},"ast-content-background-meta":{"desktop":{"background-color":"var(--ast-global-color-5)","background-image":"","background-repeat":"repeat","background-position":"center center","background-size":"auto","background-attachment":"scroll","background-type":"","background-media":"","overlay-type":"","overlay-color":"","overlay-opacity":"","overlay-gradient":""},"tablet":{"background-color":"var(--ast-global-color-5)","background-image":"","background-repeat":"repeat","background-position":"center center","background-size":"auto","background-attachment":"scroll","background-type":"","background-media":"","overlay-type":"","overlay-color":"","overlay-opacity":"","overlay-gradient":""},"mobile":{"background-color":"var(--ast-global-color-5)","background-image":"","background-repeat":"repeat","background-position":"center center","background-size":"auto","background-attachment":"scroll","background-type":"","background-media":"","overlay-type":"","overlay-color":"","overlay-opacity":"","overlay-gradient":""}}},"product_brand":[],"product_cat":[45],"product_tag":[],"class_list":{"0":"post-3467","1":"product","2":"type-product","3":"status-publish","4":"has-post-thumbnail","6":"product_cat-ostale-dobrote-de","7":"desktop-align-left","8":"tablet-align-left","9":"mobile-align-center","10":"ast-product-gallery-layout-horizontal-slider","11":"ast-product-tabs-layout-vertical","12":"ast-qv-on-image","14":"first","15":"instock","16":"shipping-taxable","17":"purchasable","18":"product-type-simple"},"yoast_head":"<!-- This site is optimized with the Yoast SEO plugin v27.2 - https:\/\/yoast.com\/product\/yoast-seo-wordpress\/ -->\n<title>Schwarzer Knoblauch in Zartbitterschokolade - CILIPOHORC<\/title>\n<meta name=\"robots\" content=\"index, follow, max-snippet:-1, max-image-preview:large, max-video-preview:-1\" \/>\n<link rel=\"canonical\" href=\"https:\/\/cilipohorc.com\/de\/izdelek\/ostale-dobrote-de\/crni-cesen-v-temni-cokoladi\/\" \/>\n<meta property=\"og:locale\" content=\"de_DE\" \/>\n<meta property=\"og:type\" content=\"article\" \/>\n<meta property=\"og:title\" content=\"Schwarzer Knoblauch in Zartbitterschokolade - CILIPOHORC\" \/>\n<meta property=\"og:description\" content=\"Er ist der K\u00f6nig unter den handgefertigten Pralinen.Schwarzer Knoblauch verleiht ihm k\u00f6nigliche Gr\u00f6\u00dfe, w\u00e4hrend die Schokolade alles in ein samtiges, k\u00f6stliches und knuspriges Gewand h\u00fcllt.Die Kombination aus schwarzem Knoblauch und Zartbitterschokolade ist einfach so gut, dass man sie unbedingt probieren muss!\" \/>\n<meta property=\"og:url\" content=\"https:\/\/cilipohorc.com\/de\/izdelek\/ostale-dobrote-de\/crni-cesen-v-temni-cokoladi\/\" \/>\n<meta property=\"og:site_name\" content=\"CILIPOHORC\" \/>\n<meta property=\"article:publisher\" content=\"https:\/\/www.facebook.com\/PohorcBIOChili\" \/>\n<meta property=\"article:modified_time\" content=\"2025-10-13T07:16:15+00:00\" \/>\n<meta property=\"og:image\" content=\"https:\/\/cilipohorc.com\/wp-content\/uploads\/2025\/10\/KSb2NKwA.jpeg\" \/>\n\t<meta property=\"og:image:width\" content=\"800\" \/>\n\t<meta property=\"og:image:height\" content=\"800\" \/>\n\t<meta property=\"og:image:type\" content=\"image\/jpeg\" \/>\n<meta name=\"twitter:card\" content=\"summary_large_image\" \/>\n<meta name=\"twitter:label1\" content=\"Gesch\u00e4tzte Lesezeit\" \/>\n\t<meta name=\"twitter:data1\" content=\"2\u00a0Minuten\" \/>\n<script type=\"application\/ld+json\" class=\"yoast-schema-graph\">{\"@context\":\"https:\/\/schema.org\",\"@graph\":[{\"@type\":\"WebPage\",\"@id\":\"https:\/\/cilipohorc.com\/de\/izdelek\/ostale-dobrote-de\/crni-cesen-v-temni-cokoladi\/\",\"url\":\"https:\/\/cilipohorc.com\/de\/izdelek\/ostale-dobrote-de\/crni-cesen-v-temni-cokoladi\/\",\"name\":\"Schwarzer Knoblauch in Zartbitterschokolade - CILIPOHORC\",\"isPartOf\":{\"@id\":\"https:\/\/cilipohorc.com\/de\/#website\"},\"primaryImageOfPage\":{\"@id\":\"https:\/\/cilipohorc.com\/de\/izdelek\/ostale-dobrote-de\/crni-cesen-v-temni-cokoladi\/#primaryimage\"},\"image\":{\"@id\":\"https:\/\/cilipohorc.com\/de\/izdelek\/ostale-dobrote-de\/crni-cesen-v-temni-cokoladi\/#primaryimage\"},\"thumbnailUrl\":\"https:\/\/cilipohorc.com\/wp-content\/uploads\/2025\/10\/DSC01180.jpg\",\"datePublished\":\"2025-10-01T20:46:35+00:00\",\"dateModified\":\"2025-10-13T07:16:15+00:00\",\"breadcrumb\":{\"@id\":\"https:\/\/cilipohorc.com\/de\/izdelek\/ostale-dobrote-de\/crni-cesen-v-temni-cokoladi\/#breadcrumb\"},\"inLanguage\":\"de\",\"potentialAction\":[{\"@type\":\"ReadAction\",\"target\":[\"https:\/\/cilipohorc.com\/de\/izdelek\/ostale-dobrote-de\/crni-cesen-v-temni-cokoladi\/\"]}]},{\"@type\":\"ImageObject\",\"inLanguage\":\"de\",\"@id\":\"https:\/\/cilipohorc.com\/de\/izdelek\/ostale-dobrote-de\/crni-cesen-v-temni-cokoladi\/#primaryimage\",\"url\":\"https:\/\/cilipohorc.com\/wp-content\/uploads\/2025\/10\/DSC01180.jpg\",\"contentUrl\":\"https:\/\/cilipohorc.com\/wp-content\/uploads\/2025\/10\/DSC01180.jpg\",\"width\":2048,\"height\":2048},{\"@type\":\"BreadcrumbList\",\"@id\":\"https:\/\/cilipohorc.com\/de\/izdelek\/ostale-dobrote-de\/crni-cesen-v-temni-cokoladi\/#breadcrumb\",\"itemListElement\":[{\"@type\":\"ListItem\",\"position\":1,\"name\":\"Home\",\"item\":\"https:\/\/cilipohorc.com\/de\/\"},{\"@type\":\"ListItem\",\"position\":2,\"name\":\"Trgovina\",\"item\":\"https:\/\/cilipohorc.com\/shop\/\"},{\"@type\":\"ListItem\",\"position\":3,\"name\":\"Schwarzer Knoblauch in Zartbitterschokolade\"}]},{\"@type\":\"WebSite\",\"@id\":\"https:\/\/cilipohorc.com\/de\/#website\",\"url\":\"https:\/\/cilipohorc.com\/de\/\",\"name\":\"CILIPOHORC\",\"description\":\"Okusno in pikantno\",\"publisher\":{\"@id\":\"https:\/\/cilipohorc.com\/de\/#organization\"},\"potentialAction\":[{\"@type\":\"SearchAction\",\"target\":{\"@type\":\"EntryPoint\",\"urlTemplate\":\"https:\/\/cilipohorc.com\/de\/?s={search_term_string}\"},\"query-input\":{\"@type\":\"PropertyValueSpecification\",\"valueRequired\":true,\"valueName\":\"search_term_string\"}}],\"inLanguage\":\"de\"},{\"@type\":\"Organization\",\"@id\":\"https:\/\/cilipohorc.com\/de\/#organization\",\"name\":\"CILIPOHORC\",\"url\":\"https:\/\/cilipohorc.com\/de\/\",\"logo\":{\"@type\":\"ImageObject\",\"inLanguage\":\"de\",\"@id\":\"https:\/\/cilipohorc.com\/de\/#\/schema\/logo\/image\/\",\"url\":\"https:\/\/cilipohorc.com\/wp-content\/uploads\/2023\/04\/pohorc_logo.svg\",\"contentUrl\":\"https:\/\/cilipohorc.com\/wp-content\/uploads\/2023\/04\/pohorc_logo.svg\",\"width\":1246,\"height\":436,\"caption\":\"CILIPOHORC\"},\"image\":{\"@id\":\"https:\/\/cilipohorc.com\/de\/#\/schema\/logo\/image\/\"},\"sameAs\":[\"https:\/\/www.facebook.com\/PohorcBIOChili\"]}]}<\/script>\n<!-- \/ Yoast SEO plugin. -->","yoast_head_json":{"title":"Schwarzer Knoblauch in Zartbitterschokolade - CILIPOHORC","robots":{"index":"index","follow":"follow","max-snippet":"max-snippet:-1","max-image-preview":"max-image-preview:large","max-video-preview":"max-video-preview:-1"},"canonical":"https:\/\/cilipohorc.com\/de\/izdelek\/ostale-dobrote-de\/crni-cesen-v-temni-cokoladi\/","og_locale":"de_DE","og_type":"article","og_title":"Schwarzer Knoblauch in Zartbitterschokolade - CILIPOHORC","og_description":"Er ist der K\u00f6nig unter den handgefertigten Pralinen.Schwarzer Knoblauch verleiht ihm k\u00f6nigliche Gr\u00f6\u00dfe, w\u00e4hrend die Schokolade alles in ein samtiges, k\u00f6stliches und knuspriges Gewand h\u00fcllt.Die Kombination aus schwarzem Knoblauch und Zartbitterschokolade ist einfach so gut, dass man sie unbedingt probieren muss!","og_url":"https:\/\/cilipohorc.com\/de\/izdelek\/ostale-dobrote-de\/crni-cesen-v-temni-cokoladi\/","og_site_name":"CILIPOHORC","article_publisher":"https:\/\/www.facebook.com\/PohorcBIOChili","article_modified_time":"2025-10-13T07:16:15+00:00","og_image":[{"width":800,"height":800,"url":"https:\/\/cilipohorc.com\/wp-content\/uploads\/2025\/10\/KSb2NKwA.jpeg","type":"image\/jpeg"}],"twitter_card":"summary_large_image","twitter_misc":{"Gesch\u00e4tzte Lesezeit":"2\u00a0Minuten"},"schema":{"@context":"https:\/\/schema.org","@graph":[{"@type":"WebPage","@id":"https:\/\/cilipohorc.com\/de\/izdelek\/ostale-dobrote-de\/crni-cesen-v-temni-cokoladi\/","url":"https:\/\/cilipohorc.com\/de\/izdelek\/ostale-dobrote-de\/crni-cesen-v-temni-cokoladi\/","name":"Schwarzer Knoblauch in Zartbitterschokolade - CILIPOHORC","isPartOf":{"@id":"https:\/\/cilipohorc.com\/de\/#website"},"primaryImageOfPage":{"@id":"https:\/\/cilipohorc.com\/de\/izdelek\/ostale-dobrote-de\/crni-cesen-v-temni-cokoladi\/#primaryimage"},"image":{"@id":"https:\/\/cilipohorc.com\/de\/izdelek\/ostale-dobrote-de\/crni-cesen-v-temni-cokoladi\/#primaryimage"},"thumbnailUrl":"https:\/\/cilipohorc.com\/wp-content\/uploads\/2025\/10\/DSC01180.jpg","datePublished":"2025-10-01T20:46:35+00:00","dateModified":"2025-10-13T07:16:15+00:00","breadcrumb":{"@id":"https:\/\/cilipohorc.com\/de\/izdelek\/ostale-dobrote-de\/crni-cesen-v-temni-cokoladi\/#breadcrumb"},"inLanguage":"de","potentialAction":[{"@type":"ReadAction","target":["https:\/\/cilipohorc.com\/de\/izdelek\/ostale-dobrote-de\/crni-cesen-v-temni-cokoladi\/"]}]},{"@type":"ImageObject","inLanguage":"de","@id":"https:\/\/cilipohorc.com\/de\/izdelek\/ostale-dobrote-de\/crni-cesen-v-temni-cokoladi\/#primaryimage","url":"https:\/\/cilipohorc.com\/wp-content\/uploads\/2025\/10\/DSC01180.jpg","contentUrl":"https:\/\/cilipohorc.com\/wp-content\/uploads\/2025\/10\/DSC01180.jpg","width":2048,"height":2048},{"@type":"BreadcrumbList","@id":"https:\/\/cilipohorc.com\/de\/izdelek\/ostale-dobrote-de\/crni-cesen-v-temni-cokoladi\/#breadcrumb","itemListElement":[{"@type":"ListItem","position":1,"name":"Home","item":"https:\/\/cilipohorc.com\/de\/"},{"@type":"ListItem","position":2,"name":"Trgovina","item":"https:\/\/cilipohorc.com\/shop\/"},{"@type":"ListItem","position":3,"name":"Schwarzer Knoblauch in Zartbitterschokolade"}]},{"@type":"WebSite","@id":"https:\/\/cilipohorc.com\/de\/#website","url":"https:\/\/cilipohorc.com\/de\/","name":"CILIPOHORC","description":"Okusno in pikantno","publisher":{"@id":"https:\/\/cilipohorc.com\/de\/#organization"},"potentialAction":[{"@type":"SearchAction","target":{"@type":"EntryPoint","urlTemplate":"https:\/\/cilipohorc.com\/de\/?s={search_term_string}"},"query-input":{"@type":"PropertyValueSpecification","valueRequired":true,"valueName":"search_term_string"}}],"inLanguage":"de"},{"@type":"Organization","@id":"https:\/\/cilipohorc.com\/de\/#organization","name":"CILIPOHORC","url":"https:\/\/cilipohorc.com\/de\/","logo":{"@type":"ImageObject","inLanguage":"de","@id":"https:\/\/cilipohorc.com\/de\/#\/schema\/logo\/image\/","url":"https:\/\/cilipohorc.com\/wp-content\/uploads\/2023\/04\/pohorc_logo.svg","contentUrl":"https:\/\/cilipohorc.com\/wp-content\/uploads\/2023\/04\/pohorc_logo.svg","width":1246,"height":436,"caption":"CILIPOHORC"},"image":{"@id":"https:\/\/cilipohorc.com\/de\/#\/schema\/logo\/image\/"},"sameAs":["https:\/\/www.facebook.com\/PohorcBIOChili"]}]}},"jetpack_sharing_enabled":true,"_links":{"self":[{"href":"https:\/\/cilipohorc.com\/de\/wp-json\/wp\/v2\/product\/3467","targetHints":{"allow":["GET"]}}],"collection":[{"href":"https:\/\/cilipohorc.com\/de\/wp-json\/wp\/v2\/product"}],"about":[{"href":"https:\/\/cilipohorc.com\/de\/wp-json\/wp\/v2\/types\/product"}],"replies":[{"embeddable":true,"href":"https:\/\/cilipohorc.com\/de\/wp-json\/wp\/v2\/comments?post=3467"}],"wp:featuredmedia":[{"embeddable":true,"href":"https:\/\/cilipohorc.com\/de\/wp-json\/wp\/v2\/media\/3493"}],"wp:attachment":[{"href":"https:\/\/cilipohorc.com\/de\/wp-json\/wp\/v2\/media?parent=3467"}],"wp:term":[{"taxonomy":"product_brand","embeddable":true,"href":"https:\/\/cilipohorc.com\/de\/wp-json\/wp\/v2\/product_brand?post=3467"},{"taxonomy":"product_cat","embeddable":true,"href":"https:\/\/cilipohorc.com\/de\/wp-json\/wp\/v2\/product_cat?post=3467"},{"taxonomy":"product_tag","embeddable":true,"href":"https:\/\/cilipohorc.com\/de\/wp-json\/wp\/v2\/product_tag?post=3467"}],"curies":[{"name":"wp","href":"https:\/\/api.w.org\/{rel}","templated":true}]}}