{"id":3469,"date":"2025-10-07T23:05:06","date_gmt":"2025-10-07T21:05:06","guid":{"rendered":"https:\/\/cilipohorc.com\/izdelek\/unkategorisiert\/brusnicni-njam\/"},"modified":"2025-10-13T09:00:25","modified_gmt":"2025-10-13T07:00:25","slug":"brusnicni-njam","status":"publish","type":"product","link":"https:\/\/cilipohorc.com\/de\/izdelek\/cili-namazi-de\/brusnicni-njam\/","title":{"rendered":"Preiselbeer-nJAM"},"content":{"rendered":"<p data-start=\"131\" data-end=\"324\">Im Herzen der Natur, wo sich die Erde mit dem Himmel ber\u00fchrt, wachsen Fr\u00fcchte, die Geschichten in sich tragen. Brusni\u010dni nJAM ist eine dieser Geschichten \u2013 eine Geschichte \u00fcber die Verbindung von Tradition, Innovation und kompromissloser Qualit\u00e4t. <\/p>\n<p data-start=\"326\" data-end=\"606\">Unsere Version dieses k\u00f6stlichen Aufstrichs wurde mit Liebe und Respekt gegen\u00fcber der Natur geschaffen. Preiselbeeren, schwarzer Knoblauch und Chili vereinen sich zu einer einzigartigen Harmonie der Aromen, die Sie auf eine Reise von S\u00fc\u00dfe zu milder Sch\u00e4rfe f\u00fchrt \u2013 mit einer subtilen Note von Frische und Tiefe. <\/p>\n<p data-start=\"643\" data-end=\"1038\">Jeder L\u00f6ffel unseres Brusni\u010dni nJAM ist durchdrungen von der nat\u00fcrlichen S\u00fc\u00dfe biologischer Preiselbeeren, die in unber\u00fchrten W\u00e4ldern wachsen. Sie sind reich an Vitaminen und Antioxidantien, die die Gesundheit von K\u00f6rper und Geist unterst\u00fctzen. Unsere Preiselbeeren stammen nicht nur aus biologischem Anbau, sondern werden auch im perfekten Moment geerntet \u2013 wenn sie vollst\u00e4ndig reif sind und bereit, Sie mit ihrer erfrischenden, s\u00fc\u00df-sauren Note zu begeistern.  <\/p>\n<h4 data-start=\"1040\" data-end=\"1073\"><strong data-start=\"1045\" data-end=\"1073\">Schwarzer Knoblauch: Der Geschmack der Tiefe<\/strong><\/h4>\n<p data-start=\"1074\" data-end=\"1466\">In diesem einzigartigen Aufstrich tritt der schwarze Knoblauch als geheimnisvoller Held auf, der mit seinen reichen, s\u00fc\u00dflichen T\u00f6nen und erdigen Aromen ein harmonisches Gleichgewicht schafft. Unsere biologischen Knoblauchknollen werden unter idealen Bedingungen fermentiert, um ihr volles Geschmackspotenzial zu entfalten \u2013 weiche, fast s\u00fc\u00dfe Noten, die die Sch\u00e4rfe des klassischen Knoblauchs mildern und jeden Bissen zu einem wahren Geschmackserlebnis machen. <\/p>\n<h4 data-start=\"1468\" data-end=\"1500\"><strong data-start=\"1473\" data-end=\"1500\">Chili: Eine sanfte Sch\u00e4rfe<\/strong><\/h4>\n<p data-start=\"1501\" data-end=\"1806\">F\u00fcr alle, die eine leichte Sch\u00e4rfe lieben, haben wir genau das hinzugef\u00fcgt \u2013 den passenden Chili, der unserem Brusni\u010dni nJAM eine subtile, aber unverwechselbare warme Note verleiht. Dieses pikante Element \u00fcberfordert den Gaumen nicht, sondern rundet den Geschmack sanft ab \u2013 vom ersten bis zum letzten Bissen. <\/p>\n<hr data-start=\"2179\" data-end=\"2182\">\n<p data-start=\"2184\" data-end=\"2435\">Brusni\u010dni nJAM ist nicht nur ein k\u00f6stlicher Aufstrich. Es ist eine Philosophie, die die Natur respektiert und Geschm\u00e4cker bietet, die Sie in eine Welt der Leichtigkeit, Frische und Harmonie entf\u00fchren. <\/p>\n<p data-start=\"2184\" data-end=\"2435\">Warum g\u00f6nnen Sie Ihrem Gaumen nicht heute dieses au\u00dfergew\u00f6hnliche Geschmackserlebnis?<\/p>\n<p>Zutaten:<\/p>\n<ul>\n<li>Preiselbeere*<\/li>\n<li>Schwarzer Knoblauch*<\/li>\n<li>Apfelsaft*<\/li>\n<li>Rohrzucker<\/li>\n<li>Chili*<\/li>\n<li>Grobe Meersalz aus Piran<\/li>\n<\/ul>\n<p>*Zutaten sind biologischen Ursprungs<\/p>\n<p>Gluten- und zusatzstofffreie, vegan-freundliche Lebensmittel.<\/p>\n<p>Inhalt: 210 ml<\/p>\n<p><img decoding=\"async\" class=\"alignnone size-full wp-image-2955\" src=\"https:\/\/cilipohorc.com\/wp-content\/uploads\/2024\/10\/Znak-BIO-SI-EKO-001-barvni-SLO-150x150-1.jpg\" alt=\"\" width=\"150\" height=\"150\" srcset=\"https:\/\/cilipohorc.com\/wp-content\/uploads\/2024\/10\/Znak-BIO-SI-EKO-001-barvni-SLO-150x150-1.jpg 150w, https:\/\/cilipohorc.com\/wp-content\/uploads\/2024\/10\/Znak-BIO-SI-EKO-001-barvni-SLO-150x150-1-100x100.jpg 100w\" sizes=\"(max-width: 150px) 100vw, 150px\" \/><img decoding=\"async\" class=\"alignnone size-full wp-image-2958\" src=\"https:\/\/cilipohorc.com\/wp-content\/uploads\/2024\/10\/eko-logo1-1-150x150-1.jpg\" alt=\"\" width=\"150\" height=\"150\" srcset=\"https:\/\/cilipohorc.com\/wp-content\/uploads\/2024\/10\/eko-logo1-1-150x150-1.jpg 150w, https:\/\/cilipohorc.com\/wp-content\/uploads\/2024\/10\/eko-logo1-1-150x150-1-100x100.jpg 100w\" sizes=\"(max-width: 150px) 100vw, 150px\" \/><\/p>\n","protected":false},"excerpt":{"rendered":"<p>Im Herzen der Natur, wo sich die Erde mit dem Himmel ber\u00fchrt, wachsen Fr\u00fcchte, die Geschichten in sich tragen. Brusni\u010dni nJAM ist eine dieser Geschichten \u2013 eine Geschichte \u00fcber die Verbindung von Tradition, Innovation und kompromissloser Qualit\u00e4t. Unsere Version dieses k\u00f6stlichen Aufstrichs wurde mit Liebe und Respekt gegen\u00fcber der Natur geschaffen. Preiselbeeren, schwarzer Knoblauch und [&hellip;]<\/p>\n","protected":false},"featured_media":3487,"comment_status":"open","ping_status":"closed","template":"","meta":{"site-sidebar-layout":"default","site-content-layout":"","ast-site-content-layout":"default","site-content-style":"default","site-sidebar-style":"default","ast-global-header-display":"","ast-banner-title-visibility":"","ast-main-header-display":"","ast-hfb-above-header-display":"","ast-hfb-below-header-display":"","ast-hfb-mobile-header-display":"","site-post-title":"","ast-breadcrumbs-content":"","ast-featured-img":"","footer-sml-layout":"","theme-transparent-header-meta":"default","adv-header-id-meta":"","stick-header-meta":"","header-above-stick-meta":"","header-main-stick-meta":"","header-below-stick-meta":"","astra-migrate-meta-layouts":"set","ast-page-background-enabled":"default","ast-page-background-meta":{"desktop":{"background-color":"","background-image":"","background-repeat":"repeat","background-position":"center center","background-size":"auto","background-attachment":"scroll","background-type":"","background-media":"","overlay-type":"","overlay-color":"","overlay-opacity":"","overlay-gradient":""},"tablet":{"background-color":"","background-image":"","background-repeat":"repeat","background-position":"center center","background-size":"auto","background-attachment":"scroll","background-type":"","background-media":"","overlay-type":"","overlay-color":"","overlay-opacity":"","overlay-gradient":""},"mobile":{"background-color":"","background-image":"","background-repeat":"repeat","background-position":"center center","background-size":"auto","background-attachment":"scroll","background-type":"","background-media":"","overlay-type":"","overlay-color":"","overlay-opacity":"","overlay-gradient":""}},"ast-content-background-meta":{"desktop":{"background-color":"var(--ast-global-color-5)","background-image":"","background-repeat":"repeat","background-position":"center center","background-size":"auto","background-attachment":"scroll","background-type":"","background-media":"","overlay-type":"","overlay-color":"","overlay-opacity":"","overlay-gradient":""},"tablet":{"background-color":"var(--ast-global-color-5)","background-image":"","background-repeat":"repeat","background-position":"center center","background-size":"auto","background-attachment":"scroll","background-type":"","background-media":"","overlay-type":"","overlay-color":"","overlay-opacity":"","overlay-gradient":""},"mobile":{"background-color":"var(--ast-global-color-5)","background-image":"","background-repeat":"repeat","background-position":"center center","background-size":"auto","background-attachment":"scroll","background-type":"","background-media":"","overlay-type":"","overlay-color":"","overlay-opacity":"","overlay-gradient":""}}},"product_brand":[],"product_cat":[44],"product_tag":[],"class_list":{"0":"post-3469","1":"product","2":"type-product","3":"status-publish","4":"has-post-thumbnail","6":"product_cat-cili-namazi-de","7":"desktop-align-left","8":"tablet-align-left","9":"mobile-align-center","10":"ast-product-gallery-layout-horizontal-slider","11":"ast-product-tabs-layout-vertical","12":"ast-qv-on-image","14":"first","15":"instock","16":"shipping-taxable","17":"purchasable","18":"product-type-simple"},"yoast_head":"<!-- This site is optimized with the Yoast SEO plugin v27.2 - https:\/\/yoast.com\/product\/yoast-seo-wordpress\/ -->\n<title>Preiselbeer-nJAM - CILIPOHORC<\/title>\n<meta name=\"robots\" content=\"index, follow, max-snippet:-1, max-image-preview:large, max-video-preview:-1\" \/>\n<link rel=\"canonical\" href=\"https:\/\/cilipohorc.com\/de\/izdelek\/cili-namazi-de\/brusnicni-njam\/\" \/>\n<meta property=\"og:locale\" content=\"de_DE\" \/>\n<meta property=\"og:type\" content=\"article\" \/>\n<meta property=\"og:title\" content=\"Preiselbeer-nJAM - CILIPOHORC\" \/>\n<meta property=\"og:description\" content=\"Im Herzen der Natur, wo sich die Erde mit dem Himmel ber\u00fchrt, wachsen Fr\u00fcchte, die Geschichten in sich tragen. Brusni\u010dni nJAM ist eine dieser Geschichten \u2013 eine Geschichte \u00fcber die Verbindung von Tradition, Innovation und kompromissloser Qualit\u00e4t. Unsere Version dieses k\u00f6stlichen Aufstrichs wurde mit Liebe und Respekt gegen\u00fcber der Natur geschaffen. Preiselbeeren, schwarzer Knoblauch und [&hellip;]\" \/>\n<meta property=\"og:url\" content=\"https:\/\/cilipohorc.com\/de\/izdelek\/cili-namazi-de\/brusnicni-njam\/\" \/>\n<meta property=\"og:site_name\" content=\"CILIPOHORC\" \/>\n<meta property=\"article:publisher\" content=\"https:\/\/www.facebook.com\/PohorcBIOChili\" \/>\n<meta property=\"article:modified_time\" content=\"2025-10-13T07:00:25+00:00\" \/>\n<meta property=\"og:image\" content=\"https:\/\/cilipohorc.com\/wp-content\/uploads\/2025\/10\/HBg9oLPA-1.jpeg\" \/>\n\t<meta property=\"og:image:width\" content=\"800\" \/>\n\t<meta property=\"og:image:height\" content=\"800\" \/>\n\t<meta property=\"og:image:type\" content=\"image\/jpeg\" \/>\n<meta name=\"twitter:card\" content=\"summary_large_image\" \/>\n<meta name=\"twitter:label1\" content=\"Gesch\u00e4tzte Lesezeit\" \/>\n\t<meta name=\"twitter:data1\" content=\"3\u00a0Minuten\" \/>\n<script type=\"application\/ld+json\" class=\"yoast-schema-graph\">{\"@context\":\"https:\/\/schema.org\",\"@graph\":[{\"@type\":\"WebPage\",\"@id\":\"https:\/\/cilipohorc.com\/de\/izdelek\/cili-namazi-de\/brusnicni-njam\/\",\"url\":\"https:\/\/cilipohorc.com\/de\/izdelek\/cili-namazi-de\/brusnicni-njam\/\",\"name\":\"Preiselbeer-nJAM - CILIPOHORC\",\"isPartOf\":{\"@id\":\"https:\/\/cilipohorc.com\/de\/#website\"},\"primaryImageOfPage\":{\"@id\":\"https:\/\/cilipohorc.com\/de\/izdelek\/cili-namazi-de\/brusnicni-njam\/#primaryimage\"},\"image\":{\"@id\":\"https:\/\/cilipohorc.com\/de\/izdelek\/cili-namazi-de\/brusnicni-njam\/#primaryimage\"},\"thumbnailUrl\":\"https:\/\/cilipohorc.com\/wp-content\/uploads\/2025\/10\/DSC09486.jpg\",\"datePublished\":\"2025-10-07T21:05:06+00:00\",\"dateModified\":\"2025-10-13T07:00:25+00:00\",\"breadcrumb\":{\"@id\":\"https:\/\/cilipohorc.com\/de\/izdelek\/cili-namazi-de\/brusnicni-njam\/#breadcrumb\"},\"inLanguage\":\"de\",\"potentialAction\":[{\"@type\":\"ReadAction\",\"target\":[\"https:\/\/cilipohorc.com\/de\/izdelek\/cili-namazi-de\/brusnicni-njam\/\"]}]},{\"@type\":\"ImageObject\",\"inLanguage\":\"de\",\"@id\":\"https:\/\/cilipohorc.com\/de\/izdelek\/cili-namazi-de\/brusnicni-njam\/#primaryimage\",\"url\":\"https:\/\/cilipohorc.com\/wp-content\/uploads\/2025\/10\/DSC09486.jpg\",\"contentUrl\":\"https:\/\/cilipohorc.com\/wp-content\/uploads\/2025\/10\/DSC09486.jpg\",\"width\":2048,\"height\":2048},{\"@type\":\"BreadcrumbList\",\"@id\":\"https:\/\/cilipohorc.com\/de\/izdelek\/cili-namazi-de\/brusnicni-njam\/#breadcrumb\",\"itemListElement\":[{\"@type\":\"ListItem\",\"position\":1,\"name\":\"Home\",\"item\":\"https:\/\/cilipohorc.com\/de\/\"},{\"@type\":\"ListItem\",\"position\":2,\"name\":\"Trgovina\",\"item\":\"https:\/\/cilipohorc.com\/shop\/\"},{\"@type\":\"ListItem\",\"position\":3,\"name\":\"Preiselbeer-nJAM\"}]},{\"@type\":\"WebSite\",\"@id\":\"https:\/\/cilipohorc.com\/de\/#website\",\"url\":\"https:\/\/cilipohorc.com\/de\/\",\"name\":\"CILIPOHORC\",\"description\":\"Okusno in pikantno\",\"publisher\":{\"@id\":\"https:\/\/cilipohorc.com\/de\/#organization\"},\"potentialAction\":[{\"@type\":\"SearchAction\",\"target\":{\"@type\":\"EntryPoint\",\"urlTemplate\":\"https:\/\/cilipohorc.com\/de\/?s={search_term_string}\"},\"query-input\":{\"@type\":\"PropertyValueSpecification\",\"valueRequired\":true,\"valueName\":\"search_term_string\"}}],\"inLanguage\":\"de\"},{\"@type\":\"Organization\",\"@id\":\"https:\/\/cilipohorc.com\/de\/#organization\",\"name\":\"CILIPOHORC\",\"url\":\"https:\/\/cilipohorc.com\/de\/\",\"logo\":{\"@type\":\"ImageObject\",\"inLanguage\":\"de\",\"@id\":\"https:\/\/cilipohorc.com\/de\/#\/schema\/logo\/image\/\",\"url\":\"https:\/\/cilipohorc.com\/wp-content\/uploads\/2023\/04\/pohorc_logo.svg\",\"contentUrl\":\"https:\/\/cilipohorc.com\/wp-content\/uploads\/2023\/04\/pohorc_logo.svg\",\"width\":1246,\"height\":436,\"caption\":\"CILIPOHORC\"},\"image\":{\"@id\":\"https:\/\/cilipohorc.com\/de\/#\/schema\/logo\/image\/\"},\"sameAs\":[\"https:\/\/www.facebook.com\/PohorcBIOChili\"]}]}<\/script>\n<!-- \/ Yoast SEO plugin. -->","yoast_head_json":{"title":"Preiselbeer-nJAM - CILIPOHORC","robots":{"index":"index","follow":"follow","max-snippet":"max-snippet:-1","max-image-preview":"max-image-preview:large","max-video-preview":"max-video-preview:-1"},"canonical":"https:\/\/cilipohorc.com\/de\/izdelek\/cili-namazi-de\/brusnicni-njam\/","og_locale":"de_DE","og_type":"article","og_title":"Preiselbeer-nJAM - CILIPOHORC","og_description":"Im Herzen der Natur, wo sich die Erde mit dem Himmel ber\u00fchrt, wachsen Fr\u00fcchte, die Geschichten in sich tragen. Brusni\u010dni nJAM ist eine dieser Geschichten \u2013 eine Geschichte \u00fcber die Verbindung von Tradition, Innovation und kompromissloser Qualit\u00e4t. Unsere Version dieses k\u00f6stlichen Aufstrichs wurde mit Liebe und Respekt gegen\u00fcber der Natur geschaffen. Preiselbeeren, schwarzer Knoblauch und [&hellip;]","og_url":"https:\/\/cilipohorc.com\/de\/izdelek\/cili-namazi-de\/brusnicni-njam\/","og_site_name":"CILIPOHORC","article_publisher":"https:\/\/www.facebook.com\/PohorcBIOChili","article_modified_time":"2025-10-13T07:00:25+00:00","og_image":[{"width":800,"height":800,"url":"https:\/\/cilipohorc.com\/wp-content\/uploads\/2025\/10\/HBg9oLPA-1.jpeg","type":"image\/jpeg"}],"twitter_card":"summary_large_image","twitter_misc":{"Gesch\u00e4tzte Lesezeit":"3\u00a0Minuten"},"schema":{"@context":"https:\/\/schema.org","@graph":[{"@type":"WebPage","@id":"https:\/\/cilipohorc.com\/de\/izdelek\/cili-namazi-de\/brusnicni-njam\/","url":"https:\/\/cilipohorc.com\/de\/izdelek\/cili-namazi-de\/brusnicni-njam\/","name":"Preiselbeer-nJAM - CILIPOHORC","isPartOf":{"@id":"https:\/\/cilipohorc.com\/de\/#website"},"primaryImageOfPage":{"@id":"https:\/\/cilipohorc.com\/de\/izdelek\/cili-namazi-de\/brusnicni-njam\/#primaryimage"},"image":{"@id":"https:\/\/cilipohorc.com\/de\/izdelek\/cili-namazi-de\/brusnicni-njam\/#primaryimage"},"thumbnailUrl":"https:\/\/cilipohorc.com\/wp-content\/uploads\/2025\/10\/DSC09486.jpg","datePublished":"2025-10-07T21:05:06+00:00","dateModified":"2025-10-13T07:00:25+00:00","breadcrumb":{"@id":"https:\/\/cilipohorc.com\/de\/izdelek\/cili-namazi-de\/brusnicni-njam\/#breadcrumb"},"inLanguage":"de","potentialAction":[{"@type":"ReadAction","target":["https:\/\/cilipohorc.com\/de\/izdelek\/cili-namazi-de\/brusnicni-njam\/"]}]},{"@type":"ImageObject","inLanguage":"de","@id":"https:\/\/cilipohorc.com\/de\/izdelek\/cili-namazi-de\/brusnicni-njam\/#primaryimage","url":"https:\/\/cilipohorc.com\/wp-content\/uploads\/2025\/10\/DSC09486.jpg","contentUrl":"https:\/\/cilipohorc.com\/wp-content\/uploads\/2025\/10\/DSC09486.jpg","width":2048,"height":2048},{"@type":"BreadcrumbList","@id":"https:\/\/cilipohorc.com\/de\/izdelek\/cili-namazi-de\/brusnicni-njam\/#breadcrumb","itemListElement":[{"@type":"ListItem","position":1,"name":"Home","item":"https:\/\/cilipohorc.com\/de\/"},{"@type":"ListItem","position":2,"name":"Trgovina","item":"https:\/\/cilipohorc.com\/shop\/"},{"@type":"ListItem","position":3,"name":"Preiselbeer-nJAM"}]},{"@type":"WebSite","@id":"https:\/\/cilipohorc.com\/de\/#website","url":"https:\/\/cilipohorc.com\/de\/","name":"CILIPOHORC","description":"Okusno in pikantno","publisher":{"@id":"https:\/\/cilipohorc.com\/de\/#organization"},"potentialAction":[{"@type":"SearchAction","target":{"@type":"EntryPoint","urlTemplate":"https:\/\/cilipohorc.com\/de\/?s={search_term_string}"},"query-input":{"@type":"PropertyValueSpecification","valueRequired":true,"valueName":"search_term_string"}}],"inLanguage":"de"},{"@type":"Organization","@id":"https:\/\/cilipohorc.com\/de\/#organization","name":"CILIPOHORC","url":"https:\/\/cilipohorc.com\/de\/","logo":{"@type":"ImageObject","inLanguage":"de","@id":"https:\/\/cilipohorc.com\/de\/#\/schema\/logo\/image\/","url":"https:\/\/cilipohorc.com\/wp-content\/uploads\/2023\/04\/pohorc_logo.svg","contentUrl":"https:\/\/cilipohorc.com\/wp-content\/uploads\/2023\/04\/pohorc_logo.svg","width":1246,"height":436,"caption":"CILIPOHORC"},"image":{"@id":"https:\/\/cilipohorc.com\/de\/#\/schema\/logo\/image\/"},"sameAs":["https:\/\/www.facebook.com\/PohorcBIOChili"]}]}},"jetpack_sharing_enabled":true,"_links":{"self":[{"href":"https:\/\/cilipohorc.com\/de\/wp-json\/wp\/v2\/product\/3469","targetHints":{"allow":["GET"]}}],"collection":[{"href":"https:\/\/cilipohorc.com\/de\/wp-json\/wp\/v2\/product"}],"about":[{"href":"https:\/\/cilipohorc.com\/de\/wp-json\/wp\/v2\/types\/product"}],"replies":[{"embeddable":true,"href":"https:\/\/cilipohorc.com\/de\/wp-json\/wp\/v2\/comments?post=3469"}],"wp:featuredmedia":[{"embeddable":true,"href":"https:\/\/cilipohorc.com\/de\/wp-json\/wp\/v2\/media\/3487"}],"wp:attachment":[{"href":"https:\/\/cilipohorc.com\/de\/wp-json\/wp\/v2\/media?parent=3469"}],"wp:term":[{"taxonomy":"product_brand","embeddable":true,"href":"https:\/\/cilipohorc.com\/de\/wp-json\/wp\/v2\/product_brand?post=3469"},{"taxonomy":"product_cat","embeddable":true,"href":"https:\/\/cilipohorc.com\/de\/wp-json\/wp\/v2\/product_cat?post=3469"},{"taxonomy":"product_tag","embeddable":true,"href":"https:\/\/cilipohorc.com\/de\/wp-json\/wp\/v2\/product_tag?post=3469"}],"curies":[{"name":"wp","href":"https:\/\/api.w.org\/{rel}","templated":true}]}}