{"id":1778,"date":"2021-08-03T12:05:22","date_gmt":"2021-08-03T10:05:22","guid":{"rendered":"https:\/\/cilipohorc.meld.solutions\/?post_type=product&#038;p=1778"},"modified":"2026-03-05T22:22:47","modified_gmt":"2026-03-05T21:22:47","slug":"promotional-contour-standard-ballpen-colours-18","status":"publish","type":"product","link":"https:\/\/cilipohorc.com\/en\/izdelek\/chilli-spreads\/promotional-contour-standard-ballpen-colours-18\/","title":{"rendered":"BBQ n&#8217;JAM BIO"},"content":{"rendered":"<p class=\"ng-tns-c79-13\"><span style=\"font-size: 16px;\">Ne glede na to, ali boste na \u017earu pekli meso ali zelenjavo, bo va\u0161a mojstrovina zagotovo bolj\u0161a z okusno BBQ n&#8217;JAM \u017ear omako , v katero boste pomakali razli\u010dne dobrote.\u00a0<\/span><\/p>\n<div class=\"ng-tns-c79-13\">\n<p>V na\u0161 BBQ n&#8217;JAM smo dodali le preverjeno najbolj\u0161e sestavine. Vanj smo dodali tudi dimljeno rde\u010do papriko, katero smo po\u010dasi dimili na\u00a0pohorskih polenih in s tem k BBQ n&#8217;JAMU prispevali divji prvinski okus.<\/p>\n<p>BBQ n&#8217;JAM spremljajo manj peko\u010di, a skrbno izbrani \u010diliji ki ve\u017eejo okuse. Tako da lahko ob njem u\u017eivajo tudi tisti, ki jim \u010dili ni tako pri srcu.<\/p>\n<p>BBQ n&#8217;JAM \u017ear omako lahko ponudimo kot prilogo k jedem z \u017eara. Je pa tudi odli\u010dna marinada, s katero prema\u017eemo meso pred peko na \u017earu. Odli\u010dno se obnese tudi kot pomaka, v katero pomakamo koruzni ali krompirjev \u010dips in razne prigrizke.<\/p>\n<p>Skratka, omaka s katero izbolj\u0161amo \u0161tevilne jedi.<\/p>\n<p>Dober tek.<\/p>\n<p>Sestavine:<\/p>\n<ul>\n<li>\u010cebula*<\/li>\n<li>\u010cili*<\/li>\n<li>Dimljena paprika*<\/li>\n<li>Paradi\u017enik*<\/li>\n<li>\u010cesen*<\/li>\n<li>Javorjev sirup*<\/li>\n<li>Jedilna Piranska morska sol<\/li>\n<li>Trsni sladkor*<\/li>\n<li>Kis*<\/li>\n<li>Hladno stiskano son\u010dni\u010dno olje*<\/li>\n<\/ul>\n<p>*sestavine so ekolo\u0161kega izvora<\/p>\n<p>Brez glutena in aditivov, veganom prijazno \u017eivilo.<\/p>\n<p>Vse sestavine, razen sol, javorjev sirup in sladkor, so iz na\u0161e kmetije.<\/p>\n<p>Vsebina: 210 ml<\/p>\n<p><img decoding=\"async\" class=\"alignnone wp-image-2440\" src=\"https:\/\/cilipohorc.com\/wp-content\/uploads\/2023\/11\/Znak-BIO-SI-EKO-001-barvni-SLO-150x150.jpg\" alt=\"\" width=\"100\" height=\"100\" srcset=\"https:\/\/cilipohorc.com\/wp-content\/uploads\/2023\/11\/Znak-BIO-SI-EKO-001-barvni-SLO-150x150.jpg 150w, https:\/\/cilipohorc.com\/wp-content\/uploads\/2023\/11\/Znak-BIO-SI-EKO-001-barvni-SLO-500x500.jpg 500w, https:\/\/cilipohorc.com\/wp-content\/uploads\/2023\/11\/Znak-BIO-SI-EKO-001-barvni-SLO-100x100.jpg 100w\" sizes=\"(max-width: 100px) 100vw, 100px\" \/> \u00a0 <img decoding=\"async\" class=\"alignnone wp-image-2443\" src=\"https:\/\/cilipohorc.com\/wp-content\/uploads\/2023\/11\/eko-logo1-150x150.jpg\" alt=\"\" width=\"100\" height=\"100\" srcset=\"https:\/\/cilipohorc.com\/wp-content\/uploads\/2023\/11\/eko-logo1-150x150.jpg 150w, https:\/\/cilipohorc.com\/wp-content\/uploads\/2023\/11\/eko-logo1-100x100.jpg 100w\" sizes=\"(max-width: 100px) 100vw, 100px\" \/><\/p>\n<\/div>\n","protected":false},"excerpt":{"rendered":"<p><span style=\"font-size: 16px;\">Ne glede na to, ali boste na \u017earu pekli meso ali zelenjavo, bo va\u0161a mojstrovina zagotovo bolj\u0161a z okusno BBQ n&#8217;JAM \u017ear omako , v katero boste pomakali razli\u010dne dobrote.\u00a0<\/span><\/p>\n","protected":false},"featured_media":1549,"comment_status":"closed","ping_status":"closed","template":"","meta":{"site-sidebar-layout":"default","site-content-layout":"default","ast-site-content-layout":"default","site-content-style":"default","site-sidebar-style":"default","ast-global-header-display":"","ast-banner-title-visibility":"","ast-main-header-display":"","ast-hfb-above-header-display":"","ast-hfb-below-header-display":"","ast-hfb-mobile-header-display":"","site-post-title":"","ast-breadcrumbs-content":"","ast-featured-img":"","footer-sml-layout":"","theme-transparent-header-meta":"default","adv-header-id-meta":"","stick-header-meta":"","header-above-stick-meta":"","header-main-stick-meta":"","header-below-stick-meta":"","astra-migrate-meta-layouts":"set","ast-page-background-enabled":"default","ast-page-background-meta":{"desktop":{"background-color":"","background-image":"","background-repeat":"repeat","background-position":"center center","background-size":"auto","background-attachment":"scroll","background-type":"","background-media":"","overlay-type":"","overlay-color":"","overlay-opacity":"","overlay-gradient":""},"tablet":{"background-color":"","background-image":"","background-repeat":"repeat","background-position":"center center","background-size":"auto","background-attachment":"scroll","background-type":"","background-media":"","overlay-type":"","overlay-color":"","overlay-opacity":"","overlay-gradient":""},"mobile":{"background-color":"","background-image":"","background-repeat":"repeat","background-position":"center center","background-size":"auto","background-attachment":"scroll","background-type":"","background-media":"","overlay-type":"","overlay-color":"","overlay-opacity":"","overlay-gradient":""}},"ast-content-background-meta":{"desktop":{"background-color":"var(--ast-global-color-5)","background-image":"","background-repeat":"repeat","background-position":"center center","background-size":"auto","background-attachment":"scroll","background-type":"","background-media":"","overlay-type":"","overlay-color":"","overlay-opacity":"","overlay-gradient":""},"tablet":{"background-color":"var(--ast-global-color-5)","background-image":"","background-repeat":"repeat","background-position":"center center","background-size":"auto","background-attachment":"scroll","background-type":"","background-media":"","overlay-type":"","overlay-color":"","overlay-opacity":"","overlay-gradient":""},"mobile":{"background-color":"var(--ast-global-color-5)","background-image":"","background-repeat":"repeat","background-position":"center center","background-size":"auto","background-attachment":"scroll","background-type":"","background-media":"","overlay-type":"","overlay-color":"","overlay-opacity":"","overlay-gradient":""}}},"product_brand":[],"product_cat":[42],"product_tag":[],"class_list":{"0":"post-1778","1":"product","2":"type-product","3":"status-publish","4":"has-post-thumbnail","6":"product_cat-chilli-spreads","7":"desktop-align-left","8":"tablet-align-left","9":"mobile-align-center","10":"ast-product-gallery-layout-horizontal-slider","11":"ast-product-gallery-with-no-image","12":"ast-product-tabs-layout-vertical","13":"ast-qv-on-image","15":"first","16":"instock","17":"featured","18":"shipping-taxable","19":"purchasable","20":"product-type-simple"},"yoast_head":"<!-- This site is optimized with the Yoast SEO plugin v27.2 - https:\/\/yoast.com\/product\/yoast-seo-wordpress\/ -->\n<title>BBQ n&#039;JAM BIO - CILIPOHORC<\/title>\n<meta name=\"robots\" content=\"index, follow, max-snippet:-1, max-image-preview:large, max-video-preview:-1\" \/>\n<link rel=\"canonical\" href=\"https:\/\/cilipohorc.com\/en\/izdelek\/chilli-spreads\/promotional-contour-standard-ballpen-colours-18\/\" \/>\n<meta property=\"og:locale\" content=\"en_US\" \/>\n<meta property=\"og:type\" content=\"article\" \/>\n<meta property=\"og:title\" content=\"BBQ n&#039;JAM BIO - CILIPOHORC\" \/>\n<meta property=\"og:description\" content=\"Ne glede na to, ali boste na \u017earu pekli meso ali zelenjavo, bo va\u0161a mojstrovina zagotovo bolj\u0161a z okusno BBQ n&#039;JAM \u017ear omako , v katero boste pomakali razli\u010dne dobrote.\u00a0\" \/>\n<meta property=\"og:url\" content=\"https:\/\/cilipohorc.com\/en\/izdelek\/chilli-spreads\/promotional-contour-standard-ballpen-colours-18\/\" \/>\n<meta property=\"og:site_name\" content=\"CILIPOHORC\" \/>\n<meta property=\"article:publisher\" content=\"https:\/\/www.facebook.com\/PohorcBIOChili\" \/>\n<meta property=\"article:modified_time\" content=\"2026-03-05T21:22:47+00:00\" \/>\n<meta property=\"og:image\" content=\"https:\/\/cilipohorc.com\/wp-content\/uploads\/2021\/08\/bbqnjam.jpeg\" \/>\n\t<meta property=\"og:image:width\" content=\"1920\" \/>\n\t<meta property=\"og:image:height\" content=\"1920\" \/>\n\t<meta property=\"og:image:type\" content=\"image\/jpeg\" \/>\n<meta name=\"twitter:card\" content=\"summary_large_image\" \/>\n<meta name=\"twitter:label1\" content=\"Est. reading time\" \/>\n\t<meta name=\"twitter:data1\" content=\"2 minutes\" \/>\n<script type=\"application\/ld+json\" class=\"yoast-schema-graph\">{\"@context\":\"https:\/\/schema.org\",\"@graph\":[{\"@type\":\"WebPage\",\"@id\":\"https:\/\/cilipohorc.com\/en\/izdelek\/chilli-spreads\/promotional-contour-standard-ballpen-colours-18\/\",\"url\":\"https:\/\/cilipohorc.com\/en\/izdelek\/chilli-spreads\/promotional-contour-standard-ballpen-colours-18\/\",\"name\":\"BBQ n'JAM BIO - CILIPOHORC\",\"isPartOf\":{\"@id\":\"https:\/\/cilipohorc.com\/en\/#website\"},\"primaryImageOfPage\":{\"@id\":\"https:\/\/cilipohorc.com\/en\/izdelek\/chilli-spreads\/promotional-contour-standard-ballpen-colours-18\/#primaryimage\"},\"image\":{\"@id\":\"https:\/\/cilipohorc.com\/en\/izdelek\/chilli-spreads\/promotional-contour-standard-ballpen-colours-18\/#primaryimage\"},\"thumbnailUrl\":\"https:\/\/cilipohorc.com\/wp-content\/uploads\/2021\/08\/bbqnjam.jpeg\",\"datePublished\":\"2021-08-03T10:05:22+00:00\",\"dateModified\":\"2026-03-05T21:22:47+00:00\",\"breadcrumb\":{\"@id\":\"https:\/\/cilipohorc.com\/en\/izdelek\/chilli-spreads\/promotional-contour-standard-ballpen-colours-18\/#breadcrumb\"},\"inLanguage\":\"en-US\",\"potentialAction\":[{\"@type\":\"ReadAction\",\"target\":[\"https:\/\/cilipohorc.com\/en\/izdelek\/chilli-spreads\/promotional-contour-standard-ballpen-colours-18\/\"]}]},{\"@type\":\"ImageObject\",\"inLanguage\":\"en-US\",\"@id\":\"https:\/\/cilipohorc.com\/en\/izdelek\/chilli-spreads\/promotional-contour-standard-ballpen-colours-18\/#primaryimage\",\"url\":\"https:\/\/cilipohorc.com\/wp-content\/uploads\/2021\/08\/bbqnjam.jpeg\",\"contentUrl\":\"https:\/\/cilipohorc.com\/wp-content\/uploads\/2021\/08\/bbqnjam.jpeg\",\"width\":1920,\"height\":1920},{\"@type\":\"BreadcrumbList\",\"@id\":\"https:\/\/cilipohorc.com\/en\/izdelek\/chilli-spreads\/promotional-contour-standard-ballpen-colours-18\/#breadcrumb\",\"itemListElement\":[{\"@type\":\"ListItem\",\"position\":1,\"name\":\"Home\",\"item\":\"https:\/\/cilipohorc.com\/en\/\"},{\"@type\":\"ListItem\",\"position\":2,\"name\":\"Trgovina\",\"item\":\"https:\/\/cilipohorc.com\/shop\/\"},{\"@type\":\"ListItem\",\"position\":3,\"name\":\"BBQ n&#8217;JAM BIO\"}]},{\"@type\":\"WebSite\",\"@id\":\"https:\/\/cilipohorc.com\/en\/#website\",\"url\":\"https:\/\/cilipohorc.com\/en\/\",\"name\":\"CILIPOHORC\",\"description\":\"Okusno in pikantno\",\"publisher\":{\"@id\":\"https:\/\/cilipohorc.com\/en\/#organization\"},\"potentialAction\":[{\"@type\":\"SearchAction\",\"target\":{\"@type\":\"EntryPoint\",\"urlTemplate\":\"https:\/\/cilipohorc.com\/en\/?s={search_term_string}\"},\"query-input\":{\"@type\":\"PropertyValueSpecification\",\"valueRequired\":true,\"valueName\":\"search_term_string\"}}],\"inLanguage\":\"en-US\"},{\"@type\":\"Organization\",\"@id\":\"https:\/\/cilipohorc.com\/en\/#organization\",\"name\":\"CILIPOHORC\",\"url\":\"https:\/\/cilipohorc.com\/en\/\",\"logo\":{\"@type\":\"ImageObject\",\"inLanguage\":\"en-US\",\"@id\":\"https:\/\/cilipohorc.com\/en\/#\/schema\/logo\/image\/\",\"url\":\"https:\/\/cilipohorc.com\/wp-content\/uploads\/2023\/04\/pohorc_logo.svg\",\"contentUrl\":\"https:\/\/cilipohorc.com\/wp-content\/uploads\/2023\/04\/pohorc_logo.svg\",\"width\":1246,\"height\":436,\"caption\":\"CILIPOHORC\"},\"image\":{\"@id\":\"https:\/\/cilipohorc.com\/en\/#\/schema\/logo\/image\/\"},\"sameAs\":[\"https:\/\/www.facebook.com\/PohorcBIOChili\"]}]}<\/script>\n<!-- \/ Yoast SEO plugin. -->","yoast_head_json":{"title":"BBQ n'JAM BIO - CILIPOHORC","robots":{"index":"index","follow":"follow","max-snippet":"max-snippet:-1","max-image-preview":"max-image-preview:large","max-video-preview":"max-video-preview:-1"},"canonical":"https:\/\/cilipohorc.com\/en\/izdelek\/chilli-spreads\/promotional-contour-standard-ballpen-colours-18\/","og_locale":"en_US","og_type":"article","og_title":"BBQ n'JAM BIO - CILIPOHORC","og_description":"Ne glede na to, ali boste na \u017earu pekli meso ali zelenjavo, bo va\u0161a mojstrovina zagotovo bolj\u0161a z okusno BBQ n'JAM \u017ear omako , v katero boste pomakali razli\u010dne dobrote.\u00a0","og_url":"https:\/\/cilipohorc.com\/en\/izdelek\/chilli-spreads\/promotional-contour-standard-ballpen-colours-18\/","og_site_name":"CILIPOHORC","article_publisher":"https:\/\/www.facebook.com\/PohorcBIOChili","article_modified_time":"2026-03-05T21:22:47+00:00","og_image":[{"width":1920,"height":1920,"url":"https:\/\/cilipohorc.com\/wp-content\/uploads\/2021\/08\/bbqnjam.jpeg","type":"image\/jpeg"}],"twitter_card":"summary_large_image","twitter_misc":{"Est. reading time":"2 minutes"},"schema":{"@context":"https:\/\/schema.org","@graph":[{"@type":"WebPage","@id":"https:\/\/cilipohorc.com\/en\/izdelek\/chilli-spreads\/promotional-contour-standard-ballpen-colours-18\/","url":"https:\/\/cilipohorc.com\/en\/izdelek\/chilli-spreads\/promotional-contour-standard-ballpen-colours-18\/","name":"BBQ n'JAM BIO - CILIPOHORC","isPartOf":{"@id":"https:\/\/cilipohorc.com\/en\/#website"},"primaryImageOfPage":{"@id":"https:\/\/cilipohorc.com\/en\/izdelek\/chilli-spreads\/promotional-contour-standard-ballpen-colours-18\/#primaryimage"},"image":{"@id":"https:\/\/cilipohorc.com\/en\/izdelek\/chilli-spreads\/promotional-contour-standard-ballpen-colours-18\/#primaryimage"},"thumbnailUrl":"https:\/\/cilipohorc.com\/wp-content\/uploads\/2021\/08\/bbqnjam.jpeg","datePublished":"2021-08-03T10:05:22+00:00","dateModified":"2026-03-05T21:22:47+00:00","breadcrumb":{"@id":"https:\/\/cilipohorc.com\/en\/izdelek\/chilli-spreads\/promotional-contour-standard-ballpen-colours-18\/#breadcrumb"},"inLanguage":"en-US","potentialAction":[{"@type":"ReadAction","target":["https:\/\/cilipohorc.com\/en\/izdelek\/chilli-spreads\/promotional-contour-standard-ballpen-colours-18\/"]}]},{"@type":"ImageObject","inLanguage":"en-US","@id":"https:\/\/cilipohorc.com\/en\/izdelek\/chilli-spreads\/promotional-contour-standard-ballpen-colours-18\/#primaryimage","url":"https:\/\/cilipohorc.com\/wp-content\/uploads\/2021\/08\/bbqnjam.jpeg","contentUrl":"https:\/\/cilipohorc.com\/wp-content\/uploads\/2021\/08\/bbqnjam.jpeg","width":1920,"height":1920},{"@type":"BreadcrumbList","@id":"https:\/\/cilipohorc.com\/en\/izdelek\/chilli-spreads\/promotional-contour-standard-ballpen-colours-18\/#breadcrumb","itemListElement":[{"@type":"ListItem","position":1,"name":"Home","item":"https:\/\/cilipohorc.com\/en\/"},{"@type":"ListItem","position":2,"name":"Trgovina","item":"https:\/\/cilipohorc.com\/shop\/"},{"@type":"ListItem","position":3,"name":"BBQ n&#8217;JAM BIO"}]},{"@type":"WebSite","@id":"https:\/\/cilipohorc.com\/en\/#website","url":"https:\/\/cilipohorc.com\/en\/","name":"CILIPOHORC","description":"Okusno in pikantno","publisher":{"@id":"https:\/\/cilipohorc.com\/en\/#organization"},"potentialAction":[{"@type":"SearchAction","target":{"@type":"EntryPoint","urlTemplate":"https:\/\/cilipohorc.com\/en\/?s={search_term_string}"},"query-input":{"@type":"PropertyValueSpecification","valueRequired":true,"valueName":"search_term_string"}}],"inLanguage":"en-US"},{"@type":"Organization","@id":"https:\/\/cilipohorc.com\/en\/#organization","name":"CILIPOHORC","url":"https:\/\/cilipohorc.com\/en\/","logo":{"@type":"ImageObject","inLanguage":"en-US","@id":"https:\/\/cilipohorc.com\/en\/#\/schema\/logo\/image\/","url":"https:\/\/cilipohorc.com\/wp-content\/uploads\/2023\/04\/pohorc_logo.svg","contentUrl":"https:\/\/cilipohorc.com\/wp-content\/uploads\/2023\/04\/pohorc_logo.svg","width":1246,"height":436,"caption":"CILIPOHORC"},"image":{"@id":"https:\/\/cilipohorc.com\/en\/#\/schema\/logo\/image\/"},"sameAs":["https:\/\/www.facebook.com\/PohorcBIOChili"]}]}},"jetpack_sharing_enabled":true,"_links":{"self":[{"href":"https:\/\/cilipohorc.com\/en\/wp-json\/wp\/v2\/product\/1778","targetHints":{"allow":["GET"]}}],"collection":[{"href":"https:\/\/cilipohorc.com\/en\/wp-json\/wp\/v2\/product"}],"about":[{"href":"https:\/\/cilipohorc.com\/en\/wp-json\/wp\/v2\/types\/product"}],"replies":[{"embeddable":true,"href":"https:\/\/cilipohorc.com\/en\/wp-json\/wp\/v2\/comments?post=1778"}],"wp:featuredmedia":[{"embeddable":true,"href":"https:\/\/cilipohorc.com\/en\/wp-json\/wp\/v2\/media\/1549"}],"wp:attachment":[{"href":"https:\/\/cilipohorc.com\/en\/wp-json\/wp\/v2\/media?parent=1778"}],"wp:term":[{"taxonomy":"product_brand","embeddable":true,"href":"https:\/\/cilipohorc.com\/en\/wp-json\/wp\/v2\/product_brand?post=1778"},{"taxonomy":"product_cat","embeddable":true,"href":"https:\/\/cilipohorc.com\/en\/wp-json\/wp\/v2\/product_cat?post=1778"},{"taxonomy":"product_tag","embeddable":true,"href":"https:\/\/cilipohorc.com\/en\/wp-json\/wp\/v2\/product_tag?post=1778"}],"curies":[{"name":"wp","href":"https:\/\/api.w.org\/{rel}","templated":true}]}}