{"id":2776,"date":"2024-04-23T22:50:44","date_gmt":"2024-04-23T20:50:44","guid":{"rendered":"https:\/\/cilipohorc.com\/izdelek\/uncategorized\/cemazev-pesto-s-cilijem\/"},"modified":"2026-03-05T22:18:24","modified_gmt":"2026-03-05T21:18:24","slug":"cemazev-pesto-s-cilijem","status":"publish","type":"product","link":"https:\/\/cilipohorc.com\/en\/izdelek\/chilli-spreads\/cemazev-pesto-s-cilijem\/","title":{"rendered":"\u010cema\u017eev pesto s \u010cILIJEM BIO"},"content":{"rendered":"<p><span class=\"x4k7w5x x1h91t0o x1h9r5lt x1jfb8zj xv2umb2 x1beo9mf xaigb6o x12ejxvf x3igimt xarpa2k xedcshv x1lytzrv x1t2pt76 x7ja8zs x1qrby5j\"><span class=\"x193iq5w xeuugli x13faqbe x1vvkbs x1xmvt09 x1lliihq x1s928wv xhkezso x1gmr53x x1cpjm7i x1fgarty x1943h6x xudqn12 x3x7a5m x6prxxf xvq8zen xo1l8bm x14ctfv\" dir=\"auto\">\u010cema\u017e ki ga nabiramo v neokrnjenih pohorskih gozdovih in iz njega delamo divji pesto s \u010dilijem lahko uporabimo v juhah, testeninah, solatah, pitah, na pope\u010denih kruhki, burgerjih, stejkih ali kot dodatek k izbolj\u0161anju raznih jedi. Dober tek!<\/span><\/span><\/p>\n<p>Ali ste vedeli; \u010cema\u017e ima zelo podobne zdravilne lastnosti kot \u010desen, le da je \u0161e bolj zdrav. Veliko ga uporabljajo v ljudski medicini, saj zelo dobro u\u010dinkuje na delovanje \u017elez in krvnega obtoka. Znan pa je tudi kot \u010distilec prebavnih in dihalnih poti. Blagodejno vpliva na ko\u017eo in pospe\u0161uje celjenje ran.<\/p>\n<p>Sestavine:<\/p>\n<ul>\n<li>\u010cema\u017e*<\/li>\n<li>Hladno stiskano son\u010dni\u010dno olje*<\/li>\n<li>Groba Piranska morska sol<\/li>\n<li>\u010cili*<\/li>\n<\/ul>\n<p>*sestavine so ekolo\u0161kega izvora<\/p>\n<p>Vse sestavine so iz na\u0161e kmetije.<\/p>\n<p>Brez glutena in aditivov, veganom prijazno \u017eivilo.<\/p>\n<p>Vsebina: 212 ml<\/p>\n<p><span class=\"x4k7w5x x1h91t0o x1h9r5lt x1jfb8zj xv2umb2 x1beo9mf xaigb6o x12ejxvf x3igimt xarpa2k xedcshv x1lytzrv x1t2pt76 x7ja8zs x1qrby5j\"><span class=\"x193iq5w xeuugli x13faqbe x1vvkbs x1xmvt09 x1lliihq x1s928wv xhkezso x1gmr53x x1cpjm7i x1fgarty x1943h6x xudqn12 x3x7a5m x6prxxf xvq8zen xo1l8bm x14ctfv\" dir=\"auto\"><img decoding=\"async\" class=\"alignnone wp-image-2440\" src=\"https:\/\/cilipohorc.com\/wp-content\/uploads\/2023\/11\/Znak-BIO-SI-EKO-001-barvni-SLO-150x150.jpg\" alt=\"\" width=\"100\" height=\"100\" srcset=\"https:\/\/cilipohorc.com\/wp-content\/uploads\/2023\/11\/Znak-BIO-SI-EKO-001-barvni-SLO-150x150.jpg 150w, https:\/\/cilipohorc.com\/wp-content\/uploads\/2023\/11\/Znak-BIO-SI-EKO-001-barvni-SLO-500x500.jpg 500w, https:\/\/cilipohorc.com\/wp-content\/uploads\/2023\/11\/Znak-BIO-SI-EKO-001-barvni-SLO-100x100.jpg 100w\" sizes=\"(max-width: 100px) 100vw, 100px\" \/><\/span><\/span><\/p>\n<p><img decoding=\"async\" class=\"alignnone wp-image-2443\" src=\"https:\/\/cilipohorc.com\/wp-content\/uploads\/2023\/11\/eko-logo1-150x150.jpg\" alt=\"\" width=\"100\" height=\"100\" srcset=\"https:\/\/cilipohorc.com\/wp-content\/uploads\/2023\/11\/eko-logo1-150x150.jpg 150w, https:\/\/cilipohorc.com\/wp-content\/uploads\/2023\/11\/eko-logo1-100x100.jpg 100w\" sizes=\"(max-width: 100px) 100vw, 100px\" \/><\/p>\n","protected":false},"excerpt":{"rendered":"<p><span class=\"x4k7w5x x1h91t0o x1h9r5lt x1jfb8zj xv2umb2 x1beo9mf xaigb6o x12ejxvf x3igimt xarpa2k xedcshv x1lytzrv x1t2pt76 x7ja8zs x1qrby5j\"><span class=\"x193iq5w xeuugli x13faqbe x1vvkbs x1xmvt09 x1lliihq x1s928wv xhkezso x1gmr53x x1cpjm7i x1fgarty x1943h6x xudqn12 x3x7a5m x6prxxf xvq8zen xo1l8bm x14ctfv\" dir=\"auto\">\u010cema\u017e ki ga nabiramo v neokrnjenih pohorskih gozdovih<\/span><\/span><\/p>\n","protected":false},"featured_media":2788,"comment_status":"open","ping_status":"closed","template":"","meta":{"site-sidebar-layout":"default","site-content-layout":"","ast-site-content-layout":"default","site-content-style":"default","site-sidebar-style":"default","ast-global-header-display":"","ast-banner-title-visibility":"","ast-main-header-display":"","ast-hfb-above-header-display":"","ast-hfb-below-header-display":"","ast-hfb-mobile-header-display":"","site-post-title":"","ast-breadcrumbs-content":"","ast-featured-img":"","footer-sml-layout":"","theme-transparent-header-meta":"default","adv-header-id-meta":"","stick-header-meta":"","header-above-stick-meta":"","header-main-stick-meta":"","header-below-stick-meta":"","astra-migrate-meta-layouts":"set","ast-page-background-enabled":"default","ast-page-background-meta":{"desktop":{"background-color":"","background-image":"","background-repeat":"repeat","background-position":"center center","background-size":"auto","background-attachment":"scroll","background-type":"","background-media":"","overlay-type":"","overlay-color":"","overlay-opacity":"","overlay-gradient":""},"tablet":{"background-color":"","background-image":"","background-repeat":"repeat","background-position":"center center","background-size":"auto","background-attachment":"scroll","background-type":"","background-media":"","overlay-type":"","overlay-color":"","overlay-opacity":"","overlay-gradient":""},"mobile":{"background-color":"","background-image":"","background-repeat":"repeat","background-position":"center center","background-size":"auto","background-attachment":"scroll","background-type":"","background-media":"","overlay-type":"","overlay-color":"","overlay-opacity":"","overlay-gradient":""}},"ast-content-background-meta":{"desktop":{"background-color":"var(--ast-global-color-5)","background-image":"","background-repeat":"repeat","background-position":"center center","background-size":"auto","background-attachment":"scroll","background-type":"","background-media":"","overlay-type":"","overlay-color":"","overlay-opacity":"","overlay-gradient":""},"tablet":{"background-color":"var(--ast-global-color-5)","background-image":"","background-repeat":"repeat","background-position":"center center","background-size":"auto","background-attachment":"scroll","background-type":"","background-media":"","overlay-type":"","overlay-color":"","overlay-opacity":"","overlay-gradient":""},"mobile":{"background-color":"var(--ast-global-color-5)","background-image":"","background-repeat":"repeat","background-position":"center center","background-size":"auto","background-attachment":"scroll","background-type":"","background-media":"","overlay-type":"","overlay-color":"","overlay-opacity":"","overlay-gradient":""}}},"product_brand":[],"product_cat":[42],"product_tag":[],"class_list":{"0":"post-2776","1":"product","2":"type-product","3":"status-publish","4":"has-post-thumbnail","6":"product_cat-chilli-spreads","7":"desktop-align-left","8":"tablet-align-left","9":"mobile-align-center","10":"ast-product-gallery-layout-horizontal-slider","11":"ast-product-tabs-layout-vertical","12":"ast-qv-on-image","14":"first","15":"instock","16":"shipping-taxable","17":"purchasable","18":"product-type-simple"},"yoast_head":"<!-- This site is optimized with the Yoast SEO plugin v27.2 - https:\/\/yoast.com\/product\/yoast-seo-wordpress\/ -->\n<title>\u010cema\u017eev pesto s \u010cILIJEM BIO - CILIPOHORC<\/title>\n<meta name=\"robots\" content=\"index, follow, max-snippet:-1, max-image-preview:large, max-video-preview:-1\" \/>\n<link rel=\"canonical\" href=\"https:\/\/cilipohorc.com\/en\/izdelek\/chilli-spreads\/cemazev-pesto-s-cilijem\/\" \/>\n<meta property=\"og:locale\" content=\"en_US\" \/>\n<meta property=\"og:type\" content=\"article\" \/>\n<meta property=\"og:title\" content=\"\u010cema\u017eev pesto s \u010cILIJEM BIO - CILIPOHORC\" \/>\n<meta property=\"og:description\" content=\"\u010cema\u017e ki ga nabiramo v neokrnjenih pohorskih gozdovih\" \/>\n<meta property=\"og:url\" content=\"https:\/\/cilipohorc.com\/en\/izdelek\/chilli-spreads\/cemazev-pesto-s-cilijem\/\" \/>\n<meta property=\"og:site_name\" content=\"CILIPOHORC\" \/>\n<meta property=\"article:publisher\" content=\"https:\/\/www.facebook.com\/PohorcBIOChili\" \/>\n<meta property=\"article:modified_time\" content=\"2026-03-05T21:18:24+00:00\" \/>\n<meta property=\"og:image\" content=\"https:\/\/cilipohorc.com\/wp-content\/uploads\/2024\/04\/DSC00611.jpg\" \/>\n\t<meta property=\"og:image:width\" content=\"2048\" \/>\n\t<meta property=\"og:image:height\" content=\"2048\" \/>\n\t<meta property=\"og:image:type\" content=\"image\/jpeg\" \/>\n<meta name=\"twitter:card\" content=\"summary_large_image\" \/>\n<meta name=\"twitter:label1\" content=\"Est. reading time\" \/>\n\t<meta name=\"twitter:data1\" content=\"2 minutes\" \/>\n<script type=\"application\/ld+json\" class=\"yoast-schema-graph\">{\"@context\":\"https:\/\/schema.org\",\"@graph\":[{\"@type\":\"WebPage\",\"@id\":\"https:\/\/cilipohorc.com\/en\/izdelek\/chilli-spreads\/cemazev-pesto-s-cilijem\/\",\"url\":\"https:\/\/cilipohorc.com\/en\/izdelek\/chilli-spreads\/cemazev-pesto-s-cilijem\/\",\"name\":\"\u010cema\u017eev pesto s \u010cILIJEM BIO - CILIPOHORC\",\"isPartOf\":{\"@id\":\"https:\/\/cilipohorc.com\/en\/#website\"},\"primaryImageOfPage\":{\"@id\":\"https:\/\/cilipohorc.com\/en\/izdelek\/chilli-spreads\/cemazev-pesto-s-cilijem\/#primaryimage\"},\"image\":{\"@id\":\"https:\/\/cilipohorc.com\/en\/izdelek\/chilli-spreads\/cemazev-pesto-s-cilijem\/#primaryimage\"},\"thumbnailUrl\":\"https:\/\/cilipohorc.com\/wp-content\/uploads\/2024\/04\/DSC00611.jpg\",\"datePublished\":\"2024-04-23T20:50:44+00:00\",\"dateModified\":\"2026-03-05T21:18:24+00:00\",\"breadcrumb\":{\"@id\":\"https:\/\/cilipohorc.com\/en\/izdelek\/chilli-spreads\/cemazev-pesto-s-cilijem\/#breadcrumb\"},\"inLanguage\":\"en-US\",\"potentialAction\":[{\"@type\":\"ReadAction\",\"target\":[\"https:\/\/cilipohorc.com\/en\/izdelek\/chilli-spreads\/cemazev-pesto-s-cilijem\/\"]}]},{\"@type\":\"ImageObject\",\"inLanguage\":\"en-US\",\"@id\":\"https:\/\/cilipohorc.com\/en\/izdelek\/chilli-spreads\/cemazev-pesto-s-cilijem\/#primaryimage\",\"url\":\"https:\/\/cilipohorc.com\/wp-content\/uploads\/2024\/04\/DSC00611.jpg\",\"contentUrl\":\"https:\/\/cilipohorc.com\/wp-content\/uploads\/2024\/04\/DSC00611.jpg\",\"width\":2048,\"height\":2048},{\"@type\":\"BreadcrumbList\",\"@id\":\"https:\/\/cilipohorc.com\/en\/izdelek\/chilli-spreads\/cemazev-pesto-s-cilijem\/#breadcrumb\",\"itemListElement\":[{\"@type\":\"ListItem\",\"position\":1,\"name\":\"Home\",\"item\":\"https:\/\/cilipohorc.com\/en\/\"},{\"@type\":\"ListItem\",\"position\":2,\"name\":\"Trgovina\",\"item\":\"https:\/\/cilipohorc.com\/shop\/\"},{\"@type\":\"ListItem\",\"position\":3,\"name\":\"\u010cema\u017eev pesto s \u010cILIJEM BIO\"}]},{\"@type\":\"WebSite\",\"@id\":\"https:\/\/cilipohorc.com\/en\/#website\",\"url\":\"https:\/\/cilipohorc.com\/en\/\",\"name\":\"CILIPOHORC\",\"description\":\"Okusno in pikantno\",\"publisher\":{\"@id\":\"https:\/\/cilipohorc.com\/en\/#organization\"},\"potentialAction\":[{\"@type\":\"SearchAction\",\"target\":{\"@type\":\"EntryPoint\",\"urlTemplate\":\"https:\/\/cilipohorc.com\/en\/?s={search_term_string}\"},\"query-input\":{\"@type\":\"PropertyValueSpecification\",\"valueRequired\":true,\"valueName\":\"search_term_string\"}}],\"inLanguage\":\"en-US\"},{\"@type\":\"Organization\",\"@id\":\"https:\/\/cilipohorc.com\/en\/#organization\",\"name\":\"CILIPOHORC\",\"url\":\"https:\/\/cilipohorc.com\/en\/\",\"logo\":{\"@type\":\"ImageObject\",\"inLanguage\":\"en-US\",\"@id\":\"https:\/\/cilipohorc.com\/en\/#\/schema\/logo\/image\/\",\"url\":\"https:\/\/cilipohorc.com\/wp-content\/uploads\/2023\/04\/pohorc_logo.svg\",\"contentUrl\":\"https:\/\/cilipohorc.com\/wp-content\/uploads\/2023\/04\/pohorc_logo.svg\",\"width\":1246,\"height\":436,\"caption\":\"CILIPOHORC\"},\"image\":{\"@id\":\"https:\/\/cilipohorc.com\/en\/#\/schema\/logo\/image\/\"},\"sameAs\":[\"https:\/\/www.facebook.com\/PohorcBIOChili\"]}]}<\/script>\n<!-- \/ Yoast SEO plugin. -->","yoast_head_json":{"title":"\u010cema\u017eev pesto s \u010cILIJEM BIO - CILIPOHORC","robots":{"index":"index","follow":"follow","max-snippet":"max-snippet:-1","max-image-preview":"max-image-preview:large","max-video-preview":"max-video-preview:-1"},"canonical":"https:\/\/cilipohorc.com\/en\/izdelek\/chilli-spreads\/cemazev-pesto-s-cilijem\/","og_locale":"en_US","og_type":"article","og_title":"\u010cema\u017eev pesto s \u010cILIJEM BIO - CILIPOHORC","og_description":"\u010cema\u017e ki ga nabiramo v neokrnjenih pohorskih gozdovih","og_url":"https:\/\/cilipohorc.com\/en\/izdelek\/chilli-spreads\/cemazev-pesto-s-cilijem\/","og_site_name":"CILIPOHORC","article_publisher":"https:\/\/www.facebook.com\/PohorcBIOChili","article_modified_time":"2026-03-05T21:18:24+00:00","og_image":[{"width":2048,"height":2048,"url":"https:\/\/cilipohorc.com\/wp-content\/uploads\/2024\/04\/DSC00611.jpg","type":"image\/jpeg"}],"twitter_card":"summary_large_image","twitter_misc":{"Est. reading time":"2 minutes"},"schema":{"@context":"https:\/\/schema.org","@graph":[{"@type":"WebPage","@id":"https:\/\/cilipohorc.com\/en\/izdelek\/chilli-spreads\/cemazev-pesto-s-cilijem\/","url":"https:\/\/cilipohorc.com\/en\/izdelek\/chilli-spreads\/cemazev-pesto-s-cilijem\/","name":"\u010cema\u017eev pesto s \u010cILIJEM BIO - CILIPOHORC","isPartOf":{"@id":"https:\/\/cilipohorc.com\/en\/#website"},"primaryImageOfPage":{"@id":"https:\/\/cilipohorc.com\/en\/izdelek\/chilli-spreads\/cemazev-pesto-s-cilijem\/#primaryimage"},"image":{"@id":"https:\/\/cilipohorc.com\/en\/izdelek\/chilli-spreads\/cemazev-pesto-s-cilijem\/#primaryimage"},"thumbnailUrl":"https:\/\/cilipohorc.com\/wp-content\/uploads\/2024\/04\/DSC00611.jpg","datePublished":"2024-04-23T20:50:44+00:00","dateModified":"2026-03-05T21:18:24+00:00","breadcrumb":{"@id":"https:\/\/cilipohorc.com\/en\/izdelek\/chilli-spreads\/cemazev-pesto-s-cilijem\/#breadcrumb"},"inLanguage":"en-US","potentialAction":[{"@type":"ReadAction","target":["https:\/\/cilipohorc.com\/en\/izdelek\/chilli-spreads\/cemazev-pesto-s-cilijem\/"]}]},{"@type":"ImageObject","inLanguage":"en-US","@id":"https:\/\/cilipohorc.com\/en\/izdelek\/chilli-spreads\/cemazev-pesto-s-cilijem\/#primaryimage","url":"https:\/\/cilipohorc.com\/wp-content\/uploads\/2024\/04\/DSC00611.jpg","contentUrl":"https:\/\/cilipohorc.com\/wp-content\/uploads\/2024\/04\/DSC00611.jpg","width":2048,"height":2048},{"@type":"BreadcrumbList","@id":"https:\/\/cilipohorc.com\/en\/izdelek\/chilli-spreads\/cemazev-pesto-s-cilijem\/#breadcrumb","itemListElement":[{"@type":"ListItem","position":1,"name":"Home","item":"https:\/\/cilipohorc.com\/en\/"},{"@type":"ListItem","position":2,"name":"Trgovina","item":"https:\/\/cilipohorc.com\/shop\/"},{"@type":"ListItem","position":3,"name":"\u010cema\u017eev pesto s \u010cILIJEM BIO"}]},{"@type":"WebSite","@id":"https:\/\/cilipohorc.com\/en\/#website","url":"https:\/\/cilipohorc.com\/en\/","name":"CILIPOHORC","description":"Okusno in pikantno","publisher":{"@id":"https:\/\/cilipohorc.com\/en\/#organization"},"potentialAction":[{"@type":"SearchAction","target":{"@type":"EntryPoint","urlTemplate":"https:\/\/cilipohorc.com\/en\/?s={search_term_string}"},"query-input":{"@type":"PropertyValueSpecification","valueRequired":true,"valueName":"search_term_string"}}],"inLanguage":"en-US"},{"@type":"Organization","@id":"https:\/\/cilipohorc.com\/en\/#organization","name":"CILIPOHORC","url":"https:\/\/cilipohorc.com\/en\/","logo":{"@type":"ImageObject","inLanguage":"en-US","@id":"https:\/\/cilipohorc.com\/en\/#\/schema\/logo\/image\/","url":"https:\/\/cilipohorc.com\/wp-content\/uploads\/2023\/04\/pohorc_logo.svg","contentUrl":"https:\/\/cilipohorc.com\/wp-content\/uploads\/2023\/04\/pohorc_logo.svg","width":1246,"height":436,"caption":"CILIPOHORC"},"image":{"@id":"https:\/\/cilipohorc.com\/en\/#\/schema\/logo\/image\/"},"sameAs":["https:\/\/www.facebook.com\/PohorcBIOChili"]}]}},"jetpack_sharing_enabled":true,"_links":{"self":[{"href":"https:\/\/cilipohorc.com\/en\/wp-json\/wp\/v2\/product\/2776","targetHints":{"allow":["GET"]}}],"collection":[{"href":"https:\/\/cilipohorc.com\/en\/wp-json\/wp\/v2\/product"}],"about":[{"href":"https:\/\/cilipohorc.com\/en\/wp-json\/wp\/v2\/types\/product"}],"replies":[{"embeddable":true,"href":"https:\/\/cilipohorc.com\/en\/wp-json\/wp\/v2\/comments?post=2776"}],"wp:featuredmedia":[{"embeddable":true,"href":"https:\/\/cilipohorc.com\/en\/wp-json\/wp\/v2\/media\/2788"}],"wp:attachment":[{"href":"https:\/\/cilipohorc.com\/en\/wp-json\/wp\/v2\/media?parent=2776"}],"wp:term":[{"taxonomy":"product_brand","embeddable":true,"href":"https:\/\/cilipohorc.com\/en\/wp-json\/wp\/v2\/product_brand?post=2776"},{"taxonomy":"product_cat","embeddable":true,"href":"https:\/\/cilipohorc.com\/en\/wp-json\/wp\/v2\/product_cat?post=2776"},{"taxonomy":"product_tag","embeddable":true,"href":"https:\/\/cilipohorc.com\/en\/wp-json\/wp\/v2\/product_tag?post=2776"}],"curies":[{"name":"wp","href":"https:\/\/api.w.org\/{rel}","templated":true}]}}