{"id":3468,"date":"2025-10-07T23:05:06","date_gmt":"2025-10-07T21:05:06","guid":{"rendered":"https:\/\/cilipohorc.com\/izdelek\/uncategorized\/brusnicni-njam\/"},"modified":"2025-10-13T08:55:06","modified_gmt":"2025-10-13T06:55:06","slug":"brusnicni-njam","status":"publish","type":"product","link":"https:\/\/cilipohorc.com\/en\/izdelek\/chilli-spreads\/brusnicni-njam\/","title":{"rendered":"Cranberry nYUM"},"content":{"rendered":"<p data-start=\"131\" data-end=\"324\">In the heart of nature, where the earth touches the sky, grow fruits that carry stories within them. Cranberry nYUM is one of those stories \u2013 a story of intertwining tradition, innovation, and uncompromising quality. <\/p>\n<p data-start=\"326\" data-end=\"606\">Our version of this delicious spread is created with love and respect for nature. Cranberries, black garlic, and chili intertwine in a unique harmony of flavors that take you on a journey from sweetness to mild spiciness, with a subtle touch of freshness and depth. <\/p>\n<p data-start=\"643\" data-end=\"1038\">Every spoonful of our Cranberry nYUM is infused with the natural sweetness of organic cranberries that grow in unspoiled forests. These berries are rich in vitamins and antioxidants that support the health of your body and mind. Our cranberries are not only organically grown but also harvested at the perfect moment\u2014when fully ripe and ready to delight you with their refreshing and sweet tartness.Vsak ko\u0161\u010dek na\u0161ega Brusni\u010dnega nJAMa je pre\u017eet z naravno sladkostjo ekolo\u0161kih brusnic, ki rastejo v neokrnjenih gozdovih. Te so polne vitaminov in antioksidantov, ki podpirajo zdravje va\u0161ega telesa in duha. Na\u0161e brusnice niso le ekolo\u0161kega izvora, temve\u010d so tudi pobrane v najbolj\u0161em mo\u017enem trenutku, ko so popolnoma zrele in pripravljene, da vas navdu\u0161ijo s svojo osve\u017eilno in sladko kislostjo.  <\/p>\n<h4 data-start=\"1040\" data-end=\"1073\"><strong data-start=\"1045\" data-end=\"1073\">Black Garlic: The taste of depth<\/strong><\/h4>\n<p data-start=\"1074\" data-end=\"1466\">Every spoonful of our Cranberry nYUM is infused with the natural sweetness of organic cranberries that grow in unspoiled forests. These berries are rich in vitamins and antioxidants that support the health of your body and mind. Our cranberries are not only organically grown but also harvested at the perfect moment\u2014when fully ripe and ready to delight you with their refreshing and sweet tartness. <\/p>\n<h4 data-start=\"1468\" data-end=\"1500\"><strong data-start=\"1473\" data-end=\"1500\">Chili: A Gentle Heat<\/strong><\/h4>\n<p data-start=\"1501\" data-end=\"1806\">For those who love a hint of spice, we\u2019ve added just that\u2014the perfect chili that gives our Cranberry nYUM a subtle yet distinctive warm embrace. This spicy element doesn\u2019t overwhelm your taste buds but gently rounds out the overall flavor, accompanying you from the first to the last bite. <\/p>\n<hr data-start=\"2179\" data-end=\"2182\">\n<p data-start=\"2184\" data-end=\"2435\">Cranberry nYUM is not just a tasty spread. It\u2019s a philosophy that respects nature and offers flavors that transport you into a world of ease, freshness, and balance. <\/p>\n<p data-start=\"2184\" data-end=\"2435\">Why not treat your taste buds to this premium experience today?<\/p>\n<p>Ingredients:<\/p>\n<ul>\n<li>Cranberry*<\/li>\n<li>Black garlic*<\/li>\n<li>Apple juice*<\/li>\n<li>Cane sugar<\/li>\n<li>Chili*<\/li>\n<li>Piran Coarse Sea Salt<\/li>\n<\/ul>\n<p>*the ingredients are of organic origin<\/p>\n<p>Gluten and additive free, vegan friendly.<\/p>\n<p>Net content: 210 ml<\/p>\n<p><img decoding=\"async\" class=\"alignnone size-full wp-image-2955\" src=\"https:\/\/cilipohorc.com\/wp-content\/uploads\/2024\/10\/Znak-BIO-SI-EKO-001-barvni-SLO-150x150-1.jpg\" alt=\"\" width=\"150\" height=\"150\" srcset=\"https:\/\/cilipohorc.com\/wp-content\/uploads\/2024\/10\/Znak-BIO-SI-EKO-001-barvni-SLO-150x150-1.jpg 150w, https:\/\/cilipohorc.com\/wp-content\/uploads\/2024\/10\/Znak-BIO-SI-EKO-001-barvni-SLO-150x150-1-100x100.jpg 100w\" sizes=\"(max-width: 150px) 100vw, 150px\" \/><img decoding=\"async\" class=\"alignnone size-full wp-image-2958\" src=\"https:\/\/cilipohorc.com\/wp-content\/uploads\/2024\/10\/eko-logo1-1-150x150-1.jpg\" alt=\"\" width=\"150\" height=\"150\" srcset=\"https:\/\/cilipohorc.com\/wp-content\/uploads\/2024\/10\/eko-logo1-1-150x150-1.jpg 150w, https:\/\/cilipohorc.com\/wp-content\/uploads\/2024\/10\/eko-logo1-1-150x150-1-100x100.jpg 100w\" sizes=\"(max-width: 150px) 100vw, 150px\" \/><\/p>\n","protected":false},"excerpt":{"rendered":"<p>In the heart of nature, where the earth touches the sky, grow fruits that carry stories within them. Cranberry nYUM is one of those stories \u2013 a story of intertwining tradition, innovation, and uncompromising quality. Our version of this delicious spread is created with love and respect for nature. Cranberries, black garlic, and chili intertwine [&hellip;]<\/p>\n","protected":false},"featured_media":3486,"comment_status":"open","ping_status":"closed","template":"","meta":{"site-sidebar-layout":"default","site-content-layout":"","ast-site-content-layout":"default","site-content-style":"default","site-sidebar-style":"default","ast-global-header-display":"","ast-banner-title-visibility":"","ast-main-header-display":"","ast-hfb-above-header-display":"","ast-hfb-below-header-display":"","ast-hfb-mobile-header-display":"","site-post-title":"","ast-breadcrumbs-content":"","ast-featured-img":"","footer-sml-layout":"","theme-transparent-header-meta":"default","adv-header-id-meta":"","stick-header-meta":"","header-above-stick-meta":"","header-main-stick-meta":"","header-below-stick-meta":"","astra-migrate-meta-layouts":"set","ast-page-background-enabled":"default","ast-page-background-meta":{"desktop":{"background-color":"","background-image":"","background-repeat":"repeat","background-position":"center center","background-size":"auto","background-attachment":"scroll","background-type":"","background-media":"","overlay-type":"","overlay-color":"","overlay-opacity":"","overlay-gradient":""},"tablet":{"background-color":"","background-image":"","background-repeat":"repeat","background-position":"center center","background-size":"auto","background-attachment":"scroll","background-type":"","background-media":"","overlay-type":"","overlay-color":"","overlay-opacity":"","overlay-gradient":""},"mobile":{"background-color":"","background-image":"","background-repeat":"repeat","background-position":"center center","background-size":"auto","background-attachment":"scroll","background-type":"","background-media":"","overlay-type":"","overlay-color":"","overlay-opacity":"","overlay-gradient":""}},"ast-content-background-meta":{"desktop":{"background-color":"var(--ast-global-color-5)","background-image":"","background-repeat":"repeat","background-position":"center center","background-size":"auto","background-attachment":"scroll","background-type":"","background-media":"","overlay-type":"","overlay-color":"","overlay-opacity":"","overlay-gradient":""},"tablet":{"background-color":"var(--ast-global-color-5)","background-image":"","background-repeat":"repeat","background-position":"center center","background-size":"auto","background-attachment":"scroll","background-type":"","background-media":"","overlay-type":"","overlay-color":"","overlay-opacity":"","overlay-gradient":""},"mobile":{"background-color":"var(--ast-global-color-5)","background-image":"","background-repeat":"repeat","background-position":"center center","background-size":"auto","background-attachment":"scroll","background-type":"","background-media":"","overlay-type":"","overlay-color":"","overlay-opacity":"","overlay-gradient":""}}},"product_brand":[],"product_cat":[42],"product_tag":[],"class_list":{"0":"post-3468","1":"product","2":"type-product","3":"status-publish","4":"has-post-thumbnail","6":"product_cat-chilli-spreads","7":"desktop-align-left","8":"tablet-align-left","9":"mobile-align-center","10":"ast-product-gallery-layout-horizontal-slider","11":"ast-product-tabs-layout-vertical","12":"ast-qv-on-image","14":"first","15":"instock","16":"shipping-taxable","17":"purchasable","18":"product-type-simple"},"yoast_head":"<!-- This site is optimized with the Yoast SEO plugin v27.2 - https:\/\/yoast.com\/product\/yoast-seo-wordpress\/ -->\n<title>Cranberry nYUM - CILIPOHORC<\/title>\n<meta name=\"robots\" content=\"index, follow, max-snippet:-1, max-image-preview:large, max-video-preview:-1\" \/>\n<link rel=\"canonical\" href=\"https:\/\/cilipohorc.com\/en\/izdelek\/chilli-spreads\/brusnicni-njam\/\" \/>\n<meta property=\"og:locale\" content=\"en_US\" \/>\n<meta property=\"og:type\" content=\"article\" \/>\n<meta property=\"og:title\" content=\"Cranberry nYUM - CILIPOHORC\" \/>\n<meta property=\"og:description\" content=\"In the heart of nature, where the earth touches the sky, grow fruits that carry stories within them. Cranberry nYUM is one of those stories \u2013 a story of intertwining tradition, innovation, and uncompromising quality. Our version of this delicious spread is created with love and respect for nature. Cranberries, black garlic, and chili intertwine [&hellip;]\" \/>\n<meta property=\"og:url\" content=\"https:\/\/cilipohorc.com\/en\/izdelek\/chilli-spreads\/brusnicni-njam\/\" \/>\n<meta property=\"og:site_name\" content=\"CILIPOHORC\" \/>\n<meta property=\"article:publisher\" content=\"https:\/\/www.facebook.com\/PohorcBIOChili\" \/>\n<meta property=\"article:modified_time\" content=\"2025-10-13T06:55:06+00:00\" \/>\n<meta property=\"og:image\" content=\"https:\/\/cilipohorc.com\/wp-content\/uploads\/2025\/10\/HBg9oLPA-1.jpeg\" \/>\n\t<meta property=\"og:image:width\" content=\"800\" \/>\n\t<meta property=\"og:image:height\" content=\"800\" \/>\n\t<meta property=\"og:image:type\" content=\"image\/jpeg\" \/>\n<meta name=\"twitter:card\" content=\"summary_large_image\" \/>\n<meta name=\"twitter:label1\" content=\"Est. reading time\" \/>\n\t<meta name=\"twitter:data1\" content=\"3 minutes\" \/>\n<script type=\"application\/ld+json\" class=\"yoast-schema-graph\">{\"@context\":\"https:\/\/schema.org\",\"@graph\":[{\"@type\":\"WebPage\",\"@id\":\"https:\/\/cilipohorc.com\/en\/izdelek\/chilli-spreads\/brusnicni-njam\/\",\"url\":\"https:\/\/cilipohorc.com\/en\/izdelek\/chilli-spreads\/brusnicni-njam\/\",\"name\":\"Cranberry nYUM - CILIPOHORC\",\"isPartOf\":{\"@id\":\"https:\/\/cilipohorc.com\/en\/#website\"},\"primaryImageOfPage\":{\"@id\":\"https:\/\/cilipohorc.com\/en\/izdelek\/chilli-spreads\/brusnicni-njam\/#primaryimage\"},\"image\":{\"@id\":\"https:\/\/cilipohorc.com\/en\/izdelek\/chilli-spreads\/brusnicni-njam\/#primaryimage\"},\"thumbnailUrl\":\"https:\/\/cilipohorc.com\/wp-content\/uploads\/2025\/10\/DSC09486.jpg\",\"datePublished\":\"2025-10-07T21:05:06+00:00\",\"dateModified\":\"2025-10-13T06:55:06+00:00\",\"breadcrumb\":{\"@id\":\"https:\/\/cilipohorc.com\/en\/izdelek\/chilli-spreads\/brusnicni-njam\/#breadcrumb\"},\"inLanguage\":\"en-US\",\"potentialAction\":[{\"@type\":\"ReadAction\",\"target\":[\"https:\/\/cilipohorc.com\/en\/izdelek\/chilli-spreads\/brusnicni-njam\/\"]}]},{\"@type\":\"ImageObject\",\"inLanguage\":\"en-US\",\"@id\":\"https:\/\/cilipohorc.com\/en\/izdelek\/chilli-spreads\/brusnicni-njam\/#primaryimage\",\"url\":\"https:\/\/cilipohorc.com\/wp-content\/uploads\/2025\/10\/DSC09486.jpg\",\"contentUrl\":\"https:\/\/cilipohorc.com\/wp-content\/uploads\/2025\/10\/DSC09486.jpg\",\"width\":2048,\"height\":2048},{\"@type\":\"BreadcrumbList\",\"@id\":\"https:\/\/cilipohorc.com\/en\/izdelek\/chilli-spreads\/brusnicni-njam\/#breadcrumb\",\"itemListElement\":[{\"@type\":\"ListItem\",\"position\":1,\"name\":\"Home\",\"item\":\"https:\/\/cilipohorc.com\/en\/\"},{\"@type\":\"ListItem\",\"position\":2,\"name\":\"Trgovina\",\"item\":\"https:\/\/cilipohorc.com\/shop\/\"},{\"@type\":\"ListItem\",\"position\":3,\"name\":\"Cranberry nYUM\"}]},{\"@type\":\"WebSite\",\"@id\":\"https:\/\/cilipohorc.com\/en\/#website\",\"url\":\"https:\/\/cilipohorc.com\/en\/\",\"name\":\"CILIPOHORC\",\"description\":\"Okusno in pikantno\",\"publisher\":{\"@id\":\"https:\/\/cilipohorc.com\/en\/#organization\"},\"potentialAction\":[{\"@type\":\"SearchAction\",\"target\":{\"@type\":\"EntryPoint\",\"urlTemplate\":\"https:\/\/cilipohorc.com\/en\/?s={search_term_string}\"},\"query-input\":{\"@type\":\"PropertyValueSpecification\",\"valueRequired\":true,\"valueName\":\"search_term_string\"}}],\"inLanguage\":\"en-US\"},{\"@type\":\"Organization\",\"@id\":\"https:\/\/cilipohorc.com\/en\/#organization\",\"name\":\"CILIPOHORC\",\"url\":\"https:\/\/cilipohorc.com\/en\/\",\"logo\":{\"@type\":\"ImageObject\",\"inLanguage\":\"en-US\",\"@id\":\"https:\/\/cilipohorc.com\/en\/#\/schema\/logo\/image\/\",\"url\":\"https:\/\/cilipohorc.com\/wp-content\/uploads\/2023\/04\/pohorc_logo.svg\",\"contentUrl\":\"https:\/\/cilipohorc.com\/wp-content\/uploads\/2023\/04\/pohorc_logo.svg\",\"width\":1246,\"height\":436,\"caption\":\"CILIPOHORC\"},\"image\":{\"@id\":\"https:\/\/cilipohorc.com\/en\/#\/schema\/logo\/image\/\"},\"sameAs\":[\"https:\/\/www.facebook.com\/PohorcBIOChili\"]}]}<\/script>\n<!-- \/ Yoast SEO plugin. -->","yoast_head_json":{"title":"Cranberry nYUM - CILIPOHORC","robots":{"index":"index","follow":"follow","max-snippet":"max-snippet:-1","max-image-preview":"max-image-preview:large","max-video-preview":"max-video-preview:-1"},"canonical":"https:\/\/cilipohorc.com\/en\/izdelek\/chilli-spreads\/brusnicni-njam\/","og_locale":"en_US","og_type":"article","og_title":"Cranberry nYUM - CILIPOHORC","og_description":"In the heart of nature, where the earth touches the sky, grow fruits that carry stories within them. Cranberry nYUM is one of those stories \u2013 a story of intertwining tradition, innovation, and uncompromising quality. Our version of this delicious spread is created with love and respect for nature. Cranberries, black garlic, and chili intertwine [&hellip;]","og_url":"https:\/\/cilipohorc.com\/en\/izdelek\/chilli-spreads\/brusnicni-njam\/","og_site_name":"CILIPOHORC","article_publisher":"https:\/\/www.facebook.com\/PohorcBIOChili","article_modified_time":"2025-10-13T06:55:06+00:00","og_image":[{"width":800,"height":800,"url":"https:\/\/cilipohorc.com\/wp-content\/uploads\/2025\/10\/HBg9oLPA-1.jpeg","type":"image\/jpeg"}],"twitter_card":"summary_large_image","twitter_misc":{"Est. reading time":"3 minutes"},"schema":{"@context":"https:\/\/schema.org","@graph":[{"@type":"WebPage","@id":"https:\/\/cilipohorc.com\/en\/izdelek\/chilli-spreads\/brusnicni-njam\/","url":"https:\/\/cilipohorc.com\/en\/izdelek\/chilli-spreads\/brusnicni-njam\/","name":"Cranberry nYUM - CILIPOHORC","isPartOf":{"@id":"https:\/\/cilipohorc.com\/en\/#website"},"primaryImageOfPage":{"@id":"https:\/\/cilipohorc.com\/en\/izdelek\/chilli-spreads\/brusnicni-njam\/#primaryimage"},"image":{"@id":"https:\/\/cilipohorc.com\/en\/izdelek\/chilli-spreads\/brusnicni-njam\/#primaryimage"},"thumbnailUrl":"https:\/\/cilipohorc.com\/wp-content\/uploads\/2025\/10\/DSC09486.jpg","datePublished":"2025-10-07T21:05:06+00:00","dateModified":"2025-10-13T06:55:06+00:00","breadcrumb":{"@id":"https:\/\/cilipohorc.com\/en\/izdelek\/chilli-spreads\/brusnicni-njam\/#breadcrumb"},"inLanguage":"en-US","potentialAction":[{"@type":"ReadAction","target":["https:\/\/cilipohorc.com\/en\/izdelek\/chilli-spreads\/brusnicni-njam\/"]}]},{"@type":"ImageObject","inLanguage":"en-US","@id":"https:\/\/cilipohorc.com\/en\/izdelek\/chilli-spreads\/brusnicni-njam\/#primaryimage","url":"https:\/\/cilipohorc.com\/wp-content\/uploads\/2025\/10\/DSC09486.jpg","contentUrl":"https:\/\/cilipohorc.com\/wp-content\/uploads\/2025\/10\/DSC09486.jpg","width":2048,"height":2048},{"@type":"BreadcrumbList","@id":"https:\/\/cilipohorc.com\/en\/izdelek\/chilli-spreads\/brusnicni-njam\/#breadcrumb","itemListElement":[{"@type":"ListItem","position":1,"name":"Home","item":"https:\/\/cilipohorc.com\/en\/"},{"@type":"ListItem","position":2,"name":"Trgovina","item":"https:\/\/cilipohorc.com\/shop\/"},{"@type":"ListItem","position":3,"name":"Cranberry nYUM"}]},{"@type":"WebSite","@id":"https:\/\/cilipohorc.com\/en\/#website","url":"https:\/\/cilipohorc.com\/en\/","name":"CILIPOHORC","description":"Okusno in pikantno","publisher":{"@id":"https:\/\/cilipohorc.com\/en\/#organization"},"potentialAction":[{"@type":"SearchAction","target":{"@type":"EntryPoint","urlTemplate":"https:\/\/cilipohorc.com\/en\/?s={search_term_string}"},"query-input":{"@type":"PropertyValueSpecification","valueRequired":true,"valueName":"search_term_string"}}],"inLanguage":"en-US"},{"@type":"Organization","@id":"https:\/\/cilipohorc.com\/en\/#organization","name":"CILIPOHORC","url":"https:\/\/cilipohorc.com\/en\/","logo":{"@type":"ImageObject","inLanguage":"en-US","@id":"https:\/\/cilipohorc.com\/en\/#\/schema\/logo\/image\/","url":"https:\/\/cilipohorc.com\/wp-content\/uploads\/2023\/04\/pohorc_logo.svg","contentUrl":"https:\/\/cilipohorc.com\/wp-content\/uploads\/2023\/04\/pohorc_logo.svg","width":1246,"height":436,"caption":"CILIPOHORC"},"image":{"@id":"https:\/\/cilipohorc.com\/en\/#\/schema\/logo\/image\/"},"sameAs":["https:\/\/www.facebook.com\/PohorcBIOChili"]}]}},"jetpack_sharing_enabled":true,"_links":{"self":[{"href":"https:\/\/cilipohorc.com\/en\/wp-json\/wp\/v2\/product\/3468","targetHints":{"allow":["GET"]}}],"collection":[{"href":"https:\/\/cilipohorc.com\/en\/wp-json\/wp\/v2\/product"}],"about":[{"href":"https:\/\/cilipohorc.com\/en\/wp-json\/wp\/v2\/types\/product"}],"replies":[{"embeddable":true,"href":"https:\/\/cilipohorc.com\/en\/wp-json\/wp\/v2\/comments?post=3468"}],"wp:featuredmedia":[{"embeddable":true,"href":"https:\/\/cilipohorc.com\/en\/wp-json\/wp\/v2\/media\/3486"}],"wp:attachment":[{"href":"https:\/\/cilipohorc.com\/en\/wp-json\/wp\/v2\/media?parent=3468"}],"wp:term":[{"taxonomy":"product_brand","embeddable":true,"href":"https:\/\/cilipohorc.com\/en\/wp-json\/wp\/v2\/product_brand?post=3468"},{"taxonomy":"product_cat","embeddable":true,"href":"https:\/\/cilipohorc.com\/en\/wp-json\/wp\/v2\/product_cat?post=3468"},{"taxonomy":"product_tag","embeddable":true,"href":"https:\/\/cilipohorc.com\/en\/wp-json\/wp\/v2\/product_tag?post=3468"}],"curies":[{"name":"wp","href":"https:\/\/api.w.org\/{rel}","templated":true}]}}